{"id":11328,"date":"2018-06-23T22:43:49","date_gmt":"2018-06-23T20:43:49","guid":{"rendered":"https:\/\/wbp.lublin.pl8\/?page_id=11328"},"modified":"2024-11-13T10:09:27","modified_gmt":"2024-11-13T09:09:27","slug":"ksiegozbior-naukowy","status":"publish","type":"page","link":"https:\/\/wbp.lublin.pl\/index.php\/zbiory\/ksiegozbior-naukowy\/","title":{"rendered":"Ksi\u0119gozbi\u00f3r Naukowy"},"content":{"rendered":"<p><!--more--><\/p>\n<p>Ksi\u0119gozbi\u00f3r naukowy Biblioteki gromadzony jest od 1907 roku, kiedy cenne zbiory po Hieronimie \u0141opaci\u0144skim przej\u0119\u0142o i zabezpieczy\u0142o Towarzystwo Biblioteki Publicznej im. H. \u0141opaci\u0144skiego, tworz\u0105c zacz\u0105tek przysz\u0142ej biblioteki publicznej. Przez szereg lat zbiory wzbogacane by\u0142y zasobami o r\u00f3\u017cnorodnej proweniencji szczeg\u00f3lnie w drodze dar\u00f3w.<\/p>\n<p>Z wi\u0119kszych kolekcji nale\u017cy wymieni\u0107 zbiory:<br \/>\n&#8211; ksi\u0119gozbi\u00f3r Che\u0142mski (zbiory by\u0142ego seminarium prawos\u0142awnego w Che\u0142mie),<br \/>\n&#8211; zbiory biblioteki by\u0142ego Gimnazjum Lubelskiego,<br \/>\n&#8211; ksi\u0119gozbi\u00f3r rodziny Kraszewskich,<br \/>\n&#8211; ksi\u0119gozbi\u00f3r Gustawa Wiercie\u0144skiego,<br \/>\n&#8211; cz\u0119\u015b\u0107 zbior\u00f3w po Andrzeju Ko\u017amianie,<br \/>\n&#8211; cz\u0119\u015b\u0107 biblioteki Boles\u0142awa Prusa,<br \/>\n&#8211; ksi\u0119gozbi\u00f3r Hieronima \u0141opaci\u0144skiego i wiele pomniejszych kolekcji.<\/p>\n<p>Zgodnie z tradycyjnym charakterem zbior\u00f3w, w Bibliotece s\u0105 gromadzone przede wszystkim w szerokim wyborze wydawnictwa o tematyce humanistycznej i spo\u0142ecznej, a tak\u017ce podstawowe dzie\u0142a z r\u00f3\u017cnych dziedzin wiedzy. Ksi\u0119gozbi\u00f3r prezentuje wysok\u0105 warto\u015b\u0107 historyczn\u0105, naukow\u0105 i kulturaln\u0105. Znaczn\u0105 jego cz\u0119\u015b\u0107 stanowi\u0105 wydawnictwa obcoj\u0119zyczne.<\/p>\n<p>Pozycje z ksi\u0119gozbioru naukowego udost\u0119pniane s\u0105:<\/p>\n<p>&#8211; zarejestrowane w katalogu komputerowym z zapisem:<br \/>\nMagazyn W \/ dost\u0119pne w: Wypo\u017cyczalnia &#8211; w <strong>Wypo\u017cyczalni<\/strong>,<\/p>\n<p>&#8211; zarejestrowane w katalogu kartkowym, lub w komputerowym z zapisem:<br \/>\nMagazyn \/ dost\u0119pne w: Czytelnia Naukowa &#8211; w <strong>Czytelni Naukowej<\/strong>.<\/p>\n","protected":false},"excerpt":{"rendered":"","protected":false},"author":18,"featured_media":0,"parent":6964,"menu_order":2,"comment_status":"closed","ping_status":"closed","template":"template-fullwidth.php","meta":{"_tec_requires_first_save":true,"_crdt_document":"","pgc_sgb_lightbox_settings":"","_EventAllDay":false,"_EventTimezone":"","_EventStartDate":"","_EventEndDate":"","_EventStartDateUTC":"","_EventEndDateUTC":"","_EventShowMap":false,"_EventShowMapLink":false,"_EventURL":"","_EventCost":"","_EventCostDescription":"","_EventCurrencySymbol":"","_EventCurrencyCode":"","_EventCurrencyPosition":"","_EventDateTimeSeparator":"","_EventTimeRangeSeparator":"","_EventOrganizerID":[],"_EventVenueID":[],"_OrganizerEmail":"","_OrganizerPhone":"","_OrganizerWebsite":"","_VenueAddress":"","_VenueCity":"","_VenueCountry":"","_VenueProvince":"","_VenueState":"","_VenueZip":"","_VenuePhone":"","_VenueURL":"","_VenueStateProvince":"","_VenueLat":"","_VenueLng":"","_VenueShowMap":false,"_VenueShowMapLink":false,"_tribe_blocks_recurrence_rules":"","_tribe_blocks_recurrence_description":"","_tribe_blocks_recurrence_exclusions":"","footnotes":""},"class_list":["post-11328","page","type-page","status-publish","hentry"],"publishpress_future_action":{"enabled":false,"date":"2026-04-21 10:22:00","action":"change-status","newStatus":"draft","terms":[],"taxonomy":"","extraData":[]},"publishpress_future_workflow_manual_trigger":{"enabledWorkflows":[]},"_links":{"self":[{"href":"https:\/\/wbp.lublin.pl\/index.php\/wp-json\/wp\/v2\/pages\/11328","targetHints":{"allow":["GET"]}}],"collection":[{"href":"https:\/\/wbp.lublin.pl\/index.php\/wp-json\/wp\/v2\/pages"}],"about":[{"href":"https:\/\/wbp.lublin.pl\/index.php\/wp-json\/wp\/v2\/types\/page"}],"author":[{"embeddable":true,"href":"https:\/\/wbp.lublin.pl\/index.php\/wp-json\/wp\/v2\/users\/18"}],"replies":[{"embeddable":true,"href":"https:\/\/wbp.lublin.pl\/index.php\/wp-json\/wp\/v2\/comments?post=11328"}],"version-history":[{"count":3,"href":"https:\/\/wbp.lublin.pl\/index.php\/wp-json\/wp\/v2\/pages\/11328\/revisions"}],"predecessor-version":[{"id":64176,"href":"https:\/\/wbp.lublin.pl\/index.php\/wp-json\/wp\/v2\/pages\/11328\/revisions\/64176"}],"up":[{"embeddable":true,"href":"https:\/\/wbp.lublin.pl\/index.php\/wp-json\/wp\/v2\/pages\/6964"}],"wp:attachment":[{"href":"https:\/\/wbp.lublin.pl\/index.php\/wp-json\/wp\/v2\/media?parent=11328"}],"curies":[{"name":"wp","href":"https:\/\/api.w.org\/{rel}","templated":true}]}}