{"id":11334,"date":"2018-06-23T22:59:50","date_gmt":"2018-06-23T20:59:50","guid":{"rendered":"https:\/\/wbp.lublin.pl8\/?page_id=11334"},"modified":"2018-07-02T00:01:18","modified_gmt":"2018-07-01T22:01:18","slug":"ksiegozbiory-podreczne","status":"publish","type":"page","link":"https:\/\/wbp.lublin.pl\/index.php\/zbiory\/ksiegozbiory-podreczne\/","title":{"rendered":"Ksi\u0119gozbiory podr\u0119czne"},"content":{"rendered":"<p><!--more--><\/p>\n<p><strong>Ksi\u0119gozbi\u00f3r podr\u0119czny Czytelni Naukowej<\/strong><\/p>\n<p>Liczy ok. trzy tysi\u0105ce wolumin\u00f3w udost\u0119pnianych na miejscu. Jest zbiorem gromadzonym od blisko stu lat i stale aktualizowanym. Zawiera ksi\u0105\u017cki naukowe i popularnonaukowe, ze szczeg\u00f3lnym uwzgl\u0119dnieniem nauk humanistycznych: encyklopedie, leksykony, s\u0142owniki, bibliografie og\u00f3lne i specjalne, niekt\u00f3re podr\u0119czniki akademickie, reprinty herbarzy i encyklopedii dziewi\u0119tnastowiecznych, encyklopedie obcoj\u0119zyczne w wyborze oraz Lubliniana i fachow\u0105 literatur\u0119 bibliotekarsk\u0105.<\/p>\n<p>Ksi\u0105\u017cki u\u0142o\u017cone s\u0105 wed\u0142ug dzia\u0142\u00f3w Uniwersalnej Klasyfikacji Dziesi\u0119tnej.<\/p>\n<p>Ksi\u0119gozbi\u00f3r prezentowany jest poprzez katalog komputerowy. Pozycje te maj\u0105 zapis: <strong>Lokalizacja: Czytelnia Naukowa<\/strong>. Potrzebne publikacje mo\u017cna wyszukiwa\u0107 przez autora, tytu\u0142, has\u0142o przedmiotowe lub sygnatur\u0119.<\/p>\n<p>Z ksi\u0119gozbioru podr\u0119cznego mo\u017cna skorzysta\u0107 tak\u017ce w systemie wolnego dost\u0119pu do p\u00f3\u0142ek, po uprzednim wype\u0142nieniu po\u0142owy rewersu.<\/p>\n<hr \/>\n<p><strong> Ksi\u0119gozbi\u00f3r podr\u0119czny Dzia\u0142u Zbior\u00f3w Specjalnych<\/strong><\/p>\n<p>Wszystkie pozycje zarejestrowane s\u0105 w <a href=\"http:\/\/212.182.106.59:8000\/katalog.htm\" target=\"_blank\" rel=\"noopener\">katalogu komputerowym<\/a> (z zapisem: <strong>Lokalizacja: Czytelnia Zbior\u00f3w Specjalnych<\/strong>) i udost\u0119pniane s\u0105 w <a href=\"http:\/\/212.182.106.58\/wbp\/index.php?option=com_content&amp;view=article&amp;id=61&amp;Itemid=114\">Czytelni Zbior\u00f3w Specjalnych<\/a>.<\/p>\n<p>Ksi\u0119gozbi\u00f3r sprofilowany jest tak, by odpowiada\u0142 warsztatowi badacza gromadzonych przez Bibliotek\u0119 zbior\u00f3w specjalnych. Z tego wzgl\u0119du dominuj\u0105 pozycje z zakresu historii, historii ksi\u0105\u017cki, historii sztuki, fotografii i geografii. Posiadamy bogaty zbi\u00f3r s\u0142ownik\u00f3w (obcoj\u0119zycznych, historycznych, biograficznych), encyklopedii, bibliografii oraz katalog\u00f3w zbior\u00f3w specjalnych innych bibliotek w kraju i za granic\u0105. Du\u017cy nacisk k\u0142adziony jest na obecno\u015b\u0107 pozycji zwi\u0105zanych z Lubelszczyzn\u0105. Ksi\u0119gozbi\u00f3r uzupe\u0142nia kolekcja reprint\u00f3w.<\/p>\n<hr \/>\n<p><strong>Ksi\u0119gozbi\u00f3r Dzia\u0142u Bibliografii Lubelszczyzny i Wiedzy o Regionie<\/strong><\/p>\n<p>&#8211; <em>Bibliografia Lubelszczyzny<\/em><\/p>\n<p style=\"padding-left: 30px;\">Rejestruje pi\u015bmiennictwo publikowane na terenie kraju, tematycznie dotycz\u0105ce Lubelszczyzny. Uwzgl\u0119dnia: ksi\u0105\u017cki, czasopisma, artyku\u0142y z czasopism i prac zbiorowych, kartografi\u0119, wa\u017cniejsze dokumenty \u017cycia spo\u0142ecznego, fragmenty bibliograficzne, recenzje ksi\u0105\u017cek i sztuk teatralnych. Jest dost\u0119pna dla czytelnik\u00f3w w formie drukowanej za lata 1944-1990, 1998-2000 oraz <a href=\"http:\/\/hieronim.wbp.lublin.pl\/cgi-bin\/makwww.exe\" target=\"_blank\" rel=\"noopener\">w formie elektronicznej od roku 2000<\/a>.<\/p>\n<p>&#8211; ksi\u0119gozbi\u00f3r informacyjny z zakresu wszystkich dziedzin wiedzy o regionie (leksykony, s\u0142owniki, bibliografie specjalne, informatory, przewodniki turystyczne, monografie i kompendia, wybrane czasopisma lubelskie).<\/p>\n<p>&#8211; niepublikowane prace dotycz\u0105ce Lubelszczyzny &#8211; prace magisterskie, doktorskie i inne o tematyce regionalnej.<\/p>\n<p>&#8211; normy bibliograficzne, bibliotekarskie, dokumentacyjne, reprograficzne i wydawnicze z lat 1962 \u2013 2007.<\/p>\n<p>&#8211; kartoteki bibliograficzne:<\/p>\n<p style=\"padding-left: 30px;\">&#8211; materia\u0142\u00f3w do Bibliografii Lubelszczyzny za lata 1991-1997,<br \/>\n&#8211; publikacji w\u0142asnych Wojew\u00f3dzkiej Biblioteki Publicznej im. Hieronima \u0141opaci\u0144skiego,<br \/>\n&#8211; publikowanych prac pracownik\u00f3w WBP (baza komputerowa),<br \/>\n&#8211; pseudonim\u00f3w i kryptonim\u00f3w,<br \/>\n&#8211; niepublikowanych prac dotycz\u0105cych Lubelszczyzny (baza komputerowa),<br \/>\n&#8211; tw\u00f3rc\u00f3w ludowych zwi\u0105zanych z regionem.<\/p>\n<hr \/>\n<p><strong>Ksi\u0119gozbi\u00f3r Informatorium<\/strong><\/p>\n<p>Ksi\u0119gozbi\u00f3r podr\u0119czny o charakterze informacyjnym obejmuj\u0105cy r\u00f3\u017cne dziedziny wiedzy, ze szczeg\u00f3lnym uwzgl\u0119dnieniem nauk humanistycznych (encyklopedie, leksykony, s\u0142owniki, bibliografie og\u00f3lne i specjalne, retrospektywne i bie\u017c\u0105ce, informatory i ksi\u0119gi teleadresowe, przewodniki turystyczne, monografie i kompendia). Ksi\u0119gozbi\u00f3r zawiera bogaty wyb\u00f3r publikacji z zakresu bibliologii i bibliotekoznawstwa, w tym znaczny zas\u00f3b fachowych czasopism bibliotekarskich.<\/p>\n","protected":false},"excerpt":{"rendered":"","protected":false},"author":18,"featured_media":0,"parent":6964,"menu_order":38,"comment_status":"closed","ping_status":"closed","template":"template-fullwidth.php","meta":{"_tec_requires_first_save":true,"_crdt_document":"","pgc_sgb_lightbox_settings":"","_EventAllDay":false,"_EventTimezone":"","_EventStartDate":"","_EventEndDate":"","_EventStartDateUTC":"","_EventEndDateUTC":"","_EventShowMap":false,"_EventShowMapLink":false,"_EventURL":"","_EventCost":"","_EventCostDescription":"","_EventCurrencySymbol":"","_EventCurrencyCode":"","_EventCurrencyPosition":"","_EventDateTimeSeparator":"","_EventTimeRangeSeparator":"","_EventOrganizerID":[],"_EventVenueID":[],"_OrganizerEmail":"","_OrganizerPhone":"","_OrganizerWebsite":"","_VenueAddress":"","_VenueCity":"","_VenueCountry":"","_VenueProvince":"","_VenueState":"","_VenueZip":"","_VenuePhone":"","_VenueURL":"","_VenueStateProvince":"","_VenueLat":"","_VenueLng":"","_VenueShowMap":false,"_VenueShowMapLink":false,"_tribe_blocks_recurrence_rules":"","_tribe_blocks_recurrence_description":"","_tribe_blocks_recurrence_exclusions":"","footnotes":""},"class_list":["post-11334","page","type-page","status-publish","hentry"],"publishpress_future_action":{"enabled":false,"date":"2026-04-16 12:08:06","action":"change-status","newStatus":"draft","terms":[],"taxonomy":"","extraData":[]},"publishpress_future_workflow_manual_trigger":{"enabledWorkflows":[]},"_links":{"self":[{"href":"https:\/\/wbp.lublin.pl\/index.php\/wp-json\/wp\/v2\/pages\/11334","targetHints":{"allow":["GET"]}}],"collection":[{"href":"https:\/\/wbp.lublin.pl\/index.php\/wp-json\/wp\/v2\/pages"}],"about":[{"href":"https:\/\/wbp.lublin.pl\/index.php\/wp-json\/wp\/v2\/types\/page"}],"author":[{"embeddable":true,"href":"https:\/\/wbp.lublin.pl\/index.php\/wp-json\/wp\/v2\/users\/18"}],"replies":[{"embeddable":true,"href":"https:\/\/wbp.lublin.pl\/index.php\/wp-json\/wp\/v2\/comments?post=11334"}],"version-history":[{"count":3,"href":"https:\/\/wbp.lublin.pl\/index.php\/wp-json\/wp\/v2\/pages\/11334\/revisions"}],"predecessor-version":[{"id":12728,"href":"https:\/\/wbp.lublin.pl\/index.php\/wp-json\/wp\/v2\/pages\/11334\/revisions\/12728"}],"up":[{"embeddable":true,"href":"https:\/\/wbp.lublin.pl\/index.php\/wp-json\/wp\/v2\/pages\/6964"}],"wp:attachment":[{"href":"https:\/\/wbp.lublin.pl\/index.php\/wp-json\/wp\/v2\/media?parent=11334"}],"curies":[{"name":"wp","href":"https:\/\/api.w.org\/{rel}","templated":true}]}}