{"id":11336,"date":"2018-06-23T23:00:39","date_gmt":"2018-06-23T21:00:39","guid":{"rendered":"https:\/\/wbp.lublin.pl8\/?page_id=11336"},"modified":"2018-07-02T00:00:47","modified_gmt":"2018-07-01T22:00:47","slug":"lubliniana","status":"publish","type":"page","link":"https:\/\/wbp.lublin.pl\/index.php\/zbiory\/lubliniana\/","title":{"rendered":"Lubliniana"},"content":{"rendered":"<p><!--more--><\/p>\n<p>Zbiory regionalne, tzw. Lubliniana, s\u0105 gromadzone od pocz\u0105tku istnienia Biblioteki (1907 r.). Lubliniana to wszelkie publikacje tematycznie dotycz\u0105ce Lubelszczyzny. Zalicza si\u0119 do nich dokumenty przedstawiaj\u0105ce zar\u00f3wno region jako ca\u0142o\u015b\u0107, jak i dokumenty traktuj\u0105ce o poszczeg\u00f3lnych powiatach, gminach, miejscowo\u015bciach. Jednakowo s\u0105 traktowane zar\u00f3wno dzie\u0142a o charakterze og\u00f3lnym, jak i po\u015bwi\u0119cone poszczeg\u00f3lnym dziedzinom, zagadnieniom, tematom. Najliczniejsz\u0105 grup\u0119 stanowi\u0105 publikacje z zakresu nauk humanistycznych i nauk spo\u0142ecznych \u2013 zgodnie z profilem Biblioteki. Z zakresu nauk \u015bcis\u0142ych zgromadzono g\u0142\u00f3wne publikacje.<\/p>\n<p>W sk\u0142ad zbior\u00f3w regionalnych wchodz\u0105:<\/p>\n<p>\u2013 wydawnictwa zwarte (ksi\u0105\u017cki wydane po 1800 r., w tym: encyklopedie, s\u0142owniki, leksykony, bibliografie specjalne, monografie, kompendia, przewodniki turystyczne itp.);<\/p>\n<p>\u2013 wydawnictwa ci\u0105g\u0142e (gazety i czasopisma o zasi\u0119gu regionalnym i lokalnym);<\/p>\n<p>\u2013 zbiory specjalne: dokumenty kartograficzne, dokumenty \u017cycia spo\u0142ecznego (foldery, informatory, katalogi wystaw, programy imprez), dokumenty ikonograficzne (poczt\u00f3wki, fotografie, plakaty, grafika), r\u0119kopisy, starodruki, mikrofilmy;<\/p>\n<p>\u2013 prace niepublikowane (prace magisterskie, licencjackie, zaliczeniowe, pami\u0119tniki i wspomnienia, opracowania regionalne itp.).<\/p>\n<p>Zgromadzony ksi\u0119gozbi\u00f3r regionalny prezentuje wysok\u0105 warto\u015b\u0107 naukow\u0105, stanowi podstaw\u0119 prac naukowych i zaspokaja regionalne zainteresowania.<\/p>\n<div><\/div>\n<p>Lubliniana s\u0105 udost\u0119pniane:<\/p>\n<p>\u2013 Dzia\u0142 Bibliografii Lubelszczyzny i Wiedzy o Regionie \u2013 ksi\u0119gozbi\u00f3r podr\u0119czny, prace niepublikowane dotycz\u0105ce Lubelszczyzny;<\/p>\n<p>\u2013 Czytelnia Naukowa \u2013 ksi\u0119gozbi\u00f3r podr\u0119czny, ksi\u0105\u017cki przechowywane w Magazynie;<\/p>\n<p>\u2013 Czytelnia Czasopism \u2013 czasopisma, gazety regionalne i lokalne;<\/p>\n<p>\u2013 Czytelnia Zbior\u00f3w Specjalnych \u2013 dokumenty kartograficzne, dokumenty \u017cycia spo\u0142ecznego, dokumenty ikonograficzne, r\u0119kopisy, starodruki, mikrofilmy (w tym dawne czasopisma).<\/p>\n","protected":false},"excerpt":{"rendered":"","protected":false},"author":18,"featured_media":0,"parent":6964,"menu_order":41,"comment_status":"closed","ping_status":"closed","template":"template-fullwidth.php","meta":{"_tec_requires_first_save":true,"_crdt_document":"","pgc_sgb_lightbox_settings":"","_EventAllDay":false,"_EventTimezone":"","_EventStartDate":"","_EventEndDate":"","_EventStartDateUTC":"","_EventEndDateUTC":"","_EventShowMap":false,"_EventShowMapLink":false,"_EventURL":"","_EventCost":"","_EventCostDescription":"","_EventCurrencySymbol":"","_EventCurrencyCode":"","_EventCurrencyPosition":"","_EventDateTimeSeparator":"","_EventTimeRangeSeparator":"","_EventOrganizerID":[],"_EventVenueID":[],"_OrganizerEmail":"","_OrganizerPhone":"","_OrganizerWebsite":"","_VenueAddress":"","_VenueCity":"","_VenueCountry":"","_VenueProvince":"","_VenueState":"","_VenueZip":"","_VenuePhone":"","_VenueURL":"","_VenueStateProvince":"","_VenueLat":"","_VenueLng":"","_VenueShowMap":false,"_VenueShowMapLink":false,"_tribe_blocks_recurrence_rules":"","_tribe_blocks_recurrence_description":"","_tribe_blocks_recurrence_exclusions":"","footnotes":""},"class_list":["post-11336","page","type-page","status-publish","hentry"],"publishpress_future_action":{"enabled":false,"date":"2026-04-23 10:47:55","action":"change-status","newStatus":"draft","terms":[],"taxonomy":"","extraData":[]},"publishpress_future_workflow_manual_trigger":{"enabledWorkflows":[]},"_links":{"self":[{"href":"https:\/\/wbp.lublin.pl\/index.php\/wp-json\/wp\/v2\/pages\/11336","targetHints":{"allow":["GET"]}}],"collection":[{"href":"https:\/\/wbp.lublin.pl\/index.php\/wp-json\/wp\/v2\/pages"}],"about":[{"href":"https:\/\/wbp.lublin.pl\/index.php\/wp-json\/wp\/v2\/types\/page"}],"author":[{"embeddable":true,"href":"https:\/\/wbp.lublin.pl\/index.php\/wp-json\/wp\/v2\/users\/18"}],"replies":[{"embeddable":true,"href":"https:\/\/wbp.lublin.pl\/index.php\/wp-json\/wp\/v2\/comments?post=11336"}],"version-history":[{"count":3,"href":"https:\/\/wbp.lublin.pl\/index.php\/wp-json\/wp\/v2\/pages\/11336\/revisions"}],"predecessor-version":[{"id":12730,"href":"https:\/\/wbp.lublin.pl\/index.php\/wp-json\/wp\/v2\/pages\/11336\/revisions\/12730"}],"up":[{"embeddable":true,"href":"https:\/\/wbp.lublin.pl\/index.php\/wp-json\/wp\/v2\/pages\/6964"}],"wp:attachment":[{"href":"https:\/\/wbp.lublin.pl\/index.php\/wp-json\/wp\/v2\/media?parent=11336"}],"curies":[{"name":"wp","href":"https:\/\/api.w.org\/{rel}","templated":true}]}}