{"id":11460,"date":"2018-06-24T18:17:13","date_gmt":"2018-06-24T16:17:13","guid":{"rendered":"https:\/\/wbp.lublin.pl8\/?page_id=11460"},"modified":"2018-06-28T14:49:22","modified_gmt":"2018-06-28T12:49:22","slug":"zasady-udostepniania-niepublikowanych-prac-o-tematyce-regionalnej-i-lokalnej","status":"publish","type":"page","link":"https:\/\/wbp.lublin.pl\/index.php\/regulaminy\/zasady-udostepniania-niepublikowanych-prac-o-tematyce-regionalnej-i-lokalnej\/","title":{"rendered":"Zasady udost\u0119pniania niepublikowanych prac o tematyce regionalnej i lokalnej"},"content":{"rendered":"<p><!--more--><\/p>\n<p>1. Biblioteka udost\u0119pnia przekazane do jej zbior\u00f3w niepublikowane prace o tematyce regionalnej i lokalnej:<br \/>\na) prace dyplomowe licencjackie, prace magisterskie, przygotowane w szko\u0142ach pomaturalnych;<br \/>\nb) prace opracowane przez regionalist\u00f3w;<br \/>\nc) prace przygotowane przez uczni\u00f3w szk\u00f3\u0142 \u015brednich i gimnazj\u00f3w w ramach regionalnych \u015bcie\u017cek edukacyjnych.<\/p>\n<p>2. Niepublikowane prace o tematyce regionalnej i lokalnej s\u0105 przechowywane w <a href=\"http:\/\/wbp.lublin.pl\/index.php\/agendy\/dzial-bibliografii-lubelszczyzny-i-wiedzy-o-regionie\/\">Dziale Bibliografii Lubelszczyzny i Wiedzy o Regionie<\/a> i udost\u0119pniane wy\u0142\u0105cznie na miejscu w pomieszczeniach Dzia\u0142u.<\/p>\n<p>3. Czytelnik, korzystaj\u0105c z niepublikowanych prac o tematyce regionalnej i lokalnej, ma obowi\u0105zek przestrzega\u0107 prawa autorskie.<\/p>\n<p>4. Czytelnik, korzystaj\u0105c z niepublikowanej pracy o tematyce regionalnej i lokalnej, jest zobowi\u0105zany wpisa\u0107 swoje imi\u0119 i nazwisko oraz aktualn\u0105 dat\u0119 na formularzu do\u0142\u0105czonym do egzemplarza.<\/p>\n<p>5. Niepublikowane prace o tematyce regionalnej i lokalnej nie podlegaj\u0105 kopiowaniu.<\/p>\n","protected":false},"excerpt":{"rendered":"","protected":false},"author":18,"featured_media":0,"parent":11437,"menu_order":53,"comment_status":"closed","ping_status":"closed","template":"template-fullwidth.php","meta":{"_tec_requires_first_save":true,"_crdt_document":"","pgc_sgb_lightbox_settings":"","_EventAllDay":false,"_EventTimezone":"","_EventStartDate":"","_EventEndDate":"","_EventStartDateUTC":"","_EventEndDateUTC":"","_EventShowMap":false,"_EventShowMapLink":false,"_EventURL":"","_EventCost":"","_EventCostDescription":"","_EventCurrencySymbol":"","_EventCurrencyCode":"","_EventCurrencyPosition":"","_EventDateTimeSeparator":"","_EventTimeRangeSeparator":"","_EventOrganizerID":[],"_EventVenueID":[],"_OrganizerEmail":"","_OrganizerPhone":"","_OrganizerWebsite":"","_VenueAddress":"","_VenueCity":"","_VenueCountry":"","_VenueProvince":"","_VenueState":"","_VenueZip":"","_VenuePhone":"","_VenueURL":"","_VenueStateProvince":"","_VenueLat":"","_VenueLng":"","_VenueShowMap":false,"_VenueShowMapLink":false,"_tribe_blocks_recurrence_rules":"","_tribe_blocks_recurrence_description":"","_tribe_blocks_recurrence_exclusions":"","footnotes":""},"class_list":["post-11460","page","type-page","status-publish","hentry"],"publishpress_future_action":{"enabled":false,"date":"2026-05-20 03:51:18","action":"change-status","newStatus":"draft","terms":[],"taxonomy":"","extraData":[]},"publishpress_future_workflow_manual_trigger":{"enabledWorkflows":[]},"_links":{"self":[{"href":"https:\/\/wbp.lublin.pl\/index.php\/wp-json\/wp\/v2\/pages\/11460","targetHints":{"allow":["GET"]}}],"collection":[{"href":"https:\/\/wbp.lublin.pl\/index.php\/wp-json\/wp\/v2\/pages"}],"about":[{"href":"https:\/\/wbp.lublin.pl\/index.php\/wp-json\/wp\/v2\/types\/page"}],"author":[{"embeddable":true,"href":"https:\/\/wbp.lublin.pl\/index.php\/wp-json\/wp\/v2\/users\/18"}],"replies":[{"embeddable":true,"href":"https:\/\/wbp.lublin.pl\/index.php\/wp-json\/wp\/v2\/comments?post=11460"}],"version-history":[{"count":2,"href":"https:\/\/wbp.lublin.pl\/index.php\/wp-json\/wp\/v2\/pages\/11460\/revisions"}],"predecessor-version":[{"id":11750,"href":"https:\/\/wbp.lublin.pl\/index.php\/wp-json\/wp\/v2\/pages\/11460\/revisions\/11750"}],"up":[{"embeddable":true,"href":"https:\/\/wbp.lublin.pl\/index.php\/wp-json\/wp\/v2\/pages\/11437"}],"wp:attachment":[{"href":"https:\/\/wbp.lublin.pl\/index.php\/wp-json\/wp\/v2\/media?parent=11460"}],"curies":[{"name":"wp","href":"https:\/\/api.w.org\/{rel}","templated":true}]}}