{"id":11467,"date":"2018-06-24T18:39:17","date_gmt":"2018-06-24T16:39:17","guid":{"rendered":"https:\/\/wbp.lublin.pl8\/?page_id=11467"},"modified":"2024-02-08T10:25:08","modified_gmt":"2024-02-08T09:25:08","slug":"o-dyskusyjnych-klubach-ksiazki-na-lubelszczyznie","status":"publish","type":"page","link":"https:\/\/wbp.lublin.pl\/index.php\/o-dyskusyjnych-klubach-ksiazki-na-lubelszczyznie\/","title":{"rendered":"O Dyskusyjnych Klubach Ksi\u0105\u017cki na Lubelszczy\u017anie"},"content":{"rendered":"\n<p class=\"has-text-align-center wp-block-paragraph\"><strong>Koordynatorzy DKK<\/strong>: Joanna Chapska, Marzena Targo\u0144ska, Pawe\u0142 Kordybacha<br><strong>Kontakt<\/strong>:&nbsp;dkk@wbp.lublin.pl, tel.: 81 52 87 422<\/p>\n\n\n<div class=\"wp-block-image\">\n<figure class=\"alignleft\"><img data-dominant-color=\"bb3965\" data-has-transparency=\"false\" style=\"--dominant-color: #bb3965;\" decoding=\"async\" sizes=\"(max-width: 1024px) 100vw, 1024px\" src=\"http:\/\/wbp.lublin.pl\/wp-content\/uploads\/2018\/06\/dkk-logo-pion-png-300x207.png\" alt=\"\" class=\"wp-image-11665 not-transparent\"\/><\/figure>\n<\/div>\n\n\n<p class=\"wp-block-paragraph\">Strategicznymi celami programu s\u0105 promocja kultury literackiej i czytelnictwa, o\u017cywienie i integracja \u015brodowisk skupionych wok\u00f3\u0142 bibliotek publicznych, zach\u0119cenie nowych u\u017cytkownik\u00f3w do korzystania z bibliotek publicznych oraz inspirowanie bibliotekarzy do kreowania mody na czytanie (m.in. poprzez w\u0142\u0105czanie klub\u00f3w w og\u00f3lnopolskie kampanie proczytelnicze, takie jak Narodowe Czytanie b\u0105d\u017a obchody literackich jubileuszy). Celem programu jest r\u00f3wnie\u017c popularyzacja idei Dyskusyjnych Klub\u00f3w Ksi\u0105\u017cki w \u015brodowiskach do tej pory niezaanga\u017cowanych w ruch. W ramach dzia\u0142aj\u0105cego od 2007 roku programu Dyskusyjne Kluby Ksi\u0105\u017cki regularnie w kilkuset polskich miejscowo\u015bciach we wszystkich wojew\u00f3dztwach czytelnicy spotykaj\u0105 si\u0119, aby rozmawia\u0107 o ksi\u0105\u017ckach i literaturze. Program adresowany jest przede wszystkim do czytelnik\u00f3w korzystaj\u0105cych z bibliotek publicznych. Przy\u015bwieca mu za\u0142o\u017cenie, \u017ce potrzebne s\u0105 miejsca, w kt\u00f3rych mo\u017cna rozmawia\u0107 o wsp\u00f3lnie czytanych ksi\u0105\u017ckach, oraz \u017ce nie trzeba by\u0107 krytykiem, by czerpa\u0107 przyjemno\u015b\u0107 z dyskutowania o literaturze. Spotkania i dyskusje o ksi\u0105\u017ckach maj\u0105 charakter nieformalny. Kluby dzia\u0142aj\u0105 przy bibliotekach publicznych wszystkich stopni (od wojew\u00f3dzkiego do gminnego), mog\u0105 tak\u017ce dzia\u0142a\u0107 przy innych instytucjach (np. bibliotekach szkolnych, domach kultury, bibliotekach parafialnych itp.) we wsp\u00f3\u0142pracy z bibliotek\u0105 publiczn\u0105. Klubowicze spotykaj\u0105 si\u0119 w wybranym przez siebie miejscu, z wybran\u0105 przez siebie cz\u0119stotliwo\u015bci\u0105, jednak nie rzadziej ni\u017c raz na dwa miesi\u0105ce. <br>Uczestnicy Dyskusyjnych Klub\u00f3w Ksi\u0105\u017cki nale\u017c\u0105 do wszystkich grup wiekowych i spo\u0142ecznych.<\/p>\n\n\n\n<p class=\"wp-block-paragraph\">W wojew\u00f3dztwie lubelskim na koniec 2023 roku funkcjonowa\u0142o 125 klub\u00f3w , dla kt\u00f3rych zakupiono 1 573 ksi\u0105\u017cek, w klubowych spotkaniach uczestniczy\u0142o ponad 7 200 czytelnik\u00f3w. Zosta\u0142o zorganizowanych 30 spotka\u0144 autorskich ze znanymi i popularnymi autorami, m.in. Arturem Barcisiem, Joann\u0105 Jax, Jakubem Ma\u0142eckim, Renat\u0105 Pi\u0105tkowsk\u0105, Alkiem Rogozi\u0144skim<\/p>\n\n\n\n<p class=\"wp-block-paragraph\">Koordynatorem projektu jest Wojew\u00f3dzka Biblioteka Publiczna im. H. \u0141opaci\u0144skiego w Lublinie. Klubami na terenie wojew\u00f3dztwa lubelskiego opiekuj\u0105 si\u0119 koordynatorzy wojew\u00f3dzcy Joanna Chapska, Marzena Targo\u0144ska i Pawe\u0142 Kordybacha, Dzia\u0142 Instrukcyjno-Metodyczny WBP. Ich zadaniem jest m. in. dostarczenie bibliotekom ksi\u0105\u017cek oraz przygotowanych przez Instytut Ksi\u0105\u017cki materia\u0142\u00f3w promocyjnych (plakaty klub\u00f3w, ulotki i naklejki zamieszczane w ksi\u0105\u017ckach czytanych w klubach).<\/p>\n\n\n\n<p class=\"wp-block-paragraph\"><a href=\"http:\/\/wbp.lublin.pl\/wp-content\/uploads\/2010\/09\/hl.wbp.lublin.pl_wbp_dmdocuments_dkk_Lublin_2010.pps\"><strong>PREZENTACJA MULTIMEDIALNA PO\u015aWI\u0118CONA DKK NA LUBELSZCZY\u0179NIE (2010) <\/strong>(plik .pps, 15 MB)<\/a><\/p>\n\n\n\n<p class=\"wp-block-paragraph\"><a href=\"http:\/\/wbp.lublin.pl\/wp-content\/uploads\/2010\/09\/hl.wbp.lublin.pl_wbp_dmdocuments_5-lat-DKK.zip\"><strong>PREZENTACJA MULTIMEDIALNA NA PI\u0118CIOLECIE DKK NA LUBELSZCZY\u0179NIE (2012) <\/strong>(plik .zip\/pptx, 13,8 MB)<\/a><\/p>\n","protected":false},"excerpt":{"rendered":"<p>Koordynatorzy DKK: Joanna Chapska, Marzena Targo\u0144ska, Pawe\u0142 KordybachaKontakt:&nbsp;dkk@wbp.lublin.pl, tel.: 81 52 87 422 Strategicznymi celami programu s\u0105 promocja kultury literackiej i czytelnictwa, o\u017cywienie i integracja \u015brodowisk skupionych wok\u00f3\u0142 bibliotek publicznych, [&hellip;]<\/p>\n","protected":false},"author":18,"featured_media":0,"parent":0,"menu_order":95,"comment_status":"closed","ping_status":"closed","template":"template-noleft.php","meta":{"_tec_requires_first_save":true,"_crdt_document":"","pgc_sgb_lightbox_settings":"","_EventAllDay":false,"_EventTimezone":"","_EventStartDate":"","_EventEndDate":"","_EventStartDateUTC":"","_EventEndDateUTC":"","_EventShowMap":false,"_EventShowMapLink":false,"_EventURL":"","_EventCost":"","_EventCostDescription":"","_EventCurrencySymbol":"","_EventCurrencyCode":"","_EventCurrencyPosition":"","_EventDateTimeSeparator":"","_EventTimeRangeSeparator":"","_EventOrganizerID":[],"_EventVenueID":[],"_OrganizerEmail":"","_OrganizerPhone":"","_OrganizerWebsite":"","_VenueAddress":"","_VenueCity":"","_VenueCountry":"","_VenueProvince":"","_VenueState":"","_VenueZip":"","_VenuePhone":"","_VenueURL":"","_VenueStateProvince":"","_VenueLat":"","_VenueLng":"","_VenueShowMap":false,"_VenueShowMapLink":false,"_tribe_blocks_recurrence_rules":"","_tribe_blocks_recurrence_description":"","_tribe_blocks_recurrence_exclusions":"","footnotes":""},"class_list":["post-11467","page","type-page","status-publish","hentry"],"publishpress_future_action":{"enabled":false,"date":"2026-04-22 07:41:11","action":"change-status","newStatus":"draft","terms":[],"taxonomy":"","extraData":[]},"publishpress_future_workflow_manual_trigger":{"enabledWorkflows":[]},"_links":{"self":[{"href":"https:\/\/wbp.lublin.pl\/index.php\/wp-json\/wp\/v2\/pages\/11467","targetHints":{"allow":["GET"]}}],"collection":[{"href":"https:\/\/wbp.lublin.pl\/index.php\/wp-json\/wp\/v2\/pages"}],"about":[{"href":"https:\/\/wbp.lublin.pl\/index.php\/wp-json\/wp\/v2\/types\/page"}],"author":[{"embeddable":true,"href":"https:\/\/wbp.lublin.pl\/index.php\/wp-json\/wp\/v2\/users\/18"}],"replies":[{"embeddable":true,"href":"https:\/\/wbp.lublin.pl\/index.php\/wp-json\/wp\/v2\/comments?post=11467"}],"version-history":[{"count":7,"href":"https:\/\/wbp.lublin.pl\/index.php\/wp-json\/wp\/v2\/pages\/11467\/revisions"}],"predecessor-version":[{"id":53652,"href":"https:\/\/wbp.lublin.pl\/index.php\/wp-json\/wp\/v2\/pages\/11467\/revisions\/53652"}],"wp:attachment":[{"href":"https:\/\/wbp.lublin.pl\/index.php\/wp-json\/wp\/v2\/media?parent=11467"}],"curies":[{"name":"wp","href":"https:\/\/api.w.org\/{rel}","templated":true}]}}