{"id":11513,"date":"2018-06-24T23:31:31","date_gmt":"2018-06-24T21:31:31","guid":{"rendered":"https:\/\/wbp.lublin.pl8\/?page_id=11513"},"modified":"2025-02-07T12:26:50","modified_gmt":"2025-02-07T11:26:50","slug":"bibliotekarz-lubelski-o-pismie","status":"publish","type":"page","link":"https:\/\/wbp.lublin.pl\/index.php\/bibliotekarz-lubelski\/bibliotekarz-lubelski-o-pismie\/","title":{"rendered":"Bibliotekarz Lubelski &#8211; o pi\u015bmie"},"content":{"rendered":"\n<p class=\"wp-block-paragraph\">\u201eBibliotekarz Lubelski\u201d (ISSN 0137-9895) to jedno z najstarszych, polskich czasopism bibliotekarskich. Ukazuje si\u0119 od 1956 r. Jego wydawc\u0105 jest Wojew\u00f3dzka Biblioteka Publiczna im. Hieronima \u0141opaci\u0144skiego w Lublinie. W latach 1956-1984 by\u0142 to kwartalnik, a od 1985 r. ukazuje si\u0119 jako rocznik.<\/p>\n\n\n\n<p class=\"wp-block-paragraph\"><strong>Wszystkie numery archiwalne wydane od 1956 r. s\u0105 dost\u0119pne <a href=\"http:\/\/bc.wbp.lublin.pl\/publication\/184\" target=\"_blank\" rel=\"noreferrer noopener\">w Bibliotece Cyfrowej WBP<\/a><\/strong><\/p>\n\n\n\n<p class=\"wp-block-paragraph\">Na \u0142amach \u201eBibliotekarza Lubelskiego\u201d s\u0105 publikowane artyku\u0142y dotycz\u0105ce:<\/p>\n\n\n\n<ol class=\"wp-block-list\">\n<li>a) historii ksi\u0105\u017cek, zbior\u00f3w i bibliotek;<br>b) wsp\u00f3\u0142czesnych problem\u00f3w bibliotekarstwa;<br>c) historii Lublina i Lubelszczyzny w dokumentach bibliotecznych;<br>d) Pro Memoria \u2013 sylwetki zas\u0142u\u017conych bibliotekarzy.<\/li>\n<\/ol>\n\n\n\n<p class=\"wp-block-paragraph\">Ponadto w ka\u017cdym roczniku zamieszczamy Przegl\u0105d wydawnictw o regionie oraz Kronik\u0119 opracowywan\u0105 na podstawie materia\u0142\u00f3w przes\u0142anych przez biblioteki miejskie i powiatowe.<\/p>\n\n\n\n<p class=\"wp-block-paragraph\">Od 2012 r. &#8222;Bibliotekarz Lubelski&#8221; znajduje si\u0119 na li\u015bcie czasopism punktowanych Ministerstwa Nauki i Szkolnictwa Wy\u017cszego &#8211; obecnie 20 punkt\u00f3w.<\/p>\n\n\n\n<p class=\"wp-block-paragraph\">WERSJ\u0104 PIERWOTN\u0104 CZASOPISMA JEST WERSJA PAPIEROWA.<\/p>\n\n\n\n<p class=\"wp-block-paragraph\"><strong>Rada naukowa<\/strong>:<br>prof. dr hab. Krystyna Cha\u0142as (KUL)<br>prof. dr hab. Maria Juda (UMCS)<br>dr hab. Jacek Soszy\u0144ski, prof. PAN<br>prof. dr hab. Ryszard Szczygie\u0142 (UMCS)<br>prof. Maria \u017biga\u0142owa (Brzeski Pa\u0144stwowy Uniwersytet Techniczny, Bia\u0142oru\u015b)<br>dr Blanka Snopkov\u00e1 (Pa\u0144stwowa Naukowa Biblioteka w Ba\u0144skiej Bystrzycy, S\u0142owacja)<\/p>\n\n\n\n<p class=\"wp-block-paragraph\"><strong>Zesp\u00f3\u0142 redakcyjny<\/strong>:<br>dr Grzegorz Figiel (redaktor)<br>mgr Katarzyna Stanek (sekretarz redakcji; redaktor j\u0119zykowy)<br>mgr Lidia G\u0142\u0119bicka (redaktor tematyczny &#8211; bibliotekoznawstwo)<br>mgr Edyta \u015acibor (redaktor tematyczny &#8211; historia)<br>mgr Anna Oleszek (redaktor tematyczny &#8211; historia sztuki)<br>mgr Artur Sitko (cz\u0142onek redakcji)<br><strong><br>Czasopismo recenzuj\u0105:<\/strong><\/p>\n\n\n\n<p class=\"wp-block-paragraph\">prof. dr hab. Jacek Banaszkiewicz<br>dr hab. Piotr Bednarz<br>dr hab. Anna Dymmel<br>prof. dr hab. Maria Juda<br>dr Janusz K\u0142ape\u0107<br>dr hab. Dorota Kudelska, prof. KUL<br>dr hab. Bo\u017cena Kukli\u0144ska, prof. KUL<br>dr hab. Marcin Kruszy\u0144ski, prof. LAW<br>dr hab. Robert Litwi\u0144ski, prof. UMCS<br>dr hab. Ma\u0142gorzata Nossowska<br>prof. dr hab. Wies\u0142aw \u015aladkowski<br>dr hab. Aleksandra Trzcieli\u0144ska-Polus, prof. Uniwersytetu Opolskiego<br><\/p>\n\n\n\n<p class=\"wp-block-paragraph\"><strong>Kontakt z redakcj\u0105: <\/strong><br>bibliotekarzlubelski@wbp.lublin.pl<br>tel:<a href=\"te: 815287402\"> 81 52 87 431<\/a><\/p>\n\n\n\n<h4 class=\"wp-block-heading\" id=\"wszystkich-chetnych-zapraszamy-do-publikowaniana-lamach-bibliotekarza-lubelskiego\"><strong>Wszystkich ch\u0119tnych zapraszamy do publikowania<br>na \u0142amach \u201eBibliotekarza Lubelskiego\u201d<\/strong><\/h4>\n\n\n\n<p class=\"wp-block-paragraph\"><a href=\"http:\/\/wbp.lublin.pl\/index.php\/bibliotekarz-lubelski-instrukcja-wydawnicza\/\">Instrukcja wydawnicza<\/a><\/p>\n\n\n\n<p class=\"wp-block-paragraph\"><a href=\"http:\/\/wbp.lublin.pl\/index.php\/2013\/03\/05\/bibliotekarz-lubelski-zasady-recenzowania\/\">Zasady recenzowania<\/a><\/p>\n","protected":false},"excerpt":{"rendered":"<p>\u201eBibliotekarz Lubelski\u201d (ISSN 0137-9895) to jedno z najstarszych, polskich czasopism bibliotekarskich. Ukazuje si\u0119 od 1956 r. Jego wydawc\u0105 jest Wojew\u00f3dzka Biblioteka Publiczna im. Hieronima \u0141opaci\u0144skiego w Lublinie. W latach 1956-1984 [&hellip;]<\/p>\n","protected":false},"author":18,"featured_media":0,"parent":11522,"menu_order":6,"comment_status":"closed","ping_status":"closed","template":"","meta":{"_tec_requires_first_save":true,"_crdt_document":"","pgc_sgb_lightbox_settings":"","_EventAllDay":false,"_EventTimezone":"","_EventStartDate":"","_EventEndDate":"","_EventStartDateUTC":"","_EventEndDateUTC":"","_EventShowMap":false,"_EventShowMapLink":false,"_EventURL":"","_EventCost":"","_EventCostDescription":"","_EventCurrencySymbol":"","_EventCurrencyCode":"","_EventCurrencyPosition":"","_EventDateTimeSeparator":"","_EventTimeRangeSeparator":"","_EventOrganizerID":[],"_EventVenueID":[],"_OrganizerEmail":"","_OrganizerPhone":"","_OrganizerWebsite":"","_VenueAddress":"","_VenueCity":"","_VenueCountry":"","_VenueProvince":"","_VenueState":"","_VenueZip":"","_VenuePhone":"","_VenueURL":"","_VenueStateProvince":"","_VenueLat":"","_VenueLng":"","_VenueShowMap":false,"_VenueShowMapLink":false,"_tribe_blocks_recurrence_rules":"","_tribe_blocks_recurrence_description":"","_tribe_blocks_recurrence_exclusions":"","footnotes":""},"class_list":["post-11513","page","type-page","status-publish","hentry"],"publishpress_future_action":{"enabled":false,"date":"2026-04-29 01:44:10","action":"change-status","newStatus":"draft","terms":[],"taxonomy":"","extraData":[]},"publishpress_future_workflow_manual_trigger":{"enabledWorkflows":[]},"_links":{"self":[{"href":"https:\/\/wbp.lublin.pl\/index.php\/wp-json\/wp\/v2\/pages\/11513","targetHints":{"allow":["GET"]}}],"collection":[{"href":"https:\/\/wbp.lublin.pl\/index.php\/wp-json\/wp\/v2\/pages"}],"about":[{"href":"https:\/\/wbp.lublin.pl\/index.php\/wp-json\/wp\/v2\/types\/page"}],"author":[{"embeddable":true,"href":"https:\/\/wbp.lublin.pl\/index.php\/wp-json\/wp\/v2\/users\/18"}],"replies":[{"embeddable":true,"href":"https:\/\/wbp.lublin.pl\/index.php\/wp-json\/wp\/v2\/comments?post=11513"}],"version-history":[{"count":10,"href":"https:\/\/wbp.lublin.pl\/index.php\/wp-json\/wp\/v2\/pages\/11513\/revisions"}],"predecessor-version":[{"id":67016,"href":"https:\/\/wbp.lublin.pl\/index.php\/wp-json\/wp\/v2\/pages\/11513\/revisions\/67016"}],"up":[{"embeddable":true,"href":"https:\/\/wbp.lublin.pl\/index.php\/wp-json\/wp\/v2\/pages\/11522"}],"wp:attachment":[{"href":"https:\/\/wbp.lublin.pl\/index.php\/wp-json\/wp\/v2\/media?parent=11513"}],"curies":[{"name":"wp","href":"https:\/\/api.w.org\/{rel}","templated":true}]}}