{"id":11515,"date":"2018-06-24T23:33:22","date_gmt":"2018-06-24T21:33:22","guid":{"rendered":"https:\/\/wbp.lublin.pl8\/?page_id=11515"},"modified":"2024-09-18T10:30:09","modified_gmt":"2024-09-18T08:30:09","slug":"bibliotekarz-lubelski-instrukcja-wydawnicza","status":"publish","type":"page","link":"https:\/\/wbp.lublin.pl\/index.php\/bibliotekarz-lubelski\/bibliotekarz-lubelski-instrukcja-wydawnicza\/","title":{"rendered":"Bibliotekarz Lubelski &#8211; instrukcja wydawnicza"},"content":{"rendered":"<p><!-- [if gte mso 9]><xml>     Normal   0   21         false   false   false                             MicrosoftInternetExplorer4   <\/xml><![endif]--><\/p>\n<p>Na \u0142amach \u201eBibliotekarza Lubelskiego\u201d zamieszczane s\u0105 prace niepublikowane wcze\u015bniej w \u017cadnym innym wydawnictwie. Autor zg\u0142aszaj\u0105c tekst zobowi\u0105zany jest do z\u0142o\u017cenia o\u015bwiadczenia o oryginalno\u015bci pracy oraz informacji, \u017ce nie uczestniczy ona aktualnie w innym post\u0119powaniu wydawniczym. Ponadto Autor powinien zadeklarowa\u0107, \u017ce w przypadku zg\u0142aszanego tekstu nie zachodz\u0105 zjawiska \u201eghostwriting\u201d i \u201eguest authorship\u201d.<\/p>\n<p><a href=\"http:\/\/wbp.lublin.pl\/wp-content\/uploads\/2009\/01\/publikacje_biblio_lubel_Oswiadczenie.doc\">O\u015bwiadczenie<\/a><\/p>\n<p><a href=\"http:\/\/wbp.lublin.pl\/wp-content\/uploads\/2009\/01\/publikacje_biblio_lubel_Wyjasnienie%20dotyczace.pdf\">Wyja\u015bnienia dotycz\u0105ce \u201eghostwriting\u201d i \u201eguest authorship\u201d.<\/a><\/p>\n<p><!-- [if gte mso 9]><![endif]--><!-- [if gte mso 10]>\n\n\n\n<style>  \/* Style Definitions *\/  table.MsoNormalTable \t{ \tmso-style-parent:\"\"; \tfont-size:10.0pt;\"Times New Roman\";} <\/style>\n\n\n\n <![endif]--><\/p>\n<div><b>Instrukcja wydawnicza:<\/b><\/div>\n<p>1. Tekst powinien by\u0107 przygotowany w wersji elektronicznej w formacie Microsoft Word i przekazany w formie wydruku (1 egz.) oraz na p\u0142ycie lub przes\u0142any <i>e-mailem<\/i>.<\/p>\n<p>2. Format czcionki Times New Roman, rozmiar 12, interlinia1,5.<\/p>\n<p>3. Obj\u0119to\u015b\u0107 artyku\u0142\u00f3w i materia\u0142\u00f3w \u017ar\u00f3d\u0142owych nie powinna przekracza\u0107 30 stron wydruku (za optymalny nale\u017cy uzna\u0107 tekst ok. 20 s.) przy za\u0142o\u017ceniu 1800 znak\u00f3w na stron\u0119 (30 wierszy, 60 znak\u00f3w w wierszu).<\/p>\n<p>4. Numerowanie stron na dole z wyr\u00f3wnaniem do \u015brodka, marginesy 2,5 cm.<\/p>\n<p>5. Na pierwszej stronie tekstu: z lewej strony u g\u00f3ry imi\u0119 i nazwisko autora, podw\u00f3jny odst\u0119p, tytu\u0142 czcionk\u0105 tekstow\u0105 pogrubion\u0105, podw\u00f3jny odst\u0119p, w\u0142a\u015bciwy tekst.<\/p>\n<p>6. Tekst powinien by\u0107 przygotowany przy w\u0142\u0105czonej funkcji automatycznego dzielenia wyraz\u00f3w oraz automatycznej numeracji przypis\u00f3w (przypisy dolne). Numer przypisu w tek\u015bcie powinien by\u0107 umieszczony przed kropk\u0105 ko\u0144cz\u0105c\u0105 zdanie.<\/p>\n<div>7. Przypisy:<\/div>\n<p>a) poszczeg\u00f3lne elementy opisu oddzielamy przecinkami;<\/p>\n<p>b) tytu\u0142y ksi\u0105\u017cek, artyku\u0142\u00f3w b\u0105d\u017a publikowanych tekst\u00f3w \u017ar\u00f3d\u0142owych podajemy kursyw\u0105;<\/p>\n<p>c) tytu\u0142y czasopism czcionk\u0105 tekstow\u0105 w cudzys\u0142owie, rocznik cyframi arabskimi, rok wydania, numer lub zeszyt cyframi arabskimi, strony. Opis ko\u0144czymy kropk\u0105 (np.: J. Wr\u00f3blewska, <i>Biblioteka czytelnika<\/i>, \u201ePoradnik Bibliotekarza\u201d 2009, nr 3, s. 12-16.);<\/p>\n<p>d) w opisach artyku\u0142\u00f3w zamieszczanych w pracach zbiorowych \u2013 po tytule przywo\u0142ywanego tekstu umieszczamy przecinek, w: (bez nawias\u00f3w prostok\u0105tnych), tytu\u0142 opracowania zbiorowego w kursywie oraz inicja\u0142 imienia i nazwisko redaktora (np. J. Plis, <i> Biblioteki o\u015bwiatowe w Lublinie (1906-1918),<\/i> w: <i>Lublin a ksi\u0105\u017cka<\/i>, red. A. Krawczyk, E. J\u00f3zefowicz-Wisi\u0144ska, Lublin 2004, s. 523-531.);<\/p>\n<p>e) biogramy w Polskim S\u0142owniku Biograficznym traktujemy jak artyku\u0142y w wielotomowej pracy zbiorowej (np. R. Bender, <i>\u0141opaci\u0144ski Hieronim Rafa\u0142<\/i>, PSB, t. 18, Wroc\u0142aw 1973, \u00a0\u00a0\u00a0\u00a0\u00a0\u00a0\u00a0\u00a0\u00a0\u00a0\u00a0\u00a0\u00a0\u00a0s. 394-396);<\/p>\n<p>f) stosujemy polskie skr\u00f3ty (np. wyd., oprac., red.). Przy ponownym cytowaniu tej samej pozycji korzystamy z polskiej wersji odsy\u0142aczy (np. tam\u017ce, dz. cyt.).<\/p>\n<p>8. W opisach bibliograficznych prac opublikowanych w alfabetach cyrylickich stosujemy transliteracj\u0119 wed\u0142ug normy PN-ISO 9:2000.<\/p>\n<p>9. Skr\u00f3ty, daty, liczebniki:<\/p>\n<p>a) w tekstach stosujemy og\u00f3lnie przyj\u0119te skr\u00f3ty, np. \u00a0itd., m.in., etc.<\/p>\n<div>b) Daty w tek\u015bcie:<\/div>\n<p>\u2013 miesi\u0105c liczb\u0105 rzymsk\u0105, np. 5 III 1910 r.;<\/p>\n<p>\u2013 przy r\u00f3\u017cnych stylach (kalendarzach): 10\/20 V 1549 r., ale 27 II\/11 III 1896 r.;<\/p>\n<p>\u2013 okresy od do: np. 1-10 V 1900 r.;<\/p>\n<p>\u2013 w datach w nawiasie miesi\u0105c podaje si\u0119 liczb\u0105 rzymsk\u0105 z pomini\u0119ciem skr\u00f3tu r. na ko\u0144cu, np. (1 V 1826);<\/p>\n<p>\u2013 gdy nie ma daty dziennej, wtedy miesi\u0105c zawsze s\u0142ownie, np. w marcu 1825 r.;<\/p>\n<p>c) pisownia okre\u015ble\u0144 \u201ewiek\u201d, \u201erok\u201d:<\/p>\n<p>\u2013 przed \u2013 rozwini\u0119te, np. w wieku XVI, w roku 1928;<\/p>\n<p>\u2013 po \u2013 skr\u00f3cone, np. w XVI w., w 1928 r.;<\/p>\n<p>d) w okre\u015bleniach typu \u201ew drugiej po\u0142owie\u201d, \u201elata osiemdziesi\u0105te\u201d nie u\u017cywa si\u0119 cyfr.<\/p>\n<div>e) liczebniki:<\/div>\n<p>\u2013 zapis cyfrowy z oddzielaniem spacj\u0105 rz\u0119d\u00f3w wielko\u015bci, np. 1234, 11 456, 234 567;<\/p>\n<p>\u2013 zapis cyfrowy z zastosowaniem skr\u00f3t\u00f3w: tys., mln, mld \u2013 2 tys., 5 mln, 10 mld;<\/p>\n<p>10. Do ka\u017cdego tekstu nale\u017cy do\u0142\u0105czy\u0107 kr\u00f3tk\u0105 not\u0119 o autorze z uwzgl\u0119dnieniem zainteresowa\u0144 badawczych oraz miejsca zatrudnienia.<\/p>\n<p>11. Teksty kwalifikuje do druku zesp\u00f3\u0142 redakcyjny.<\/p>\n<p>12. Redakcja zastrzega sobie recenzowanie, adiustowanie i skracanie materia\u0142\u00f3w.<\/p>\n<p>13. Nades\u0142ane materia\u0142y podlegaj\u0105 recenzji zewn\u0119trznej.<\/p>\n<p>14. Teksty nale\u017cy sk\u0142ada\u0107 lub przesy\u0142a\u0107 na adres:<\/p>\n<p align=\"center\">Redakcja \u201eBibliotekarza Lubelskiego\u201d<\/p>\n<p align=\"center\">Wojew\u00f3dzka Biblioteka Publiczna im. H. \u0141opaci\u0144skiego<\/p>\n<p align=\"center\">ul. Narutowicza 4, 20-950 Lublin<\/p>\n<p align=\"center\">\u00a0e-mail: <a href=\"mailto:bibliotekarzlubelski@hieronim.wbp.lublin.pl\">bibliotekarzlubelski@wbp.lublin.pl<\/a><\/p>\n<p align=\"center\">tel.: 81 528 74 31<\/p>\n<p align=\"center\">fax.: 81 52 87 406<\/p>\n","protected":false},"excerpt":{"rendered":"<p>Na \u0142amach \u201eBibliotekarza Lubelskiego\u201d zamieszczane s\u0105 prace niepublikowane wcze\u015bniej w \u017cadnym innym wydawnictwie. Autor zg\u0142aszaj\u0105c tekst zobowi\u0105zany jest do z\u0142o\u017cenia o\u015bwiadczenia o oryginalno\u015bci pracy oraz informacji, \u017ce nie uczestniczy ona [&hellip;]<\/p>\n","protected":false},"author":18,"featured_media":0,"parent":11522,"menu_order":19,"comment_status":"closed","ping_status":"closed","template":"","meta":{"_tec_requires_first_save":true,"_crdt_document":"","pgc_sgb_lightbox_settings":"","_EventAllDay":false,"_EventTimezone":"","_EventStartDate":"","_EventEndDate":"","_EventStartDateUTC":"","_EventEndDateUTC":"","_EventShowMap":false,"_EventShowMapLink":false,"_EventURL":"","_EventCost":"","_EventCostDescription":"","_EventCurrencySymbol":"","_EventCurrencyCode":"","_EventCurrencyPosition":"","_EventDateTimeSeparator":"","_EventTimeRangeSeparator":"","_EventOrganizerID":[],"_EventVenueID":[],"_OrganizerEmail":"","_OrganizerPhone":"","_OrganizerWebsite":"","_VenueAddress":"","_VenueCity":"","_VenueCountry":"","_VenueProvince":"","_VenueState":"","_VenueZip":"","_VenuePhone":"","_VenueURL":"","_VenueStateProvince":"","_VenueLat":"","_VenueLng":"","_VenueShowMap":false,"_VenueShowMapLink":false,"_tribe_blocks_recurrence_rules":"","_tribe_blocks_recurrence_description":"","_tribe_blocks_recurrence_exclusions":"","footnotes":""},"class_list":["post-11515","page","type-page","status-publish","hentry"],"publishpress_future_action":{"enabled":false,"date":"2026-04-29 03:08:17","action":"change-status","newStatus":"draft","terms":[],"taxonomy":"","extraData":[]},"publishpress_future_workflow_manual_trigger":{"enabledWorkflows":[]},"_links":{"self":[{"href":"https:\/\/wbp.lublin.pl\/index.php\/wp-json\/wp\/v2\/pages\/11515","targetHints":{"allow":["GET"]}}],"collection":[{"href":"https:\/\/wbp.lublin.pl\/index.php\/wp-json\/wp\/v2\/pages"}],"about":[{"href":"https:\/\/wbp.lublin.pl\/index.php\/wp-json\/wp\/v2\/types\/page"}],"author":[{"embeddable":true,"href":"https:\/\/wbp.lublin.pl\/index.php\/wp-json\/wp\/v2\/users\/18"}],"replies":[{"embeddable":true,"href":"https:\/\/wbp.lublin.pl\/index.php\/wp-json\/wp\/v2\/comments?post=11515"}],"version-history":[{"count":3,"href":"https:\/\/wbp.lublin.pl\/index.php\/wp-json\/wp\/v2\/pages\/11515\/revisions"}],"predecessor-version":[{"id":62348,"href":"https:\/\/wbp.lublin.pl\/index.php\/wp-json\/wp\/v2\/pages\/11515\/revisions\/62348"}],"up":[{"embeddable":true,"href":"https:\/\/wbp.lublin.pl\/index.php\/wp-json\/wp\/v2\/pages\/11522"}],"wp:attachment":[{"href":"https:\/\/wbp.lublin.pl\/index.php\/wp-json\/wp\/v2\/media?parent=11515"}],"curies":[{"name":"wp","href":"https:\/\/api.w.org\/{rel}","templated":true}]}}