{"id":11518,"date":"2018-06-24T23:35:38","date_gmt":"2018-06-24T21:35:38","guid":{"rendered":"https:\/\/wbp.lublin.pl8\/?page_id=11518"},"modified":"2018-06-24T23:57:39","modified_gmt":"2018-06-24T21:57:39","slug":"bibliotekarz-lubelski-zasady-recenzowania","status":"publish","type":"page","link":"https:\/\/wbp.lublin.pl\/index.php\/bibliotekarz-lubelski\/bibliotekarz-lubelski-zasady-recenzowania\/","title":{"rendered":"Bibliotekarz Lubelski &#8211; Zasady recenzowania"},"content":{"rendered":"<p><!-- [if gte mso 9]><xml>     Normal   0   21         false   false   false                             MicrosoftInternetExplorer4   <\/xml><![endif]--><\/p>\n<ol start=\"1\" type=\"1\">\n<li>Nades\u0142ane artyku\u0142y s\u0105 poddawane wst\u0119pnej ocenie formalnej przez cz\u0142onk\u00f3w redakcji oraz redaktor\u00f3w tematycznych. Po uzyskaniu akceptacji kierowane s\u0105 do recenzent\u00f3w zewn\u0119trznych.<\/li>\n<li>W przypadku uznania pracy za nieodpowiedni\u0105 do publikacji, otrzymane materia\u0142y s\u0105 zwracane autorowi.<\/li>\n<li>Procedurze recenzyjnej podlegaj\u0105 wszystkie artyku\u0142y nades\u0142ane przez autor\u00f3w i zakwalifikowane do druku przez redakcj\u0119.<\/li>\n<li>Do oceny ka\u017cdej publikacji powo\u0142uje si\u0119 co najmniej dw\u00f3ch niezale\u017cnych recenzent\u00f3w spoza Wojew\u00f3dzkiej Biblioteki Publicznej w Lublinie.<\/li>\n<li>Wszystkie artyku\u0142y s\u0105 recenzowane z zachowaniem zasady <i>double-blind review process<\/i>, co oznacza, \u017ce w trakcie ca\u0142ej procedury zar\u00f3wno recenzent, jak i autor nie posiadaj\u0105 wzajemnej wiedzy na temat swoich personali\u00f3w. Artyku\u0142 otrzymuje numer redakcyjny, identyfikuj\u0105cy go w dalszej procedurze wydawniczej.<\/li>\n<li>Recenzja ma form\u0119 pisemn\u0105 i ko\u0144czy si\u0119 jednoznaczn\u0105 konkluzj\u0105 o dopuszczeniu artyku\u0142u do druku lub jego odrzuceniu.<\/li>\n<li>Do druku kierowane s\u0105 teksty, kt\u00f3re otrzyma\u0142y dwie pozytywne recenzje.<\/li>\n<li>Autor otrzymuje recenzj\u0119 swojego materia\u0142u do wiadomo\u015bci.<\/li>\n<li>Lista recenzent\u00f3w wsp\u00f3\u0142pracuj\u0105cych umieszczona jest na stronie internetowej WBP w zak\u0142adce Nasze publikacje\/Wydawnictwa ci\u0105g\u0142e\/Bibliotekarz Lubelski.<\/li>\n<li>Podstaw\u0105 procedury recenzyjnej s\u0105 zalecenia Zespo\u0142u do spraw Etyki w Nauce, zamieszone w publikacji <em>Dobre praktyki w procedurach recenzyjnych w nauce<\/em>, Warszawa 2011.<\/li>\n<\/ol>\n<p><!-- [if gte mso 9]><![endif]--><!-- [if gte mso 10]>\n\n\n\n<style>  \/* Style Definitions *\/  table.MsoNormalTable \t{ \tmso-style-parent:\"\"; \tfont-size:10.0pt;\"Times New Roman\";} <\/style>\n\n <![endif]--><\/p>\n","protected":false},"excerpt":{"rendered":"<p>Nades\u0142ane artyku\u0142y s\u0105 poddawane wst\u0119pnej ocenie formalnej przez cz\u0142onk\u00f3w redakcji oraz redaktor\u00f3w tematycznych. Po uzyskaniu akceptacji kierowane s\u0105 do recenzent\u00f3w zewn\u0119trznych. W przypadku uznania pracy za nieodpowiedni\u0105 do publikacji, otrzymane [&hellip;]<\/p>\n","protected":false},"author":18,"featured_media":0,"parent":11522,"menu_order":29,"comment_status":"closed","ping_status":"closed","template":"","meta":{"_tec_requires_first_save":true,"_crdt_document":"","pgc_sgb_lightbox_settings":"","_EventAllDay":false,"_EventTimezone":"","_EventStartDate":"","_EventEndDate":"","_EventStartDateUTC":"","_EventEndDateUTC":"","_EventShowMap":false,"_EventShowMapLink":false,"_EventURL":"","_EventCost":"","_EventCostDescription":"","_EventCurrencySymbol":"","_EventCurrencyCode":"","_EventCurrencyPosition":"","_EventDateTimeSeparator":"","_EventTimeRangeSeparator":"","_EventOrganizerID":[],"_EventVenueID":[],"_OrganizerEmail":"","_OrganizerPhone":"","_OrganizerWebsite":"","_VenueAddress":"","_VenueCity":"","_VenueCountry":"","_VenueProvince":"","_VenueState":"","_VenueZip":"","_VenuePhone":"","_VenueURL":"","_VenueStateProvince":"","_VenueLat":"","_VenueLng":"","_VenueShowMap":false,"_VenueShowMapLink":false,"_tribe_blocks_recurrence_rules":"","_tribe_blocks_recurrence_description":"","_tribe_blocks_recurrence_exclusions":"","footnotes":""},"class_list":["post-11518","page","type-page","status-publish","hentry"],"publishpress_future_action":{"enabled":false,"date":"2026-04-15 11:18:17","action":"change-status","newStatus":"draft","terms":[],"taxonomy":"","extraData":[]},"publishpress_future_workflow_manual_trigger":{"enabledWorkflows":[]},"_links":{"self":[{"href":"https:\/\/wbp.lublin.pl\/index.php\/wp-json\/wp\/v2\/pages\/11518","targetHints":{"allow":["GET"]}}],"collection":[{"href":"https:\/\/wbp.lublin.pl\/index.php\/wp-json\/wp\/v2\/pages"}],"about":[{"href":"https:\/\/wbp.lublin.pl\/index.php\/wp-json\/wp\/v2\/types\/page"}],"author":[{"embeddable":true,"href":"https:\/\/wbp.lublin.pl\/index.php\/wp-json\/wp\/v2\/users\/18"}],"replies":[{"embeddable":true,"href":"https:\/\/wbp.lublin.pl\/index.php\/wp-json\/wp\/v2\/comments?post=11518"}],"version-history":[{"count":1,"href":"https:\/\/wbp.lublin.pl\/index.php\/wp-json\/wp\/v2\/pages\/11518\/revisions"}],"predecessor-version":[{"id":11519,"href":"https:\/\/wbp.lublin.pl\/index.php\/wp-json\/wp\/v2\/pages\/11518\/revisions\/11519"}],"up":[{"embeddable":true,"href":"https:\/\/wbp.lublin.pl\/index.php\/wp-json\/wp\/v2\/pages\/11522"}],"wp:attachment":[{"href":"https:\/\/wbp.lublin.pl\/index.php\/wp-json\/wp\/v2\/media?parent=11518"}],"curies":[{"name":"wp","href":"https:\/\/api.w.org\/{rel}","templated":true}]}}