{"id":11530,"date":"2018-06-25T00:22:54","date_gmt":"2018-06-24T22:22:54","guid":{"rendered":"https:\/\/wbp.lublin.pl8\/?page_id=11530"},"modified":"2023-10-16T09:44:24","modified_gmt":"2023-10-16T07:44:24","slug":"o-hieronimie-lopacinskim","status":"publish","type":"page","link":"https:\/\/wbp.lublin.pl\/index.php\/historia-wbp\/o-hieronimie-lopacinskim\/","title":{"rendered":"O Hieronimie \u0141opaci\u0144skim"},"content":{"rendered":"\n<!--more-->\n\n\n<div class=\"wp-block-image\">\n<figure class=\"aligncenter\"><img data-dominant-color=\"6b7f80\" data-has-transparency=\"false\" style=\"--dominant-color: #6b7f80;\" decoding=\"async\" sizes=\"(max-width: 336px) 100vw, 336px\" src=\"http:\/\/wbp.lublin.pl\/wp-content\/uploads\/2009\/10\/historia_patron_lopacinski1.jpg\" alt=\"\" class=\"wp-image-74 not-transparent\" title=\"Hieronim \u0141opaci\u0144ski\"\/><\/figure>\n<\/div>\n\n<div class=\"wp-block-image\">\n<figure class=\"alignleft\"><img data-dominant-color=\"5a6d98\" data-has-transparency=\"false\" style=\"--dominant-color: #5a6d98;\" decoding=\"async\" sizes=\"(max-width: 339px) 100vw, 339px\" src=\"http:\/\/wbp.lublin.pl\/wp-content\/uploads\/2009\/10\/historia_patron_mlody-hieronim.png\" alt=\"Hieronim \u0141opaci\u0144ski\" class=\"wp-image-75 not-transparent\" title=\"Hieronim \u0141opaci\u0144ski\"\/><\/figure>\n<\/div>\n\n\n<p class=\"wp-block-paragraph\"><strong>Hieronim Rafa\u0142 \u0141opaci\u0144ski<\/strong>, patron naszej Biblioteki, to j\u0119zykoznawca, etnograf, historyk i bibliofil. Ur. si\u0119 30 IX 1860 roku w O\u015bnie G\u00f3rnym na Kujawach. Pochodzi\u0142 z rodziny \u0141opaci\u0144skich &#8211; Lubicz\u00f3w z \u0141opacina, st\u0105d p\u00f3\u017aniejszy pseudonim \u0141opaci\u0144skiego &#8211; Rafa\u0142 Lubicz. <br>\u0141opaci\u0144ski rozpocz\u0105\u0142 nauk\u0119 w Brze\u015bciu Kujawskim. Ju\u017c wtedy przejawia\u0142 zainteresowania bibliofilskie. Po uko\u0144czeniu gimnazjum w roku 1879 wst\u0105pi\u0142 na Wydzia\u0142 Historyczno-Filologiczny Uniwersytetu Warszawskiego. Za post\u0119py w nauce w roku 1881 otrzyma\u0142 z\u0142oty medal.<\/p>\n\n\n\n<p class=\"wp-block-paragraph\">Pierwsz\u0105 opublikowan\u0105 prac\u0105 \u0141opaci\u0144skiego by\u0142a recenzja pracy prof. A. Mierzy\u0144skiego, og\u0142oszona w &#8222;Bibliotece Warszawskiej&#8221; w roku 1884. Prac\u0119 rozpocz\u0105\u0142 w gimnazjum warszawskim jako nadetatowy nauczyciel greki i \u0142aciny. <br>1 I 1884 roku rozpocz\u0105\u0142 prac\u0119 w gimnazjum lubelskim. Zapami\u0119tano go jako nauczyciela surowego, bardzo wymagaj\u0105cego wobec swych uczni\u00f3w. Serdeczny i przyjacielski stawa\u0142 si\u0119 dopiero poza szko\u0142\u0105, zw\u0142aszcza wtedy, gdy zajmowa\u0142 si\u0119 prowadzonymi przez siebie pracami badawczymi.<\/p>\n\n\n\n<figure class=\"wp-block-image\"><img data-dominant-color=\"b19d86\" data-has-transparency=\"false\" style=\"--dominant-color: #b19d86;\" decoding=\"async\" sizes=\"(max-width: 870px) 100vw, 870px\" src=\"http:\/\/wbp.lublin.pl\/wp-content\/uploads\/2009\/10\/historia_patron_gimnazjum.jpg\" alt=\"\" class=\"wp-image-76 not-transparent\" title=\"Gimnazjum M\u0119skie w Lublinie\"\/><\/figure>\n\n\n\n<figure class=\"wp-block-image\"><img data-dominant-color=\"7f6959\" data-has-transparency=\"false\" style=\"--dominant-color: #7f6959;\" decoding=\"async\" sizes=\"(max-width: 757px) 100vw, 757px\" src=\"http:\/\/wbp.lublin.pl\/wp-content\/uploads\/2009\/10\/historia_patron_zbiorowe.png\" alt=\"\" class=\"wp-image-77 not-transparent\" title=\"Nauczyciele i uczniowie Gimnazjum M\u0119skiego w Lublinie (w okr\u0119gu H. \u0141opaci\u0144ski)\"\/><\/figure>\n\n\n<div class=\"wp-block-image\">\n<figure class=\"aligncenter\"><img data-dominant-color=\"6d7085\" data-has-transparency=\"false\" style=\"--dominant-color: #6d7085;\" decoding=\"async\" sizes=\"(max-width: 363px) 100vw, 363px\" src=\"http:\/\/wbp.lublin.pl\/wp-content\/uploads\/2009\/10\/historia_patron_nauczyciel.jpg\" alt=\"\" class=\"wp-image-78 not-transparent\" title=\"Hieronim \u0141opaci\u0144ski w mundurze nauczyciela\"\/><\/figure>\n<\/div>\n\n\n<p class=\"wp-block-paragraph\">W roku 1886 , na zlecenie swego dyrektora, kt\u00f3ry dzia\u0142a\u0142 w porozumieniu z w\u0142adzami gubernialnymi i warszawskimi, zacz\u0105\u0142 wykonywa\u0107 badania i poszukiwania materia\u0142\u00f3w, maj\u0105cych wykaza\u0107 rosyjsko\u015b\u0107 Lublina i regionu. Gdy \u0141opaci\u0144ski w swoich badaniach doszed\u0142 do wniosk\u00f3w wr\u0119cz przeciwnych, zakazano mu dalszych bada\u0144 na ten temat. \u0141opaci\u0144ski zacz\u0105\u0142 jednak wyniki swoich bada\u0144, niekorzystne dla w\u0142adz zwierzchnich, publikowa\u0107 w wielu pismach pod pseudonimami. Autorstwo wykryto, przed konsekwencjami broni\u0142y \u0141opaci\u0144skiego kontakty z wieloma wybitnymi uczonymi. Pozostawa\u0142 bowiem w sta\u0142ym kontakcie z \u00f3wczesnymi s\u0142awami \u015bwiata nauki: z Aleksandrem Br\u00fccknerem, Janem Kar\u0142owiczem, Antonim Kry\u0144skim, Janem \u0141osiem.<\/p>\n\n\n\n<p class=\"wp-block-paragraph\"><img data-dominant-color=\"8a826a\" data-has-transparency=\"false\" style=\"--dominant-color: #8a826a;\" loading=\"lazy\" decoding=\"async\" class=\"wp-image-79 size-full alignnone not-transparent\" title=\"Kawiarnia A. Semadeniego - ulubione miejsce \u0141opaci\u0144skiego\" src=\"http:\/\/wbp.lublin.pl\/wp-content\/uploads\/2009\/10\/historia_patron_semadeni.jpg\" alt=\"\" width=\"653\" height=\"500\" align=\"right\">Z czasem \u0141opaci\u0144ski poczu\u0142 si\u0119 mocno zwi\u0105zany z Lublinem i Lubelszczyzn\u0105. Ceniono go jako nauczyciela. Zorganizowa\u0142 sobie w Lublinie ciekawy i bogaty warsztat naukowy, poch\u0142ania\u0142a go praca naukowa. Jego prace z dziedziny j\u0119zykoznawstwa i ludoznawstwa maj\u0105 charakter prac pionierskich. Pomimo tego, i\u017c pracowa\u0142 poza \u015brodowiskiem uniwersyteckim, jego publikacje by\u0142y oceniane bardzo wysoko. Zajmowa\u0142 si\u0119 gwarami ludowymi, zabytkami kultury ludowej, dziejami narodowymi Bia\u0142ostocczyzny, Podlasia, \u015al\u0105ska Cieszy\u0144skiego, Kaszub, Wielkopolski. Zainteresowa\u0142 si\u0119 nawet Serbami \u0142u\u017cyckimi. Wiele podr\u00f3\u017cowa\u0142, interesuj\u0105c si\u0119 w tym czasie zw\u0142aszcza archiwami, bibliotekami, zbiorami prywatnymi na odwiedzanym terenie. Jego badania by\u0142y wieloaspektowe. Obok gwary, literatury, wiedzy ludowej szeroko poj\u0119tej, interesowa\u0142 si\u0119 budownictwem, przemys\u0142em artystycznym, a tak\u017ce zwyczajami.<\/p>\n\n\n\n<p class=\"wp-block-paragraph\">Najwybitniejsze jednak dzie\u0142a pozostawi\u0142 \u0141opaci\u0144ski z dziedziny historii literatury i j\u0119zykoznawstwa. Warto wspomnie\u0107, \u017ce Hieronim \u0141opaci\u0144ski by\u0142 wieloletnim wsp\u00f3\u0142pracownikiem Komisji J\u0119zykowej Akademii Umiej\u0119tno\u015bci. Wiele publikowa\u0142, niekt\u00f3re prace \u0141opaci\u0144skiego maj\u0105 charakter odkrywczy.<\/p>\n\n\n<div class=\"wp-block-image\">\n<figure class=\"alignleft\"><img data-dominant-color=\"837b85\" data-has-transparency=\"false\" style=\"--dominant-color: #837b85;\" decoding=\"async\" sizes=\"(max-width: 324px) 100vw, 324px\" src=\"http:\/\/wbp.lublin.pl\/wp-content\/uploads\/2009\/10\/historia_patron_misjonarska.jpg\" alt=\"\" class=\"wp-image-80 not-transparent\" title=\"ul. Misjonarska - miejsce \u015bmiertelnego wypadku \u0141opaci\u0144skiego\"\/><\/figure>\n<\/div>\n\n\n<p class=\"wp-block-paragraph\">Latem roku 1906 uleg\u0142 powa\u017cnemu wypadkowi, jad\u0105c z ogl\u0119dzin pomnika poleg\u0142ych w r. 1809 u\u0142an\u00f3w ksi\u0119cia Poniatowskiego. Dzia\u0142o si\u0119 to w nocy z dnia 23 na 24 VIII 1906 roku. \u0141opaci\u0144ski zmar\u0142 25 VIII 1906 roku. Jest pochowany na cmentarzu przy ulicy Lipowej.<\/p>\n\n\n\n<p class=\"wp-block-paragraph\">Bogata spu\u015bcizna r\u0119kopi\u015bmienna &#8211; zgodnie z wol\u0105 \u0141opaci\u0144skiego &#8211; zosta\u0142a przekazana Akademii Umiej\u0119tno\u015bci w Krakowie. Ksi\u0119gozbi\u00f3r \u0141opaci\u0144skiego zosta\u0142 odkupiony od rodziny przez ukonstytuowane 27 III 1907 roku Towarzystwo Biblioteki Publicznej im. Hieronima \u0141opaci\u0144skiego, co umo\u017cliwi\u0142o utworzenie 26 V 1907 roku w Lublinie biblioteki jego imienia. Jest ni\u0105 do dzi\u015b istniej\u0105ca Wojew\u00f3dzka Biblioteka Publiczna im. Hieronima \u0141opaci\u0144skiego.<\/p>\n\n\n\n<figure class=\"wp-block-image\"><img data-dominant-color=\"b2b2b1\" data-has-transparency=\"false\" style=\"--dominant-color: #b2b2b1;\" decoding=\"async\" sizes=\"(max-width: 667px) 100vw, 667px\" src=\"http:\/\/wbp.lublin.pl\/wp-content\/uploads\/2009\/10\/historia_patron_klepsydra.jpg\" alt=\"\" class=\"wp-image-81 not-transparent\" title=\"klepsydra \u0141opaci\u0144skiego\"\/><\/figure>\n","protected":false},"excerpt":{"rendered":"","protected":false},"author":18,"featured_media":0,"parent":11580,"menu_order":11,"comment_status":"closed","ping_status":"closed","template":"template-noleft.php","meta":{"_tec_requires_first_save":true,"_crdt_document":"","pgc_sgb_lightbox_settings":"","_EventAllDay":false,"_EventTimezone":"","_EventStartDate":"","_EventEndDate":"","_EventStartDateUTC":"","_EventEndDateUTC":"","_EventShowMap":false,"_EventShowMapLink":false,"_EventURL":"","_EventCost":"","_EventCostDescription":"","_EventCurrencySymbol":"","_EventCurrencyCode":"","_EventCurrencyPosition":"","_EventDateTimeSeparator":"","_EventTimeRangeSeparator":"","_EventOrganizerID":[],"_EventVenueID":[],"_OrganizerEmail":"","_OrganizerPhone":"","_OrganizerWebsite":"","_VenueAddress":"","_VenueCity":"","_VenueCountry":"","_VenueProvince":"","_VenueState":"","_VenueZip":"","_VenuePhone":"","_VenueURL":"","_VenueStateProvince":"","_VenueLat":"","_VenueLng":"","_VenueShowMap":false,"_VenueShowMapLink":false,"_tribe_blocks_recurrence_rules":"","_tribe_blocks_recurrence_description":"","_tribe_blocks_recurrence_exclusions":"","footnotes":""},"class_list":["post-11530","page","type-page","status-publish","hentry"],"publishpress_future_action":{"enabled":false,"date":"2026-04-30 00:14:41","action":"change-status","newStatus":"draft","terms":[],"taxonomy":"","extraData":[]},"publishpress_future_workflow_manual_trigger":{"enabledWorkflows":[]},"_links":{"self":[{"href":"https:\/\/wbp.lublin.pl\/index.php\/wp-json\/wp\/v2\/pages\/11530","targetHints":{"allow":["GET"]}}],"collection":[{"href":"https:\/\/wbp.lublin.pl\/index.php\/wp-json\/wp\/v2\/pages"}],"about":[{"href":"https:\/\/wbp.lublin.pl\/index.php\/wp-json\/wp\/v2\/types\/page"}],"author":[{"embeddable":true,"href":"https:\/\/wbp.lublin.pl\/index.php\/wp-json\/wp\/v2\/users\/18"}],"replies":[{"embeddable":true,"href":"https:\/\/wbp.lublin.pl\/index.php\/wp-json\/wp\/v2\/comments?post=11530"}],"version-history":[{"count":5,"href":"https:\/\/wbp.lublin.pl\/index.php\/wp-json\/wp\/v2\/pages\/11530\/revisions"}],"predecessor-version":[{"id":47516,"href":"https:\/\/wbp.lublin.pl\/index.php\/wp-json\/wp\/v2\/pages\/11530\/revisions\/47516"}],"up":[{"embeddable":true,"href":"https:\/\/wbp.lublin.pl\/index.php\/wp-json\/wp\/v2\/pages\/11580"}],"wp:attachment":[{"href":"https:\/\/wbp.lublin.pl\/index.php\/wp-json\/wp\/v2\/media?parent=11530"}],"curies":[{"name":"wp","href":"https:\/\/api.w.org\/{rel}","templated":true}]}}