{"id":11536,"date":"2018-06-25T00:32:38","date_gmt":"2018-06-24T22:32:38","guid":{"rendered":"https:\/\/wbp.lublin.pl8\/?page_id=11536"},"modified":"2021-02-04T21:14:48","modified_gmt":"2021-02-04T20:14:48","slug":"jubileusz-110-lecia-wbp","status":"publish","type":"page","link":"https:\/\/wbp.lublin.pl\/index.php\/historia-wbp\/jubileusz-110-lecia-wbp\/","title":{"rendered":"Jubileusz 110-lecia WBP"},"content":{"rendered":"<p><!--more--><\/p>\n<p>W 2017 roku \u015bwi\u0119towali\u015bmy obchody sto dziesi\u0105tej rocznicy powstania Biblioteki Publicznej im. Hieronima \u0141opaci\u0144skiego w Lublinie.<br \/>\nPublikacje jubileuszowe Biblioteki<br \/>\n<a href=\"http:\/\/hl.wbp.lublin.pl\/wbp_archiwum\/index.php\/archiwum\/wyklady-i-konferencje\/2017\/2069-fotorelacja-z-konferencji-qna-rzecz-rozwoju-nauk-i-owiaty-spoeczne-dziaanieq.html\">Fotorelacja z konferencji &#8222;Na rzecz rozwoju nauk i o\u015bwiaty spo\u0142eczne dzia\u0142anie&#8221;<\/a><br \/>\n<a href=\"http:\/\/hl.wbp.lublin.pl\/wbp_archiwum\/index.php\/archiwum\/imprezy\/2017\/2080-fotorelacja-z-gali-jubileuszowej-z-okazji-110-lecia-wbp-w-lublinie.html\">Fotorelacja z gali jubileuszowej z okazji 110-lecia WBP w Lublinie<\/a><\/p>\n<p>Jedn\u0105 z\u00a0jubileuszowych ciekawostek by\u0142 <a href=\"http:\/\/wbp.lublin.pl\/index.php\/category\/historia-wbp\/subiektywny-datownik-historyczny\/\">Subiektywny Datownik Historyczny<\/a>, w\u00a0kt\u00f3rym zamie\u015bcili\u015bmy interesuj\u0105ce wydarzenia z\u00a0ca\u0142ego studziesi\u0119ciolecia wed\u0142ug dat dziennych. Co miesi\u0105c w 2017 r. publikowali\u015bmy kolejny odcinek.<\/p>\n<p>&nbsp;<\/p>\n","protected":false},"excerpt":{"rendered":"","protected":false},"author":18,"featured_media":0,"parent":11580,"menu_order":25,"comment_status":"closed","ping_status":"closed","template":"template-noleft.php","meta":{"_tec_requires_first_save":true,"_crdt_document":"","pgc_sgb_lightbox_settings":"","_EventAllDay":false,"_EventTimezone":"","_EventStartDate":"","_EventEndDate":"","_EventStartDateUTC":"","_EventEndDateUTC":"","_EventShowMap":false,"_EventShowMapLink":false,"_EventURL":"","_EventCost":"","_EventCostDescription":"","_EventCurrencySymbol":"","_EventCurrencyCode":"","_EventCurrencyPosition":"","_EventDateTimeSeparator":"","_EventTimeRangeSeparator":"","_EventOrganizerID":[],"_EventVenueID":[],"_OrganizerEmail":"","_OrganizerPhone":"","_OrganizerWebsite":"","_VenueAddress":"","_VenueCity":"","_VenueCountry":"","_VenueProvince":"","_VenueState":"","_VenueZip":"","_VenuePhone":"","_VenueURL":"","_VenueStateProvince":"","_VenueLat":"","_VenueLng":"","_VenueShowMap":false,"_VenueShowMapLink":false,"_tribe_blocks_recurrence_rules":"","_tribe_blocks_recurrence_description":"","_tribe_blocks_recurrence_exclusions":"","footnotes":""},"class_list":["post-11536","page","type-page","status-publish","hentry"],"publishpress_future_action":{"enabled":false,"date":"2026-04-23 01:51:54","action":"change-status","newStatus":"draft","terms":[],"taxonomy":"","extraData":[]},"publishpress_future_workflow_manual_trigger":{"enabledWorkflows":[]},"_links":{"self":[{"href":"https:\/\/wbp.lublin.pl\/index.php\/wp-json\/wp\/v2\/pages\/11536","targetHints":{"allow":["GET"]}}],"collection":[{"href":"https:\/\/wbp.lublin.pl\/index.php\/wp-json\/wp\/v2\/pages"}],"about":[{"href":"https:\/\/wbp.lublin.pl\/index.php\/wp-json\/wp\/v2\/types\/page"}],"author":[{"embeddable":true,"href":"https:\/\/wbp.lublin.pl\/index.php\/wp-json\/wp\/v2\/users\/18"}],"replies":[{"embeddable":true,"href":"https:\/\/wbp.lublin.pl\/index.php\/wp-json\/wp\/v2\/comments?post=11536"}],"version-history":[{"count":6,"href":"https:\/\/wbp.lublin.pl\/index.php\/wp-json\/wp\/v2\/pages\/11536\/revisions"}],"predecessor-version":[{"id":28178,"href":"https:\/\/wbp.lublin.pl\/index.php\/wp-json\/wp\/v2\/pages\/11536\/revisions\/28178"}],"up":[{"embeddable":true,"href":"https:\/\/wbp.lublin.pl\/index.php\/wp-json\/wp\/v2\/pages\/11580"}],"wp:attachment":[{"href":"https:\/\/wbp.lublin.pl\/index.php\/wp-json\/wp\/v2\/media?parent=11536"}],"curies":[{"name":"wp","href":"https:\/\/api.w.org\/{rel}","templated":true}]}}