{"id":11600,"date":"2018-06-26T23:17:06","date_gmt":"2018-06-26T21:17:06","guid":{"rendered":"https:\/\/wbp.lublin.pl8\/?page_id=11600"},"modified":"2026-03-24T09:11:39","modified_gmt":"2026-03-24T08:11:39","slug":"pracownia-ksero","status":"publish","type":"page","link":"https:\/\/wbp.lublin.pl\/index.php\/pracownia-ksero\/","title":{"rendered":"Cennik us\u0142ug \/ Ksero"},"content":{"rendered":"\n<p class=\"wp-block-paragraph\"><strong>LOKALIZACJA<\/strong>:<br>\nParter &#8211; Dzia\u0142 Organizacji<\/p>\n\n\n\n<p class=\"wp-block-paragraph\"><strong>TEL.:<\/strong><br>\n<a href=\"tel:815287411\">81-528-74-11<\/a><\/p>\n\n\n\n<p class=\"wp-block-paragraph\"><strong>ZASADY KSEROWANIA KSI\u0104\u017bEK:<\/strong><\/p>\n\n\n\n<p class=\"wp-block-paragraph\">&#8211; Ksi\u0105\u017ck\u0119 wraz z&nbsp;czytelnie i&nbsp;prawid\u0142owo wype\u0142nionym zam\u00f3wieniem <strong>zostawia si\u0119 u dy\u017curuj\u0105cego bibliotekarza<\/strong> danej czytelni lub agendy.<\/p>\n\n\n\n<p class=\"wp-block-paragraph\"><strong>&#8211; <\/strong>Ksi\u0105\u017cki do kserowania przenoszone s\u0105 <strong>wy\u0142\u0105cznie przez pracownik\u00f3w WBP<\/strong>.<\/p>\n\n\n\n<p class=\"wp-block-paragraph\">&#8211; Kserokopie wykonuje si\u0119 z&nbsp;materia\u0142\u00f3w bibliotecznych wydanych po 1950 roku, o&nbsp;ile pozwala na to ich stan techniczny. Decyzj\u0119 w&nbsp;tej sprawie podejmuje dy\u017curuj\u0105cy bibliotekarz. Materia\u0142y biblioteczne wydane przed rokiem 1950 mog\u0105 by\u0107 wy\u0142\u0105cznie skanowane lub fotografowane. Zbiory specjalne mog\u0105 by\u0107 wy\u0142\u0105cznie skanowane lub fotografowane po uprzednim uzyskaniu pisemnej zgody Dyrektora. &#8211; Czasopisma powy\u017cej formatu A4 mog\u0105 by\u0107 tylko fotografowane.<\/p>\n\n\n\n<p class=\"has-text-align-center wp-block-paragraph\"><strong>CENNIK US\u0141UG REPROGRAFICZNYCH W WOJEW\u00d3DZKIEJ BIBLIOTECE PUBLICZNEJ IM. HIERONIMA \u0141OPACI\u0143SKIEGO W LUBLINIE<\/strong><\/p>\n\n\n\n<p class=\"wp-block-paragraph\"><strong>Kserokopie zbior\u00f3w WBP w Lublinie<\/strong><br><\/p>\n\n\n\n<ul class=\"wp-block-list\">\n<li>A4 jednostronnie czarno-bia\u0142e 40 gr<\/li>\n\n\n\n<li>A4 jednostronnie kolor 60 gr<\/li>\n\n\n\n<li>A3 jednostronnie czarno &#8211; bia\u0142e 80 gr<\/li>\n\n\n\n<li>A3 jednostronnie kolor 1,20 z\u0142<\/li>\n<\/ul>\n\n\n\n<p class=\"wp-block-paragraph\"><strong>Kserokopie materia\u0142\u00f3w innych ni\u017c ze zbior\u00f3w WBP w Lublinie<\/strong><\/p>\n\n\n\n<ul class=\"wp-block-list\">\n<li>A4 jednostronnie czarno-bia\u0142e 50 gr<\/li>\n\n\n\n<li>A4 jednostronnie kolor 70 gr<\/li>\n\n\n\n<li>A3 jednostronnie czarno &#8211; bia\u0142e 1 z\u0142<\/li>\n\n\n\n<li>A3 jednostronnie kolor 1,40 z\u0142<\/li>\n<\/ul>\n\n\n\n<p class=\"wp-block-paragraph\"><strong>Skanowanie zbior\u00f3w WBP w Lublinie<\/strong><\/p>\n\n\n\n<ul class=\"wp-block-list\">\n<li>Skanowanie materia\u0142\u00f3w bibliotecznych wydanych po 1801 r. 2,00 z\u0142\/skan<\/li>\n\n\n\n<li>Skanowanie\/fotografowanie zbior\u00f3w specjalnych 4,00 z\u0142\/skan-zdj\u0119cie<\/li>\n\n\n\n<li>Skanowanie z mikrofilmu 1,50 z\u0142\/skan<\/li>\n\n\n\n<li>Skanowanie z mikrofilmu + wydruk 2,00 z\u0142\/skan<\/li>\n<\/ul>\n\n\n\n<p class=\"wp-block-paragraph\"><strong>Skanowanie materia\u0142\u00f3w innych ni\u017c ze zbior\u00f3w WBP w Lublinie<\/strong><\/p>\n\n\n\n<ul class=\"wp-block-list\">\n<li>Skanowanie materia\u0142\u00f3w bibliotecznych wydanych po 1801 r. 3,00 z\u0142\/skan<\/li>\n\n\n\n<li>Skanowanie\/fotografowanie zbior\u00f3w specjalnych 5,00 z\u0142\/skan-zdj\u0119cie<\/li>\n\n\n\n<li>Skanowanie z mikrofilmu 2,50 z\u0142\/skan<\/li>\n\n\n\n<li>Skanowanie z mikrofilmu + wydruk 3,00 z\u0142\/skan<\/li>\n<\/ul>\n\n\n\n<p class=\"wp-block-paragraph\"><strong>Drukowanie<\/strong><br><\/p>\n\n\n\n<ul class=\"wp-block-list\">\n<li>A4 jednostronnie czarno-bia\u0142e 40 gr<\/li>\n\n\n\n<li>A4 jednostronnie kolor 50 gr<\/li>\n\n\n\n<li>A3 jednostronnie czarno &#8211; bia\u0142e 60 gr<\/li>\n\n\n\n<li>A3 jednostronnie kolor 70 gr<\/li>\n<\/ul>\n\n\n\n<p class=\"wp-block-paragraph\"><strong>Bindowanie<\/strong><\/p>\n\n\n\n<ul class=\"wp-block-list\">\n<li>Bindowanie (do 15 stron) 1 z\u0142<\/li>\n\n\n\n<li>Bindowanie (powy\u017cej 15 stron) 2 z\u0142 (w cen\u0119 wliczony jest grzbiet+ ok\u0142adki)<\/li>\n<\/ul>\n\n\n\n<p class=\"wp-block-paragraph\">Dla us\u0142ug z materia\u0142\u00f3w innych ni\u017c ze zbior\u00f3w WBP doliczany jest podatek VAT 23%.<br>Podane ceny s\u0105 cenami brutto.<\/p>\n\n\n\n<div class=\"wp-block-file aligncenter\"><a id=\"wp-block-file--media-c75ffb09-24d5-4265-bef6-6f2ec4188504\" href=\"https:\/\/wbp.lublin.pl\/wp-content\/uploads\/2026\/03\/Zarzadzenie-Nr-2-Cennik-uslug-reprograficznych.pdf\">Zarz\u0105dzenie Nr 2 Cennik us\u0142ug reprograficznych [PDF]<\/a><a href=\"https:\/\/wbp.lublin.pl\/wp-content\/uploads\/2026\/03\/Zarzadzenie-Nr-2-Cennik-uslug-reprograficznych.pdf\" class=\"wp-block-file__button wp-element-button\" download aria-describedby=\"wp-block-file--media-c75ffb09-24d5-4265-bef6-6f2ec4188504\">Pobierz<\/a><\/div>\n\n\n\n<p class=\"wp-block-paragraph\"><\/p>\n","protected":false},"excerpt":{"rendered":"<p>LOKALIZACJA: Parter &#8211; Dzia\u0142 Organizacji TEL.: 81-528-74-11 ZASADY KSEROWANIA KSI\u0104\u017bEK: &#8211; Ksi\u0105\u017ck\u0119 wraz z&nbsp;czytelnie i&nbsp;prawid\u0142owo wype\u0142nionym zam\u00f3wieniem zostawia si\u0119 u dy\u017curuj\u0105cego bibliotekarza danej czytelni lub agendy. &#8211; Ksi\u0105\u017cki do kserowania [&hellip;]<\/p>\n","protected":false},"author":18,"featured_media":0,"parent":0,"menu_order":30,"comment_status":"closed","ping_status":"closed","template":"template-fullwidth.php","meta":{"_tec_requires_first_save":true,"_crdt_document":"","pgc_sgb_lightbox_settings":"","_EventAllDay":false,"_EventTimezone":"","_EventStartDate":"","_EventEndDate":"","_EventStartDateUTC":"","_EventEndDateUTC":"","_EventShowMap":false,"_EventShowMapLink":false,"_EventURL":"","_EventCost":"","_EventCostDescription":"","_EventCurrencySymbol":"","_EventCurrencyCode":"","_EventCurrencyPosition":"","_EventDateTimeSeparator":"","_EventTimeRangeSeparator":"","_EventOrganizerID":[],"_EventVenueID":[],"_OrganizerEmail":"","_OrganizerPhone":"","_OrganizerWebsite":"","_VenueAddress":"","_VenueCity":"","_VenueCountry":"","_VenueProvince":"","_VenueState":"","_VenueZip":"","_VenuePhone":"","_VenueURL":"","_VenueStateProvince":"","_VenueLat":"","_VenueLng":"","_VenueShowMap":false,"_VenueShowMapLink":false,"_tribe_blocks_recurrence_rules":"","_tribe_blocks_recurrence_description":"","_tribe_blocks_recurrence_exclusions":"","footnotes":""},"class_list":["post-11600","page","type-page","status-publish","hentry"],"publishpress_future_action":{"enabled":false,"date":"2026-04-11 13:15:21","action":"change-status","newStatus":"draft","terms":[],"taxonomy":"","extraData":[]},"publishpress_future_workflow_manual_trigger":{"enabledWorkflows":[]},"_links":{"self":[{"href":"https:\/\/wbp.lublin.pl\/index.php\/wp-json\/wp\/v2\/pages\/11600","targetHints":{"allow":["GET"]}}],"collection":[{"href":"https:\/\/wbp.lublin.pl\/index.php\/wp-json\/wp\/v2\/pages"}],"about":[{"href":"https:\/\/wbp.lublin.pl\/index.php\/wp-json\/wp\/v2\/types\/page"}],"author":[{"embeddable":true,"href":"https:\/\/wbp.lublin.pl\/index.php\/wp-json\/wp\/v2\/users\/18"}],"replies":[{"embeddable":true,"href":"https:\/\/wbp.lublin.pl\/index.php\/wp-json\/wp\/v2\/comments?post=11600"}],"version-history":[{"count":16,"href":"https:\/\/wbp.lublin.pl\/index.php\/wp-json\/wp\/v2\/pages\/11600\/revisions"}],"predecessor-version":[{"id":80930,"href":"https:\/\/wbp.lublin.pl\/index.php\/wp-json\/wp\/v2\/pages\/11600\/revisions\/80930"}],"wp:attachment":[{"href":"https:\/\/wbp.lublin.pl\/index.php\/wp-json\/wp\/v2\/media?parent=11600"}],"curies":[{"name":"wp","href":"https:\/\/api.w.org\/{rel}","templated":true}]}}