{"id":15293,"date":"2018-07-06T13:17:26","date_gmt":"2018-07-06T11:17:26","guid":{"rendered":"https:\/\/wbp.lublin.pl8\/?page_id=15293"},"modified":"2024-05-06T11:10:43","modified_gmt":"2024-05-06T09:10:43","slug":"informacja-o-przetwarzaniu-danych-osobowych-odbiorcow-uslug-biblioteki","status":"publish","type":"page","link":"https:\/\/wbp.lublin.pl\/index.php\/inspektor-ochrony-danych-osobowych\/informacja-o-przetwarzaniu-danych-osobowych-odbiorcow-uslug-biblioteki\/","title":{"rendered":"Informacja o przetwarzaniu danych osobowych odbiorc\u00f3w us\u0142ug biblioteki"},"content":{"rendered":"<p><!--more--><\/p>\n<p><span style=\"font-weight: 400;\">Administratorem Pa\u0144stwa danych osobowych jest Wojew\u00f3dzka Biblioteka Publiczna <\/span><span style=\"font-weight: 400;\">im. Hieronima \u0141opaci\u0144skiego w Lublinie przy ul. Narutowicza 4, 20-950 Lublin, zwana dalej Bibliotek\u0105 lub Administratorem. <\/span><\/p>\n<p><span style=\"font-weight: 400;\">Pytania dotycz\u0105ce sposobu i zakresu przetwarzania danych osobowych w Bibliotece, nale\u017cy kierowa\u0107 do ustanowionego Inspektora Ochrony Danych Osobowych za pomoc\u0105 adresu: <\/span><b>iodo@wbp.lublin.pl<\/b><\/p>\n<p><span style=\"font-weight: 400;\">Biblioteka przetwarza dane osobowe w nast\u0119puj\u0105cych celach:<\/span><\/p>\n<p><b>CZYTELNICY: <\/b><\/p>\n<p><span style=\"font-weight: 400;\">Umo\u017cliwienie korzystania z zasob\u00f3w bibliotecznych (udost\u0119pnianie zbior\u00f3w bibliotecznych <\/span><span style=\"font-weight: 400;\">i kontrola ich zwrot\u00f3w, w tym wysy\u0142anie przypomnie\u0144 o zwrocie wypo\u017cyczonych zbior\u00f3w lub\/i dochodzenie roszcze\u0144 z tego tytu\u0142u), umo\u017cliwienie dost\u0119pu do elektronicznego konta czytelniczego, udost\u0119pnianie Internetu, umo\u017cliwienie skorzystania z innych us\u0142ug Biblioteki, realizowanie obowi\u0105zk\u00f3w statystycznych. <\/span><\/p>\n<p><b>UCZESTNICY KONKURS\u00d3W: <\/b><\/p>\n<p><span style=\"font-weight: 400;\">Umo\u017cliwienia uczestnictwa w konkursach organizowanych przez Bibliotek\u0119. <\/span><\/p>\n<p><b>UCZESTNICY WYDARZE\u0143 KULTURALNYCH:<\/b><\/p>\n<p><span style=\"font-weight: 400;\">Umo\u017cliwienie uczestnictwa w wydarzeniach organizowanych przez Bibliotek\u0119 (warsztatach, spotkaniach autorskich, konferencjach). <\/span><\/p>\n<p><b>NADAWCY KORESPONDENCJI:<\/b><\/p>\n<p><span style=\"font-weight: 400;\">Nawi\u0105zanie kontaktu z Bibliotek\u0105 i za\u0142atwienie sprawy. <\/span><\/p>\n<p><span style=\"font-weight: 400;\">Przetwarzanie Pa\u0144stwa danych realizowane jest zgodnie z obowi\u0105zuj\u0105cymi przepisami prawnymi z zakresu ochrony danych osobowych. Biblioteka przetwarza Pa\u0144stwa dane osobowe na podstawie:<br \/>\n<\/span><b>&#8211; art. 6 ust.1 lit c) RODO<\/b><span style=\"font-weight: 400;\"> &#8211; realizacja uprawnienia lub spe\u0142nienia obowi\u0105zku prawnego wynikaj\u0105cego z przepis\u00f3w prawa,<br \/>\n<\/span><span style=\"font-weight: 400;\">&#8211; <\/span><b>art. 6 ust. 1 lit. e) RODO<\/b><span style=\"font-weight: 400;\"> &#8211; przetwarzanie jest niezb\u0119dne do wykonywania zada\u0144 realizowanych w interesie publicznym.<\/span><\/p>\n<p><span style=\"font-weight: 400;\">W\/w obowi\u0105zki wynikaj\u0105 w szczeg\u00f3lno\u015bci z przepis\u00f3w ustawy o bibliotekach, organizowaniu\u00a0<\/span><span style=\"font-weight: 400;\">i prowadzeniu dzia\u0142alno\u015bci kulturalnej, statystyce publicznej. <\/span><\/p>\n<p><span style=\"font-weight: 400;\">Podanie danych osobowych jest dobrowolne, jednak\u017ce niezb\u0119dne do zrealizowania <\/span><span style=\"font-weight: 400;\">w\/w zada\u0144 i cel\u00f3w. <\/span><\/p>\n<p><span style=\"font-weight: 400;\">Wym\u00f3g podania przez Czytelnika numeru PESEL wynika z na\u0142o\u017conego na Bibliotek\u0119 zadania okre\u015blonego w art. 4 ust. 1 pkt.1 w zw. z art. 14 ust.2 pkt. 5 ustawy o bibliotekach, tj. o<\/span>bowi\u0105zku ochrony materia\u0142\u00f3w bibliotecznych. Do skutecznego odzyskania materia\u0142\u00f3w bibliotecznych lub ich r\u00f3wnowarto\u015bci niezb\u0119dna jest identyfikacja za pomoc\u0105 numeru PESEL.<\/p>\n<p><span style=\"font-weight: 400;\">Pa\u0144stwa dane osobowe mog\u0105 by\u0107 przetwarzane dla cel\u00f3w statystycznych.<\/span> <span style=\"font-weight: 400;\">Administrator udost\u0119pnia do G\u0142\u00f3wnego Urz\u0119du Statystycznego wy\u0142\u0105cznie dane liczbowe. <\/span><\/p>\n<p><span style=\"font-weight: 400;\">Dane osobowe przetwarzane s\u0105 w Bibliotece z zachowaniem odpowiednich \u015brodk\u00f3w bezpiecze\u0144stwa, spe\u0142niaj\u0105cych wymagania przepis\u00f3w prawa.<\/span><\/p>\n<p><span style=\"font-weight: 400;\">Przetwarzane dane nie s\u0105 przekazywane do pa\u0144stw spoza Europejskiego Obszaru Gospodarczego lub instytucji mi\u0119dzynarodowych, ani przetwarzane w innym celu, ni\u017c cel <\/span><span style=\"font-weight: 400;\">w kt\u00f3rym dane osobowe zosta\u0142y zebrane.<\/span><\/p>\n<p><span style=\"font-weight: 400;\">Decyzje dotycz\u0105ce Pa\u0144stwa danych osobowych nie b\u0119d\u0105 podejmowane w spos\u00f3b zautomatyzowany.<\/span><\/p>\n<p><span style=\"font-weight: 400;\">Pa\u0144stwa dane mog\u0105 by\u0107 udost\u0119pniane podmiotom upowa\u017cnionym na mocy przepis\u00f3w prawa oraz podmiotom, kt\u00f3rym przekazanie danych jest uzasadnione dla wykonania statutowych cel\u00f3w Administratora np. us\u0142ugi informatyczne, porz\u0105dkowania, archiwizowania i niszczenia dokument\u00f3w.<\/span><\/p>\n<p><span style=\"font-weight: 400;\">Pa\u0144stwa dane osobowe b\u0119d\u0105 przechowywane przez okres niezb\u0119dny do \u015bwiadczenia us\u0142ugi oraz przez 3 lata od rezygnacji z us\u0142ug bibliotecznych, w celu zabezpieczenia ewentualnych roszcze\u0144.<\/span><\/p>\n<p><span style=\"font-weight: 400;\">Maja Pa\u0144stwo prawo dost\u0119pu do swoich danych, w tym uzyskania informacji <\/span><span style=\"font-weight: 400;\">o zakresie przetwarzanych przez Bibliotek\u0119 danych oraz uzyskania kopii tych danych, sprostowania swoich danych, ograniczenia przetwarzania swoich danych, usuni\u0119cia swoich danych (\u201eprawo do bycia zapomnianym\u201d), niepodlegania automatycznym decyzjom opartym na profilowaniu, wniesienia sprzeciwu wobec niew\u0142a\u015bciwego przetwarzania danych osobowych, przeniesienia danych do innego Administratora, wniesienia skargi do organu nadzorczego &#8211; Prezes Urz\u0119du Ochrony Danych Osobowych (w przypadku uznania, i\u017c przetwarzanie Pa\u0144stwa danych osobowych narusza przepisy Rozporz\u0105dzenia). <\/span><\/p>\n<p><span style=\"font-weight: 400;\">W\/w uprawnienia mog\u0105 by\u0107 zrealizowane z zastrze\u017ceniem art. 16, art.17, art.18, art. 20 RODO.<\/span><\/p>\n<p><span style=\"font-weight: 400;\">Jednak\u017ce przed podj\u0119ciem powy\u017cszych decyzji zach\u0119camy do wcze\u015bniejszego kontaktu <\/span><span style=\"font-weight: 400;\">z Inspektorem Ochrony Danych na adres poczty elektronicznej:<\/span><b>iodo@wbp.lublin.pl<\/b><\/p>\n","protected":false},"excerpt":{"rendered":"","protected":false},"author":18,"featured_media":0,"parent":11572,"menu_order":23,"comment_status":"closed","ping_status":"closed","template":"template-fullwidth.php","meta":{"_tec_requires_first_save":true,"_crdt_document":"","pgc_sgb_lightbox_settings":"","_EventAllDay":false,"_EventTimezone":"","_EventStartDate":"","_EventEndDate":"","_EventStartDateUTC":"","_EventEndDateUTC":"","_EventShowMap":false,"_EventShowMapLink":false,"_EventURL":"","_EventCost":"","_EventCostDescription":"","_EventCurrencySymbol":"","_EventCurrencyCode":"","_EventCurrencyPosition":"","_EventDateTimeSeparator":"","_EventTimeRangeSeparator":"","_EventOrganizerID":[],"_EventVenueID":[],"_OrganizerEmail":"","_OrganizerPhone":"","_OrganizerWebsite":"","_VenueAddress":"","_VenueCity":"","_VenueCountry":"","_VenueProvince":"","_VenueState":"","_VenueZip":"","_VenuePhone":"","_VenueURL":"","_VenueStateProvince":"","_VenueLat":"","_VenueLng":"","_VenueShowMap":false,"_VenueShowMapLink":false,"_tribe_blocks_recurrence_rules":"","_tribe_blocks_recurrence_description":"","_tribe_blocks_recurrence_exclusions":"","footnotes":""},"class_list":["post-15293","page","type-page","status-publish","hentry"],"publishpress_future_action":{"enabled":false,"date":"2026-04-16 13:19:50","action":"change-status","newStatus":"draft","terms":[],"taxonomy":"","extraData":[]},"publishpress_future_workflow_manual_trigger":{"enabledWorkflows":[]},"_links":{"self":[{"href":"https:\/\/wbp.lublin.pl\/index.php\/wp-json\/wp\/v2\/pages\/15293","targetHints":{"allow":["GET"]}}],"collection":[{"href":"https:\/\/wbp.lublin.pl\/index.php\/wp-json\/wp\/v2\/pages"}],"about":[{"href":"https:\/\/wbp.lublin.pl\/index.php\/wp-json\/wp\/v2\/types\/page"}],"author":[{"embeddable":true,"href":"https:\/\/wbp.lublin.pl\/index.php\/wp-json\/wp\/v2\/users\/18"}],"replies":[{"embeddable":true,"href":"https:\/\/wbp.lublin.pl\/index.php\/wp-json\/wp\/v2\/comments?post=15293"}],"version-history":[{"count":5,"href":"https:\/\/wbp.lublin.pl\/index.php\/wp-json\/wp\/v2\/pages\/15293\/revisions"}],"predecessor-version":[{"id":57472,"href":"https:\/\/wbp.lublin.pl\/index.php\/wp-json\/wp\/v2\/pages\/15293\/revisions\/57472"}],"up":[{"embeddable":true,"href":"https:\/\/wbp.lublin.pl\/index.php\/wp-json\/wp\/v2\/pages\/11572"}],"wp:attachment":[{"href":"https:\/\/wbp.lublin.pl\/index.php\/wp-json\/wp\/v2\/media?parent=15293"}],"curies":[{"name":"wp","href":"https:\/\/api.w.org\/{rel}","templated":true}]}}