{"id":15487,"date":"2018-07-15T19:19:57","date_gmt":"2018-07-15T17:19:57","guid":{"rendered":"https:\/\/wbp.lublin.pl8\/?page_id=15487"},"modified":"2026-02-04T09:23:49","modified_gmt":"2026-02-04T08:23:49","slug":"stowarzyszenie-bibliotekarzy-polskich","status":"publish","type":"page","link":"https:\/\/wbp.lublin.pl\/index.php\/instytucje-wspolpracujace\/stowarzyszenie-bibliotekarzy-polskich\/","title":{"rendered":"Stowarzyszenie Bibliotekarzy Polskich"},"content":{"rendered":"<p><!--more--><\/p>\n<p><strong>Stowarzyszenie Bibliotekarzy Polskich<\/strong> jest jedn\u0105 z najstarszych i najwi\u0119kszych og\u00f3lnopolskich organizacji pozarz\u0105dowych w Polsce. Zrzesza ponad 8 tys. cz\u0142onk\u00f3w reprezentuj\u0105cych wszystkie rodzaje bibliotek. Najwi\u0119cej, bo 70% pracuje w bibliotekach publicznych, za\u015b ok. 9% \u2013 w bibliotekach naukowych. Zasi\u0119giem obejmuje ca\u0142y kraj. W 16 okr\u0119gach dzia\u0142a 280 k\u00f3\u0142 zgrupowanych w 55 oddzia\u0142ach.<\/p>\n<p>Okr\u0119g Lubelski SBP skupia w 5 Oddzia\u0142ach \u2013 Bia\u0142a Podlaska, Che\u0142m, Lublin, W\u0142odawa, Zamo\u015b\u0107 \u2013 ponad 500 cz\u0142onk\u00f3w zwi\u0105zanych z bibliotekarstwem i informacj\u0105 naukow\u0105 ze wszystkich typ\u00f3w bibliotek. SBP jest partnerem instytucji samorz\u0105dowych oraz organizacji pozarz\u0105dowych w tworzeniu spo\u0142ecze\u0144stwa wiedzy, jako organizacja zawodowa jest przestrzeni\u0105 do dyskusji nad stanem czytelnictwa w Polsce.<\/p>\n<p>Historia powstania SBP si\u0119ga roku 1917, kiedy to w Warszawie powsta\u0142 Zwi\u0105zek Bibliotekarzy Polskich. Idea zrzeszania si\u0119 bibliotekarzy rozprzestrzenia\u0142a si\u0119 na ca\u0142\u0105 Polsk\u0119, w kolejnych miastach powstawa\u0142y ko\u0142a ZBP. 18 lutego 1935 r. z inicjatywy kierownik\u00f3w wi\u0119kszych bibliotek miasta Lublina, a szczeg\u00f3lnie kierownika Centralnej Biblioteki Pedagogicznej Kuratorium O.S.L. powsta\u0142o ko\u0142o ZBP w Lublinie. Pierwszy zarz\u0105d Ko\u0142a stanowili: Emilia Markiewicz-Bia\u0142kowska (kierownik Centralnej Biblioteki Pedagogicznej Kuratorium O.S.L.) \u2013 przewodnicz\u0105ca oraz Kazimiera Gawarecka (kierownik Biblioteki im. H. \u0141opaci\u0144skiego, Jan Gda\u0144ski (kierownik Biblioteki Wojskowej), Feliks Araszkiewicz (wizytator szk\u00f3\u0142 Kuratorium O.S.L.), Kazimiera Gajewska (nauczycielka). Zamys\u0142em \u00f3wczesnych za\u0142o\u017cycieli by\u0142o zgromadzenie rozproszonych w mie\u015bcie i w wojew\u00f3dztwie bibliotekarzy, pog\u0142\u0119bianie zami\u0142owania do pracy z ksi\u0105\u017ck\u0105 i obrony interes\u00f3w zawodowych. Ko\u0142o dzia\u0142a\u0142o do wybuchu II wojny \u015bwiatowej. Po wojnie ko\u0142o wznowi\u0142o swoj\u0105 dzia\u0142alno\u015b\u0107 w 1947 roku, ale ju\u017c, jako Lubelskie Ko\u0142o Zwi\u0105zku Bibliotekarzy i Archiwist\u00f3w Polskich, przewodnicz\u0105cym zosta\u0142 prof. Andrzej Wojtkowski, a jego zast\u0119pc\u0105 prof. Leon Bia\u0142kowski (dyrektor Wojew\u00f3dzkiego Archiwum Pa\u0144stwowego).<\/p>\n<p>W 1951 roku od\u0142\u0105czyli si\u0119 archiwi\u015bci. W 1953 roku nast\u0105pi\u0142a reorganizacja Zwi\u0105zku, powsta\u0142o samodzielne Stowarzyszenie Bibliotekarzy Polskich oparte o nowy statut. Powo\u0142ano Okr\u0119g Lubelski SBP. Zarz\u0105d Okr\u0119gu tworzyli przedstawiciele lubelskich bibliotek. Od roku 1955 sekretariat i o\u015brodek prac stowarzyszeniowych mie\u015bci si\u0119 w Bibliotece im. H. \u0141opaci\u0144skiego przy ul. Narutowicza 4. W kolejnych latach Stowarzyszenie ulega\u0142o dalszym zmianom organizacyjnym. Niemniej jednak g\u0142\u00f3wne cele dzia\u0142alno\u015bci pozosta\u0142y te same, nadal skupiano si\u0119 na pracy na rzecz rozwoju bibliotekarstwa, integracji \u015brodowiska i kreowaniu pozytywnego wizerunku bibliotek i zawodu bibliotekarza oraz na promocji czytelnictwa.<\/p>\n<p>Od 2010 roku Okr\u0119g Lubelski Stowarzyszenia Bibliotekarzy Polskich realizuje konkurs Lubelski Bibliotekarz Roku, kt\u00f3ry jest wojew\u00f3dzkim etapem og\u00f3lnopolskiego konkursu na najlepszego bibliotekarza w kraju, a tym samym promuje biblioteki i bibliotekarzy z Lubelszczyzny. Wsp\u00f3\u0142organizuje i promuje w wojew\u00f3dztwie r\u00f3\u017cnorodne przedsi\u0119wzi\u0119cia organizowane przez Wojew\u00f3dzk\u0105 Bibliotek\u0119 Publiczn\u0105 im. H. \u0141opaci\u0144skiego w Lublinie, jak np. Nagrod\u0119 im. Anny Platto, przyznawan\u0105 od 1995 roku bibliotekarzom bibliotek publicznych wojew\u00f3dztwa lubelskiego; Lubelskie Forum Bibliotekarzy, literackie konkursy prasowo-czytelnicze, a tak\u017ce wsp\u00f3\u0142finansuje nagrody w tych konkursach; Lubelskie Targi Ksi\u0105\u017cki. Bardzo wa\u017cnym elementem dzia\u0142alno\u015bci Stowarzyszenia jest integracja \u015brodowiska bibliotekarskiego, tak w wymiarze ludycznym jak i naukowym. Organizowane s\u0105 wyk\u0142ady, konferencje, prelekcje, spotkania, wyjazdy krajowe i zagraniczne, a tak\u017ce imprezy integracyjne.<\/p>\n<p>Stowarzyszenie Bibliotekarzy Polskich stara si\u0119 aktywnie lobbowa\u0107 na rzecz \u015brodowiska bibliotekarskiego w\u015br\u00f3d os\u00f3b maj\u0105cych wp\u0142yw na stanowione prawo. Opiniuje akty normatywne dotycz\u0105ce bibliotek, sytuacji zawodowej ich pracownik\u00f3w, a tak\u017ce inne dokumenty maj\u0105ce wp\u0142yw na ich dzia\u0142alno\u015b\u0107.<\/p>\n","protected":false},"excerpt":{"rendered":"","protected":false},"author":18,"featured_media":0,"parent":11538,"menu_order":12,"comment_status":"closed","ping_status":"closed","template":"template-noleft.php","meta":{"_tec_requires_first_save":true,"_crdt_document":"","pgc_sgb_lightbox_settings":"","_EventAllDay":false,"_EventTimezone":"","_EventStartDate":"","_EventEndDate":"","_EventStartDateUTC":"","_EventEndDateUTC":"","_EventShowMap":false,"_EventShowMapLink":false,"_EventURL":"","_EventCost":"","_EventCostDescription":"","_EventCurrencySymbol":"","_EventCurrencyCode":"","_EventCurrencyPosition":"","_EventDateTimeSeparator":"","_EventTimeRangeSeparator":"","_EventOrganizerID":[],"_EventVenueID":[],"_OrganizerEmail":"","_OrganizerPhone":"","_OrganizerWebsite":"","_VenueAddress":"","_VenueCity":"","_VenueCountry":"","_VenueProvince":"","_VenueState":"","_VenueZip":"","_VenuePhone":"","_VenueURL":"","_VenueStateProvince":"","_VenueLat":"","_VenueLng":"","_VenueShowMap":false,"_VenueShowMapLink":false,"_tribe_blocks_recurrence_rules":"","_tribe_blocks_recurrence_description":"","_tribe_blocks_recurrence_exclusions":"","footnotes":""},"class_list":["post-15487","page","type-page","status-publish","hentry"],"publishpress_future_action":{"enabled":false,"date":"2026-05-09 17:15:29","action":"change-status","newStatus":"draft","terms":[],"taxonomy":"","extraData":[]},"publishpress_future_workflow_manual_trigger":{"enabledWorkflows":[]},"_links":{"self":[{"href":"https:\/\/wbp.lublin.pl\/index.php\/wp-json\/wp\/v2\/pages\/15487","targetHints":{"allow":["GET"]}}],"collection":[{"href":"https:\/\/wbp.lublin.pl\/index.php\/wp-json\/wp\/v2\/pages"}],"about":[{"href":"https:\/\/wbp.lublin.pl\/index.php\/wp-json\/wp\/v2\/types\/page"}],"author":[{"embeddable":true,"href":"https:\/\/wbp.lublin.pl\/index.php\/wp-json\/wp\/v2\/users\/18"}],"replies":[{"embeddable":true,"href":"https:\/\/wbp.lublin.pl\/index.php\/wp-json\/wp\/v2\/comments?post=15487"}],"version-history":[{"count":1,"href":"https:\/\/wbp.lublin.pl\/index.php\/wp-json\/wp\/v2\/pages\/15487\/revisions"}],"predecessor-version":[{"id":15488,"href":"https:\/\/wbp.lublin.pl\/index.php\/wp-json\/wp\/v2\/pages\/15487\/revisions\/15488"}],"up":[{"embeddable":true,"href":"https:\/\/wbp.lublin.pl\/index.php\/wp-json\/wp\/v2\/pages\/11538"}],"wp:attachment":[{"href":"https:\/\/wbp.lublin.pl\/index.php\/wp-json\/wp\/v2\/media?parent=15487"}],"curies":[{"name":"wp","href":"https:\/\/api.w.org\/{rel}","templated":true}]}}