{"id":26838,"date":"2020-10-14T11:30:49","date_gmt":"2020-10-14T09:30:49","guid":{"rendered":"https:\/\/wbp.lublin.pl\/?page_id=26838"},"modified":"2023-10-20T11:36:54","modified_gmt":"2023-10-20T09:36:54","slug":"dostepnosc-cyfrowa","status":"publish","type":"page","link":"https:\/\/wbp.lublin.pl\/index.php\/dostepnosc-cyfrowa\/","title":{"rendered":"Deklaracja Dost\u0119pno\u015bci"},"content":{"rendered":"\n<h1 class=\"wp-block-heading\" id=\"dostepnosc-cyfrowa\">Dost\u0119pno\u015b\u0107 Cyfrowa<\/h1>\n\n\n\n<p class=\"has-text-align-left wp-block-paragraph\"><span id=\"\u201ea11y-podmiot\u201d\"> <strong>Wojew\u00f3dzka Biblioteka Publiczna im. Hieronima \u0141opaci\u0144skiego w Lublinie<\/strong> <\/span> zobowi\u0105zuje si\u0119 zapewni\u0107 dost\u0119pno\u015b\u0107 swojej strony internetowej zgodnie z przepisami ustawy z dnia 4 kwietnia 2019 r. o dost\u0119pno\u015bci cyfrowej stron internetowych i aplikacji mobilnych podmiot\u00f3w publicznych. O\u015bwiadczenie w sprawie dost\u0119pno\u015bci ma zastosowanie do strony internetowej <a rel=\"noreferrer noopener\" href=\"http:\/\/www.wbp.lublin.pl\" data-type=\"URL\" data-id=\"www.wbp.lublin.pl\" target=\"_blank\">Wojew\u00f3dzkiej Biblioteki Publicznej im. Hieronima \u0141opaci\u0144skiego w Lublinie<\/a><\/p>\n\n\n\n<p class=\"wp-block-paragraph\">Data publikacji strony internetowej: <span id=\"\u201da11y-data-publikacja\u201d\">2018-12-15<\/span><\/p>\n\n\n\n<p class=\"wp-block-paragraph\">Data ostatniej istotnej aktualizacji: <span id=\"\u201da11y-data-aktualizacja\u201d\">2023-10-20<\/span><\/p>\n\n\n\n<p class=\"wp-block-paragraph\">Strona internetowa jest cz\u0119\u015bciowo zgodna z&nbsp;ustaw\u0105 z&nbsp;dnia 4 kwietnia 2019 r. o&nbsp;dost\u0119pno\u015bci cyfrowej stron internetowych i&nbsp;aplikacji&nbsp;mobilnych podmiot\u00f3w publicznych&nbsp;z powodu&nbsp;niezgodno\u015bci&nbsp;lub wy\u0142\u0105cze\u0144&nbsp;wymienionych poni\u017cej.<\/p>\n\n\n\n<p class=\"wp-block-paragraph\"><strong>Niezgodno\u015bci:<\/strong><\/p>\n\n\n\n<ul class=\"wp-block-list\">\n<li>Nie wszystkie filmy zamieszczone&nbsp;w serwisie posiadaj\u0105 napisy,&nbsp;audiodeskrypcj\u0119&nbsp;i tre\u015b\u0107 alternatywn\u0105&nbsp;przeznaczon\u0105 dla os\u00f3b z&nbsp;niepe\u0142nosprawno\u015bciami wzroku i&nbsp;s\u0142uchu.<\/li>\n\n\n\n<li>Niekt\u00f3re elementy&nbsp;serwisu&nbsp;posiadaj\u0105&nbsp;zbyt niski kontrast.<\/li>\n\n\n\n<li>Elementy rozwijaj\u0105ce menu g\u0142\u00f3wne&nbsp;(oznaczone \u201c+\u201d) nie zawieraj\u0105 semantycznego opisu przeznaczonego dla&nbsp;program\u00f3w&nbsp;odczytu ekranu&nbsp;u\u017cytkowanych przez osoby z&nbsp;niepe\u0142nosprawno\u015bciami.<\/li>\n\n\n\n<li>Niekt\u00f3re linki s\u0105 wyr\u00f3\u017cnione wy\u0142\u0105cznie kolorem. Brak dodatkowego zaznaczenia pozwalaj\u0105cego na ich rozpoznawanie przez&nbsp;osoby nie rozr\u00f3\u017cniaj\u0105ce kolor\u00f3w.<\/li>\n\n\n\n<li>Strona nie posiada mo\u017cliwo\u015bci zmiany wielko\u015bci liter dla ca\u0142ego szablonu strony.<\/li>\n\n\n\n<li>Strona nie posiada wersji tekstowej nie zawieraj\u0105cej \u017cadnych grafik.<\/li>\n\n\n\n<li>Cz\u0119\u015b\u0107 fotografii oraz galerii zamieszczonych&nbsp;w serwisie nie posiada opis\u00f3w alternatywnych, czyli technik udost\u0119pniaj\u0105cych u\u017cytkownikom program\u00f3w odczytu ekranu informacje o&nbsp;nietekstowych elementach strony internetowej.<\/li>\n\n\n\n<li>Wi\u0119kszo\u015b\u0107 plik\u00f3w dokument\u00f3w&nbsp;udost\u0119pnionych w&nbsp;serwisie&nbsp;jest&nbsp;dost\u0119pna dla&nbsp;program\u00f3w odczytu ekranu. Natomiast cz\u0119\u015b\u0107 udost\u0119pnianej tre\u015bci nie zosta\u0142a przygotowana z&nbsp;uwzgl\u0119dnieniem zasad dost\u0119pno\u015bci dla os\u00f3b z&nbsp;niepe\u0142nosprawno\u015bciami.&nbsp;<br>Cz\u0119\u015b\u0107 dokument\u00f3w nie zawiera nag\u0142\u00f3wk\u00f3w, alternatywnych opis\u00f3w obraz\u00f3w i&nbsp;innych element\u00f3w w&nbsp;strukturze informatycznej,&nbsp;zwi\u0119kszaj\u0105cych dost\u0119pno\u015b\u0107&nbsp;serwisu&nbsp;dla u\u017cytkownik\u00f3w program\u00f3w&nbsp;odczytu ekranu.<\/li>\n<\/ul>\n\n\n\n<p class=\"wp-block-paragraph\"><strong>Wy\u0142\u0105cze\u0144:<\/strong><\/p>\n\n\n\n<ul class=\"wp-block-list\">\n<li>Dokumenty opublikowane przed&nbsp;23 wrze\u015bnia 2018 roku&nbsp;zosta\u0142y wy\u0142\u0105czone z&nbsp;obowi\u0105zku zapewnienia&nbsp;dost\u0119pno\u015bci.<\/li>\n\n\n\n<li>Multimedia&nbsp;opublikowane przed&nbsp;23 wrze\u015bnia 2020 roku&nbsp;zosta\u0142y wy\u0142\u0105czone z&nbsp;obowi\u0105zku zapewnienia&nbsp;dost\u0119pno\u015bci.<\/li>\n\n\n\n<li>Mapy zosta\u0142y wy\u0142\u0105czone z&nbsp;obowi\u0105zku zapewnienia dost\u0119pno\u015bci.<\/li>\n\n\n\n<li>Tre\u015bci archiwalne nie&nbsp;wykorzystywane do bie\u017c\u0105cych zada\u0144 biblioteki&nbsp;opublikowane przed&nbsp;23 wrze\u015bnia 2019 roku&nbsp;i nie&nbsp;poddawane od tego czasu&nbsp;przebudowom i&nbsp;zmianom&nbsp;zosta\u0142y wy\u0142\u0105czone z&nbsp;obowi\u0105zku zapewnienia&nbsp;dost\u0119pno\u015bci.<\/li>\n<\/ul>\n\n\n\n<p class=\"wp-block-paragraph\"><strong>Strona posiada nast\u0119puj\u0105ce u\u0142atwienia dla os\u00f3b z niepe\u0142nosprawno\u015bciami:<\/strong><\/p>\n\n\n\n<ul class=\"wp-block-list\">\n<li>Mo\u017cliwo\u015b\u0107 powi\u0119kszania wielko\u015bci liter w tre\u015bci artyku\u0142\u00f3w ca\u0142ej strony.<\/li>\n\n\n\n<li>Mo\u017cliwo\u015b\u0107 w\u0142\u0105czenia trybu wysokiego kontrastu (czarne t\u0142o, bia\u0142e i \u017c\u00f3\u0142te litery).<\/li>\n\n\n\n<li>Wyszukiwarka indeksuj\u0105ca tre\u015bci na stronie.<\/li>\n\n\n\n<li>Mo\u017cliwo\u015b\u0107 przechodzenia mi\u0119dzy elementami strony za pomoc\u0105 klawisza TAB.<\/li>\n\n\n\n<li>Pod\u015bwietlania element\u00f3w nawigacyjnych (tzw. focus) u\u0142atwiaj\u0105cego osobom niedowidz\u0105cym korzystanie z witryny.<\/li>\n<\/ul>\n\n\n\n<p class=\"wp-block-paragraph\"><strong>Aktualnie trwaj\u0105 prace nad:<\/strong><\/p>\n\n\n\n<ul class=\"wp-block-list\">\n<li>Napisami do film\u00f3w, tre\u015bci\u0105 alternatywn\u0105\u00a0przeznaczon\u0105 dla os\u00f3b z\u00a0niepe\u0142nosprawno\u015bciami wzroku i\u00a0s\u0142uchu w multimediach. <br>Tre\u015bci multimedialne zawieraj\u0105ce powy\u017csze udogodnienia zamieszczane s\u0105 regularnie na <a href=\"https:\/\/www.youtube.com\/channel\/UCLhWR8NgldE08n27Pn2RlXQ\" data-type=\"URL\" data-id=\"https:\/\/www.youtube.com\/channel\/UCLhWR8NgldE08n27Pn2RlXQ\">stronie youtube biblioteki.<\/a><\/li>\n\n\n\n<li>Uzupe\u0142nianiem tre\u015bci alternatywnych w plikach multimedialnych przedstawianych na stronie.<\/li>\n<\/ul>\n\n\n\n<p class=\"wp-block-paragraph\">Opisane niezgodno\u015bci zosta\u0142y&nbsp;zidentyfikowane w&nbsp;wyniku zewn\u0119trznego audytu dost\u0119pno\u015bci strony internetowej. <br>Wprowadzamy zmiany s\u0142u\u017c\u0105ce rozwi\u0105zywaniu kolejnych problem\u00f3w, kt\u00f3re szczeg\u00f3\u0142owo wskazujemy w&nbsp;deklaracji dost\u0119pno\u015bci. <br>Prowadzimy r\u00f3wnie\u017c dzia\u0142ania na&nbsp;rzecz doskonalenia ca\u0142ego procesu przygotowania i&nbsp;publikowania dost\u0119pnych tre\u015bci oraz dokument\u00f3w.<\/p>\n\n\n\n<ul class=\"wp-block-list\">\n<li>Na stronie internetowej mo\u017cna u\u017cywa\u0107 standardowych skr\u00f3t\u00f3w klawiaturowych przegl\u0105darki<\/li>\n<\/ul>\n\n\n\n<p class=\"wp-block-paragraph\">O\u015bwiadczenie sporz\u0105dzono dnia: <span id=\"\u201da11y-data-sporzadzenie\u201d\">2021-01-11<\/span><\/p>\n\n\n\n<h2 class=\"wp-block-heading\" id=\"\u201ea11y-kontakt\u201d\">Informacje zwrotne i dane kontaktowe<\/h2>\n\n\n\n<p class=\"wp-block-paragraph\">W przypadku problem\u00f3w z dost\u0119pno\u015bci\u0105 strony internetowej prosimy o kontakt.<\/p>\n\n\n\n<p class=\"wp-block-paragraph\">Osob\u0105 kontaktow\u0105 jest <span id=\"\u201da11y-osoba\u201d\">Marek Semeniuk<\/span>, <a href=\"mailto:msemeniuk@wbp.lublin.pl\"><span id=\"\u201da11y-email\u201d\">msemeniuk@wbp.lublin.pl<\/span><\/a>. Kontaktowa\u0107 mo\u017cna si\u0119 tak\u017ce dzwoni\u0105c na numer telefonu <a href=\"tel:815287414\"><span id=\"\u201da11y-telefon\u201d\">81 52 87 414<\/span><\/a>.<\/p>\n\n\n\n<p class=\"wp-block-paragraph\">T\u0105 sam\u0105 drog\u0105 mo\u017cna sk\u0142ada\u0107 wnioski o udost\u0119pnienie informacji niedost\u0119pnej oraz sk\u0142ada\u0107 skargi na brak zapewnienia dost\u0119pno\u015bci.<\/p>\n\n\n\n<p class=\"wp-block-paragraph\">Ka\u017cdy ma prawo do wyst\u0105pienia z&nbsp;\u017c\u0105daniem zapewnienia cyfrowej dost\u0119pno\u015bci strony internetowej, aplikacji mobilnej lub ich element\u00f3w. Mo\u017cna \u017c\u0105da\u0107 udost\u0119pnienia informacji w&nbsp;formie alternatywnej, na przyk\u0142ad odczytania cyfrowo niedost\u0119pnego dokumentu, opisania filmu nieposiadaj\u0105cego audiodeskrypcji&nbsp;itp. \u017b\u0105danie powinno zawiera\u0107 dane osoby zg\u0142aszaj\u0105cej, wskazanie strony internetowej lub aplikacji mobilnej, kt\u00f3rej dotyczy \u017c\u0105danie, a&nbsp;tak\u017ce spos\u00f3b kontaktu preferowany przez osob\u0119 zg\u0142aszaj\u0105c\u0105 \u017c\u0105danie.&nbsp;Je\u017celi osoba \u017c\u0105daj\u0105ca zg\u0142asza potrzeb\u0119 otrzymania informacji za pomoc\u0105 alternatywnego sposobu dost\u0119pu, powinna tak\u017ce okre\u015bli\u0107 dogodn\u0105 dla niej form\u0119 przedstawienia tej informacji.&nbsp;<\/p>\n\n\n\n<p class=\"wp-block-paragraph\">Wojew\u00f3dzka Biblioteka Publiczna im. Hieronima \u0141opaci\u0144skiego w Lublinie  zrealizuje&nbsp;\u017c\u0105danie nie p\u00f3\u017aniej ni\u017c w&nbsp;ci\u0105gu 7 dni. Je\u017celi dotrzymanie tego terminu nie jest mo\u017cliwe, biblioteka niezw\u0142ocznie informuje o&nbsp;tym, kiedy realizacja \u017c\u0105dania b\u0119dzie mo\u017cliwa. <br>Przy czym termin ten nie mo\u017ce by\u0107 d\u0142u\u017cszy ni\u017c 2 miesi\u0105ce. Je\u017celi zapewnienie dost\u0119pno\u015bci nie jest mo\u017cliwe, biblioteka mo\u017ce zaproponowa\u0107 alternatywny spos\u00f3b dost\u0119pu do informacji.&nbsp;<\/p>\n\n\n\n<p class=\"wp-block-paragraph\">W przypadku, gdy podmiot publiczny odm\u00f3wi realizacji \u017c\u0105dania zapewnienia dost\u0119pno\u015bci lub alternatywnego dost\u0119pu do informacji, mo\u017cna z\u0142o\u017cy\u0107 skarg\u0119 na takie dzia\u0142anie. <br>Po wyczerpaniu wszystkich mo\u017cliwo\u015bci skarg\u0119 mo\u017cna przes\u0142a\u0107 do&nbsp;<a rel=\"noreferrer noopener\" href=\"https:\/\/bip.brpo.gov.pl\/\" data-type=\"URL\" data-id=\"https:\/\/bip.brpo.gov.pl\/\" target=\"_blank\">Rzecznika Praw Obywatelskich<\/a>.<\/p>\n\n\n\n<hr class=\"wp-block-separator has-css-opacity\"\/>\n\n\n\n<h1 class=\"wp-block-heading\" id=\"dostepnosc-architektoniczna\">Dost\u0119pno\u015b\u0107 architektoniczna<\/h1>\n\n\n\n<p class=\"wp-block-paragraph\">Do wn\u0119trza g\u0142\u00f3wnego budynku wchodzi si\u0119 przez r\u0119cznie otwierane drzwi. <br>Na drzwiach tabliczka (listewka) w alfabecie Breille\u2019a z opisem. Po przekroczeniu wej\u015bcia g\u0142\u00f3wnego wchodzi si\u0119 do holu. <br>Na wprost wej\u015bcia znajduje si\u0119 winda (obrysowana dooko\u0142a \u017c\u00f3\u0142t\u0105 ta\u015bm\u0105 z przerw\u0105 w miejscu gdzie jest w\u0142\u0105cznik przywo\u0142uj\u0105cy). Na \u015bcianie (po lewej stronie od wej\u015bcia) znajduje si\u0119 przycisk umo\u017cliwiaj\u0105cy wezwanie asystenta osoby<br>z niepe\u0142nosprawno\u015bci\u0105 oraz tablica informacyjna w alfabecie Breille\u2019a Po prawej stronie znajduje si\u0119 wypo\u017cyczalnia.<br> Na por\u0119czach schod\u00f3w prowadz\u0105cych na poziom +1 i +2 tabliczki (listewki) w alfabecie Breille\u2019a z opisem.<br>Dodatkowo tabliczka (listewka) w alfabecie Breille\u2019a na drzwiach wej\u015bciowych do sekretariatu dyrektora. Por\u0119cz schod\u00f3w prowadz\u0105cych na poziom -1 z oznaczeniem na por\u0119czy tabliczkami (listewkami) w alfabecie Breille\u2019a z opisem. Korzystaj\u0105c z windy lub schod\u00f3w znajduj\u0105cych si\u0119 po lewej stronie od wej\u015bcia do budynku mo\u017cna dosta\u0107 si\u0119 na poziom -1. Na tym poziomie znajduje si\u0119 sala konferencyjna, szatnia oraz toaleta dostosowana do potrzeb os\u00f3b z niepe\u0142nosprawno\u015bciami. Wej\u015bcie do WC dla os\u00f3b niepe\u0142nosprawnych m\u0119skiego i damskiego na poziomie -1 obrysowane dooko\u0142a \u017c\u00f3\u0142t\u0105 ta\u015bm\u0105. Wje\u017cd\u017caj\u0105c wind\u0105 na poziom +1 osoby na w\u00f3zku inwalidzkim mog\u0105 skorzysta\u0107 z czytelni czasopism, gdzie mog\u0105 otrzyma\u0107 wszystkie potrzebne materia\u0142y, skorzysta\u0107 z czytnika dla os\u00f3b niedowidz\u0105cych i s\u0142abowidz\u0105cych da Vinci oraz bezp\u0142atny dost\u0119p do Wi-Fi. Na placu zewn\u0119trznym wyznaczono 1 miejsce parkingowe dla os\u00f3b z niepe\u0142nosprawno\u015bci\u0105. Miejsce to jest usytuowane w bezpo\u015bredniej blisko\u015bci wej\u015bcia g\u0142\u00f3wnego budynku. Teren wok\u00f3\u0142 budynku jest utwardzony.<\/p>\n\n\n\n<p class=\"wp-block-paragraph\"><strong>Kontakt<\/strong><\/p>\n\n\n\n<p class=\"wp-block-paragraph\">Znajduj\u0105cy si\u0119 na \u015bcianie po lewej stronie po wej\u015bciu do budynku przycisk asystenta osoby z niepe\u0142nosprawno\u015bci\u0105 jest odpowiednikiem us\u0142ugi, kt\u00f3r\u0105 mo\u017ce \u015bwiadczy\u0107 w Bibliotece ka\u017cdy pracownik.<\/p>\n\n\n\n<p class=\"wp-block-paragraph\"><strong>Ewakuacja<\/strong><\/p>\n\n\n\n<p class=\"wp-block-paragraph\">W przypadku ewakuacji nale\u017cy wykonywa\u0107 polecenia pracownik\u00f3w Biblioteki, kt\u00f3rzy s\u0105 przeszkoleni w prowadzeniu ewakuacji. W przypadku wyst\u0105pienia alarmu po\u017carowego w budynku wy\u0142\u0105czane s\u0105 windy. Pracownicy Biblioteki s\u0105 odpowiedzialni za pomoc w dotarciu do miejsca ewakuacji osobom, kt\u00f3re maj\u0105 trudno\u015bci z poruszaniem si\u0119 po schodach.<\/p>\n\n\n\n<hr class=\"wp-block-separator has-css-opacity\"\/>\n\n\n\n<h1 class=\"wp-block-heading\" id=\"raport-dostepnosci\">Raport Dost\u0119pno\u015bci<\/h1>\n\n\n\n<p class=\"wp-block-paragraph\"><a href=\"https:\/\/wbp.lublin.pl\/wp-content\/uploads\/2021\/03\/Raport-o-stanie-zapewniania-dostepnosci-podmiotu-publicznego-ETR-PDF-66KB.pdf\">Raport o stanie zapewniania dost\u0119pno\u015bci podmiotu publicznego 2022 [ETR, PDF 66KB]<\/a><\/p>\n\n\n\n<p class=\"wp-block-paragraph\"><a href=\"https:\/\/wbp.lublin.pl\/wp-content\/uploads\/2021\/03\/Raport-o-stanie-zapewniania-dostepnosci-podmiotu-publicznego-PDF-111KB.pdf\">Raport o stanie zapewniania dost\u0119pno\u015bci podmiotu publicznego 2022 [PDF 111KB]<\/a><\/p>\n","protected":false},"excerpt":{"rendered":"<p>Dost\u0119pno\u015b\u0107 Cyfrowa Wojew\u00f3dzka Biblioteka Publiczna im. Hieronima \u0141opaci\u0144skiego w Lublinie zobowi\u0105zuje si\u0119 zapewni\u0107 dost\u0119pno\u015b\u0107 swojej strony internetowej zgodnie z przepisami ustawy z dnia 4 kwietnia 2019 r. o dost\u0119pno\u015bci cyfrowej [&hellip;]<\/p>\n","protected":false},"author":18,"featured_media":0,"parent":0,"menu_order":81,"comment_status":"closed","ping_status":"closed","template":"","meta":{"_tec_requires_first_save":true,"_crdt_document":"","pgc_sgb_lightbox_settings":"","_EventAllDay":false,"_EventTimezone":"","_EventStartDate":"","_EventEndDate":"","_EventStartDateUTC":"","_EventEndDateUTC":"","_EventShowMap":false,"_EventShowMapLink":false,"_EventURL":"","_EventCost":"","_EventCostDescription":"","_EventCurrencySymbol":"","_EventCurrencyCode":"","_EventCurrencyPosition":"","_EventDateTimeSeparator":"","_EventTimeRangeSeparator":"","_EventOrganizerID":[],"_EventVenueID":[],"_OrganizerEmail":"","_OrganizerPhone":"","_OrganizerWebsite":"","_VenueAddress":"","_VenueCity":"","_VenueCountry":"","_VenueProvince":"","_VenueState":"","_VenueZip":"","_VenuePhone":"","_VenueURL":"","_VenueStateProvince":"","_VenueLat":"","_VenueLng":"","_VenueShowMap":false,"_VenueShowMapLink":false,"_tribe_blocks_recurrence_rules":"","_tribe_blocks_recurrence_description":"","_tribe_blocks_recurrence_exclusions":"","footnotes":""},"class_list":["post-26838","page","type-page","status-publish","hentry"],"publishpress_future_action":{"enabled":false,"date":"2026-05-09 22:42:57","action":"change-status","newStatus":"draft","terms":[],"taxonomy":"","extraData":[]},"publishpress_future_workflow_manual_trigger":{"enabledWorkflows":[]},"_links":{"self":[{"href":"https:\/\/wbp.lublin.pl\/index.php\/wp-json\/wp\/v2\/pages\/26838","targetHints":{"allow":["GET"]}}],"collection":[{"href":"https:\/\/wbp.lublin.pl\/index.php\/wp-json\/wp\/v2\/pages"}],"about":[{"href":"https:\/\/wbp.lublin.pl\/index.php\/wp-json\/wp\/v2\/types\/page"}],"author":[{"embeddable":true,"href":"https:\/\/wbp.lublin.pl\/index.php\/wp-json\/wp\/v2\/users\/18"}],"replies":[{"embeddable":true,"href":"https:\/\/wbp.lublin.pl\/index.php\/wp-json\/wp\/v2\/comments?post=26838"}],"version-history":[{"count":55,"href":"https:\/\/wbp.lublin.pl\/index.php\/wp-json\/wp\/v2\/pages\/26838\/revisions"}],"predecessor-version":[{"id":65095,"href":"https:\/\/wbp.lublin.pl\/index.php\/wp-json\/wp\/v2\/pages\/26838\/revisions\/65095"}],"wp:attachment":[{"href":"https:\/\/wbp.lublin.pl\/index.php\/wp-json\/wp\/v2\/media?parent=26838"}],"curies":[{"name":"wp","href":"https:\/\/api.w.org\/{rel}","templated":true}]}}