{"id":28800,"date":"2021-03-25T09:53:23","date_gmt":"2021-03-25T08:53:23","guid":{"rendered":"https:\/\/wbp.lublin.pl\/?page_id=28800"},"modified":"2024-03-13T08:16:43","modified_gmt":"2024-03-13T07:16:43","slug":"o-redakcji-dostrzegacza","status":"publish","type":"page","link":"https:\/\/wbp.lublin.pl\/index.php\/o-redakcji-dostrzegacza\/","title":{"rendered":"Dostrzegacz &#8211; redakcja oraz kontakt"},"content":{"rendered":"\n<p class=\"wp-block-paragraph\"><strong>Redakcja<\/strong><\/p>\n\n\n\n<p class=\"wp-block-paragraph\"><strong>Pawe\u0142 Kordybacha<\/strong>&nbsp;\u2013 redaktor naczelny<br><strong>Lidia G\u0142\u0119bicka<\/strong>&nbsp;\u2013 sekretarz redakcji<br><strong>Pawe\u0142 Znamierowski \u2013<\/strong>&nbsp;grafika i layout<br><strong>Joanna Chapska <br>Nina D\u0105browska <br>Kamila Rudnicka<\/strong><\/p>\n\n\n\n<hr class=\"wp-block-separator has-css-opacity\"\/>\n\n\n\n<p class=\"wp-block-paragraph\"><strong>Kontakt<\/strong><\/p>\n\n\n\n<p class=\"wp-block-paragraph\"><strong>e-mail:<\/strong>\u00a0<br><strong>telefon:<\/strong>\u00a081 528 74 20; 81 528 74 21; 81 528 74 22<\/p>\n\n\n\n<p class=\"wp-block-paragraph\"><strong>Adres:<br><\/strong>Wojew\u00f3dzka Biblioteka Publiczna im. Hieronima \u0141opaci\u0144skiego<br>ul. Narutowicza 4, 20\u2013950 Lublin<br>\u201eDostrzegacz Biblioteczny\u201d<\/p>\n","protected":false},"excerpt":{"rendered":"<p>Redakcja Pawe\u0142 Kordybacha&nbsp;\u2013 redaktor naczelnyLidia G\u0142\u0119bicka&nbsp;\u2013 sekretarz redakcjiPawe\u0142 Znamierowski \u2013&nbsp;grafika i layoutJoanna Chapska Nina D\u0105browska Kamila Rudnicka Kontakt e-mail:\u00a0telefon:\u00a081 528 74 20; 81 528 74 21; 81 528 74 22 [&hellip;]<\/p>\n","protected":false},"author":18,"featured_media":0,"parent":0,"menu_order":77,"comment_status":"closed","ping_status":"closed","template":"","meta":{"_tec_requires_first_save":true,"_crdt_document":"","pgc_sgb_lightbox_settings":"","_EventAllDay":false,"_EventTimezone":"","_EventStartDate":"","_EventEndDate":"","_EventStartDateUTC":"","_EventEndDateUTC":"","_EventShowMap":false,"_EventShowMapLink":false,"_EventURL":"","_EventCost":"","_EventCostDescription":"","_EventCurrencySymbol":"","_EventCurrencyCode":"","_EventCurrencyPosition":"","_EventDateTimeSeparator":"","_EventTimeRangeSeparator":"","_EventOrganizerID":[],"_EventVenueID":[],"_OrganizerEmail":"","_OrganizerPhone":"","_OrganizerWebsite":"","_VenueAddress":"","_VenueCity":"","_VenueCountry":"","_VenueProvince":"","_VenueState":"","_VenueZip":"","_VenuePhone":"","_VenueURL":"","_VenueStateProvince":"","_VenueLat":"","_VenueLng":"","_VenueShowMap":false,"_VenueShowMapLink":false,"_tribe_blocks_recurrence_rules":"","_tribe_blocks_recurrence_description":"","_tribe_blocks_recurrence_exclusions":"","footnotes":""},"class_list":["post-28800","page","type-page","status-publish","hentry"],"publishpress_future_action":{"enabled":false,"date":"2026-05-19 11:03:15","action":"change-status","newStatus":"draft","terms":[],"taxonomy":"","extraData":[]},"publishpress_future_workflow_manual_trigger":{"enabledWorkflows":[]},"_links":{"self":[{"href":"https:\/\/wbp.lublin.pl\/index.php\/wp-json\/wp\/v2\/pages\/28800","targetHints":{"allow":["GET"]}}],"collection":[{"href":"https:\/\/wbp.lublin.pl\/index.php\/wp-json\/wp\/v2\/pages"}],"about":[{"href":"https:\/\/wbp.lublin.pl\/index.php\/wp-json\/wp\/v2\/types\/page"}],"author":[{"embeddable":true,"href":"https:\/\/wbp.lublin.pl\/index.php\/wp-json\/wp\/v2\/users\/18"}],"replies":[{"embeddable":true,"href":"https:\/\/wbp.lublin.pl\/index.php\/wp-json\/wp\/v2\/comments?post=28800"}],"version-history":[{"count":8,"href":"https:\/\/wbp.lublin.pl\/index.php\/wp-json\/wp\/v2\/pages\/28800\/revisions"}],"predecessor-version":[{"id":55276,"href":"https:\/\/wbp.lublin.pl\/index.php\/wp-json\/wp\/v2\/pages\/28800\/revisions\/55276"}],"wp:attachment":[{"href":"https:\/\/wbp.lublin.pl\/index.php\/wp-json\/wp\/v2\/media?parent=28800"}],"curies":[{"name":"wp","href":"https:\/\/api.w.org\/{rel}","templated":true}]}}