{"id":29225,"date":"2021-04-23T13:40:35","date_gmt":"2021-04-23T11:40:35","guid":{"rendered":"https:\/\/wbp.lublin.pl\/?page_id=29225"},"modified":"2026-04-08T12:42:57","modified_gmt":"2026-04-08T10:42:57","slug":"projekty-wbp","status":"publish","type":"page","link":"https:\/\/wbp.lublin.pl\/index.php\/projekty-wbp\/","title":{"rendered":"Projekty"},"content":{"rendered":"\n\n\n<div class=\"wp-block-buttons is-horizontal is-content-justification-center is-layout-flex wp-container-core-buttons-is-layout-7d812b4c wp-block-buttons-is-layout-flex\">\n<div style=\"--wp--block-button--width: 100;\" class=\"wp-block-button is-style-outline has-custom-width wp-block-button__width wp-block-button__width-100 is-style-outline--1\"><a class=\"wp-block-button__link wp-element-button\" href=\"https:\/\/wbp.lublin.pl\/index.php\/2026\/04\/08\/dyskusyjne-kluby-ksiazki-w-2026-roku\/\"><img data-dominant-color=\"e9d0d4\" data-has-transparency=\"false\" decoding=\"async\" class=\"wp-image-56852 not-transparent\" style=\"--dominant-color: #e9d0d4; width: 350px;\" src=\"https:\/\/wbp.lublin.pl\/wp-content\/uploads\/2024\/04\/aaa.png\" alt=\"flaga god\u0142o mdkin\"><br>&#8222;Dyskusyjne Kluby Ksi\u0105\u017cki w 2026 roku&#8221;<\/a><\/div>\n\n\n\n<div style=\"--wp--block-button--width: 100;\" class=\"wp-block-button is-style-outline has-custom-width wp-block-button__width wp-block-button__width-100 is-style-outline--2\"><a class=\"wp-block-button__link wp-element-button\" href=\"https:\/\/wbp.lublin.pl\/index.php\/2025\/08\/25\/wyposazenie-pracowni-konserwacji-zbiorow-w-wbp-im-h-lopacinskiego-w-lublinie\/\"><img data-dominant-color=\"e9d0d4\" data-has-transparency=\"false\" decoding=\"async\" class=\"wp-image-56852 not-transparent\" style=\"--dominant-color: #e9d0d4; width: 350px;\" src=\"https:\/\/wbp.lublin.pl\/wp-content\/uploads\/2024\/04\/aaa.png\" alt=\"flaga god\u0142o mdkin\"><br>&#8222;Wyposa\u017cenie Pracowni Konserwacji Zbior\u00f3w w WBP im. H. \u0141opaci\u0144skiego w Lublinie&#8221;<\/a><\/div>\n\n\n\n<div style=\"--wp--block-button--width: 100;\" class=\"wp-block-button is-style-outline has-custom-width wp-block-button__width wp-block-button__width-100 is-style-outline--3\"><a class=\"wp-block-button__link wp-element-button\" href=\"https:\/\/wbp.lublin.pl\/index.php\/tag\/bwpm\/\"><img data-dominant-color=\"e9d0d4\" data-has-transparency=\"false\" decoding=\"async\" class=\"wp-image-56852 not-transparent\" style=\"--dominant-color: #e9d0d4; width: 350px;\" src=\"https:\/\/wbp.lublin.pl\/wp-content\/uploads\/2024\/04\/aaa.png\" alt=\"flaga god\u0142o mdkin\"><br>&#8222;Biblioteka w przestrzeni multimedialnej&#8221;<\/a><\/div>\n\n\n\n<div style=\"--wp--block-button--width: 100;\" class=\"wp-block-button is-style-outline has-custom-width wp-block-button__width wp-block-button__width-100 is-style-outline--4\"><a class=\"wp-block-button__link wp-element-button\" href=\"https:\/\/wbp.lublin.pl\/index.php\/tag\/khlnzb\/\"><img data-dominant-color=\"e9d0d4\" data-has-transparency=\"false\" decoding=\"async\" class=\"wp-image-56852 not-transparent\" style=\"--dominant-color: #e9d0d4; width: 350px;\" src=\"https:\/\/wbp.lublin.pl\/wp-content\/uploads\/2024\/04\/aaa.png\" alt=\"flaga god\u0142o mdkin\"><br>&#8222;Kolekcja Hieronima \u0141opaci\u0144skiego w Narodowym Zasobie Bibliotecznym&#8221;<\/a><\/div>\n\n\n\n<div style=\"--wp--block-button--width: 100;\" class=\"wp-block-button is-style-outline has-custom-width wp-block-button__width wp-block-button__width-100 is-style-outline--5\"><a class=\"wp-block-button__link wp-element-button\" href=\"https:\/\/wbp.lublin.pl\/index.php\/2024\/01\/31\/kultura-bez-ograniczen-digitalizacja-i-udostepnianie-dziedzictwa-kulturowego-ze-zbiorow-wojewodzkiej-biblioteki-publicznej-im-hieronima-lopacinskiego-w-lublinie\/\"><img data-dominant-color=\"dddce2\" data-has-transparency=\"false\" decoding=\"async\" class=\"wp-image-54387 not-transparent\" style=\"--dominant-color: #dddce2; width: 700px;\" src=\"https:\/\/wbp.lublin.pl\/wp-content\/uploads\/2024\/02\/logo-projekty-jpg.webp\" alt=\"\"><br>\u201eKultura bez ogranicze\u0144 \u2013 digitalizacja i udost\u0119pnianie dziedzictwa kulturowego ze zbior\u00f3w Wojew\u00f3dzkiej Biblioteki Publicznej im. Hieronima \u0141opaci\u0144skiego w Lublinie\u201d realizowany w ramach programu Fundusze Europejskie dla Lubelskiego 2021-2027, dzia\u0142anie 2.1. Cyfrowe Lubelskie<\/a><\/div>\n\n\n\n<div style=\"--wp--block-button--width: 100;\" class=\"wp-block-button is-style-outline has-custom-width wp-block-button__width wp-block-button__width-100 is-style-outline--6\"><a class=\"wp-block-button__link wp-element-button\" href=\"https:\/\/wbp.lublin.pl\/index.php\/tag\/edukacja-doroslych\/\"><img data-dominant-color=\"8099fb\" data-has-transparency=\"false\" decoding=\"async\" class=\"wp-image-49473 not-transparent\" style=\"--dominant-color: #8099fb; width: 150px;\" src=\"https:\/\/wbp.lublin.pl\/wp-content\/uploads\/2023\/11\/PL-V-Dofinansowane-przez-Unie-Eu-PANTONE-jpg.webp\" alt=\"dofinansowane przez uni\u0119 europejsk\u0105 edukacja doros\u0142ych\"><br>Akredytowany projekt numer: 2023-1-PL01-KA121-ADU-000130576<\/a><\/div>\n\n\n\n<div style=\"--wp--block-button--width: 100;\" class=\"wp-block-button is-style-outline has-custom-width wp-block-button__width wp-block-button__width-100 is-style-outline--7\"><a class=\"wp-block-button__link wp-element-button\" href=\"https:\/\/wbp.lublin.pl\/index.php\/tag\/mobilnosc-edukacyjna-osob\/\"><img data-dominant-color=\"e4e7eb\" data-has-transparency=\"false\" decoding=\"async\" class=\"wp-image-45767 not-transparent\" style=\"--dominant-color: #e4e7eb; width: 400px;\" src=\"https:\/\/wbp.lublin.pl\/wp-content\/uploads\/2023\/06\/logo-nowe-projekt-erasmus-i-UE.png\" alt=\"\"><br>Akredytowany projekt&nbsp;2022-1-PL01-KA121-ADU-000054420<\/a><\/div>\n\n\n\n<div style=\"--wp--block-button--width: 100;\" class=\"wp-block-button is-style-outline has-custom-width wp-block-button__width wp-block-button__width-100 is-style-outline--8\"><a class=\"wp-block-button__link wp-element-button\" href=\"https:\/\/wbp.lublin.pl\/?p=32583\"><img data-dominant-color=\"efe9ea\" data-has-transparency=\"false\" decoding=\"async\" class=\"wp-image-32584 not-transparent\" style=\"--dominant-color: #efe9ea; width: 300px;\" src=\"https:\/\/wbp.lublin.pl\/wp-content\/uploads\/2021\/10\/Dofinansowania-dla-bibliotek-publicznych.jpg\" alt=\"\"><br>\u201eDofinansowania dla bibliotek publicznych na zakup nowo\u015bci wydawniczych oraz us\u0142ugi zdalnego dost\u0119pu do ksi\u0105\u017cek w formatach e-book\u00f3w i\/lub audiobook\u00f3w i\/lub synchrobook\u00f3w \u2013 Priorytet 1, Kierunek interwencji 1.1. w ramach NPRCz 2.0\u201d<\/a><\/div>\n\n\n\n<div style=\"--wp--block-button--width: 100;\" class=\"wp-block-button is-style-outline has-custom-width wp-block-button__width wp-block-button__width-100 is-style-outline--9\"><a class=\"wp-block-button__link wp-element-button\" href=\"https:\/\/wbp.lublin.pl\/index.php\/2021\/07\/23\/rekopisy-z-kolekcji-hieronima-lopacinskiego-w-narodowym-zasobie-bibliotecznym-digitalizacja-i-ponowne-wykorzystanie\/\" target=\"_blank\" rel=\"Projekt Europejski Bibliotekarz noopener\"><img data-dominant-color=\"e3dddd\" data-has-transparency=\"false\" decoding=\"async\" class=\"wp-image-32580 not-transparent\" style=\"--dominant-color: #e3dddd; width: 150px;\" src=\"https:\/\/wbp.lublin.pl\/wp-content\/uploads\/2021\/10\/MKDNIS.jpg\" alt=\"\"><br>&#8222;R\u0119kopisy z kolekcji Hieronima \u0141opaci\u0144skiego w Narodowym Zasobie Bibliotecznym \u2013 digitalizacja i ponowne wykorzystanie&#8221;<\/a><\/div>\n\n\n\n<div style=\"--wp--block-button--width: 100;\" class=\"wp-block-button is-style-outline has-custom-width wp-block-button__width wp-block-button__width-100 is-style-outline--10\"><a class=\"wp-block-button__link wp-element-button\" href=\"https:\/\/wbp.lublin.pl\/index.php\/tag\/europejski-bibliotekarz\/\" rel=\"Projekt Europejski Bibliotekarz\"><img data-dominant-color=\"e1dee5\" data-has-transparency=\"false\" decoding=\"async\" class=\"wp-image-29222 not-transparent\" style=\"--dominant-color: #e1dee5; width: 300px;\" src=\"https:\/\/wbp.lublin.pl\/wp-content\/uploads\/2021\/04\/fundusze-Europejskie-RP-Unia-Europejska-logo.jpg\" alt=\"fundusze Europejskie RP Unia Europejska logo\"><br>&#8222;Projekt Europejski Bibliotekarz&#8221;<\/a><\/div>\n\n\n\n<div style=\"--wp--block-button--width: 100;\" class=\"wp-block-button is-style-outline has-custom-width wp-block-button__width wp-block-button__width-100 is-style-outline--11\"><a class=\"wp-block-button__link wp-element-button\" href=\"https:\/\/wbp.lublin.pl\/index.php\/tag\/cyfrowi-wedrowcy\/\" rel=\"&quot;Cyfrowi W\u0119drowcy&quot; \"><img data-dominant-color=\"e97d85\" data-has-transparency=\"false\" decoding=\"async\" class=\"wp-image-29146 not-transparent\" style=\"--dominant-color: #e97d85; width: 100px;\" src=\"https:\/\/wbp.lublin.pl\/wp-content\/uploads\/2021\/04\/digital_travellers_logo_FRSI-278x170-1.png\" alt=\"digital travellers logo FRSI\"><br>&#8222;Cyfrowi W\u0119drowcy&#8221; <\/a><\/div>\n\n\n\n<div style=\"--wp--block-button--width: 100;\" class=\"wp-block-button is-style-outline has-custom-width wp-block-button__width wp-block-button__width-100 is-style-outline--12\"><a class=\"wp-block-button__link wp-element-button\" href=\"https:\/\/wbp.lublin.pl\/index.php\/tag\/biblioteka-rownych-szans\/\" rel=\"&quot;Biblioteka R\u00f3wnych Szans&quot;\"><img data-dominant-color=\"dcd5d3\" data-has-transparency=\"false\" decoding=\"async\" class=\"wp-image-29060 not-transparent\" style=\"--dominant-color: #dcd5d3; width: 100px;\" src=\"https:\/\/wbp.lublin.pl\/wp-content\/uploads\/2021\/04\/Logo_MKDNiS_kolorowe_.jpg\" alt=\"mkdnis logo kolorowe\"><br>&#8222;Biblioteka R\u00f3wnych Szans&#8221;<\/a><\/div>\n\n\n\n<div style=\"--wp--block-button--width: 100;\" class=\"wp-block-button is-style-outline has-custom-width wp-block-button__width wp-block-button__width-100 is-style-outline--13\"><a class=\"wp-block-button__link wp-element-button\" href=\"https:\/\/wbp.lublin.pl\/index.php\/tag\/omnis\/\" rel=\"OMNIS BN\"><img data-dominant-color=\"dedddb\" data-has-transparency=\"false\" decoding=\"async\" class=\"wp-image-12262 not-transparent\" style=\"--dominant-color: #dedddb; width: 150px;\" src=\"https:\/\/wbp.lublin.pl\/wp-content\/uploads\/2018\/07\/logo_Omnis.jpg\" alt=\"logo: projekt omnis\"><\/a><\/div>\n\n\n\n<div style=\"--wp--block-button--width: 100;\" class=\"wp-block-button is-style-outline has-custom-width wp-block-button__width wp-block-button__width-100 is-style-outline--14\"><a class=\"wp-block-button__link wp-element-button\" href=\"https:\/\/wbp.lublin.pl\/index.php\/tag\/ErasmusPlus\/\" target=\"_blank\" rel=\"noreferrer noopener\"><strong>Erasmus+<\/strong>               <img data-dominant-color=\"e2e2e0\" data-has-transparency=\"false\" decoding=\"async\" class=\"wp-image-35467 not-transparent\" style=\"--dominant-color: #e2e2e0; width: 300px;\" src=\"https:\/\/wbp.lublin.pl\/wp-content\/uploads\/2022\/03\/PL-Wspolfinansowane-przez-Unie-Europejska_BLACK-Outline.jpg\" alt=\"PL Wsp\u00f3\u0142finansowane przez Uni\u0119 Europejsk\u0105_BLACK Outline\"><br>Akredytowany projekt numer: 2021-1-PL01-KA121-ADU-000010256<\/a><\/div>\n\n\n\n<div style=\"--wp--block-button--width: 100;\" class=\"wp-block-button is-style-outline has-custom-width wp-block-button__width wp-block-button__width-100 is-style-outline--15\"><a class=\"wp-block-button__link wp-element-button\" href=\"https:\/\/wbp.lublin.pl\/index.php\/tag\/para-buch\/\" rel=\"Para buch! Ksi\u0105\u017cka w ruch!\"><img data-dominant-color=\"dcdee1\" data-has-transparency=\"false\" decoding=\"async\" class=\"wp-image-27439 not-transparent\" style=\"--dominant-color: #dcdee1; width: 300px;\" src=\"https:\/\/wbp.lublin.pl\/wp-content\/uploads\/2020\/11\/parabuch-ikona-glowna.png\" alt=\"para buch ksi\u0105\u017cka w ruch\"><\/a><\/div>\n\n\n\n<div style=\"--wp--block-button--width: 100;\" class=\"wp-block-button is-style-outline has-custom-width wp-block-button__width wp-block-button__width-100 is-style-outline--16\"><a class=\"wp-block-button__link wp-element-button\" href=\"https:\/\/wbp.lublin.pl\/index.php\/tag\/lubelskiedna\/\" rel=\"Lubelskie DNA\"><img data-dominant-color=\"f3edeb\" data-has-transparency=\"false\" decoding=\"async\" class=\"wp-image-21364 not-transparent\" style=\"--dominant-color: #f3edeb; width: 150px;\" src=\"https:\/\/wbp.lublin.pl\/wp-content\/uploads\/2019\/06\/DNA.jpg\" alt=\"\"><\/a><\/div>\n\n\n\n<div style=\"--wp--block-button--width: 100;\" class=\"wp-block-button is-style-outline has-custom-width wp-block-button__width wp-block-button__width-100 is-style-outline--17\"><a class=\"wp-block-button__link wp-element-button\" href=\"https:\/\/wbp.lublin.pl\/index.php\/tag\/dofe\/\" rel=\"DniOtwarte.eu\"><img data-dominant-color=\"f07e81\" data-has-transparency=\"false\" decoding=\"async\" class=\"wp-image-26723 not-transparent\" style=\"--dominant-color: #f07e81; width: 300px;\" src=\"https:\/\/wbp.lublin.pl\/wp-content\/uploads\/2020\/09\/DOFE-2020.png\" alt=\"\"><\/a><\/div>\n\n\n\n<div style=\"--wp--block-button--width: 100;\" class=\"wp-block-button is-style-outline has-custom-width wp-block-button__width wp-block-button__width-100 is-style-outline--18\"><a class=\"wp-block-button__link wp-element-button\" href=\"http:\/\/lbw.lublin.eu\/primo_library\/libweb\/action\/search.do?vid=48LBW_ALL_VIEW\" target=\"_blank\" rel=\"Lubelska Biblioteka Wirtualna noopener\"><img data-dominant-color=\"d57489\" data-has-transparency=\"false\" decoding=\"async\" class=\"wp-image-11780 not-transparent\" style=\"--dominant-color: #d57489; width: 300px;\" src=\"https:\/\/wbp.lublin.pl\/wp-content\/uploads\/2018\/06\/lbw.png\" alt=\"\"><\/a><\/div>\n\n\n\n<div style=\"--wp--block-button--width: 100;\" class=\"wp-block-button is-style-outline has-custom-width wp-block-button__width wp-block-button__width-100 is-style-outline--19\"><a class=\"wp-block-button__link wp-element-button\" href=\"https:\/\/wbp.lublin.pl\/index.php\/tag\/ProjektInfrastruktura\/\">Modernizacja historycznej infrastruktury Biblioteki celem stworzenia przestrzeni do aktywnego udzia\u0142u mieszka\u0144c\u00f3w Lubelszczyzny w kulturze<br><img data-dominant-color=\"c7cfd9\" data-has-transparency=\"false\" decoding=\"async\" class=\"wp-image-10196 not-transparent\" style=\"--dominant-color: #c7cfd9; width: 300px;\" src=\"https:\/\/wbp.lublin.pl\/wp-content\/uploads\/2017\/10\/media_logo_FEPR_EU_lubelskie.jpg\" alt=\"\"><\/a><\/div>\n\n\n\n<div style=\"--wp--block-button--width: 100;\" class=\"wp-block-button is-style-outline has-custom-width wp-block-button__width wp-block-button__width-100 is-style-outline--20\"><a class=\"wp-block-button__link wp-element-button\" href=\"https:\/\/wbp.lublin.pl\/index.php\/2018\/11\/05\/projekty-w-ramach-programu-ministra-kultury-i-dziedzictwa-narodowego-partnerstwo-dla-ksiazki\/\">\u201eOd projektu do efektu: nowoczesny lokal mamy, kreatywnie go wykorzystamy\u201d<img data-dominant-color=\"f27e83\" data-has-transparency=\"false\" decoding=\"async\" class=\"wp-image-10132 not-transparent\" style=\"--dominant-color: #f27e83; width: 100px;\" src=\"https:\/\/wbp.lublin.pl\/wp-content\/uploads\/2017\/08\/logos_MKiDN.png\" alt=\"\"><\/a><\/div>\n\n\n\n<div style=\"--wp--block-button--width: 100;\" class=\"wp-block-button is-style-outline has-custom-width wp-block-button__width wp-block-button__width-100 is-style-outline--21\"><a class=\"wp-block-button__link wp-element-button\" href=\"https:\/\/wbp.lublin.pl\/index.php\/2018\/11\/05\/projekty-w-ramach-programu-ministra-kultury-i-dziedzictwa-narodowego-partnerstwo-dla-ksiazki\/\">\u201eBiblioteka wielu pokole\u0144 i narodowo\u015bci\u201d<img data-dominant-color=\"f27e83\" data-has-transparency=\"false\" decoding=\"async\" class=\"wp-image-10132 not-transparent\" style=\"--dominant-color: #f27e83; width: 100px;\" src=\"https:\/\/wbp.lublin.pl\/wp-content\/uploads\/2017\/08\/logos_MKiDN.png\" alt=\"\"><\/a><\/div>\n\n\n\n<div style=\"--wp--block-button--width: 100;\" class=\"wp-block-button is-style-outline has-custom-width wp-block-button__width wp-block-button__width-100 is-style-outline--22\"><a class=\"wp-block-button__link wp-element-button\" href=\"https:\/\/wbp.lublin.pl\/index.php\/2020\/12\/14\/ksiegi-z-zasobow-narodowego-archiwum-historycznego-bialorusi-w-bibliotece-cyfrowej-wojewodzkiej-biblioteki-publicznej-im-hieronima-lopacinskiego-w-lublinie\/\">\u201eKsi\u0119gi z zasob\u00f3w Narodowego Archiwum Historycznego Bia\u0142orusi w Bibliotece Cyfrowej Wojew\u00f3dzkiej Biblioteki Publicznej im. Hieronima \u0141opaci\u0144skiego w Lublinie\u201e<img data-dominant-color=\"f27e83\" data-has-transparency=\"false\" decoding=\"async\" class=\"wp-image-10132 not-transparent\" style=\"--dominant-color: #f27e83; width: 100px;\" src=\"https:\/\/wbp.lublin.pl\/wp-content\/uploads\/2017\/08\/logos_MKiDN.png\" alt=\"\"><\/a><\/div>\n\n\n\n<div style=\"--wp--block-button--width: 100;\" class=\"wp-block-button is-style-outline has-custom-width wp-block-button__width wp-block-button__width-100 is-style-outline--23\"><a class=\"wp-block-button__link wp-element-button\" href=\"https:\/\/wbp.lublin.pl\/index.php\/category\/sponsorzy-sponsorzy\/\" rel=\"Archiwum Projekt\u00f3w\">Archiwum Projekt\u00f3w<\/a><\/div>\n<\/div>\n\n\n\n\n","protected":false},"excerpt":{"rendered":"","protected":false},"author":18,"featured_media":0,"parent":0,"menu_order":70,"comment_status":"closed","ping_status":"closed","template":"template-fullwidth.php","meta":{"_tec_requires_first_save":true,"_crdt_document":"","pgc_sgb_lightbox_settings":"","_EventAllDay":false,"_EventTimezone":"","_EventStartDate":"","_EventEndDate":"","_EventStartDateUTC":"","_EventEndDateUTC":"","_EventShowMap":false,"_EventShowMapLink":false,"_EventURL":"","_EventCost":"","_EventCostDescription":"","_EventCurrencySymbol":"","_EventCurrencyCode":"","_EventCurrencyPosition":"","_EventDateTimeSeparator":"","_EventTimeRangeSeparator":"","_EventOrganizerID":[],"_EventVenueID":[0],"_OrganizerEmail":"","_OrganizerPhone":"","_OrganizerWebsite":"","_VenueAddress":"","_VenueCity":"","_VenueCountry":"","_VenueProvince":"","_VenueState":"","_VenueZip":"","_VenuePhone":"","_VenueURL":"","_VenueStateProvince":"","_VenueLat":"","_VenueLng":"","_VenueShowMap":false,"_VenueShowMapLink":false,"_tribe_blocks_recurrence_rules":"","_tribe_blocks_recurrence_description":"","_tribe_blocks_recurrence_exclusions":"","footnotes":""},"class_list":["post-29225","page","type-page","status-publish","hentry"],"publishpress_future_action":{"enabled":false,"date":"2026-04-17 18:48:13","action":"change-status","newStatus":"draft","terms":[],"taxonomy":"","extraData":[]},"publishpress_future_workflow_manual_trigger":{"enabledWorkflows":[]},"_links":{"self":[{"href":"https:\/\/wbp.lublin.pl\/index.php\/wp-json\/wp\/v2\/pages\/29225","targetHints":{"allow":["GET"]}}],"collection":[{"href":"https:\/\/wbp.lublin.pl\/index.php\/wp-json\/wp\/v2\/pages"}],"about":[{"href":"https:\/\/wbp.lublin.pl\/index.php\/wp-json\/wp\/v2\/types\/page"}],"author":[{"embeddable":true,"href":"https:\/\/wbp.lublin.pl\/index.php\/wp-json\/wp\/v2\/users\/18"}],"replies":[{"embeddable":true,"href":"https:\/\/wbp.lublin.pl\/index.php\/wp-json\/wp\/v2\/comments?post=29225"}],"version-history":[{"count":36,"href":"https:\/\/wbp.lublin.pl\/index.php\/wp-json\/wp\/v2\/pages\/29225\/revisions"}],"predecessor-version":[{"id":81389,"href":"https:\/\/wbp.lublin.pl\/index.php\/wp-json\/wp\/v2\/pages\/29225\/revisions\/81389"}],"wp:attachment":[{"href":"https:\/\/wbp.lublin.pl\/index.php\/wp-json\/wp\/v2\/media?parent=29225"}],"curies":[{"name":"wp","href":"https:\/\/api.w.org\/{rel}","templated":true}]}}