{"id":35711,"date":"2022-04-07T14:18:20","date_gmt":"2022-04-07T12:18:20","guid":{"rendered":"https:\/\/wbp.lublin.pl\/?page_id=35711"},"modified":"2026-02-25T13:45:11","modified_gmt":"2026-02-25T12:45:11","slug":"regulamin-organizacyjny-wbp-lublin","status":"publish","type":"page","link":"https:\/\/wbp.lublin.pl\/index.php\/regulaminy\/regulamin-organizacyjny-wbp-lublin\/","title":{"rendered":"Regulamin Organizacyjny WBP Lublin"},"content":{"rendered":"\n<div class=\"wp-block-file aligncenter\"><a id=\"wp-block-file--media-0f694d65-6395-4147-9fb1-7d0119b60ba6\" href=\"https:\/\/wbp.lublin.pl\/wp-content\/uploads\/2026\/01\/Regulamin_Organizacyjny_WBP_Lublin_od_01.01.2026.pdf\">Regulamin_Organizacyjny_WBP_Lublin_od_01.01.2026 [PDF]<\/a><a href=\"https:\/\/wbp.lublin.pl\/wp-content\/uploads\/2026\/01\/Regulamin_Organizacyjny_WBP_Lublin_od_01.01.2026.pdf\" class=\"wp-block-file__button wp-element-button\" download aria-describedby=\"wp-block-file--media-0f694d65-6395-4147-9fb1-7d0119b60ba6\">Pobierz<\/a><\/div>\n\n\n\n<div class=\"wp-block-file aligncenter\"><a id=\"wp-block-file--media-fcdf615c-15f2-4cd8-9a52-4d0c140975d4\" href=\"https:\/\/wbp.lublin.pl\/wp-content\/uploads\/2026\/01\/Zarzadzenie-Regulamin-Organizacyjny-obowiazujacy-od-01-01-2026.pdf\">Zarz\u0105dzenie Regulamin Organizacyjny obowi\u0105zuj\u0105cy od 01 01 2026 [PDF]<\/a><a href=\"https:\/\/wbp.lublin.pl\/wp-content\/uploads\/2026\/01\/Zarzadzenie-Regulamin-Organizacyjny-obowiazujacy-od-01-01-2026.pdf\" class=\"wp-block-file__button wp-element-button\" download aria-describedby=\"wp-block-file--media-fcdf615c-15f2-4cd8-9a52-4d0c140975d4\">Pobierz<\/a><\/div>\n\n\n\n<figure class=\"wp-block-image size-large\"><img data-dominant-color=\"f3f3f3\" data-has-transparency=\"false\" style=\"--dominant-color: #f3f3f3;\" loading=\"lazy\" decoding=\"async\" width=\"1532\" height=\"1080\" sizes=\"auto, (max-width: 1532px) 100vw, 1532px\" src=\"https:\/\/wbp.lublin.pl\/wp-content\/uploads\/2026\/01\/Schemat_Organizacyjny_WBP_Lublin_od_01.01.2026-1532x1080.webp\" alt=\"Regulamin Organizacyjny WBP Lublin\" class=\"wp-image-77863 not-transparent\" srcset=\"https:\/\/wbp.lublin.pl\/wp-content\/uploads\/2026\/01\/Schemat_Organizacyjny_WBP_Lublin_od_01.01.2026-1532x1080.webp 1532w, https:\/\/wbp.lublin.pl\/wp-content\/uploads\/2026\/01\/Schemat_Organizacyjny_WBP_Lublin_od_01.01.2026-600x423.webp 600w, https:\/\/wbp.lublin.pl\/wp-content\/uploads\/2026\/01\/Schemat_Organizacyjny_WBP_Lublin_od_01.01.2026-400x282.webp 400w, https:\/\/wbp.lublin.pl\/wp-content\/uploads\/2026\/01\/Schemat_Organizacyjny_WBP_Lublin_od_01.01.2026-768x541.webp 768w, https:\/\/wbp.lublin.pl\/wp-content\/uploads\/2026\/01\/Schemat_Organizacyjny_WBP_Lublin_od_01.01.2026-1536x1083.webp 1536w, https:\/\/wbp.lublin.pl\/wp-content\/uploads\/2026\/01\/Schemat_Organizacyjny_WBP_Lublin_od_01.01.2026-947x668.webp 947w, https:\/\/wbp.lublin.pl\/wp-content\/uploads\/2026\/01\/Schemat_Organizacyjny_WBP_Lublin_od_01.01.2026-624x440.webp 624w, https:\/\/wbp.lublin.pl\/wp-content\/uploads\/2026\/01\/Schemat_Organizacyjny_WBP_Lublin_od_01.01.2026.webp 2000w\" \/><\/figure>\n\n\n\n<div class=\"wp-block-file aligncenter\"><a id=\"wp-block-file--media-493ca62d-f3c6-43df-ab99-0c726a124892\" href=\"https:\/\/wbp.lublin.pl\/wp-content\/uploads\/2026\/01\/Schemat_Organizacyjny_WBP_Lublin_od_01.01.2026.pdf\">Schemat_Organizacyjny_WBP_Lublin_od_01.01.2026 [PDF]<\/a><a href=\"https:\/\/wbp.lublin.pl\/wp-content\/uploads\/2026\/01\/Schemat_Organizacyjny_WBP_Lublin_od_01.01.2026.pdf\" class=\"wp-block-file__button wp-element-button\" download aria-describedby=\"wp-block-file--media-493ca62d-f3c6-43df-ab99-0c726a124892\">Pobierz<\/a><\/div>\n\n\n\n<div class=\"wp-block-file aligncenter\"><a id=\"wp-block-file--media-c1039746-f5de-4b61-bdec-e7ac67b249fc\" href=\"https:\/\/wbp.lublin.pl\/wp-content\/uploads\/2022\/08\/Regulamin-Organizacyjny.pdf\" target=\"_blank\" rel=\"noreferrer noopener\">Regulamin Organizacyjny (stary)<\/a><a href=\"https:\/\/wbp.lublin.pl\/wp-content\/uploads\/2022\/08\/Regulamin-Organizacyjny.pdf\" class=\"wp-block-file__button wp-element-button\" download aria-describedby=\"wp-block-file--media-c1039746-f5de-4b61-bdec-e7ac67b249fc\">Pobierz<\/a><\/div>\n\n\n\n<p class=\"wp-block-paragraph\"><\/p>\n","protected":false},"excerpt":{"rendered":"","protected":false},"author":18,"featured_media":0,"parent":11437,"menu_order":7,"comment_status":"closed","ping_status":"closed","template":"","meta":{"_tec_requires_first_save":true,"_crdt_document":"","pgc_sgb_lightbox_settings":"","_EventAllDay":false,"_EventTimezone":"","_EventStartDate":"","_EventEndDate":"","_EventStartDateUTC":"","_EventEndDateUTC":"","_EventShowMap":false,"_EventShowMapLink":false,"_EventURL":"","_EventCost":"","_EventCostDescription":"","_EventCurrencySymbol":"","_EventCurrencyCode":"","_EventCurrencyPosition":"","_EventDateTimeSeparator":"","_EventTimeRangeSeparator":"","_EventOrganizerID":[],"_EventVenueID":[],"_OrganizerEmail":"","_OrganizerPhone":"","_OrganizerWebsite":"","_VenueAddress":"","_VenueCity":"","_VenueCountry":"","_VenueProvince":"","_VenueState":"","_VenueZip":"","_VenuePhone":"","_VenueURL":"","_VenueStateProvince":"","_VenueLat":"","_VenueLng":"","_VenueShowMap":false,"_VenueShowMapLink":false,"_tribe_blocks_recurrence_rules":"","_tribe_blocks_recurrence_description":"","_tribe_blocks_recurrence_exclusions":"","footnotes":""},"class_list":["post-35711","page","type-page","status-publish","hentry"],"publishpress_future_action":{"enabled":false,"date":"2026-05-18 03:30:34","action":"change-status","newStatus":"draft","terms":[],"taxonomy":"","extraData":[]},"publishpress_future_workflow_manual_trigger":{"enabledWorkflows":[]},"_links":{"self":[{"href":"https:\/\/wbp.lublin.pl\/index.php\/wp-json\/wp\/v2\/pages\/35711","targetHints":{"allow":["GET"]}}],"collection":[{"href":"https:\/\/wbp.lublin.pl\/index.php\/wp-json\/wp\/v2\/pages"}],"about":[{"href":"https:\/\/wbp.lublin.pl\/index.php\/wp-json\/wp\/v2\/types\/page"}],"author":[{"embeddable":true,"href":"https:\/\/wbp.lublin.pl\/index.php\/wp-json\/wp\/v2\/users\/18"}],"replies":[{"embeddable":true,"href":"https:\/\/wbp.lublin.pl\/index.php\/wp-json\/wp\/v2\/comments?post=35711"}],"version-history":[{"count":8,"href":"https:\/\/wbp.lublin.pl\/index.php\/wp-json\/wp\/v2\/pages\/35711\/revisions"}],"predecessor-version":[{"id":79622,"href":"https:\/\/wbp.lublin.pl\/index.php\/wp-json\/wp\/v2\/pages\/35711\/revisions\/79622"}],"up":[{"embeddable":true,"href":"https:\/\/wbp.lublin.pl\/index.php\/wp-json\/wp\/v2\/pages\/11437"}],"wp:attachment":[{"href":"https:\/\/wbp.lublin.pl\/index.php\/wp-json\/wp\/v2\/media?parent=35711"}],"curies":[{"name":"wp","href":"https:\/\/api.w.org\/{rel}","templated":true}]}}