{"id":43079,"date":"2023-02-23T13:08:56","date_gmt":"2023-02-23T12:08:56","guid":{"rendered":"https:\/\/wbp.lublin.pl\/?page_id=43079"},"modified":"2024-02-08T10:24:08","modified_gmt":"2024-02-08T09:24:08","slug":"kluby","status":"publish","type":"page","link":"https:\/\/wbp.lublin.pl\/index.php\/kluby\/","title":{"rendered":"Kluby"},"content":{"rendered":"\n\n\n<p class=\"has-text-align-center wp-block-paragraph\">Wykaz Dyskusyjnych Klub\u00f3w Ksi\u0105\u017cki dzia\u0142aj\u0105cych w wojew\u00f3dztwie lubelskim \u2013 lista alfabetyczna wed\u0142ug nazwy miejscowo\u015bci, w kt\u00f3rej dzia\u0142a klub, przygotowana na podstawie danych Wojew\u00f3dzkiej Biblioteki Publicznej w Lublinie dost\u0119pny na stronie:<\/p>\n\n\n\n<p class=\"has-text-align-center wp-block-paragraph\"><a href=\"https:\/\/instytutksiazki.pl\/files\/upload\/files\/lubelskie%20(2).pdf\" data-type=\"link\" data-id=\"https:\/\/instytutksiazki.pl\/files\/upload\/files\/lubelskie%20(2).pdf\">Wykaz Dyskusyjnych Klub\u00f3w Ksi\u0105\u017cki<\/a><\/p>\n","protected":false},"excerpt":{"rendered":"<p>Wykaz Dyskusyjnych Klub\u00f3w Ksi\u0105\u017cki dzia\u0142aj\u0105cych w wojew\u00f3dztwie lubelskim \u2013 lista alfabetyczna wed\u0142ug nazwy miejscowo\u015bci, w kt\u00f3rej dzia\u0142a klub, przygotowana na podstawie danych Wojew\u00f3dzkiej Biblioteki Publicznej w Lublinie dost\u0119pny na stronie: [&hellip;]<\/p>\n","protected":false},"author":18,"featured_media":0,"parent":0,"menu_order":59,"comment_status":"closed","ping_status":"closed","template":"","meta":{"_tec_requires_first_save":true,"_crdt_document":"","pgc_sgb_lightbox_settings":"","_EventAllDay":false,"_EventTimezone":"","_EventStartDate":"","_EventEndDate":"","_EventStartDateUTC":"","_EventEndDateUTC":"","_EventShowMap":false,"_EventShowMapLink":false,"_EventURL":"","_EventCost":"","_EventCostDescription":"","_EventCurrencySymbol":"","_EventCurrencyCode":"","_EventCurrencyPosition":"","_EventDateTimeSeparator":"","_EventTimeRangeSeparator":"","_EventOrganizerID":[],"_EventVenueID":[],"_OrganizerEmail":"","_OrganizerPhone":"","_OrganizerWebsite":"","_VenueAddress":"","_VenueCity":"","_VenueCountry":"","_VenueProvince":"","_VenueState":"","_VenueZip":"","_VenuePhone":"","_VenueURL":"","_VenueStateProvince":"","_VenueLat":"","_VenueLng":"","_VenueShowMap":false,"_VenueShowMapLink":false,"_tribe_blocks_recurrence_rules":"","_tribe_blocks_recurrence_description":"","_tribe_blocks_recurrence_exclusions":"","footnotes":""},"class_list":["post-43079","page","type-page","status-publish","hentry"],"publishpress_future_action":{"enabled":false,"date":"2026-04-14 19:32:39","action":"change-status","newStatus":"draft","terms":[],"taxonomy":"","extraData":[]},"publishpress_future_workflow_manual_trigger":{"enabledWorkflows":[]},"_links":{"self":[{"href":"https:\/\/wbp.lublin.pl\/index.php\/wp-json\/wp\/v2\/pages\/43079","targetHints":{"allow":["GET"]}}],"collection":[{"href":"https:\/\/wbp.lublin.pl\/index.php\/wp-json\/wp\/v2\/pages"}],"about":[{"href":"https:\/\/wbp.lublin.pl\/index.php\/wp-json\/wp\/v2\/types\/page"}],"author":[{"embeddable":true,"href":"https:\/\/wbp.lublin.pl\/index.php\/wp-json\/wp\/v2\/users\/18"}],"replies":[{"embeddable":true,"href":"https:\/\/wbp.lublin.pl\/index.php\/wp-json\/wp\/v2\/comments?post=43079"}],"version-history":[{"count":3,"href":"https:\/\/wbp.lublin.pl\/index.php\/wp-json\/wp\/v2\/pages\/43079\/revisions"}],"predecessor-version":[{"id":53651,"href":"https:\/\/wbp.lublin.pl\/index.php\/wp-json\/wp\/v2\/pages\/43079\/revisions\/53651"}],"wp:attachment":[{"href":"https:\/\/wbp.lublin.pl\/index.php\/wp-json\/wp\/v2\/media?parent=43079"}],"curies":[{"name":"wp","href":"https:\/\/api.w.org\/{rel}","templated":true}]}}