{"id":59187,"date":"2024-05-29T09:34:42","date_gmt":"2024-05-29T07:34:42","guid":{"rendered":"https:\/\/wbp.lublin.pl\/?page_id=59187"},"modified":"2026-03-24T10:49:51","modified_gmt":"2026-03-24T09:49:51","slug":"przetwarzanie-danych-osobowych-wizerunku-uczestnikow-wydarzen-promocyjnych-kulturalnych","status":"publish","type":"page","link":"https:\/\/wbp.lublin.pl\/index.php\/inspektor-ochrony-danych-osobowych\/przetwarzanie-danych-osobowych-wizerunku-uczestnikow-wydarzen-promocyjnych-kulturalnych\/","title":{"rendered":"Przetwarzanie danych osobowych-\u00a0WIZERUNKU UCZESTNIK\u00d3W\u00a0WYDARZE\u0143 PROMOCYJNYCH I KULTURALNYCH"},"content":{"rendered":"\n<!--more-->\n\n\n\n<p class=\"has-text-align-center wp-block-paragraph\"><strong>KLAUZULA INFORMACYJNA&nbsp;&nbsp;NA TEMAT DZIA\u0141A\u0143 PROMOCYJNYCH, KULTURALNYCH&nbsp;&nbsp;WOJEW\u00d3DZKIEJ BIBLIOTEKI PUBLICZNEJ IM. H. \u0141OPACI\u0143SKIEGO W LUBLINIE (WBP)&nbsp;<\/strong>&#8211; przetwarzanie danych osobowych-&nbsp;<strong>WIZERUNKU UCZESTNIK\u00d3W<\/strong>&nbsp;<strong>WYDARZE\u0143 PROMOCYJNYCH,&nbsp;KULTURALNYCH<\/strong> (wydarze\u0144 otwartych)&nbsp;organizowanych przez&nbsp;<strong>WBP<\/strong><\/p>\n\n\n\n<div class=\"wp-block-pdf-viewer-block-standard\" style=\"text-align:left\"><div class=\"uploaded-pdf\"><a href=\"https:\/\/wbp.lublin.pl\/wp-content\/uploads\/2024\/05\/RODO-Wizerunek-wydarzenie-otwarte-masowe-WBP-.pdf\" data-width=\"\" data-height=\"\"><\/a><\/div><\/div>\n","protected":false},"excerpt":{"rendered":"","protected":false},"author":18,"featured_media":0,"parent":11572,"menu_order":4,"comment_status":"closed","ping_status":"closed","template":"template-fullwidth.php","meta":{"_tec_requires_first_save":true,"_crdt_document":"","pgc_sgb_lightbox_settings":"","_EventAllDay":false,"_EventTimezone":"","_EventStartDate":"","_EventEndDate":"","_EventStartDateUTC":"","_EventEndDateUTC":"","_EventShowMap":false,"_EventShowMapLink":false,"_EventURL":"","_EventCost":"","_EventCostDescription":"","_EventCurrencySymbol":"","_EventCurrencyCode":"","_EventCurrencyPosition":"","_EventDateTimeSeparator":"","_EventTimeRangeSeparator":"","_EventOrganizerID":[],"_EventVenueID":[],"_OrganizerEmail":"","_OrganizerPhone":"","_OrganizerWebsite":"","_VenueAddress":"","_VenueCity":"","_VenueCountry":"","_VenueProvince":"","_VenueState":"","_VenueZip":"","_VenuePhone":"","_VenueURL":"","_VenueStateProvince":"","_VenueLat":"","_VenueLng":"","_VenueShowMap":false,"_VenueShowMapLink":false,"_tribe_blocks_recurrence_rules":"","_tribe_blocks_recurrence_description":"","_tribe_blocks_recurrence_exclusions":"","footnotes":""},"class_list":["post-59187","page","type-page","status-publish","hentry"],"publishpress_future_action":{"enabled":false,"date":"2026-04-16 13:21:58","action":"change-status","newStatus":"draft","terms":[],"taxonomy":"","extraData":[]},"publishpress_future_workflow_manual_trigger":{"enabledWorkflows":[]},"_links":{"self":[{"href":"https:\/\/wbp.lublin.pl\/index.php\/wp-json\/wp\/v2\/pages\/59187","targetHints":{"allow":["GET"]}}],"collection":[{"href":"https:\/\/wbp.lublin.pl\/index.php\/wp-json\/wp\/v2\/pages"}],"about":[{"href":"https:\/\/wbp.lublin.pl\/index.php\/wp-json\/wp\/v2\/types\/page"}],"author":[{"embeddable":true,"href":"https:\/\/wbp.lublin.pl\/index.php\/wp-json\/wp\/v2\/users\/18"}],"replies":[{"embeddable":true,"href":"https:\/\/wbp.lublin.pl\/index.php\/wp-json\/wp\/v2\/comments?post=59187"}],"version-history":[{"count":4,"href":"https:\/\/wbp.lublin.pl\/index.php\/wp-json\/wp\/v2\/pages\/59187\/revisions"}],"predecessor-version":[{"id":80968,"href":"https:\/\/wbp.lublin.pl\/index.php\/wp-json\/wp\/v2\/pages\/59187\/revisions\/80968"}],"up":[{"embeddable":true,"href":"https:\/\/wbp.lublin.pl\/index.php\/wp-json\/wp\/v2\/pages\/11572"}],"wp:attachment":[{"href":"https:\/\/wbp.lublin.pl\/index.php\/wp-json\/wp\/v2\/media?parent=59187"}],"curies":[{"name":"wp","href":"https:\/\/api.w.org\/{rel}","templated":true}]}}