{"id":62592,"date":"2024-09-25T09:03:44","date_gmt":"2024-09-25T07:03:44","guid":{"rendered":"https:\/\/wbp.lublin.pl\/?page_id=62592"},"modified":"2025-08-26T09:29:03","modified_gmt":"2025-08-26T07:29:03","slug":"sygnalisci","status":"publish","type":"page","link":"https:\/\/wbp.lublin.pl\/index.php\/sygnalisci\/","title":{"rendered":"Sygnali\u015bci"},"content":{"rendered":"\n\n\n<div class=\"wp-block-file\"><a id=\"wp-block-file--media-a4fe1b29-a3ab-4671-810b-44143f2de934\" href=\"https:\/\/wbp.lublin.pl\/wp-content\/uploads\/2025\/08\/Aneks-nr-1-i-Zarzadzenie.pdf\">Aneks nr 1 i Zarz\u0105dzenie<\/a><a href=\"https:\/\/wbp.lublin.pl\/wp-content\/uploads\/2025\/08\/Aneks-nr-1-i-Zarzadzenie.pdf\" class=\"wp-block-file__button wp-element-button\" download aria-describedby=\"wp-block-file--media-a4fe1b29-a3ab-4671-810b-44143f2de934\">Pobierz<\/a><\/div>\n\n\n\n<div class=\"wp-block-file\"><a id=\"wp-block-file--media-fe9aff27-84f5-4969-b15e-a7b1a487171e\" href=\"https:\/\/wbp.lublin.pl\/wp-content\/uploads\/2024\/09\/Zarzadzenie-Sygnalisci.pdf\">Zarzadzenie Sygnali\u015bci [pdf]<\/a><a href=\"https:\/\/wbp.lublin.pl\/wp-content\/uploads\/2024\/09\/Zarzadzenie-Sygnalisci.pdf\" class=\"wp-block-file__button wp-element-button\" download aria-describedby=\"wp-block-file--media-fe9aff27-84f5-4969-b15e-a7b1a487171e\">Pobierz<\/a><\/div>\n\n\n\n<div class=\"wp-block-file\"><a id=\"wp-block-file--media-3944580a-6714-42c3-80e0-d148529c61e0\" href=\"https:\/\/wbp.lublin.pl\/wp-content\/uploads\/2024\/09\/ZALACZNIK-do-Zarzadzenia-Procedura-zgloszen-wewnetrznych-Dyrektora-WBP-Lublin.pdf\">ZA\u0141\u0104CZNIK do Zarz\u0105dzenia Procedura zg\u0142osze\u0144 wewn\u0119trznych Dyrektora WBP Lublin [pdf]<\/a><a href=\"https:\/\/wbp.lublin.pl\/wp-content\/uploads\/2024\/09\/ZALACZNIK-do-Zarzadzenia-Procedura-zgloszen-wewnetrznych-Dyrektora-WBP-Lublin.pdf\" class=\"wp-block-file__button wp-element-button\" download aria-describedby=\"wp-block-file--media-3944580a-6714-42c3-80e0-d148529c61e0\">Pobierz<\/a><\/div>\n\n\n\n<div class=\"wp-block-file\"><a id=\"wp-block-file--media-4e79337e-a1db-45e0-83a8-0241ed2b122e\" href=\"https:\/\/wbp.lublin.pl\/wp-content\/uploads\/2024\/09\/Zal.-nr-1-do-Procedury-Upowaznienie.pdf\">Za\u0142. nr 1 do Procedury Upowa\u017cnienie [pdf]<\/a><a href=\"https:\/\/wbp.lublin.pl\/wp-content\/uploads\/2024\/09\/Zal.-nr-1-do-Procedury-Upowaznienie.pdf\" class=\"wp-block-file__button wp-element-button\" download aria-describedby=\"wp-block-file--media-4e79337e-a1db-45e0-83a8-0241ed2b122e\">Pobierz<\/a><\/div>\n\n\n\n<div class=\"wp-block-file\"><a id=\"wp-block-file--media-edf62960-ab17-4482-99a4-684ff5198593\" href=\"https:\/\/wbp.lublin.pl\/wp-content\/uploads\/2024\/09\/Zal.-nr-2-do-Procedury-osw-o-bezstronnosci.pdf\">Za\u0142. nr 2 do Procedury o\u015bw o bezstronno\u015bc [pdf]i<\/a><a href=\"https:\/\/wbp.lublin.pl\/wp-content\/uploads\/2024\/09\/Zal.-nr-2-do-Procedury-osw-o-bezstronnosci.pdf\" class=\"wp-block-file__button wp-element-button\" download aria-describedby=\"wp-block-file--media-edf62960-ab17-4482-99a4-684ff5198593\">Pobierz<\/a><\/div>\n\n\n\n<div class=\"wp-block-file\"><a id=\"wp-block-file--media-65c28d44-c0a2-40fc-9c18-255fe00b280c\" href=\"https:\/\/wbp.lublin.pl\/wp-content\/uploads\/2024\/09\/Zal.-nr-3-do-Procedury-osw-o-poufnosci.pdf\">Za\u0142. nr 3 do Procedury o\u015bw o poufno\u015bci [pdf]<\/a><a href=\"https:\/\/wbp.lublin.pl\/wp-content\/uploads\/2024\/09\/Zal.-nr-3-do-Procedury-osw-o-poufnosci.pdf\" class=\"wp-block-file__button wp-element-button\" download aria-describedby=\"wp-block-file--media-65c28d44-c0a2-40fc-9c18-255fe00b280c\">Pobierz<\/a><\/div>\n\n\n\n<div class=\"wp-block-file\"><a id=\"wp-block-file--media-34645842-25c0-4ea5-a061-6d023d8fbe2a\" href=\"https:\/\/wbp.lublin.pl\/wp-content\/uploads\/2024\/09\/Zal.-nr-4-Formularz-zgloszenia.pdf\">Za\u0142. nr 4 Formularz zg\u0142oszenia [pdf]<\/a><a href=\"https:\/\/wbp.lublin.pl\/wp-content\/uploads\/2024\/09\/Zal.-nr-4-Formularz-zgloszenia.pdf\" class=\"wp-block-file__button wp-element-button\" download aria-describedby=\"wp-block-file--media-34645842-25c0-4ea5-a061-6d023d8fbe2a\">Pobierz<\/a><\/div>\n\n\n\n<div class=\"wp-block-file\"><a id=\"wp-block-file--media-ecf1b227-706b-4992-a2a8-6d52aca62143\" href=\"https:\/\/wbp.lublin.pl\/wp-content\/uploads\/2024\/09\/Zal.-nr-5-do-Procedury-Rejestr-zgloszen.pdf\">Za\u0142. nr 5 do Procedury Rejestr zg\u0142osze\u0144 [pdf]<\/a><a href=\"https:\/\/wbp.lublin.pl\/wp-content\/uploads\/2024\/09\/Zal.-nr-5-do-Procedury-Rejestr-zgloszen.pdf\" class=\"wp-block-file__button wp-element-button\" download aria-describedby=\"wp-block-file--media-ecf1b227-706b-4992-a2a8-6d52aca62143\">Pobierz<\/a><\/div>\n\n\n\n<div class=\"wp-block-file\"><a id=\"wp-block-file--media-d2ff5148-5103-4994-a1d1-5d592885de49\" href=\"https:\/\/wbp.lublin.pl\/wp-content\/uploads\/2024\/09\/Zal.-nr-6-do-Procedury-Protokol-z-prowadzonego-postepowania-wyjasniajacego.pdf\">Za\u0142. nr 6 do Procedury Protok\u00f3\u0142 z prowadzonego post\u0119powania wyja\u015bniaj\u0105cego [pdf]<\/a><a href=\"https:\/\/wbp.lublin.pl\/wp-content\/uploads\/2024\/09\/Zal.-nr-6-do-Procedury-Protokol-z-prowadzonego-postepowania-wyjasniajacego.pdf\" class=\"wp-block-file__button wp-element-button\" download aria-describedby=\"wp-block-file--media-d2ff5148-5103-4994-a1d1-5d592885de49\">Pobierz<\/a><\/div>\n\n\n\n<div class=\"wp-block-file\"><a id=\"wp-block-file--media-9bf4b0af-5b0d-4f56-bc98-bf642e1d338d\" href=\"https:\/\/wbp.lublin.pl\/wp-content\/uploads\/2024\/09\/Zal.-nr-7-do-Procedury-Oswiadczenie-pracownika.pdf\">Za\u0142. nr 7 do Procedury O\u015bwiadczenie pracownika [pdf]<\/a><a href=\"https:\/\/wbp.lublin.pl\/wp-content\/uploads\/2024\/09\/Zal.-nr-7-do-Procedury-Oswiadczenie-pracownika.pdf\" class=\"wp-block-file__button wp-element-button\" download aria-describedby=\"wp-block-file--media-9bf4b0af-5b0d-4f56-bc98-bf642e1d338d\">Pobierz<\/a><\/div>\n","protected":false},"excerpt":{"rendered":"","protected":false},"author":18,"featured_media":0,"parent":0,"menu_order":52,"comment_status":"closed","ping_status":"closed","template":"","meta":{"_tec_requires_first_save":true,"_crdt_document":"","pgc_sgb_lightbox_settings":"","_EventAllDay":false,"_EventTimezone":"","_EventStartDate":"","_EventEndDate":"","_EventStartDateUTC":"","_EventEndDateUTC":"","_EventShowMap":false,"_EventShowMapLink":false,"_EventURL":"","_EventCost":"","_EventCostDescription":"","_EventCurrencySymbol":"","_EventCurrencyCode":"","_EventCurrencyPosition":"","_EventDateTimeSeparator":"","_EventTimeRangeSeparator":"","_EventOrganizerID":[],"_EventVenueID":[],"_OrganizerEmail":"","_OrganizerPhone":"","_OrganizerWebsite":"","_VenueAddress":"","_VenueCity":"","_VenueCountry":"","_VenueProvince":"","_VenueState":"","_VenueZip":"","_VenuePhone":"","_VenueURL":"","_VenueStateProvince":"","_VenueLat":"","_VenueLng":"","_VenueShowMap":false,"_VenueShowMapLink":false,"_tribe_blocks_recurrence_rules":"","_tribe_blocks_recurrence_description":"","_tribe_blocks_recurrence_exclusions":"","footnotes":""},"class_list":["post-62592","page","type-page","status-publish","hentry"],"publishpress_future_action":{"enabled":false,"date":"2026-04-16 23:32:05","action":"change-status","newStatus":"draft","terms":[],"taxonomy":"","extraData":[]},"publishpress_future_workflow_manual_trigger":{"enabledWorkflows":[]},"_links":{"self":[{"href":"https:\/\/wbp.lublin.pl\/index.php\/wp-json\/wp\/v2\/pages\/62592","targetHints":{"allow":["GET"]}}],"collection":[{"href":"https:\/\/wbp.lublin.pl\/index.php\/wp-json\/wp\/v2\/pages"}],"about":[{"href":"https:\/\/wbp.lublin.pl\/index.php\/wp-json\/wp\/v2\/types\/page"}],"author":[{"embeddable":true,"href":"https:\/\/wbp.lublin.pl\/index.php\/wp-json\/wp\/v2\/users\/18"}],"replies":[{"embeddable":true,"href":"https:\/\/wbp.lublin.pl\/index.php\/wp-json\/wp\/v2\/comments?post=62592"}],"version-history":[{"count":4,"href":"https:\/\/wbp.lublin.pl\/index.php\/wp-json\/wp\/v2\/pages\/62592\/revisions"}],"predecessor-version":[{"id":72994,"href":"https:\/\/wbp.lublin.pl\/index.php\/wp-json\/wp\/v2\/pages\/62592\/revisions\/72994"}],"wp:attachment":[{"href":"https:\/\/wbp.lublin.pl\/index.php\/wp-json\/wp\/v2\/media?parent=62592"}],"curies":[{"name":"wp","href":"https:\/\/api.w.org\/{rel}","templated":true}]}}