{"id":65085,"date":"2024-12-04T10:21:46","date_gmt":"2024-12-04T09:21:46","guid":{"rendered":"https:\/\/wbp.lublin.pl\/?page_id=65085"},"modified":"2026-02-26T15:23:28","modified_gmt":"2026-02-26T14:23:28","slug":"deklaracja-dostepnosci","status":"publish","type":"page","link":"https:\/\/wbp.lublin.pl\/index.php\/deklaracja-dostepnosci\/","title":{"rendered":"Deklaracja Dost\u0119pno\u015bci"},"content":{"rendered":"\n<h1 class=\"wp-block-heading has-text-align-center\">Deklaracja dost\u0119pno\u015bci<\/h1>\n\n\n\n<p id=\"a11y-wstep\">\n<span id=\"a11y-podmiot\">Wojew\u00f3dzka Biblioteka Publiczna im. Hieronima \u0141opaci\u0144skiego w Lublinie<\/span> zobowi\u0105zuje si\u0119 zapewni\u0107 dost\u0119pno\u015b\u0107 swojej <span id=\"a11y-zakres\">strony internetowej<\/span> zgodnie z ustaw\u0105 z dnia 4 kwietnia 2019 r. o dost\u0119pno\u015bci cyfrowej stron internetowych i aplikacji mobilnych podmiot\u00f3w publicznych.\nDeklaracja dost\u0119pno\u015bci dotyczy strony <a href=\"https:\/\/wbp.lublin.pl\/\" id=\"a11y-url\"> Wojew\u00f3dzkiej Biblioteki Publicznej im. Hieronima \u0141opaci\u0144skiego w Lublinie. (https:\/\/wbp.lublin.pl)<\/a>\n<\/p>\n\n\n\n<ul class=\"wp-block-list\">\n<li>Data publikacji strony internetowej: <time id=\"a11y-data-publikacja\" datetime=\"2018-12-15\"><strong>15 grudnia 2018 r. <\/strong><\/time><\/li>\n\n\n\n<li>Data ostatniej istotnej aktualizacji: <time id=\"a11y-data-aktualizacja\" datetime=\"2025-01-20\"><strong>20 stycznia 2025 r.<\/strong><\/time><\/li>\n<\/ul>\n\n\n\n<h2 class=\"wp-block-heading\">Stan dost\u0119pno\u015bci cyfrowej<\/h2>\n\n\n\n<p class=\"wp-block-paragraph\" id=\"a11y-status\">Ta strona internetowa jest cz\u0119\u015bciowo zgodna z za\u0142\u0105cznikiem do ustawy o dost\u0119pno\u015bci cyfrowej z dnia 4 kwietnia 2019 r. o dost\u0119pno\u015bci cyfrowej stron internetowych i aplikacji mobilnych podmiot\u00f3w publicznych z powodu niezgodno\u015bci i wy\u0142\u0105cze\u0144 wymienionych poni\u017cej.<\/p>\n\n\n\n<h2 class=\"wp-block-heading\">Niedost\u0119pne tre\u015bci<\/h2>\n\n\n\n<h3 class=\"wp-block-heading\">Niezgodno\u015b\u0107 z za\u0142\u0105cznikiem<\/h3>\n\n\n\n<ul class=\"wp-block-list\">\n<li>Cz\u0119\u015b\u0107 fotografii oraz galerii zamieszczonych w serwisie nie posiada opis\u00f3w alternatywnych, czyli technik udost\u0119pniaj\u0105cych u\u017cytkownikom program\u00f3w odczytu ekranu informacje o nietekstowych elementach strony internetowej.<\/li>\n\n\n\n<li>Wi\u0119kszo\u015b\u0107 plik\u00f3w dokument\u00f3w udost\u0119pnionych w serwisie jest dost\u0119pna dla program\u00f3w odczytu ekranu. Natomiast cz\u0119\u015b\u0107 udost\u0119pnianej tre\u015bci nie zosta\u0142a przygotowana z uwzgl\u0119dnieniem zasad dost\u0119pno\u015bci dla os\u00f3b z niepe\u0142nosprawno\u015bciami.<br>Cz\u0119\u015b\u0107 dokument\u00f3w nie zawiera nag\u0142\u00f3wk\u00f3w, alternatywnych opis\u00f3w obraz\u00f3w i innych element\u00f3w w strukturze informatycznej, zwi\u0119kszaj\u0105cych dost\u0119pno\u015b\u0107 serwisu dla u\u017cytkownik\u00f3w program\u00f3w odczytu ekranu.<\/li>\n<\/ul>\n\n\n\n<h3 class=\"wp-block-heading\">Nadmierne koszty<\/h3>\n\n\n\n<ul class=\"wp-block-list\">\n<li><\/li>\n<\/ul>\n\n\n\n<h2 class=\"wp-block-heading\">Tre\u015bci nieobj\u0119te przepisami<\/h2>\n\n\n\n<ul class=\"wp-block-list\">\n<li>Dokumenty opublikowane przed 23 wrze\u015bnia 2018 r. nie s\u0105 dost\u0119pne cyfrowo. Je\u015bli potrzebujesz, kt\u00f3rego\u015b z nich w formie dost\u0119pnej, skontaktuj si\u0119 z nami i wska\u017c, o kt\u00f3ry dokument chodzi.<\/li>\n<\/ul>\n\n\n\n<h2 class=\"wp-block-heading\">Udogodnienia, ograniczenia i inne informacje<\/h2>\n\n\n\n<ul class=\"wp-block-list\">\n<li>mo\u017cliwo\u015b\u0107 powi\u0119kszania wielko\u015bci liter w tre\u015bci strony,<\/li>\n\n\n\n<li>wyszukiwarka tre\u015bci,<\/li>\n\n\n\n<li>mo\u017cliwo\u015b\u0107 nawigacji klawiatur\u0105 (TAB),<\/li>\n\n\n\n<li>widoczny fokus element\u00f3w nawigacyjnych.<\/li>\n<\/ul>\n\n\n\n<h2 class=\"wp-block-heading\">Przygotowanie deklaracji dost\u0119pno\u015bci<\/h2>\n\n\n\n<ul class=\"wp-block-list\">\n<li>O\u015bwiadczenie sporz\u0105dzono dnia: <time id=\"a11y-data-sporzadzenie\" datetime=\"2021-11-01\"><strong>01 stycznia 2021 roku.<\/strong><\/time><\/li>\n\n\n\n<li>Data ostatniego przegl\u0105du deklaracji: <time id=\"a11y-data-przeglad\" datetime=\"2026-02-26\"><strong>26 lutego 2026 roku.<\/strong><\/time><\/li>\n<\/ul>\n\n\n\n<p class=\"wp-block-paragraph\">Deklaracj\u0119 sporz\u0105dzono na podstawie samooceny przeprowadzonej przez podmiot publiczny.<br>Oceny dost\u0119pno\u015bci cyfrowej dokonano w oparciu o analiz\u0119 zgodno\u015bci z wytycznymi WCAG 2.1 na poziomie AA, z wykorzystaniem test\u00f3w automatycznych narz\u0119dziem Lighthouse (Google Chrome) oraz weryfikacji eksperckiej struktury semantycznej, nawigacji klawiaturowej, kontrastu, struktury nag\u0142\u00f3wk\u00f3w i element\u00f3w formularzy.<br>Wynik oceny dost\u0119pno\u015bci strony w narz\u0119dziu Lighthouse wyni\u00f3s\u0142 90\/100 w kategorii \u201eU\u0142atwienia dost\u0119pu\u201d.<br>Zidentyfikowane ostrze\u017cenia dotycz\u0105 komponentu karuzeli tre\u015bci opartego na bibliotece Flickity, kt\u00f3ry wprowadza transformacj\u0119 struktury DOM powoduj\u0105c\u0105 sygnalizacj\u0119 przez narz\u0119dzia automatyczne. Ograniczenie to nie wp\u0142ywa na percepcj\u0119 tre\u015bci przez technologie wspomagaj\u0105ce.<br>Raport z przeprowadzonej samooceny dost\u0119pno\u015bci cyfrowej dost\u0119pny jest poni\u017cej.<\/p>\n\n\n\n<div class=\"wp-block-file\"><a id=\"wp-block-file--media-5b929502-6057-4226-a500-7e425e886a37\" href=\"https:\/\/wbp.lublin.pl\/wp-content\/uploads\/2026\/02\/raport-dostepnosci-wbp-lublin-2026.pdf\">Raport z samooceny dost\u0119pno\u015bci cyfrowej strony (PDF)<\/a><a href=\"https:\/\/wbp.lublin.pl\/wp-content\/uploads\/2026\/02\/raport-dostepnosci-wbp-lublin-2026.pdf\" class=\"wp-block-file__button wp-element-button\" download aria-describedby=\"wp-block-file--media-5b929502-6057-4226-a500-7e425e886a37\">Pobierz<\/a><\/div>\n\n\n\n<h2 class=\"wp-block-heading\">Skr\u00f3ty klawiaturowe<\/h2>\n\n\n\n<ul class=\"wp-block-list\">\n<li>Na stronie internetowej mo\u017cna u\u017cywa\u0107 standardowych skr\u00f3t\u00f3w klawiaturowych przegl\u0105darki.<\/li>\n<\/ul>\n\n\n\n<h2 id=\"a11y-kontakt\" class=\"wp-block-heading\">Informacje zwrotne i dane kontaktowe<\/h2>\n\n\n\n<p class=\"wp-block-paragraph\">W przypadku problem\u00f3w z dost\u0119pno\u015bci\u0105 strony internetowej prosimy o kontakt. <br>Osob\u0105 kontaktow\u0105 jest <span id=\"a11y-osoba\">Marek Semeniuk<\/span>, <a title=\"Adres e-mail do osoby kontaktowej w sprawie dost\u0119pno\u015bci.\" href=\"mailto:msemeniuk@wbp.lublin.pl\"><span id=\"a11y-email\">msemeniuk@wbp.lublin.pl<\/span><br><\/a>Kontaktowa\u0107 mo\u017cna si\u0119 tak\u017ce dzwoni\u0105c na numer telefonu: <a href=\"tel:81 52 87 414\"><span id=\"a11y-telefon\">81 52 87 414<\/span><br><\/a>T\u0105 sam\u0105 drog\u0105 mo\u017cna sk\u0142ada\u0107 wnioski o udost\u0119pnienie informacji niedost\u0119pnej oraz sk\u0142ada\u0107 skargi na brak zapewnienia dost\u0119pno\u015bci.<\/p>\n\n\n\n<h3 class=\"wp-block-heading\">Obs\u0142uga wniosk\u00f3w i skarg zwi\u0105zanych z dost\u0119pno\u015bci\u0105<\/h3>\n\n\n\n<p class=\"wp-block-paragraph\" id=\"a11y-procedura\">Ka\u017cdy ma prawo do wyst\u0105pienia z \u017c\u0105daniem zapewnienia dost\u0119pno\u015bci cyfrowej strony internetowej, aplikacji mobilnej lub jakiego\u015b ich elementu. Mo\u017cna tak\u017ce za\u017c\u0105da\u0107 udost\u0119pnienia informacji za pomoc\u0105 alternatywnego sposobu dost\u0119pu, na przyk\u0142ad przez odczytanie niedost\u0119pnego cyfrowo dokumentu, opisanie zawarto\u015bci filmu bez audiodeskrypcji itp. \u017b\u0105danie powinno zawiera\u0107 dane osoby zg\u0142aszaj\u0105cej \u017c\u0105danie, wskazanie, o kt\u00f3r\u0105 stron\u0119 internetow\u0105 lub aplikacj\u0119 mobiln\u0105 chodzi oraz spos\u00f3b kontaktu. Je\u017celi osoba \u017c\u0105daj\u0105ca zg\u0142asza potrzeb\u0119 otrzymania informacji za pomoc\u0105 alternatywnego sposobu dost\u0119pu, powinna tak\u017ce okre\u015bli\u0107 dogodny dla niej spos\u00f3b przedstawienia tej informacji. Podmiot publiczny powinien zrealizowa\u0107 \u017c\u0105danie niezw\u0142ocznie, nie p\u00f3\u017aniej ni\u017c w ci\u0105gu 7 dni od dnia wyst\u0105pienia z \u017c\u0105daniem. Je\u017celi dotrzymanie tego terminu nie jest mo\u017cliwe, podmiot publiczny niezw\u0142ocznie informuje o tym wnosz\u0105cego \u017c\u0105danie, kiedy realizacja \u017c\u0105dania b\u0119dzie mo\u017cliwa, przy czym termin ten nie mo\u017ce by\u0107 d\u0142u\u017cszy ni\u017c 2 miesi\u0105ce od dnia wyst\u0105pienia z \u017c\u0105daniem. Je\u017celi zapewnienie dost\u0119pno\u015bci cyfrowej nie jest mo\u017cliwe, podmiot publiczny mo\u017ce zaproponowa\u0107 alternatywny spos\u00f3b dost\u0119pu do informacji. <br>W przypadku, gdy podmiot publiczny odm\u00f3wi realizacji \u017c\u0105dania zapewnienia dost\u0119pno\u015bci lub alternatywnego sposobu dost\u0119pu do informacji, wnosz\u0105cy \u017c\u0105danie mo\u017ce z\u0142o\u017cy\u0107 skarg\u0119 w sprawie zapewniania dost\u0119pno\u015bci cyfrowej strony internetowej, aplikacji mobilnej lub elementu strony internetowej, lub aplikacji mobilnej. Po wyczerpaniu wskazanej wy\u017cej procedury mo\u017cna tak\u017ce z\u0142o\u017cy\u0107 wniosek do Rzecznika Praw Obywatelskich.<\/p>\n\n\n\n<p class=\"has-text-align-center wp-block-paragraph\"><a href=\"https:\/\/www.rpo.gov.pl\/content\/jak-zglosic-sie-do-rzecznika-praw-obywatelskich\" target=\"_blank\" rel=\"noreferrer noopener\">Strona internetowa Rzecznika Praw Obywatelskich<\/a><\/p>\n\n\n\n<h1 class=\"wp-block-heading\">Pozosta\u0142e informacje<\/h1>\n\n\n\n<h1 id=\"a11y-architektura\" class=\"wp-block-heading\">Dost\u0119pno\u015b\u0107 architektoniczna<\/h1>\n\n\n\n<h3 class=\"wp-block-heading\">Wojew\u00f3dzka Biblioteka Publiczna im. Hieronima \u0141opaci\u0144skiego w Lublinie<\/h3>\n\n\n\n<p class=\"wp-block-paragraph\">Narutowicza 4, 20-950 Lublin<\/p>\n\n\n\n<h3 class=\"wp-block-heading\">Parking<\/h3>\n\n\n\n<p class=\"wp-block-paragraph\">Przy budynku wyznaczono 1 miejsce parkingowe dla os\u00f3b z niepe\u0142nosprawno\u015bci\u0105.<br>Miejsce znajduje si\u0119 naprzeciw wjazdu do Biblioteki, w bezpo\u015bredniej blisko\u015bci wej\u015bcia g\u0142\u00f3wnego.<br>Parking jest bezp\u0142atny.<\/p>\n\n\n\n<h3 id=\"a11y-komunikacja\" class=\"wp-block-heading\">Dost\u0119pno\u015b\u0107 komunikacyjno-informacyjna<\/h3>\n\n\n\n<p class=\"wp-block-paragraph\">Dost\u0119pne:<\/p>\n\n\n\n<ul class=\"wp-block-list\">\n<li>Toaleta dla os\u00f3b z niepe\u0142nosprawno\u015bciami<\/li>\n\n\n\n<li>Por\u0119cze przy schodach \u2013 z wy\u0142\u0105czeniem ostatnich 2 stopni prowadz\u0105cych do Galerii Bia\u0142ej<\/li>\n\n\n\n<li>Schody z kontrastowymi oznaczeniami<\/li>\n\n\n\n<li>Kontrastowe oznaczenia drzwi i kraw\u0119dzi<\/li>\n\n\n\n<li>Tabliczki z oznaczeniami w alfabecie Braille\u2019a \u2013 np. na drzwiach, windach, por\u0119czach, wej\u015bciach do pomieszcze\u0144<\/li>\n\n\n\n<li>Przycisk umo\u017cliwiaj\u0105cy wezwanie asystenta osoby z niepe\u0142nosprawno\u015bci\u0105 oraz tablica informacyjna w alfabecie Braille\u2019a (po lewej stronie za szklanym wej\u015bciem od strony parkingu)<\/li>\n\n\n\n<li>Powi\u0119kszalnik Komputerowy OCR DaVinci- aplikacje czytaj\u0105ce tekst na g\u0142os \u2013 umo\u017cliwiaj\u0105ce ods\u0142uchanie oraz powi\u0119kszenie tre\u015bci dost\u0119pnych w bibliotece (Czytelnia Czasopism)<\/li>\n\n\n\n<li>Transkrypcja \u2013 dla film\u00f3w i multimedi\u00f3w.<\/li>\n<\/ul>\n\n\n\n<p class=\"wp-block-paragraph\">W trakcie wdra\u017cania:<\/p>\n\n\n\n<ul class=\"wp-block-list\">\n<li>Systemy wspomagania s\u0142uchu -P\u0119tla Indukcyjna w  Wypo\u017cyczalni oraz Galeri Bia\u0142ej<\/li>\n\n\n\n<li>T\u0142umacz j\u0119zyka migowego dost\u0119pny na miejscu<\/li>\n\n\n\n<li>Filmy informacyjne z t\u0142umaczeniem na PJM (Polski J\u0119zyk Migowy) \u2013 np. instrukcje korzystania z us\u0142ug instytucji, opis dzia\u0142alno\u015bci<\/li>\n\n\n\n<li>Stanowisko komputerowe dla os\u00f3b niepe\u0142nosprawnych z dost\u0119pn\u0105 mysz\u0105 oraz klawiatur\u0105 komputerow\u0105 (Czytelnia Czasopism)<\/li>\n<\/ul>\n\n\n\n<h3 class=\"wp-block-heading\">Opis og\u00f3lny<\/h3>\n\n\n\n<p class=\"wp-block-paragraph\">Do wn\u0119trza g\u0142\u00f3wnego budynku wchodzi si\u0119 przez r\u0119cznie otwierane drzwi.<br>Na drzwiach tabliczka (listewka) w alfabecie Braille\u2019a z opisem. Po przekroczeniu wej\u015bcia g\u0142\u00f3wnego wchodzi si\u0119 do holu.<br>Na wprost wej\u015bcia znajduje si\u0119 winda (obrysowana dooko\u0142a \u017c\u00f3\u0142t\u0105 ta\u015bm\u0105 z przerw\u0105 w miejscu gdzie jest w\u0142\u0105cznik przywo\u0142uj\u0105cy). Na \u015bcianie (po lewej stronie od wej\u015bcia) znajduje si\u0119 przycisk umo\u017cliwiaj\u0105cy wezwanie asystenta osoby<br>z niepe\u0142nosprawno\u015bci\u0105 oraz tablica informacyjna w alfabecie Braille\u2019a Po prawej stronie znajduje si\u0119 wypo\u017cyczalnia.<br>Na por\u0119czach schod\u00f3w prowadz\u0105cych na poziom +1 i +2 tabliczki (listewki) w alfabecie Braille\u2019a z opisem.<br>Dodatkowo tabliczka (listewka) w alfabecie Braille\u2019a na drzwiach wej\u015bciowych do sekretariatu dyrektora. Por\u0119cz schod\u00f3w prowadz\u0105cych na poziom -1 z oznaczeniem na por\u0119czy tabliczkami (listewkami) w alfabecie Braille\u2019a z opisem. Korzystaj\u0105c z windy lub schod\u00f3w znajduj\u0105cych si\u0119 po lewej stronie od wej\u015bcia do budynku mo\u017cna dosta\u0107 si\u0119 na poziom -1. Na tym poziomie znajduje si\u0119 sala konferencyjna, szatnia oraz toaleta dostosowana do potrzeb os\u00f3b z niepe\u0142nosprawno\u015bciami. Wej\u015bcie do WC dla os\u00f3b niepe\u0142nosprawnych m\u0119skiego i damskiego na poziomie -1 obrysowane dooko\u0142a \u017c\u00f3\u0142t\u0105 ta\u015bm\u0105. Wje\u017cd\u017caj\u0105c wind\u0105 na poziom +1 osoby na w\u00f3zku inwalidzkim mog\u0105 skorzysta\u0107 z czytelni czasopism, gdzie mog\u0105 otrzyma\u0107 wszystkie potrzebne materia\u0142y, skorzysta\u0107 z czytnika dla os\u00f3b niedowidz\u0105cych i s\u0142abowidz\u0105cych da Vinci oraz bezp\u0142atny dost\u0119p do Wi-Fi. Teren wok\u00f3\u0142 budynku jest utwardzony.<br>Przestrze\u0144 jest zazwyczaj cicha i spokojna.<\/p>\n\n\n\n<h3 class=\"wp-block-heading\">Pies asystuj\u0105cy<\/h3>\n\n\n\n<ul class=\"wp-block-list\">\n<li>Mo\u017cesz przyj\u015b\u0107 z psem asystuj\u0105cym lub psem przewodnikiem. Pami\u0119taj o certyfikacie psa asystuj\u0105cego i za\u015bwiadczeniu o szczepieniu.<\/li>\n<\/ul>\n\n\n\n<h3 class=\"wp-block-heading\">Wej\u015bcie do budynku<\/h3>\n\n\n\n<ul class=\"wp-block-list\">\n<li>Wej\u015bcie jest na poziomie gruntu. Nie ma przeszk\u00f3d, by wjecha\u0107 na w\u00f3zku (przez wjazd na parking)<\/li>\n\n\n\n<li>Do wej\u015bcia g\u0142\u00f3wnego prowadz\u0105 schody.<\/li>\n\n\n\n<li>Stopnie s\u0105 oznaczone kontrastowo.<\/li>\n\n\n\n<li>Przy schodach znajduje si\u0119 por\u0119cz.<\/li>\n\n\n\n<li>Drzwi musisz otworzy\u0107 r\u0119cznie.<\/li>\n\n\n\n<li>Otwieraj\u0105 si\u0119 na zewn\u0105trz.<\/li>\n\n\n\n<li>Otworzenie drzwi nie wymaga du\u017cej si\u0142y.<\/li>\n\n\n\n<li>Drzwi s\u0105 prze\u017aroczyste i s\u0105 kontrastowo oznaczone.<\/li>\n<\/ul>\n\n\n\n<h3 class=\"wp-block-heading\">Ci\u0105gi poziome<\/h3>\n\n\n\n<p class=\"wp-block-paragraph\">Cz\u0119\u015b\u0107 korytarzy nie jest dost\u0119pna dla os\u00f3b poruszaj\u0105cych si\u0119 na w\u00f3zkach, wej\u015bcie wymaga pokonania schod\u00f3w.<\/p>\n\n\n\n<ul class=\"wp-block-list\">\n<li>Korytarz na pierwszym pi\u0119trze starej cz\u0119\u015bci budynku (dzia\u0142 Informacji, Cyfryzacji i Komputeryzacji, Naukowo Wydawniczy, Czytelnia Naukowa, Sekretariat, Dyrekcja) <\/li>\n\n\n\n<li>Korytarz prowadz\u0105cy do Galerii Bia\u0142ej na drugim pi\u0119trze (Galeria Bia\u0142a, Dzia\u0142 Cyfryzacji i Komputeryzacji, Czytelnia Zbior\u00f3w Specjalnych)<\/li>\n<\/ul>\n\n\n\n<h3 class=\"wp-block-heading\">Ci\u0105gi pionowe<\/h3>\n\n\n\n<ul class=\"wp-block-list\">\n<li>Na inne kondygnacje mo\u017cesz si\u0119 dosta\u0107 za pomoc\u0105 schod\u00f3w<\/li>\n\n\n\n<li>Do bezpo\u015bredniego dost\u0119pu do niekt\u00f3rych pomieszcze\u0144 mo\u017cesz skorzysta\u0107 z windy.<\/li>\n<\/ul>\n\n\n\n<h4 class=\"wp-block-heading\">Schody<\/h4>\n\n\n\n<ul class=\"wp-block-list\">\n<li>Przy schodach znajduje si\u0119 por\u0119cz wzd\u0142u\u017c ca\u0142ego ci\u0105gu (z wyj\u0105tkiem 2 ostatnich stopni prowadz\u0105cych do Galerii Bia\u0142ej)<\/li>\n\n\n\n<li>Stopnie s\u0105 oznaczone kontrastowo<\/li>\n<\/ul>\n\n\n\n<h4 class=\"wp-block-heading\">Winda<\/h4>\n\n\n\n<ul class=\"wp-block-list\">\n<li>Drzwi windy otwieraj\u0105 si\u0119 automatycznie<\/li>\n\n\n\n<li>Winda znajduje si\u0119 w budynku naprzeciw szklanego wej\u015bcia od strony parkingu<\/li>\n<\/ul>\n\n\n\n<h3 class=\"wp-block-heading\">Pomieszczenia<\/h3>\n\n\n\n<p class=\"wp-block-paragraph\">Pomieszczenie jest  dost\u0119pne dla os\u00f3b poruszaj\u0105cych si\u0119 na w\u00f3zkach inwalidzkich:<\/p>\n\n\n\n<ul class=\"wp-block-list\">\n<li>Czytelnia Czasopism (1 pi\u0119tro, winda)<\/li>\n\n\n\n<li>Czytelnia Dzia\u0142u Bibliografii Lubelszczyzny i Wiedzy o Regionie (parter)<\/li>\n\n\n\n<li>Ksi\u0119garnia u Hieronima (parter)<\/li>\n\n\n\n<li>Oddzia\u0142 dla Dzieci (parter)<\/li>\n\n\n\n<li>Sala Konferencyjna (pi\u0119tro -1, winda)<\/li>\n\n\n\n<li>Studio Nagraniowe (pi\u0119tro -1, winda)<\/li>\n\n\n\n<li>Wypo\u017cyczalnia (parter)<\/li>\n\n\n\n<li>Xero \/ Dzia\u0142 Organizacji (parter)<\/li>\n<\/ul>\n\n\n\n<p class=\"wp-block-paragraph\">Pomieszczenie nie jest dost\u0119pne dla os\u00f3b poruszaj\u0105cych si\u0119 na w\u00f3zkach inwalidzkich b\u0105d\u017a os\u00f3b ze szczeg\u00f3lnymi potrzebami w zakresie mobilno\u015bci \u2013 wej\u015bcie wymaga pokonania schod\u00f3w, brak alternatywnej drogi dost\u0119pu (np. windy, podjazdu).<\/p>\n\n\n\n<ul class=\"wp-block-list\">\n<li>Czytelnia Naukowa ( pi\u0119tro 1)<\/li>\n\n\n\n<li>Czytelnia Zbior\u00f3w Specjalnych (pi\u0119tro 2)<\/li>\n\n\n\n<li>Galeria Bia\u0142a (pi\u0119tro 2)<\/li>\n\n\n\n<li>Informacja \/ Informatorium (pi\u0119tro 1)<\/li>\n<\/ul>\n\n\n\n<p class=\"wp-block-paragraph\">Istnieje mo\u017cliwo\u015b\u0107 uzyskania pomocy ze strony personelu.<\/p>\n\n\n\n<h3 class=\"wp-block-heading\">\u0141azienka<\/h3>\n\n\n\n<ul class=\"wp-block-list\">\n<li>W budynku jest toaleta dost\u0119pna dla os\u00f3b z niepe\u0142nosprawno\u015bci\u0105. (winda, poziom -1)<\/li>\n\n\n\n<li>Drzwi otwieraj\u0105 si\u0119 na zewn\u0105trz.<\/li>\n\n\n\n<li>Nie ma przeszk\u00f3d, by wjecha\u0107 na w\u00f3zku do \u0142azienki.<\/li>\n<\/ul>\n\n\n\n<h2 id=\"a11y-aplikacje\" class=\"wp-block-heading\">Aplikacje mobilne<\/h2>\n\n\n\n<p class=\"wp-block-paragraph\">brak<\/p>\n\n\n\n<h2 class=\"wp-block-heading\">Dodatkowe informacje<\/h2>\n\n\n\n<div class=\"wp-block-file\"><a id=\"wp-block-file--media-5a71cc4f-5753-4da2-a82c-79af9540586f\" href=\"https:\/\/wbp.lublin.pl\/wp-content\/uploads\/2025\/03\/Raport-o-stanie-zapewniania-dostepnosci-podmiotu-publicznego-2025.pdf\">Raport o stanie zapewniania dost\u0119pno\u015bci podmiotu publicznego 2025 (PDF)<\/a><a href=\"https:\/\/wbp.lublin.pl\/wp-content\/uploads\/2025\/03\/Raport-o-stanie-zapewniania-dostepnosci-podmiotu-publicznego-2025.pdf\" class=\"wp-block-file__button wp-element-button\" download aria-describedby=\"wp-block-file--media-5a71cc4f-5753-4da2-a82c-79af9540586f\">Pobierz<\/a><\/div>\n\n\n\n<p class=\"wp-block-paragraph\">Archiwalne:<\/p>\n\n\n\n<p class=\"wp-block-paragraph\"><a href=\"https:\/\/wbp.lublin.pl\/wp-content\/uploads\/2021\/03\/Raport-o-stanie-zapewniania-dostepnosci-podmiotu-publicznego-PDF-111KB.pdf\">Raport o stanie zapewniania dost\u0119pno\u015bci podmiotu publicznego 2022 (PDF)<\/a><\/p>\n\n\n\n<p class=\"wp-block-paragraph\"><a href=\"https:\/\/wbp.lublin.pl\/wp-content\/uploads\/2021\/03\/Raport-o-stanie-zapewniania-dostepnosci-podmiotu-publicznego-ETR-PDF-66KB.pdf\">Raport o stanie zapewniania dost\u0119pno\u015bci podmiotu publicznego 2022 (PDF)<\/a><\/p>\n\n\n\n<p class=\"wp-block-paragraph\"><\/p>\n","protected":false},"excerpt":{"rendered":"<p>Deklaracja dost\u0119pno\u015bci Wojew\u00f3dzka Biblioteka Publiczna im. Hieronima \u0141opaci\u0144skiego w Lublinie zobowi\u0105zuje si\u0119 zapewni\u0107 dost\u0119pno\u015b\u0107 swojej strony internetowej zgodnie z ustaw\u0105 z dnia 4 kwietnia 2019 r. o dost\u0119pno\u015bci cyfrowej stron [&hellip;]<\/p>\n","protected":false},"author":18,"featured_media":0,"parent":0,"menu_order":48,"comment_status":"closed","ping_status":"closed","template":"","meta":{"_tec_requires_first_save":true,"_crdt_document":"","pgc_sgb_lightbox_settings":"","_EventAllDay":false,"_EventTimezone":"","_EventStartDate":"","_EventEndDate":"","_EventStartDateUTC":"","_EventEndDateUTC":"","_EventShowMap":false,"_EventShowMapLink":false,"_EventURL":"","_EventCost":"","_EventCostDescription":"","_EventCurrencySymbol":"","_EventCurrencyCode":"","_EventCurrencyPosition":"","_EventDateTimeSeparator":"","_EventTimeRangeSeparator":"","_EventOrganizerID":[],"_EventVenueID":[],"_OrganizerEmail":"","_OrganizerPhone":"","_OrganizerWebsite":"","_VenueAddress":"","_VenueCity":"","_VenueCountry":"","_VenueProvince":"","_VenueState":"","_VenueZip":"","_VenuePhone":"","_VenueURL":"","_VenueStateProvince":"","_VenueLat":"","_VenueLng":"","_VenueShowMap":false,"_VenueShowMapLink":false,"_tribe_blocks_recurrence_rules":"","_tribe_blocks_recurrence_description":"","_tribe_blocks_recurrence_exclusions":"","footnotes":""},"class_list":["post-65085","page","type-page","status-publish","hentry"],"publishpress_future_action":{"enabled":false,"date":"2026-04-12 02:42:56","action":"change-status","newStatus":"draft","terms":[],"taxonomy":"","extraData":[]},"publishpress_future_workflow_manual_trigger":{"enabledWorkflows":[]},"_links":{"self":[{"href":"https:\/\/wbp.lublin.pl\/index.php\/wp-json\/wp\/v2\/pages\/65085","targetHints":{"allow":["GET"]}}],"collection":[{"href":"https:\/\/wbp.lublin.pl\/index.php\/wp-json\/wp\/v2\/pages"}],"about":[{"href":"https:\/\/wbp.lublin.pl\/index.php\/wp-json\/wp\/v2\/types\/page"}],"author":[{"embeddable":true,"href":"https:\/\/wbp.lublin.pl\/index.php\/wp-json\/wp\/v2\/users\/18"}],"replies":[{"embeddable":true,"href":"https:\/\/wbp.lublin.pl\/index.php\/wp-json\/wp\/v2\/comments?post=65085"}],"version-history":[{"count":54,"href":"https:\/\/wbp.lublin.pl\/index.php\/wp-json\/wp\/v2\/pages\/65085\/revisions"}],"predecessor-version":[{"id":79672,"href":"https:\/\/wbp.lublin.pl\/index.php\/wp-json\/wp\/v2\/pages\/65085\/revisions\/79672"}],"wp:attachment":[{"href":"https:\/\/wbp.lublin.pl\/index.php\/wp-json\/wp\/v2\/media?parent=65085"}],"curies":[{"name":"wp","href":"https:\/\/api.w.org\/{rel}","templated":true}]}}