{"id":6538,"date":"2018-06-14T20:17:57","date_gmt":"2018-06-14T18:17:57","guid":{"rendered":"https:\/\/wbp.lublin.pl8\/?page_id=6538"},"modified":"2023-06-05T14:22:11","modified_gmt":"2023-06-05T12:22:11","slug":"dzial-udostepniania","status":"publish","type":"page","link":"https:\/\/wbp.lublin.pl\/index.php\/kontakty\/dzial-udostepniania\/","title":{"rendered":"Dzia\u0142 Udost\u0119pniania Zbior\u00f3w. Multimedia"},"content":{"rendered":"\n<!--more-->\n\n\n\n<p class=\"wp-block-paragraph\">e-mail: <a href=\"mailto:bjanuszek@wbp.lublin.pl\">bjanuszek@wbp.lublin.pl<\/a><\/p>\n\n\n\n<p class=\"wp-block-paragraph\"> <a href=\"mailto:udost@wbp.lublin.pl\">udost@wbp.lublin.pl<\/a><\/p>\n\n\n\n<p class=\"wp-block-paragraph\">tel. <a href=\"tel:815287426\" data-type=\"tel\" data-id=\"tel:815287426\">81-52-87-426<\/a><\/p>\n\n\n\n<p class=\"wp-block-paragraph\"><strong>Wypo\u017cyczalnia: <\/strong><br>e-mail: <a href=\"mailto:wyp@wbp.lublin.pl\">wyp@wbp.lublin.pl<\/a><br>tel. <a href=\"tel:815287442\" data-type=\"tel\" data-id=\"tel:815287442\">81-52-87-442<\/a><\/p>\n\n\n\n<p class=\"wp-block-paragraph\"><strong>Czytelnia Naukowa:<br><\/strong>tel.: <a href=\"tel:815287426\" data-type=\"tel\" data-id=\"tel:815287426\">81-52-87-426<\/a><\/p>\n\n\n\n<p class=\"wp-block-paragraph\"><strong>Czytelnia Czasopism:<br><\/strong>tel.: <a href=\"tel:815287440\" data-type=\"tel\" data-id=\"tel:815287440\">81-52-87-440<\/a><\/p>\n\n\n\n<p class=\"wp-block-paragraph\"><strong>Oddzia\u0142 dla Dzieci:<br><\/strong>e-mail: <a href=\"mailto:odd@wbp.lublin.pl\">odd@wbp.lublin.pl<\/a><br>tel.: <a href=\"tel:815287442\" data-type=\"tel\" data-id=\"tel:815287442\">81-52-87-442<\/a><\/p>\n\n\n\n<p class=\"wp-block-paragraph\"><strong>Wypo\u017cyczalnia Mi\u0119dzybiblioteczna:<br><\/strong>e-mail: <a href=\"mailto:udost@wbp.lublin.pl\">udost@wbp.lublin.pl<\/a><br>tel. <a href=\"tel:815287426\" data-type=\"tel\" data-id=\"tel:815287426\">81-52-87-426<\/a><\/p>\n\n\n\n<p class=\"wp-block-paragraph\"><strong>Godziny pracy:&nbsp;<\/strong><br>poniedzia\u0142ek, wtorek, \u015broda, pi\u0105tek: 9.00 \u2013 19.45<br>czwartek, sobota: 9.00 \u2013 15.00<\/p>\n","protected":false},"excerpt":{"rendered":"","protected":false},"author":18,"featured_media":0,"parent":5416,"menu_order":46,"comment_status":"closed","ping_status":"closed","template":"template-noleft.php","meta":{"_tec_requires_first_save":true,"_crdt_document":"","pgc_sgb_lightbox_settings":"","_EventAllDay":false,"_EventTimezone":"","_EventStartDate":"","_EventEndDate":"","_EventStartDateUTC":"","_EventEndDateUTC":"","_EventShowMap":false,"_EventShowMapLink":false,"_EventURL":"","_EventCost":"","_EventCostDescription":"","_EventCurrencySymbol":"","_EventCurrencyCode":"","_EventCurrencyPosition":"","_EventDateTimeSeparator":"","_EventTimeRangeSeparator":"","_EventOrganizerID":[],"_EventVenueID":[],"_OrganizerEmail":"","_OrganizerPhone":"","_OrganizerWebsite":"","_VenueAddress":"","_VenueCity":"","_VenueCountry":"","_VenueProvince":"","_VenueState":"","_VenueZip":"","_VenuePhone":"","_VenueURL":"","_VenueStateProvince":"","_VenueLat":"","_VenueLng":"","_VenueShowMap":false,"_VenueShowMapLink":false,"_tribe_blocks_recurrence_rules":"","_tribe_blocks_recurrence_description":"","_tribe_blocks_recurrence_exclusions":"","footnotes":""},"class_list":["post-6538","page","type-page","status-publish","hentry"],"publishpress_future_action":{"enabled":false,"date":"2026-04-24 00:21:46","action":"change-status","newStatus":"draft","terms":[],"taxonomy":"","extraData":[]},"publishpress_future_workflow_manual_trigger":{"enabledWorkflows":[]},"_links":{"self":[{"href":"https:\/\/wbp.lublin.pl\/index.php\/wp-json\/wp\/v2\/pages\/6538","targetHints":{"allow":["GET"]}}],"collection":[{"href":"https:\/\/wbp.lublin.pl\/index.php\/wp-json\/wp\/v2\/pages"}],"about":[{"href":"https:\/\/wbp.lublin.pl\/index.php\/wp-json\/wp\/v2\/types\/page"}],"author":[{"embeddable":true,"href":"https:\/\/wbp.lublin.pl\/index.php\/wp-json\/wp\/v2\/users\/18"}],"replies":[{"embeddable":true,"href":"https:\/\/wbp.lublin.pl\/index.php\/wp-json\/wp\/v2\/comments?post=6538"}],"version-history":[{"count":7,"href":"https:\/\/wbp.lublin.pl\/index.php\/wp-json\/wp\/v2\/pages\/6538\/revisions"}],"predecessor-version":[{"id":45359,"href":"https:\/\/wbp.lublin.pl\/index.php\/wp-json\/wp\/v2\/pages\/6538\/revisions\/45359"}],"up":[{"embeddable":true,"href":"https:\/\/wbp.lublin.pl\/index.php\/wp-json\/wp\/v2\/pages\/5416"}],"wp:attachment":[{"href":"https:\/\/wbp.lublin.pl\/index.php\/wp-json\/wp\/v2\/media?parent=6538"}],"curies":[{"name":"wp","href":"https:\/\/api.w.org\/{rel}","templated":true}]}}