{"id":6539,"date":"2018-06-14T20:18:00","date_gmt":"2018-06-14T18:18:00","guid":{"rendered":"https:\/\/wbp.lublin.pl8\/?page_id=6539"},"modified":"2023-06-05T14:27:53","modified_gmt":"2023-06-05T12:27:53","slug":"dzial-informacji-i-promocji","status":"publish","type":"page","link":"https:\/\/wbp.lublin.pl\/index.php\/kontakty\/dzial-informacji-i-promocji\/","title":{"rendered":"Dzia\u0142 Informacji i Promocji"},"content":{"rendered":"\n<!--more-->\n\n\n\n<p class=\"wp-block-paragraph\">e-mail: <a href=\"mailto:akoziol@wbp.lublin.pl\">akoziol@wbp.lublin.pl<\/a><\/p>\n\n\n\n<p class=\"wp-block-paragraph\"><strong>Informatorium:&nbsp;<\/strong><br>e-mail: <a href=\"mailto:informatorium@wbp.lublin.pl\">informatorium@wbp.lublin.pl<\/a><\/p>\n\n\n\n<p class=\"wp-block-paragraph\">tel. <a href=\"tel:81528741\" data-type=\"tel\" data-id=\"tel:81528741\">81-52-87-41<\/a>7, <a href=\"tel:815287437\" data-type=\"tel\" data-id=\"tel:815287437\">81-52-87-437<\/a><\/p>\n\n\n\n<p class=\"wp-block-paragraph\"><strong>Godziny pracy: <\/strong><br>poniedzia\u0142ek, wtorek, \u015broda, pi\u0105tek: 9.00 &#8211; 19.45<br>czwartek, sobota: 9.00 &#8211; 15.00<\/p>\n","protected":false},"excerpt":{"rendered":"","protected":false},"author":18,"featured_media":0,"parent":5416,"menu_order":51,"comment_status":"closed","ping_status":"closed","template":"template-noleft.php","meta":{"_tec_requires_first_save":true,"_crdt_document":"","pgc_sgb_lightbox_settings":"","_EventAllDay":false,"_EventTimezone":"","_EventStartDate":"","_EventEndDate":"","_EventStartDateUTC":"","_EventEndDateUTC":"","_EventShowMap":false,"_EventShowMapLink":false,"_EventURL":"","_EventCost":"","_EventCostDescription":"","_EventCurrencySymbol":"","_EventCurrencyCode":"","_EventCurrencyPosition":"","_EventDateTimeSeparator":"","_EventTimeRangeSeparator":"","_EventOrganizerID":[],"_EventVenueID":[],"_OrganizerEmail":"","_OrganizerPhone":"","_OrganizerWebsite":"","_VenueAddress":"","_VenueCity":"","_VenueCountry":"","_VenueProvince":"","_VenueState":"","_VenueZip":"","_VenuePhone":"","_VenueURL":"","_VenueStateProvince":"","_VenueLat":"","_VenueLng":"","_VenueShowMap":false,"_VenueShowMapLink":false,"_tribe_blocks_recurrence_rules":"","_tribe_blocks_recurrence_description":"","_tribe_blocks_recurrence_exclusions":"","footnotes":""},"class_list":["post-6539","page","type-page","status-publish","hentry"],"publishpress_future_action":{"enabled":false,"date":"2026-04-10 20:28:22","action":"change-status","newStatus":"draft","terms":[],"taxonomy":"","extraData":[]},"publishpress_future_workflow_manual_trigger":{"enabledWorkflows":[]},"_links":{"self":[{"href":"https:\/\/wbp.lublin.pl\/index.php\/wp-json\/wp\/v2\/pages\/6539","targetHints":{"allow":["GET"]}}],"collection":[{"href":"https:\/\/wbp.lublin.pl\/index.php\/wp-json\/wp\/v2\/pages"}],"about":[{"href":"https:\/\/wbp.lublin.pl\/index.php\/wp-json\/wp\/v2\/types\/page"}],"author":[{"embeddable":true,"href":"https:\/\/wbp.lublin.pl\/index.php\/wp-json\/wp\/v2\/users\/18"}],"replies":[{"embeddable":true,"href":"https:\/\/wbp.lublin.pl\/index.php\/wp-json\/wp\/v2\/comments?post=6539"}],"version-history":[{"count":8,"href":"https:\/\/wbp.lublin.pl\/index.php\/wp-json\/wp\/v2\/pages\/6539\/revisions"}],"predecessor-version":[{"id":45360,"href":"https:\/\/wbp.lublin.pl\/index.php\/wp-json\/wp\/v2\/pages\/6539\/revisions\/45360"}],"up":[{"embeddable":true,"href":"https:\/\/wbp.lublin.pl\/index.php\/wp-json\/wp\/v2\/pages\/5416"}],"wp:attachment":[{"href":"https:\/\/wbp.lublin.pl\/index.php\/wp-json\/wp\/v2\/media?parent=6539"}],"curies":[{"name":"wp","href":"https:\/\/api.w.org\/{rel}","templated":true}]}}