{"id":6566,"date":"2018-06-14T20:26:44","date_gmt":"2018-06-14T18:26:44","guid":{"rendered":"https:\/\/wbp.lublin.pl8\/?page_id=6566"},"modified":"2022-04-07T14:46:30","modified_gmt":"2022-04-07T12:46:30","slug":"dzial-zbiorow-specjalnych","status":"publish","type":"page","link":"https:\/\/wbp.lublin.pl\/index.php\/kontakty\/dzial-zbiorow-specjalnych\/","title":{"rendered":"Dzia\u0142 Zbior\u00f3w Specjalnych"},"content":{"rendered":"\n<!--more-->\n\n\n\n<p class=\"wp-block-paragraph\">e-mail: <a href=\"mailto:aoleszek@wbp.lublin.pl\">aoleszek@wbp.lublin.pl<\/a><\/p>\n\n\n\n<p class=\"wp-block-paragraph\">tel. <a href=\"tel:815287441\" data-type=\"tel\" data-id=\"tel:815287441\">81-52-87-441<\/a><\/p>\n\n\n\n<p class=\"wp-block-paragraph\"><strong>Czytelnia Zbior\u00f3w Specjalnych:<br><\/strong>tel. <a href=\"tel:815287438\" data-type=\"tel\" data-id=\"tel:815287438\">81-52-87-438<\/a><\/p>\n\n\n\n<p class=\"wp-block-paragraph\"><strong>Godziny pracy: <\/strong><br>poniedzia\u0142ek, wtorek, \u015broda, pi\u0105tek: 9.00 &#8211; 19.45<br>czwartek, sobota: 9.00 &#8211; 15.00<strong><br><\/strong><\/p>\n","protected":false},"excerpt":{"rendered":"","protected":false},"author":18,"featured_media":0,"parent":5416,"menu_order":57,"comment_status":"closed","ping_status":"closed","template":"template-noleft.php","meta":{"_tec_requires_first_save":true,"_crdt_document":"","pgc_sgb_lightbox_settings":"","_EventAllDay":false,"_EventTimezone":"","_EventStartDate":"","_EventEndDate":"","_EventStartDateUTC":"","_EventEndDateUTC":"","_EventShowMap":false,"_EventShowMapLink":false,"_EventURL":"","_EventCost":"","_EventCostDescription":"","_EventCurrencySymbol":"","_EventCurrencyCode":"","_EventCurrencyPosition":"","_EventDateTimeSeparator":"","_EventTimeRangeSeparator":"","_EventOrganizerID":[],"_EventVenueID":[],"_OrganizerEmail":"","_OrganizerPhone":"","_OrganizerWebsite":"","_VenueAddress":"","_VenueCity":"","_VenueCountry":"","_VenueProvince":"","_VenueState":"","_VenueZip":"","_VenuePhone":"","_VenueURL":"","_VenueStateProvince":"","_VenueLat":"","_VenueLng":"","_VenueShowMap":false,"_VenueShowMapLink":false,"_tribe_blocks_recurrence_rules":"","_tribe_blocks_recurrence_description":"","_tribe_blocks_recurrence_exclusions":"","footnotes":""},"class_list":["post-6566","page","type-page","status-publish","hentry"],"publishpress_future_action":{"enabled":false,"date":"2026-04-30 20:18:43","action":"change-status","newStatus":"draft","terms":[],"taxonomy":"","extraData":[]},"publishpress_future_workflow_manual_trigger":{"enabledWorkflows":[]},"_links":{"self":[{"href":"https:\/\/wbp.lublin.pl\/index.php\/wp-json\/wp\/v2\/pages\/6566","targetHints":{"allow":["GET"]}}],"collection":[{"href":"https:\/\/wbp.lublin.pl\/index.php\/wp-json\/wp\/v2\/pages"}],"about":[{"href":"https:\/\/wbp.lublin.pl\/index.php\/wp-json\/wp\/v2\/types\/page"}],"author":[{"embeddable":true,"href":"https:\/\/wbp.lublin.pl\/index.php\/wp-json\/wp\/v2\/users\/18"}],"replies":[{"embeddable":true,"href":"https:\/\/wbp.lublin.pl\/index.php\/wp-json\/wp\/v2\/comments?post=6566"}],"version-history":[{"count":3,"href":"https:\/\/wbp.lublin.pl\/index.php\/wp-json\/wp\/v2\/pages\/6566\/revisions"}],"predecessor-version":[{"id":35690,"href":"https:\/\/wbp.lublin.pl\/index.php\/wp-json\/wp\/v2\/pages\/6566\/revisions\/35690"}],"up":[{"embeddable":true,"href":"https:\/\/wbp.lublin.pl\/index.php\/wp-json\/wp\/v2\/pages\/5416"}],"wp:attachment":[{"href":"https:\/\/wbp.lublin.pl\/index.php\/wp-json\/wp\/v2\/media?parent=6566"}],"curies":[{"name":"wp","href":"https:\/\/api.w.org\/{rel}","templated":true}]}}