{"id":6573,"date":"2018-06-14T21:01:08","date_gmt":"2018-06-14T19:01:08","guid":{"rendered":"https:\/\/wbp.lublin.pl8\/?page_id=6573"},"modified":"2024-04-22T08:05:43","modified_gmt":"2024-04-22T06:05:43","slug":"inspektor-ochrony-danych-osobowych","status":"publish","type":"page","link":"https:\/\/wbp.lublin.pl\/index.php\/kontakty\/inspektor-ochrony-danych-osobowych\/","title":{"rendered":"Stanowisko pracy ds. ochrony danych osobowych"},"content":{"rendered":"\n<!--more-->\n\n\n\n<p class=\"wp-block-paragraph\">Inspektorem Ochrony Danych (IOD) jest Wioleta Grzymek-Perlak. Mo\u017cna si\u0119 z ni\u0105 kontaktowa\u0107 e-mailem na adres:\u00a0<a href=\"mailto:iodo@wbp.lublin.pl\" target=\"_blank\" rel=\"noreferrer noopener\">iodo@wbp.lublin.pl<\/a>\u00a0lub nr telefonu <a href=\"tel:736287776\" data-type=\"tel\" data-id=\"tel:736287776\">+48 736 287 776<\/a>.<\/p>\n\n\n\n<p class=\"wp-block-paragraph\">Do Inspektora Ochrony Danych nale\u017cy kierowa\u0107 sprawy dotycz\u0105ce przetwarzania Pa\u0144stwa danych przez Bibliotek\u0119, w tym realizacji Pa\u0144stwa praw.<\/p>\n","protected":false},"excerpt":{"rendered":"","protected":false},"author":18,"featured_media":0,"parent":5416,"menu_order":84,"comment_status":"closed","ping_status":"closed","template":"template-noleft.php","meta":{"_tec_requires_first_save":true,"_crdt_document":"","pgc_sgb_lightbox_settings":"","_EventAllDay":false,"_EventTimezone":"","_EventStartDate":"","_EventEndDate":"","_EventStartDateUTC":"","_EventEndDateUTC":"","_EventShowMap":false,"_EventShowMapLink":false,"_EventURL":"","_EventCost":"","_EventCostDescription":"","_EventCurrencySymbol":"","_EventCurrencyCode":"","_EventCurrencyPosition":"","_EventDateTimeSeparator":"","_EventTimeRangeSeparator":"","_EventOrganizerID":[],"_EventVenueID":[],"_OrganizerEmail":"","_OrganizerPhone":"","_OrganizerWebsite":"","_VenueAddress":"","_VenueCity":"","_VenueCountry":"","_VenueProvince":"","_VenueState":"","_VenueZip":"","_VenuePhone":"","_VenueURL":"","_VenueStateProvince":"","_VenueLat":"","_VenueLng":"","_VenueShowMap":false,"_VenueShowMapLink":false,"_tribe_blocks_recurrence_rules":"","_tribe_blocks_recurrence_description":"","_tribe_blocks_recurrence_exclusions":"","footnotes":""},"class_list":["post-6573","page","type-page","status-publish","hentry"],"publishpress_future_action":{"enabled":false,"date":"2026-04-11 12:16:24","action":"change-status","newStatus":"draft","terms":[],"taxonomy":"","extraData":[]},"publishpress_future_workflow_manual_trigger":{"enabledWorkflows":[]},"_links":{"self":[{"href":"https:\/\/wbp.lublin.pl\/index.php\/wp-json\/wp\/v2\/pages\/6573","targetHints":{"allow":["GET"]}}],"collection":[{"href":"https:\/\/wbp.lublin.pl\/index.php\/wp-json\/wp\/v2\/pages"}],"about":[{"href":"https:\/\/wbp.lublin.pl\/index.php\/wp-json\/wp\/v2\/types\/page"}],"author":[{"embeddable":true,"href":"https:\/\/wbp.lublin.pl\/index.php\/wp-json\/wp\/v2\/users\/18"}],"replies":[{"embeddable":true,"href":"https:\/\/wbp.lublin.pl\/index.php\/wp-json\/wp\/v2\/comments?post=6573"}],"version-history":[{"count":5,"href":"https:\/\/wbp.lublin.pl\/index.php\/wp-json\/wp\/v2\/pages\/6573\/revisions"}],"predecessor-version":[{"id":56773,"href":"https:\/\/wbp.lublin.pl\/index.php\/wp-json\/wp\/v2\/pages\/6573\/revisions\/56773"}],"up":[{"embeddable":true,"href":"https:\/\/wbp.lublin.pl\/index.php\/wp-json\/wp\/v2\/pages\/5416"}],"wp:attachment":[{"href":"https:\/\/wbp.lublin.pl\/index.php\/wp-json\/wp\/v2\/media?parent=6573"}],"curies":[{"name":"wp","href":"https:\/\/api.w.org\/{rel}","templated":true}]}}