{"id":6674,"date":"2018-06-19T12:25:53","date_gmt":"2018-06-19T10:25:53","guid":{"rendered":"https:\/\/wbp.lublin.pl8\/?page_id=6674"},"modified":"2021-03-30T13:57:09","modified_gmt":"2021-03-30T11:57:09","slug":"zakup-i-dystrybucja-ksiazek","status":"publish","type":"page","link":"https:\/\/wbp.lublin.pl\/index.php\/zakup-i-dystrybucja-ksiazek\/","title":{"rendered":"Zakup i dystrybucja ksi\u0105\u017cek"},"content":{"rendered":"<p><strong>Lokalizacja:<\/strong><br \/>\nparter, po\u0142udniowa oficyna Biblioteki<\/p>\n<p><strong>GODZINY PRACY:<br \/>\n<\/strong>poniedzia\u0142ek &#8211; pi\u0105tek w godz. 7:30-15:30<\/p>\n<p><strong>KONTAKT:<br \/>\n<\/strong><strong>tel<\/strong><strong>.<\/strong> <a href=\"tel:815287418\">81-52-87-418<\/a><br \/>\n<strong>E-MAIL<\/strong>: <a href=\"mailto:zakidys@wbp.lublin.pl\">zakidys@wbp.lublin.pl<\/a> <span style=\"display: none;\">Adres poczty elektronicznej jest chroniony przed robotami spamuj\u0105cymi. W przegl\u0105darce musi by\u0107 w\u0142\u0105czona obs\u0142uga JavaScript, \u017ceby go zobaczy\u0107. <script type=\"text\/javascript\" language=\"JavaScript\">  <!--  document.write( '<\/' ); document.write( 'span>' );  \/\/-->  <\/script> <\/span><\/p>\n<p><strong>Dzia\u0142 Zakupu i Dystrybucji Materia\u0142\u00f3w Bibliotecznych<\/strong> zaopatruje w ksi\u0105\u017cki ponad 100 bibliotek publicznych wojew\u00f3dztwa lubelskiego oraz biblioteki szkolne, a tak\u017ce odbiorc\u00f3w indywidualnych. Wsp\u00f3\u0142pracuj z kilkudziesi\u0119cioma wydawnictwami i hurtowniami z ca\u0142ego kraju.<\/p>\n<p><strong>OFERTA:<\/strong><\/p>\n<p>&#8211; szeroki zestaw tytu\u0142\u00f3w ( rocznie 5-6 tys.) ze wszystkich dzia\u0142\u00f3w pi\u015bmiennictwa;<br \/>\n&#8211; kontynuacja wydawnictw seryjnych, wielotomowych itd.;<br \/>\n&#8211; wysokoprocentowa realizacja dezyderat\u00f3w zg\u0142aszanych na okre\u015blone tytu\u0142y;<br \/>\n&#8211; fachowa pomoc w doborze zbior\u00f3w, z uwzgl\u0119dnieniem potrzeb czytelnik\u00f3w;<br \/>\n&#8211; umiarkowana mar\u017ca;<br \/>\n&#8211; bezp\u0142atny transport zakupionych ksi\u0105\u017cek;<br \/>\n&#8211; wymiana defekt\u00f3w;<br \/>\n&#8211; udzia\u0142 w szkoleniach &#8211; przegl\u0105dy nowo\u015bci;<br \/>\n&#8211; organizacja kiermaszy ksi\u0105\u017cek;<\/p>\n<p><strong>Cena ksi\u0105\u017cki obejmuje pe\u0142ne opracowanie formalne i rzeczowe (katalogowanie, klasyfikacj\u0119 oraz komplety kart katalogowych)<\/strong>.<\/p>\n","protected":false},"excerpt":{"rendered":"<p>Lokalizacja: parter, po\u0142udniowa oficyna Biblioteki GODZINY PRACY: poniedzia\u0142ek &#8211; pi\u0105tek w godz. 7:30-15:30 KONTAKT: tel. 81-52-87-418 E-MAIL: zakidys@wbp.lublin.pl Adres poczty elektronicznej jest chroniony przed robotami spamuj\u0105cymi. W przegl\u0105darce musi by\u0107 [&hellip;]<\/p>\n","protected":false},"author":18,"featured_media":0,"parent":0,"menu_order":116,"comment_status":"closed","ping_status":"closed","template":"","meta":{"_tec_requires_first_save":true,"_crdt_document":"","pgc_sgb_lightbox_settings":"","_EventAllDay":false,"_EventTimezone":"","_EventStartDate":"","_EventEndDate":"","_EventStartDateUTC":"","_EventEndDateUTC":"","_EventShowMap":false,"_EventShowMapLink":false,"_EventURL":"","_EventCost":"","_EventCostDescription":"","_EventCurrencySymbol":"","_EventCurrencyCode":"","_EventCurrencyPosition":"","_EventDateTimeSeparator":"","_EventTimeRangeSeparator":"","_EventOrganizerID":[],"_EventVenueID":[],"_OrganizerEmail":"","_OrganizerPhone":"","_OrganizerWebsite":"","_VenueAddress":"","_VenueCity":"","_VenueCountry":"","_VenueProvince":"","_VenueState":"","_VenueZip":"","_VenuePhone":"","_VenueURL":"","_VenueStateProvince":"","_VenueLat":"","_VenueLng":"","_VenueShowMap":false,"_VenueShowMapLink":false,"_tribe_blocks_recurrence_rules":"","_tribe_blocks_recurrence_description":"","_tribe_blocks_recurrence_exclusions":"","footnotes":""},"class_list":["post-6674","page","type-page","status-publish","hentry"],"publishpress_future_action":{"enabled":false,"date":"2026-04-30 10:51:23","action":"change-status","newStatus":"draft","terms":[],"taxonomy":"","extraData":[]},"publishpress_future_workflow_manual_trigger":{"enabledWorkflows":[]},"_links":{"self":[{"href":"https:\/\/wbp.lublin.pl\/index.php\/wp-json\/wp\/v2\/pages\/6674","targetHints":{"allow":["GET"]}}],"collection":[{"href":"https:\/\/wbp.lublin.pl\/index.php\/wp-json\/wp\/v2\/pages"}],"about":[{"href":"https:\/\/wbp.lublin.pl\/index.php\/wp-json\/wp\/v2\/types\/page"}],"author":[{"embeddable":true,"href":"https:\/\/wbp.lublin.pl\/index.php\/wp-json\/wp\/v2\/users\/18"}],"replies":[{"embeddable":true,"href":"https:\/\/wbp.lublin.pl\/index.php\/wp-json\/wp\/v2\/comments?post=6674"}],"version-history":[{"count":4,"href":"https:\/\/wbp.lublin.pl\/index.php\/wp-json\/wp\/v2\/pages\/6674\/revisions"}],"predecessor-version":[{"id":28925,"href":"https:\/\/wbp.lublin.pl\/index.php\/wp-json\/wp\/v2\/pages\/6674\/revisions\/28925"}],"wp:attachment":[{"href":"https:\/\/wbp.lublin.pl\/index.php\/wp-json\/wp\/v2\/media?parent=6674"}],"curies":[{"name":"wp","href":"https:\/\/api.w.org\/{rel}","templated":true}]}}