{"id":6676,"date":"2018-06-19T12:27:52","date_gmt":"2018-06-19T10:27:52","guid":{"rendered":"https:\/\/wbp.lublin.pl8\/?page_id=6676"},"modified":"2025-10-01T11:42:57","modified_gmt":"2025-10-01T09:42:57","slug":"pracownicza-kasa-zapomogowo-pozyczkowa","status":"publish","type":"page","link":"https:\/\/wbp.lublin.pl\/index.php\/pracownicza-kasa-zapomogowo-pozyczkowa\/","title":{"rendered":"Kasa Zapomogowo-Po\u017cyczkowa"},"content":{"rendered":"\n<p class=\"wp-block-paragraph\"><strong>Kasa Zapomogowo-Po\u017cyczkowa<br>przy Wojew\u00f3dzkiej Bibliotece Publicznej<br>im. Hieronima \u0141opaci\u0144skiego w Lublinie<br>ul. G. Narutowicza 4, 20-950 Lublin<br>REGON 525098834<br>email: <a href=\"mailto:kzp@wbp.lublin.pl\">kzp@wbp.lublin.pl<\/a><br><\/strong><\/p>\n\n\n\n<h2 class=\"wp-block-heading\">Kasa Zapomogowo-Po\u017cyczkowa<\/h2>\n\n\n\n<ol class=\"wp-block-list\">\n<li>Cz\u0142onkiem KZP mo\u017ce by\u0107 osoba wykonuj\u0105ca prac\u0119 zarobkow\u0105 na rzecz Wojew\u00f3dzkiej<br>Biblioteki Publicznej im. Hieronima \u0141opaci\u0144skiego w Lublinie. Przej\u015bcie na emerytur\u0119<br>lub rent\u0119 nie pozbawia ww. osoby prawa do cz\u0142onkostwa.<\/li>\n\n\n\n<li>Cz\u0142onek KZP jest obowi\u0105zany:<br>\u2013 wp\u0142aci\u0107 wpisowe w wysoko\u015bci 25 z\u0142,<br>\u2013 wp\u0142aca\u0107 miesi\u0119czny wk\u0142ad cz\u0142onkowski w wysoko\u015bci 80 z\u0142.<\/li>\n\n\n\n<li>Po\u017cyczki ratalne wyp\u0142acane s\u0105 do 20 dnia ka\u017cdego miesi\u0105ca w wysoko\u015bci:<br>\u2013 maksymalnej stanowi\u0105cej sum\u0119 pi\u0119ciokrotnych wk\u0142ad\u00f3w, jednak nie wi\u0119cej ni\u017c 15 000 z\u0142,<br>\u2013 maksymalny okres sp\u0142aty po\u017cyczki ratalnej w wysoko\u015bci do 5 000 z\u0142 wynosi 12 miesi\u0119cy,<br>\u2013 maksymalny okres sp\u0142aty po\u017cyczki ratalnej w wysoko\u015bci powy\u017cej 5 000 z\u0142 wynosi 24 miesi\u0105ce.<br>Sp\u0142ata pierwszej raty po\u017cyczki obowi\u0105zuje w miesi\u0105cu nast\u0119puj\u0105cym po terminie jej wyp\u0142acenia. <br>Prolongata mo\u017ce nast\u0105pi\u0107 jedynie w wypadkach losowych.<\/li>\n\n\n\n<li>Po\u017cyczki kr\u00f3tkoterminowe (chwil\u00f3wki) wyp\u0142acane s\u0105 w maksymalnej wysoko\u015bci 500 z\u0142.<br>Sp\u0142ata po\u017cyczki umieszczona jest na pierwszej li\u015bcie potr\u0105ce\u0144 sporz\u0105dzonej po terminie jej wyp\u0142aty.<\/li>\n\n\n\n<li>Cz\u0142onkowie KZP, kt\u00f3rych stan wk\u0142ad\u00f3w osi\u0105gn\u0105\u0142 100 % p\u0142acy zasadniczej netto, mog\u0105<br>wycofa\u0107 do 50 % wk\u0142ad\u00f3w.<br><\/li>\n<\/ol>\n\n\n\n<p class=\"has-text-align-center wp-block-paragraph\"><strong>ZARZ\u0104D KZP:<\/strong><br>Krzysztof Chachaj \u2013 przewodnicz\u0105cy<br>Marta Tomasik \u2013 skarbnik<br>Beata Januszek \u2013 sekretarz<br>Monika Celej \u2013 cz\u0142onek Zarz\u0105du<br>Pawe\u0142 Kordybacha \u2013 cz\u0142onek Zarz\u0105du<\/p>\n\n\n\n<p class=\"has-text-align-center wp-block-paragraph\"><strong>KOMISJA REWIZYJNA KZP<\/strong>:<br>Agnieszka K\u0119pa<br>Iwona Wo\u017aniak<br>Iwona W\u00f3jcik<\/p>\n\n\n\n<p class=\"wp-block-paragraph\"><\/p>\n","protected":false},"excerpt":{"rendered":"<p>Kasa Zapomogowo-Po\u017cyczkowaprzy Wojew\u00f3dzkiej Bibliotece Publicznejim. Hieronima \u0141opaci\u0144skiego w Lublinieul. G. Narutowicza 4, 20-950 LublinREGON 525098834email: kzp@wbp.lublin.pl Kasa Zapomogowo-Po\u017cyczkowa ZARZ\u0104D KZP:Krzysztof Chachaj \u2013 przewodnicz\u0105cyMarta Tomasik \u2013 skarbnikBeata Januszek \u2013 sekretarzMonika Celej [&hellip;]<\/p>\n","protected":false},"author":18,"featured_media":0,"parent":0,"menu_order":115,"comment_status":"closed","ping_status":"closed","template":"","meta":{"_tec_requires_first_save":true,"_crdt_document":"","pgc_sgb_lightbox_settings":"","_EventAllDay":false,"_EventTimezone":"","_EventStartDate":"","_EventEndDate":"","_EventStartDateUTC":"","_EventEndDateUTC":"","_EventShowMap":false,"_EventShowMapLink":false,"_EventURL":"","_EventCost":"","_EventCostDescription":"","_EventCurrencySymbol":"","_EventCurrencyCode":"","_EventCurrencyPosition":"","_EventDateTimeSeparator":"","_EventTimeRangeSeparator":"","_EventOrganizerID":[],"_EventVenueID":[],"_OrganizerEmail":"","_OrganizerPhone":"","_OrganizerWebsite":"","_VenueAddress":"","_VenueCity":"","_VenueCountry":"","_VenueProvince":"","_VenueState":"","_VenueZip":"","_VenuePhone":"","_VenueURL":"","_VenueStateProvince":"","_VenueLat":"","_VenueLng":"","_VenueShowMap":false,"_VenueShowMapLink":false,"_tribe_blocks_recurrence_rules":"","_tribe_blocks_recurrence_description":"","_tribe_blocks_recurrence_exclusions":"","footnotes":""},"class_list":["post-6676","page","type-page","status-publish","hentry"],"publishpress_future_action":{"enabled":false,"date":"2026-04-30 09:02:05","action":"change-status","newStatus":"draft","terms":[],"taxonomy":"","extraData":[]},"publishpress_future_workflow_manual_trigger":{"enabledWorkflows":[]},"_links":{"self":[{"href":"https:\/\/wbp.lublin.pl\/index.php\/wp-json\/wp\/v2\/pages\/6676","targetHints":{"allow":["GET"]}}],"collection":[{"href":"https:\/\/wbp.lublin.pl\/index.php\/wp-json\/wp\/v2\/pages"}],"about":[{"href":"https:\/\/wbp.lublin.pl\/index.php\/wp-json\/wp\/v2\/types\/page"}],"author":[{"embeddable":true,"href":"https:\/\/wbp.lublin.pl\/index.php\/wp-json\/wp\/v2\/users\/18"}],"replies":[{"embeddable":true,"href":"https:\/\/wbp.lublin.pl\/index.php\/wp-json\/wp\/v2\/comments?post=6676"}],"version-history":[{"count":6,"href":"https:\/\/wbp.lublin.pl\/index.php\/wp-json\/wp\/v2\/pages\/6676\/revisions"}],"predecessor-version":[{"id":74175,"href":"https:\/\/wbp.lublin.pl\/index.php\/wp-json\/wp\/v2\/pages\/6676\/revisions\/74175"}],"wp:attachment":[{"href":"https:\/\/wbp.lublin.pl\/index.php\/wp-json\/wp\/v2\/media?parent=6676"}],"curies":[{"name":"wp","href":"https:\/\/api.w.org\/{rel}","templated":true}]}}