{"id":6682,"date":"2018-06-19T12:30:50","date_gmt":"2018-06-19T10:30:50","guid":{"rendered":"https:\/\/wbp.lublin.pl8\/?page_id=6682"},"modified":"2026-01-16T10:57:14","modified_gmt":"2026-01-16T09:57:14","slug":"miedzyzakladowy-zwiazek-zawodowy-pracownikow-kultury-wojewodztwa-lubelskiego-z-siedziba-w-lublinie","status":"publish","type":"page","link":"https:\/\/wbp.lublin.pl\/index.php\/miedzyzakladowy-zwiazek-zawodowy-pracownikow-kultury-wojewodztwa-lubelskiego-z-siedziba-w-lublinie\/","title":{"rendered":"Mi\u0119dzyzak\u0142adowy Zwi\u0105zek Zawodowy Pracownik\u00f3w Kultury Wojew\u00f3dztwa Lubelskiego z Siedzib\u0105 w Lublinie"},"content":{"rendered":"\n<p class=\"wp-block-paragraph\"><strong>Kontakt:<br><\/strong>ul. Narutowicza 4<br>20-950 Lublin<\/p>\n\n\n\n<p class=\"wp-block-paragraph\"><strong>Tel.:<\/strong><br><a href=\"tel:tel:815287421\">81 528-74-21<\/a>&nbsp;(ew.<a href=\"tel:tel:815287420\">&nbsp;81 528-74-20<\/a>&nbsp;i&nbsp;<a href=\"tel:tel:815287422\">81 528-74-22<\/a>) \u2013 Przewodnicz\u0105cy Pawe\u0142 Kordybacha<br><a href=\"tel:tel:815287417\">81-528-74-17<\/a>&nbsp;\u2013 Skarbnik Marta Tomasik<br><a href=\"tel:tel:815287408\">81-528-74-08<\/a>&nbsp;\u2013 Sekretarz Iwona Jurkowska<\/p>\n\n\n\n<p class=\"wp-block-paragraph\"><strong>E-mail:<\/strong> <a href=\"mailto:pkordybacha@wbp.lublin.pl\">pkordybacha@wbp.lublin.pl<\/a><\/p>\n\n\n\n<p class=\"wp-block-paragraph\">Mi\u0119dzyzak\u0142adowy Zwi\u0105zek Zawodowy Pracownik\u00f3w Kultury Wojew\u00f3dztwa Lubelskiego z Siedzib\u0105 w Lublinie zrzesza cz\u0142onk\u00f3w pracuj\u0105cych w bibliotekach oraz innych instytucjach kultury regionu. S\u0105 to :<\/p>\n\n\n\n<ul class=\"wp-block-list\">\n<li>Wojew\u00f3dzka Biblioteka Publiczna im. Hieronima \u0141opaci\u0144skiego w Lublinie<\/li>\n\n\n\n<li>Miejska Biblioteka Publiczna im. Hieronima \u0141opaci\u0144skiego w Lublinie<\/li>\n\n\n\n<li>Dzielnicowy Dom Kultury \u201eW\u0119glin\u201d w Lublinie<\/li>\n\n\n\n<li>Centrum Kultury w Lublinie<\/li>\n\n\n\n<li>Miejska Biblioteka Publiczna w Bychawie<\/li>\n\n\n\n<li>Bychawskie Centrum Kultury<\/li>\n\n\n\n<li>Miejski Dom Kultury w D\u0119blinie<\/li>\n\n\n\n<li>Miejska Biblioteka Publiczna w D\u0119blinie<\/li>\n\n\n\n<li>Gminna Biblioteka Publiczna w Firleju<\/li>\n\n\n\n<li>Miejska Biblioteka Publiczna im. Adama Mickiewicza w Lubartowie<\/li>\n\n\n\n<li>Miejska Biblioteka Publiczna im. Henryka Sienkiewicza w \u0141ukowie<\/li>\n\n\n\n<li>Muzeum Regionalne w \u0141ukowie<\/li>\n\n\n\n<li>\u0141ukowski O\u015brodek Kultury<\/li>\n\n\n\n<li>Gminny O\u015brodek Kultury Biblioteka Publiczna w Obszy<\/li>\n<\/ul>\n\n\n\n<p class=\"wp-block-paragraph\">MZZPKWL nale\u017cy do Federacji Zwi\u0105zk\u00f3w Zawodowych Pracownik\u00f3w Kultury i Sztuki.<\/p>\n\n\n\n<p class=\"wp-block-paragraph\">16 stycznia 2026 r. na walnym zebraniu cz\u0142onk\u00f3w dokonano wyboru w\u0142adz na kadencj\u0119 2026 \u2013 2030<\/p>\n\n\n\n<p class=\"wp-block-paragraph\"><strong>Sk\u0142ad Zarz\u0105du Mi\u0119dzyzak\u0142adowego Zwi\u0105zku Zawodowego Pracownik\u00f3w Kultury Wojew\u00f3dztwa Lubelskiego \u2013 kadencja 2026 \u2013 2030:<\/strong><\/p>\n\n\n\n<p class=\"wp-block-paragraph\">Przewodnicz\u0105cy \u2013 Pawe\u0142 Kordybacha (WBP Lublin)<br>Wiceprzewodnicz\u0105cy \u2013 Olimpia Kucharska (\u0141OK \u0141uk\u00f3w)<br>Wiceprzewodnicz\u0105cy \u2013 Andrzej Rybak (MBP Lubart\u00f3w)<\/p>\n\n\n\n<p class=\"wp-block-paragraph\">Skarbnik \u2013 Marta Tomasik (WBP Lublin)<br>Sekretarz \u2013 Iwona Jurkowska (WBP Lublin)<\/p>\n\n\n\n<p class=\"wp-block-paragraph\">Cz\u0142onkowie:<\/p>\n\n\n\n<p class=\"wp-block-paragraph\">\u2013 Anna Czy\u017c (MBP Lublin)<br>\u2013 Katarzyna Stanek (WBP Lublin)<br>\u2013 Grzegorz Winnicki (MBP Lubart\u00f3w)<\/p>\n\n\n\n<p class=\"wp-block-paragraph\">\u2013 Pawe\u0142 Znamierowski (WBP Lublin)<\/p>\n\n\n\n<p class=\"wp-block-paragraph\"><strong>Komisja Rewizyjna :<br><\/strong>Przewodnicz\u0105cy \u2013 Marcin Furman (WBP Lublin)<br>Cz\u0142onkowie:<\/p>\n\n\n\n<p class=\"wp-block-paragraph\">\u2013 Alicja Dymitruk (\u0141OK &nbsp;\u0141uk\u00f3w)<br>\u2013 Iwona Machniak (MBP \u0141uk\u00f3w)<\/p>\n","protected":false},"excerpt":{"rendered":"<p>Kontakt:ul. Narutowicza 420-950 Lublin Tel.:81 528-74-21&nbsp;(ew.&nbsp;81 528-74-20&nbsp;i&nbsp;81 528-74-22) \u2013 Przewodnicz\u0105cy Pawe\u0142 Kordybacha81-528-74-17&nbsp;\u2013 Skarbnik Marta Tomasik81-528-74-08&nbsp;\u2013 Sekretarz Iwona Jurkowska E-mail: pkordybacha@wbp.lublin.pl Mi\u0119dzyzak\u0142adowy Zwi\u0105zek Zawodowy Pracownik\u00f3w Kultury Wojew\u00f3dztwa Lubelskiego z Siedzib\u0105 w [&hellip;]<\/p>\n","protected":false},"author":18,"featured_media":0,"parent":0,"menu_order":113,"comment_status":"closed","ping_status":"closed","template":"","meta":{"_tec_requires_first_save":true,"_crdt_document":"","pgc_sgb_lightbox_settings":"","_EventAllDay":false,"_EventTimezone":"","_EventStartDate":"","_EventEndDate":"","_EventStartDateUTC":"","_EventEndDateUTC":"","_EventShowMap":false,"_EventShowMapLink":false,"_EventURL":"","_EventCost":"","_EventCostDescription":"","_EventCurrencySymbol":"","_EventCurrencyCode":"","_EventCurrencyPosition":"","_EventDateTimeSeparator":"","_EventTimeRangeSeparator":"","_EventOrganizerID":[],"_EventVenueID":[],"_OrganizerEmail":"","_OrganizerPhone":"","_OrganizerWebsite":"","_VenueAddress":"","_VenueCity":"","_VenueCountry":"","_VenueProvince":"","_VenueState":"","_VenueZip":"","_VenuePhone":"","_VenueURL":"","_VenueStateProvince":"","_VenueLat":"","_VenueLng":"","_VenueShowMap":false,"_VenueShowMapLink":false,"_tribe_blocks_recurrence_rules":"","_tribe_blocks_recurrence_description":"","_tribe_blocks_recurrence_exclusions":"","footnotes":""},"class_list":["post-6682","page","type-page","status-publish","hentry"],"publishpress_future_action":{"enabled":false,"date":"2026-04-21 10:03:28","action":"change-status","newStatus":"draft","terms":[],"taxonomy":"","extraData":[]},"publishpress_future_workflow_manual_trigger":{"enabledWorkflows":[]},"_links":{"self":[{"href":"https:\/\/wbp.lublin.pl\/index.php\/wp-json\/wp\/v2\/pages\/6682","targetHints":{"allow":["GET"]}}],"collection":[{"href":"https:\/\/wbp.lublin.pl\/index.php\/wp-json\/wp\/v2\/pages"}],"about":[{"href":"https:\/\/wbp.lublin.pl\/index.php\/wp-json\/wp\/v2\/types\/page"}],"author":[{"embeddable":true,"href":"https:\/\/wbp.lublin.pl\/index.php\/wp-json\/wp\/v2\/users\/18"}],"replies":[{"embeddable":true,"href":"https:\/\/wbp.lublin.pl\/index.php\/wp-json\/wp\/v2\/comments?post=6682"}],"version-history":[{"count":6,"href":"https:\/\/wbp.lublin.pl\/index.php\/wp-json\/wp\/v2\/pages\/6682\/revisions"}],"predecessor-version":[{"id":77870,"href":"https:\/\/wbp.lublin.pl\/index.php\/wp-json\/wp\/v2\/pages\/6682\/revisions\/77870"}],"wp:attachment":[{"href":"https:\/\/wbp.lublin.pl\/index.php\/wp-json\/wp\/v2\/media?parent=6682"}],"curies":[{"name":"wp","href":"https:\/\/api.w.org\/{rel}","templated":true}]}}