{"id":6709,"date":"2018-06-19T14:13:11","date_gmt":"2018-06-19T12:13:11","guid":{"rendered":"https:\/\/wbp.lublin.pl8\/?page_id=6709"},"modified":"2021-03-30T13:57:34","modified_gmt":"2021-03-30T11:57:34","slug":"metodyka-bibliograficzna","status":"publish","type":"page","link":"https:\/\/wbp.lublin.pl\/index.php\/metodyka-bibliograficzna\/","title":{"rendered":"Metodyka bibliograficzna"},"content":{"rendered":"<p class=\"art-PostHeaderIcon-wrapper\">Cykliczne szkolenia (dwa w\u00a0roku) z\u00a0zakresu metodyki bibliograficznej prowadzi <strong>Dzia\u0142 <\/strong><strong>Bibliografii Lubelszczyzny i\u00a0Wiedzy o\u00a0Regionie<\/strong>.<\/p>\n<div class=\"art-PostContent\">\n<div class=\"art-article\">\n<div id=\"articlepxfontsize1\">\n<p><strong>Lokalizacja:<br \/>\n<\/strong>Oficyna A, parter.<\/p>\n<p><strong>E-MAIL:<\/strong><br \/>\n<a href=\"mailto:region@wbp.lublin.pl\">region@wbp.lublin.pl<\/a><\/p>\n<p>Bo\u017cena Lech-Jab\u0142o\u0144ska: blechj@wbp.lublin.pl<br \/>\nDorota W\u00f3jcik: dwojcik@wbp.lublin.pl<\/p>\n<p><strong>TEL.:<\/strong><br \/>\n81-52-87-416.<\/p>\n<p><strong>UDOST\u0118PNIONE MATERIA\u0141Y:<\/strong><\/p>\n<p>&#8211; Deskryptory Biblioteki Narodowej \u00a0<a href=\"http:\/\/wbp.lublin.pl\/wp-content\/uploads\/2009\/12\/publikacje_Deskryptory-Biblioteki-Narodowej.pdf\">(pobierz pdf)<\/a><\/p>\n<p>&#8211; Schemat Bibliografii Lubelszczyzny <a href=\"http:\/\/wbp.lublin.pl\/wp-content\/uploads\/2018\/07\/schemat-bibliogr-lubelszczyzny.doc\">(pobierz plik doc)<\/a><\/p>\n<p>&nbsp;<\/p>\n<p>&nbsp;<\/p>\n<\/div>\n<\/div>\n<\/div>\n","protected":false},"excerpt":{"rendered":"<p>Cykliczne szkolenia (dwa w\u00a0roku) z\u00a0zakresu metodyki bibliograficznej prowadzi Dzia\u0142 Bibliografii Lubelszczyzny i\u00a0Wiedzy o\u00a0Regionie. Lokalizacja: Oficyna A, parter. E-MAIL: region@wbp.lublin.pl Bo\u017cena Lech-Jab\u0142o\u0144ska: blechj@wbp.lublin.pl Dorota W\u00f3jcik: dwojcik@wbp.lublin.pl TEL.: 81-52-87-416. UDOST\u0118PNIONE MATERIA\u0141Y: &#8211; [&hellip;]<\/p>\n","protected":false},"author":18,"featured_media":0,"parent":0,"menu_order":112,"comment_status":"closed","ping_status":"closed","template":"","meta":{"_tec_requires_first_save":true,"_crdt_document":"","pgc_sgb_lightbox_settings":"","_EventAllDay":false,"_EventTimezone":"","_EventStartDate":"","_EventEndDate":"","_EventStartDateUTC":"","_EventEndDateUTC":"","_EventShowMap":false,"_EventShowMapLink":false,"_EventURL":"","_EventCost":"","_EventCostDescription":"","_EventCurrencySymbol":"","_EventCurrencyCode":"","_EventCurrencyPosition":"","_EventDateTimeSeparator":"","_EventTimeRangeSeparator":"","_EventOrganizerID":[],"_EventVenueID":[],"_OrganizerEmail":"","_OrganizerPhone":"","_OrganizerWebsite":"","_VenueAddress":"","_VenueCity":"","_VenueCountry":"","_VenueProvince":"","_VenueState":"","_VenueZip":"","_VenuePhone":"","_VenueURL":"","_VenueStateProvince":"","_VenueLat":"","_VenueLng":"","_VenueShowMap":false,"_VenueShowMapLink":false,"_tribe_blocks_recurrence_rules":"","_tribe_blocks_recurrence_description":"","_tribe_blocks_recurrence_exclusions":"","footnotes":""},"class_list":["post-6709","page","type-page","status-publish","hentry"],"publishpress_future_action":{"enabled":false,"date":"2026-04-28 15:18:53","action":"change-status","newStatus":"draft","terms":[],"taxonomy":"","extraData":[]},"publishpress_future_workflow_manual_trigger":{"enabledWorkflows":[]},"_links":{"self":[{"href":"https:\/\/wbp.lublin.pl\/index.php\/wp-json\/wp\/v2\/pages\/6709","targetHints":{"allow":["GET"]}}],"collection":[{"href":"https:\/\/wbp.lublin.pl\/index.php\/wp-json\/wp\/v2\/pages"}],"about":[{"href":"https:\/\/wbp.lublin.pl\/index.php\/wp-json\/wp\/v2\/types\/page"}],"author":[{"embeddable":true,"href":"https:\/\/wbp.lublin.pl\/index.php\/wp-json\/wp\/v2\/users\/18"}],"replies":[{"embeddable":true,"href":"https:\/\/wbp.lublin.pl\/index.php\/wp-json\/wp\/v2\/comments?post=6709"}],"version-history":[{"count":5,"href":"https:\/\/wbp.lublin.pl\/index.php\/wp-json\/wp\/v2\/pages\/6709\/revisions"}],"predecessor-version":[{"id":28926,"href":"https:\/\/wbp.lublin.pl\/index.php\/wp-json\/wp\/v2\/pages\/6709\/revisions\/28926"}],"wp:attachment":[{"href":"https:\/\/wbp.lublin.pl\/index.php\/wp-json\/wp\/v2\/media?parent=6709"}],"curies":[{"name":"wp","href":"https:\/\/api.w.org\/{rel}","templated":true}]}}