{"id":6808,"date":"2018-06-20T23:21:42","date_gmt":"2018-06-20T21:21:42","guid":{"rendered":"https:\/\/wbp.lublin.pl8\/?page_id=6808"},"modified":"2018-07-01T23:48:48","modified_gmt":"2018-07-01T21:48:48","slug":"katalogi-zbiorow-specjalnych","status":"publish","type":"page","link":"https:\/\/wbp.lublin.pl\/index.php\/katalogi-zbiorow-specjalnych\/","title":{"rendered":"Katalogi zbior\u00f3w specjalnych"},"content":{"rendered":"<p><!--more--><\/p>\n<p>Katalogi zbior\u00f3w specjalnych znajduj\u0105 si\u0119 w Czytelni Zbior\u00f3w Specjalnych<br \/>\ni obejmuj\u0105:<\/p>\n<p>&#8211; Mikrofilmy;<br \/>\n&#8211; Dokumenty \u017cycia spo\u0142ecznego;<br \/>\n&#8211; Fotografie;<br \/>\n&#8211; Poczt\u00f3wki;<br \/>\n&#8211; Grafik\u0119 i eksibrisy;<br \/>\n&#8211; Stare druki;<br \/>\n&#8211; R\u0119kopisy (katalog wydany drukiem);<br \/>\n&#8211; Kartografi\u0119.<\/p>\n<h4><strong>Katalogi mikrofilm\u00f3w<\/strong><\/h4>\n<p>&#8211; R\u0119kopisy (katalog wydany drukiem);<br \/>\n&#8211; Czasopisma (katalog wydany drukiem);<br \/>\n&#8211; Mapy;<br \/>\n&#8211; Nowe druki (od 1801 r.);<br \/>\n&#8211; Stare druki (do 1800 r.);<br \/>\n&#8211; Stare druki lubelskie;<br \/>\n&#8211; Tzw. Ksi\u0119gozbi\u00f3r klemensowski (cz\u0119\u015bciowo zmikrofilmowany ksi\u0119gozbi\u00f3r starych druk\u00f3w z pa\u0142acu w Klemensowie, nale\u017c\u0105cych do rodziny Zamoyskich, a przechowywanych w bibliotece w l. 1956-2007).<\/p>\n<h4><strong>Katalog dokument\u00f3w \u017cycia spo\u0142ecznego<\/strong><\/h4>\n<p>&#8211; Dokumenty wydane po 9 V 1945 r. (w podziale na 24 dzia\u0142y) z indeksami: rzeczowym, nazw geograficznych i nazw osobowych;<br \/>\n&#8211; Spu\u015bcizny: M. Bechczyc-Rudnickiej, A. Bryka, I. Cabana, B. Szklarczyka, T. Witkowskiego, W. Zi\u00f3\u0142kowskiego i H. Zwolakiewicza;<br \/>\n&#8211; Dokumenty wydane od 1801 r. do 9 V 1945 r. (katalog dokument\u00f3w z l. 1801-1914 zosta\u0142 wydany drukiem);<br \/>\n&#8211; Dokumenty z okresu I wojny \u015bwiatowej (katalog wydany drukiem);<br \/>\n&#8211; Dokumenty z okresu II wojny \u015bwiatowej (katalog wydany drukiem);<br \/>\n&#8211; Programy, plakaty, afisze z l. 1945-1991;<br \/>\n&#8211; Katalogi wystaw;<br \/>\n&#8211; Klepsydry i nekrologi.<\/p>\n<h4><strong>Katalog fotografii<\/strong><\/h4>\n<p>&#8211; Katalog rzeczowy og\u00f3lny;<br \/>\n&#8211; Fototeka Lublina;<br \/>\n&#8211; Fototeka Lubelszczyzny.<\/p>\n<h4><strong>Katalog poczt\u00f3wek<\/strong><\/h4>\n<p>&#8211; Katalog alfabetyczny;<br \/>\n&#8211; Katalog rzeczowy.<\/p>\n<h4><strong>Katalog grafiki<\/strong><\/h4>\n<p>&#8211; Katalog rzeczowy;<br \/>\n&#8211; Katalog artyst\u00f3w poskich;<br \/>\n&#8211; Katalog artyst\u00f3w obcych;<br \/>\n&#8211; Katalog autor\u00f3w pierwowzor\u00f3w.<\/p>\n<h4><strong>Katalog ekslibris\u00f3w<\/strong><\/h4>\n<p>&#8211; Alfabetyczny katalog tek ekslibris\u00f3w;<br \/>\n&#8211; Katalog autor\u00f3w;<br \/>\n&#8211; Katalog w\u0142a\u015bcicieli indywidualnych;<br \/>\n&#8211; Katalog w\u0142a\u015bcicieli &#8211; instytucji;<br \/>\n&#8211; Katalog ekslibris\u00f3w anonimowych.<\/p>\n<h4><strong>Katalog starych druk\u00f3w<\/strong><\/h4>\n<p>&#8211; Katalog alfabetyczny polonic\u00f3w (z podzia\u0142em na stulecia);<br \/>\n&#8211; Katalog alfabetyczny druk\u00f3w obcych (z podzia\u0142em na stulecia);<br \/>\n&#8211; Katalog rzeczowy;<br \/>\n&#8211; Katalog ilustracji;<br \/>\n&#8211; Indeks drukarzy;<br \/>\n&#8211; Katalog incipit\u00f3w;<br \/>\n&#8211; Katalog proweniencji.<\/p>\n<h4><strong>Katalog r\u0119kopis\u00f3w<\/strong><\/h4>\n<p>&#8211; Katalog jest publikowany drukiem pocz\u0105wszy od 1913 r. Ostatni tom (VI) ukaza\u0142 si\u0119 w 1997 r. Tom VII znajduje si\u0119 w opracowaniu. Opisy u\u0142o\u017cone s\u0105 wed\u0142ug sygnatur, a wyszukiwanie umo\u017cliwiaj\u0105 indeksy.<\/p>\n<h4><strong>Katalog kartografii<\/strong><\/h4>\n<p>&#8211; Atlasy;<br \/>\n&#8211; Mapy Polski;<br \/>\n&#8211; Plany miast;<br \/>\n&#8211; Mapy \u015bwiata, poszczeg\u00f3lnych kontynent\u00f3w i kraj\u00f3w;<br \/>\n&#8211; Mapy topograficzne Lubelszczyzny;<br \/>\n&#8211; Indeks kartograf\u00f3w i rytownik\u00f3w.<\/p>\n","protected":false},"excerpt":{"rendered":"","protected":false},"author":18,"featured_media":4,"parent":0,"menu_order":110,"comment_status":"closed","ping_status":"closed","template":"template-fullwidth.php","meta":{"_tec_requires_first_save":true,"_crdt_document":"","pgc_sgb_lightbox_settings":"","_EventAllDay":false,"_EventTimezone":"","_EventStartDate":"","_EventEndDate":"","_EventStartDateUTC":"","_EventEndDateUTC":"","_EventShowMap":false,"_EventShowMapLink":false,"_EventURL":"","_EventCost":"","_EventCostDescription":"","_EventCurrencySymbol":"","_EventCurrencyCode":"","_EventCurrencyPosition":"","_EventDateTimeSeparator":"","_EventTimeRangeSeparator":"","_EventOrganizerID":[],"_EventVenueID":[],"_OrganizerEmail":"","_OrganizerPhone":"","_OrganizerWebsite":"","_VenueAddress":"","_VenueCity":"","_VenueCountry":"","_VenueProvince":"","_VenueState":"","_VenueZip":"","_VenuePhone":"","_VenueURL":"","_VenueStateProvince":"","_VenueLat":"","_VenueLng":"","_VenueShowMap":false,"_VenueShowMapLink":false,"_tribe_blocks_recurrence_rules":"","_tribe_blocks_recurrence_description":"","_tribe_blocks_recurrence_exclusions":"","footnotes":""},"class_list":["post-6808","page","type-page","status-publish","has-post-thumbnail","hentry"],"publishpress_future_action":{"enabled":false,"date":"2026-04-19 07:36:36","action":"change-status","newStatus":"draft","terms":[],"taxonomy":"","extraData":[]},"publishpress_future_workflow_manual_trigger":{"enabledWorkflows":[]},"_links":{"self":[{"href":"https:\/\/wbp.lublin.pl\/index.php\/wp-json\/wp\/v2\/pages\/6808","targetHints":{"allow":["GET"]}}],"collection":[{"href":"https:\/\/wbp.lublin.pl\/index.php\/wp-json\/wp\/v2\/pages"}],"about":[{"href":"https:\/\/wbp.lublin.pl\/index.php\/wp-json\/wp\/v2\/types\/page"}],"author":[{"embeddable":true,"href":"https:\/\/wbp.lublin.pl\/index.php\/wp-json\/wp\/v2\/users\/18"}],"replies":[{"embeddable":true,"href":"https:\/\/wbp.lublin.pl\/index.php\/wp-json\/wp\/v2\/comments?post=6808"}],"version-history":[{"count":3,"href":"https:\/\/wbp.lublin.pl\/index.php\/wp-json\/wp\/v2\/pages\/6808\/revisions"}],"predecessor-version":[{"id":12714,"href":"https:\/\/wbp.lublin.pl\/index.php\/wp-json\/wp\/v2\/pages\/6808\/revisions\/12714"}],"wp:featuredmedia":[{"embeddable":true,"href":"https:\/\/wbp.lublin.pl\/index.php\/wp-json\/wp\/v2\/media\/4"}],"wp:attachment":[{"href":"https:\/\/wbp.lublin.pl\/index.php\/wp-json\/wp\/v2\/media?parent=6808"}],"curies":[{"name":"wp","href":"https:\/\/api.w.org\/{rel}","templated":true}]}}