{"id":6811,"date":"2018-06-20T23:34:52","date_gmt":"2018-06-20T21:34:52","guid":{"rendered":"https:\/\/wbp.lublin.pl8\/?page_id=6811"},"modified":"2021-03-29T12:39:00","modified_gmt":"2021-03-29T10:39:00","slug":"katalogi-kartkowe-2","status":"publish","type":"page","link":"https:\/\/wbp.lublin.pl\/index.php\/katalogi-kartkowe-2\/","title":{"rendered":"Katalogi kartkowe"},"content":{"rendered":"<p><strong>Uwaga &#8211; na publikacje znajduj\u0105ce si\u0119 w katalogach kartkowych wype\u0142niamy rewersy (zam\u00f3wienia) papierowe.\u00a0<\/strong><\/p>\n<h3>Katalog alfabetyczny<\/h3>\n<p>Informuje o ksi\u0105\u017ckach znajduj\u0105cych si\u0119 w zbiorach bibliotecznych wydanych po 1800 roku i wp\u0142ywaj\u0105cych do Biblioteki do ko\u0144ca 1997 roku.<\/p>\n<h3>Katalog systematyczny<\/h3>\n<p>Ksi\u0105\u017cki w tym katalogu uporz\u0105dkowane s\u0105 zgodnie z podzia\u0142em nauk Uniwersalnej Klasyfikacji Dziesi\u0119tnej (tzw. UKD), tj. karty podzielone s\u0105 na 10 dzia\u0142\u00f3w oznaczonych symbolami cyfrowymi, kt\u00f3re s\u0105 podzielone na poddzia\u0142y, np.<br \/>\n9 \u2013 archeologia, prehistoria, geografia, biografia, historia<br \/>\n91 \u2013 geografia<br \/>\n913(4\/9) \u2013 geografia poszczeg\u00f3lnych kraj\u00f3w<br \/>\n929 \u2013 biografie<br \/>\n94 \u2013 historia powszechna<br \/>\n94(4\/9) \u2013 historia poszczeg\u00f3lnych kraj\u00f3w.<br \/>\nWyszukiwanie u\u0142atwia kartkowy indeks przedmiotowy, wy\u0142o\u017cony w sali katalogowej.<\/p>\n<h3>Katalog ksi\u0119gozbioru Hieronima \u0141opaci\u0144skiego<\/h3>\n<p>Obejmuje zbiory gromadzone w latach 1907-1948, w tym: druki zwarte, zbiory specjalne i czasopisma.<br \/>\nPodzielony na :<br \/>\n&#8211; katalog alfabetyczny (karty tego katalogu znajduj\u0105 si\u0119 w skrzynkach)<br \/>\n&#8211; katalog systematyczny (karty katalogowe po\u0142\u0105czone s\u0105 klamrami), u\u0142o\u017cony wg klasyfikacji UKD.<br \/>\nKsi\u0105\u017cki z ksi\u0119gozbioru \u0141opaci\u0144skiego znajduj\u0105 si\u0119 w katalogu komputerowym.<\/p>\n<h3>Katalog Lubliniana<\/h3>\n<p><!-- [if gte mso 9]><xml>     Normal   0   21         false   false   false                             MicrosoftInternetExplorer4   <\/xml><![endif][if gte mso 9]><![endif][if gte mso 10]>\n\n\n\n<style>  \/* Style Definitions *\/  table.MsoNormalTable \t{ \tmso-style-parent:\"\"; \tfont-size:10.0pt;\"Times New Roman\";} <\/style>\n\n <![endif]--><!-- [if gte mso 9]><xml>     Normal   0   21         false   false   false                             MicrosoftInternetExplorer4   <\/xml><![endif]--><\/p>\n<p>Rejestruje dokumenty tematycznie dotycz\u0105ce Lubelszczyzny, opublikowane do ko\u0144ca 1999 r. Kontynuacja dost\u0119pna w <a href=\"https:\/\/bn-mpl.primo.exlibrisgroup.com\/discovery\/search?query=tab%3DBibl_Lub&amp;search_scope=BibliografiaLubelszczyzny&amp;vid=48OMNIS_MPL:48OMNIS_MPL&amp;facet=location_code,include,5069%E2%80%93188231980005069%E2%80%9320017&amp;offset=0\" target=\"_blank\" rel=\"noopener\">elektronicznej bazie danych <i>Katalog Lubliniana<\/i> oraz w <i>Bibliografii Lubelszczyzny on line<\/i><\/a>.<\/p>\n<p>Zawiera opisy bibliograficzne:<br \/>\n&#8211; wydawnictw zwartych (w tym tak\u017ce z adnotacjami zawarto\u015bciowymi);<br \/>\n&#8211; fragment\u00f3w bibliograficznych;<br \/>\n&#8211; wydawnictw ci\u0105g\u0142ych (czasopisma i gazety ukazuj\u0105ce si\u0119 na Lubelszczy\u017anie);<br \/>\n&#8211; artyku\u0142\u00f3w (artyku\u0142y z czasopism, pojedyncze referaty z prac zbiorowych);<br \/>\n&#8211; dokument\u00f3w kartograficznych (mapy, plany, atlasy);<br \/>\n&#8211; wybranych dokument\u00f3w \u017cycia spo\u0142ecznego (foldery, informatory, katalogi wystaw, programy imprez).<\/p>\n<p>Poszukiwania potrzebnych publikacji mo\u017cna prowadzi\u0107 przez:<\/p>\n<p>&#8211; katalog alfabetyczny \u2013 karty katalogowe uszeregowano wg nazw autor\u00f3w i tytu\u0142\u00f3w prac zbiorowych lub anonimowych;<\/p>\n<p>&#8211; katalog systematyczny (zgodny z UKD) \u2013 karty katalogowe u\u0142o\u017cono wg logicznie powi\u0105zanych dzia\u0142\u00f3w i poddzia\u0142\u00f3w, kt\u00f3re umo\u017cliwiaj\u0105 wyszukiwanie publikacji na dany temat.<\/p>\n<h3>Wype\u0142nianie rewersu (zam\u00f3wienia) papierowego<\/h3>\n<p style=\"text-align: left;\"><span style=\"font-size: 12px;\"><span style=\"font-family: Verdana;\">Ksi\u0105\u017cka:<\/span><\/span><span style=\"font-size: 10px;\"><span style=\"font-family: Verdana;\"><br \/>\n<\/span><\/span><\/p>\n<p style=\"text-align: center;\"><img data-dominant-color=\"de7d61\" data-has-transparency=\"false\" style=\"--dominant-color: #de7d61;\" loading=\"lazy\" decoding=\"async\" class=\"alignnone wp-image-6 size-medium not-transparent\" src=\"http:\/\/wbp.lublin.pl\/wp-content\/uploads\/2009\/10\/zamawianie_rewers-czyt-nauk-caly-300x238.jpg\" alt=\"Wz\u00f3r rewersu na ksi\u0105\u017ck\u0119 z magazynu, zarejestrowan\u0105 w katalogu kartkowym\" width=\"300\" height=\"238\" align=\"middle\" border=\"1\" hspace=\"5\" vspace=\"5\" \/><img data-dominant-color=\"e07d5e\" data-has-transparency=\"false\" style=\"--dominant-color: #e07d5e;\" loading=\"lazy\" decoding=\"async\" class=\"alignnone wp-image-7 size-medium not-transparent\" src=\"http:\/\/wbp.lublin.pl\/wp-content\/uploads\/2009\/10\/zamawianie_rewers-czyt-nauk-pol-237x300.jpg\" alt=\"Wz\u00f3r rewersu na ksi\u0105\u017ck\u0119 z ksi\u0119gozbioru podr\u0119cznego\" width=\"237\" height=\"300\" align=\"middle\" border=\"1\" hspace=\"5\" vspace=\"5\" \/><\/p>\n<p style=\"text-align: left;\">Czasopismo:<\/p>\n<p style=\"text-align: left;\"><img data-dominant-color=\"f9f9be\" data-has-transparency=\"false\" style=\"--dominant-color: #f9f9be;\" loading=\"lazy\" decoding=\"async\" class=\"aligncenter wp-image-8 size-medium not-transparent\" src=\"http:\/\/wbp.lublin.pl\/wp-content\/uploads\/2009\/10\/zamawianie_rewers-czyt-czas-300x208.jpg\" alt=\"Wz\u00f3r rewersu na czasopismo zarejestrowane w katalogu kartkowym\" width=\"300\" height=\"208\" align=\"middle\" border=\"1\" hspace=\"5\" vspace=\"5\" \/><\/p>\n","protected":false},"excerpt":{"rendered":"<p>Uwaga &#8211; na publikacje znajduj\u0105ce si\u0119 w katalogach kartkowych wype\u0142niamy rewersy (zam\u00f3wienia) papierowe.\u00a0 Katalog alfabetyczny Informuje o ksi\u0105\u017ckach znajduj\u0105cych si\u0119 w zbiorach bibliotecznych wydanych po 1800 roku i wp\u0142ywaj\u0105cych do [&hellip;]<\/p>\n","protected":false},"author":18,"featured_media":3,"parent":0,"menu_order":108,"comment_status":"closed","ping_status":"closed","template":"template-fullwidth.php","meta":{"_tec_requires_first_save":true,"_crdt_document":"","pgc_sgb_lightbox_settings":"","_EventAllDay":false,"_EventTimezone":"","_EventStartDate":"","_EventEndDate":"","_EventStartDateUTC":"","_EventEndDateUTC":"","_EventShowMap":false,"_EventShowMapLink":false,"_EventURL":"","_EventCost":"","_EventCostDescription":"","_EventCurrencySymbol":"","_EventCurrencyCode":"","_EventCurrencyPosition":"","_EventDateTimeSeparator":"","_EventTimeRangeSeparator":"","_EventOrganizerID":[],"_EventVenueID":[],"_OrganizerEmail":"","_OrganizerPhone":"","_OrganizerWebsite":"","_VenueAddress":"","_VenueCity":"","_VenueCountry":"","_VenueProvince":"","_VenueState":"","_VenueZip":"","_VenuePhone":"","_VenueURL":"","_VenueStateProvince":"","_VenueLat":"","_VenueLng":"","_VenueShowMap":false,"_VenueShowMapLink":false,"_tribe_blocks_recurrence_rules":"","_tribe_blocks_recurrence_description":"","_tribe_blocks_recurrence_exclusions":"","footnotes":""},"class_list":["post-6811","page","type-page","status-publish","has-post-thumbnail","hentry"],"publishpress_future_action":{"enabled":false,"date":"2026-04-16 13:28:44","action":"change-status","newStatus":"draft","terms":[],"taxonomy":"","extraData":[]},"publishpress_future_workflow_manual_trigger":{"enabledWorkflows":[]},"_links":{"self":[{"href":"https:\/\/wbp.lublin.pl\/index.php\/wp-json\/wp\/v2\/pages\/6811","targetHints":{"allow":["GET"]}}],"collection":[{"href":"https:\/\/wbp.lublin.pl\/index.php\/wp-json\/wp\/v2\/pages"}],"about":[{"href":"https:\/\/wbp.lublin.pl\/index.php\/wp-json\/wp\/v2\/types\/page"}],"author":[{"embeddable":true,"href":"https:\/\/wbp.lublin.pl\/index.php\/wp-json\/wp\/v2\/users\/18"}],"replies":[{"embeddable":true,"href":"https:\/\/wbp.lublin.pl\/index.php\/wp-json\/wp\/v2\/comments?post=6811"}],"version-history":[{"count":5,"href":"https:\/\/wbp.lublin.pl\/index.php\/wp-json\/wp\/v2\/pages\/6811\/revisions"}],"predecessor-version":[{"id":28895,"href":"https:\/\/wbp.lublin.pl\/index.php\/wp-json\/wp\/v2\/pages\/6811\/revisions\/28895"}],"wp:featuredmedia":[{"embeddable":true,"href":"https:\/\/wbp.lublin.pl\/index.php\/wp-json\/wp\/v2\/media\/3"}],"wp:attachment":[{"href":"https:\/\/wbp.lublin.pl\/index.php\/wp-json\/wp\/v2\/media?parent=6811"}],"curies":[{"name":"wp","href":"https:\/\/api.w.org\/{rel}","templated":true}]}}