{"id":6866,"date":"2018-06-21T14:07:07","date_gmt":"2018-06-21T12:07:07","guid":{"rendered":"https:\/\/wbp.lublin.pl8\/?page_id=6866"},"modified":"2022-02-17T13:37:35","modified_gmt":"2022-02-17T12:37:35","slug":"wypozyczalnia","status":"publish","type":"page","link":"https:\/\/wbp.lublin.pl\/index.php\/wypozyczalnia\/","title":{"rendered":"Wypo\u017cyczalnia"},"content":{"rendered":"\n<!--more-->\n\n\n\n<p class=\"wp-block-paragraph\"><strong>LOKALIZACJA:<\/strong><br>Parter, nowe skrzyd\u0142o WBP.<br>Wypo\u017cyczalnia jest agend\u0105 Dzia\u0142u Udost\u0119pniania.<\/p>\n\n\n\n<p class=\"wp-block-paragraph\"><strong>E-MAIL: <\/strong><br><a href=\"mailto:wyp@wbp.lublin.pl\">wyp@wbp.lublin.pl<\/a><\/p>\n\n\n\n<p class=\"wp-block-paragraph\"><strong>TEL.:<\/strong><br><strong>Wypo\u017cyczalnia<\/strong>: <a href=\"tel:815287442\">81-52-87-442<\/a><br><strong>Kierownik<\/strong>: <a href=\"tel:815287426\">81-52-87-426<\/a><\/p>\n\n\n\n<p class=\"wp-block-paragraph\"><strong>ZASADY KORZYSTANIA Z WYPO\u017bYCZALNI:<\/strong><\/p>\n\n\n\n<p class=\"wp-block-paragraph\">\u2013 u\u017cytkownikiem Wypo\u017cyczalni mo\u017ce by\u0107 ka\u017cdy; od os\u00f3b niepe\u0142noletnich wymagane jest por\u0119czenie rodzica lub opiekuna;<\/p>\n\n\n\n<p class=\"wp-block-paragraph\">\u2013 zbiory Wypo\u017cyczalni prezentowane s\u0105 przez <u><a href=\"https:\/\/bn-mpl.primo.exlibrisgroup.com\/discovery\/search?vid=48OMNIS_MPL:48OMNIS_MPL&amp;lang=pl\">KATALOG KOMPUTEROWY<\/a><\/u>;<\/p>\n\n\n\n<p class=\"wp-block-paragraph\">\u2013 wypo\u017cycza\u0107 mo\u017cna jednorazowo: z ksi\u0119gozbioru dla doros\u0142ych 6 ksi\u0105\u017cek na okres 4 tygodni, z ksi\u0119gozbioru dzieci\u0119co-m\u0142odzie\u017cowego 4 ksi\u0105\u017cki na okres 4 tygodni, 2 tytu\u0142y audiobooka na okres 2 tygodni;<\/p>\n\n\n\n<p class=\"wp-block-paragraph\">\u2013 termin wypo\u017cyczenia ksi\u0105\u017cki mo\u017cna raz przed\u0142u\u017cy\u0107 na kolejne cztery tygodnie \u2013 prolongaty mo\u017cna dokona\u0107 osobi\u015bcie za okazaniem karty bibliotecznej, on line loguj\u0105c si\u0119 na w\u0142asne konto lub telefonicznie<br>(audiobooki nie podlegaj\u0105 prolongacie);<br>czytelnik ma prawo do prolongaty pomimo istnienia rezerwacji innych czytelnik\u00f3w na wypo\u017cyczone tytu\u0142y;<\/p>\n\n\n\n<p class=\"wp-block-paragraph\">\u2013 zam\u00f3wienia na ksi\u0105\u017cki sk\u0142ada si\u0119 poprzez system sk\u0142adania zam\u00f3wie\u0144 elektronicznych.<\/p>\n\n\n\n<p class=\"wp-block-paragraph\">Szczeg\u00f3\u0142owy <a href=\"https:\/\/wbp.lublin.pl\/index.php\/regulaminy\/regulamin-wypozyczalni\/\"><em>Regulamin<\/em><\/a> dost\u0119pny jest na miejscu&nbsp;w Wypo\u017cyczalni oraz na stronie internetowej Biblioteki.<\/p>\n","protected":false},"excerpt":{"rendered":"","protected":false},"author":18,"featured_media":0,"parent":0,"menu_order":106,"comment_status":"closed","ping_status":"closed","template":"template-noleft.php","meta":{"_tec_requires_first_save":true,"_crdt_document":"","pgc_sgb_lightbox_settings":"","_EventAllDay":false,"_EventTimezone":"","_EventStartDate":"","_EventEndDate":"","_EventStartDateUTC":"","_EventEndDateUTC":"","_EventShowMap":false,"_EventShowMapLink":false,"_EventURL":"","_EventCost":"","_EventCostDescription":"","_EventCurrencySymbol":"","_EventCurrencyCode":"","_EventCurrencyPosition":"","_EventDateTimeSeparator":"","_EventTimeRangeSeparator":"","_EventOrganizerID":[],"_EventVenueID":[],"_OrganizerEmail":"","_OrganizerPhone":"","_OrganizerWebsite":"","_VenueAddress":"","_VenueCity":"","_VenueCountry":"","_VenueProvince":"","_VenueState":"","_VenueZip":"","_VenuePhone":"","_VenueURL":"","_VenueStateProvince":"","_VenueLat":"","_VenueLng":"","_VenueShowMap":false,"_VenueShowMapLink":false,"_tribe_blocks_recurrence_rules":"","_tribe_blocks_recurrence_description":"","_tribe_blocks_recurrence_exclusions":"","footnotes":""},"class_list":["post-6866","page","type-page","status-publish","hentry"],"publishpress_future_action":{"enabled":false,"date":"2026-04-16 11:48:14","action":"change-status","newStatus":"draft","terms":[],"taxonomy":"","extraData":[]},"publishpress_future_workflow_manual_trigger":{"enabledWorkflows":[]},"_links":{"self":[{"href":"https:\/\/wbp.lublin.pl\/index.php\/wp-json\/wp\/v2\/pages\/6866","targetHints":{"allow":["GET"]}}],"collection":[{"href":"https:\/\/wbp.lublin.pl\/index.php\/wp-json\/wp\/v2\/pages"}],"about":[{"href":"https:\/\/wbp.lublin.pl\/index.php\/wp-json\/wp\/v2\/types\/page"}],"author":[{"embeddable":true,"href":"https:\/\/wbp.lublin.pl\/index.php\/wp-json\/wp\/v2\/users\/18"}],"replies":[{"embeddable":true,"href":"https:\/\/wbp.lublin.pl\/index.php\/wp-json\/wp\/v2\/comments?post=6866"}],"version-history":[{"count":10,"href":"https:\/\/wbp.lublin.pl\/index.php\/wp-json\/wp\/v2\/pages\/6866\/revisions"}],"predecessor-version":[{"id":33034,"href":"https:\/\/wbp.lublin.pl\/index.php\/wp-json\/wp\/v2\/pages\/6866\/revisions\/33034"}],"wp:attachment":[{"href":"https:\/\/wbp.lublin.pl\/index.php\/wp-json\/wp\/v2\/media?parent=6866"}],"curies":[{"name":"wp","href":"https:\/\/api.w.org\/{rel}","templated":true}]}}