{"id":6869,"date":"2018-06-21T14:30:29","date_gmt":"2018-06-21T12:30:29","guid":{"rendered":"https:\/\/wbp.lublin.pl8\/?page_id=6869"},"modified":"2022-02-17T13:37:30","modified_gmt":"2022-02-17T12:37:30","slug":"wypozyczalnia-miedzybiblioteczna","status":"publish","type":"page","link":"https:\/\/wbp.lublin.pl\/index.php\/wypozyczalnia-miedzybiblioteczna\/","title":{"rendered":"Wypo\u017cyczalnia Mi\u0119dzybiblioteczna"},"content":{"rendered":"\n<!--more-->\n\n\n\n<div class=\"art-PostContent\">\n<p><strong>LOKALIZACJA:<\/strong><strong><br><\/strong>I pi\u0119tro, pok\u00f3j 14 (obok Czytelni Naukowej)<br>Wypo\u017cyczalnia Mi\u0119dzybiblioteczna jest agend\u0105 Dzia\u0142u Udost\u0119pniania.<\/p>\n<p><strong>E-MAIL:<\/strong><strong><br><\/strong><a href=\"mailto:udost@wbp.lublin.pl\">udost@wbp.lublin.pl<\/a><\/p>\n<p><strong>KONTAKT LISTOWNY:<\/strong><strong><br><\/strong>Wojew\u00f3dzka Biblioteka Publiczna im. H. \u0141opaci\u0144skiego<br>Wypo\u017cyczalnia Mi\u0119dzybiblioteczna<br>ul. Narutowicza 4<br>20-950 Lublin<\/p>\n<p><strong>TEL.:<\/strong><br>Wypo\u017cyczalnia Mi\u0119dzybiblioteczna: <a href=\"tel:815287426\">81-52-87-426<\/a><br>Kierownik: <a href=\"tel:815287426\">81-52-87-426<\/a><\/p>\n<p>&nbsp;<\/p>\n<p><strong>W ramach us\u0142ug realizujemy: <\/strong><\/p>\n<p>\u2013 zam\u00f3wienia ksi\u0105\u017cek i&nbsp;materia\u0142\u00f3w bibliotecznych z&nbsp;innych bibliotek;<\/p>\n<p>\u2013 wypo\u017cyczenia do innych bibliotek w\u0142asnych zbior\u00f3w.<\/p>\n<p><strong>Warunki udost\u0119pniania wypo\u017cyczanych materia\u0142\u00f3w bibliotecznych:<\/strong><\/p>\n<ol>\n<li>Materia\u0142y biblioteczne wypo\u017cyczane s\u0105 bibliotekom, a&nbsp;nie poszczeg\u00f3lnym jej czytelnikom. Ca\u0142kowit\u0105 odpowiedzialno\u015b\u0107 za nie ponosi kierownictwo biblioteki zamawiaj\u0105cej.<\/li>\n<li>Jednorazowo mo\u017cna zam\u00f3wi\u0107 do 5 pozycji.<\/li>\n<li>Nie wypo\u017cycza si\u0119 publikacji wydanych przed 1950 r.<\/li>\n<li>Wypo\u017cyczone materia\u0142y mog\u0105 by\u0107 udost\u0119pniane wy\u0142\u0105cznie w&nbsp;czytelni biblioteki zamawiaj\u0105cej.<\/li>\n<li>Wypo\u017cyczone materia\u0142y winny by\u0107 odes\u0142ane przesy\u0142kami pocztowymi warto\u015bciowymi lub poleconymi w\u0142a\u015bciwie zabezpieczonymi, w&nbsp;celu unikni\u0119cia uszkodzenia odsy\u0142anych materia\u0142\u00f3w. Koszt zwrotu pokrywa biblioteka zamawiaj\u0105ca<\/li>\n<li>Biblioteka zamawiaj\u0105ca ma obowi\u0105zek terminowego zwrotu wypo\u017cyczonych materia\u0142\u00f3w, tj. w&nbsp;ci\u0105gu miesi\u0105ca od daty ich otrzymania. Istnieje mo\u017cliwo\u015b\u0107 przed\u0142u\u017cenia terminu zwrotu wypo\u017cyczonych materia\u0142\u00f3w, najp\u00f3\u017aniej na 5 dni przed jego up\u0142ywem.<\/li>\n<\/ol>\n<p><strong>Formy sk\u0142adania zam\u00f3wienia:<\/strong><\/p>\n<p>Zam\u00f3wienia winny by\u0107 sk\u0142adane na rewersach mi\u0119dzybibliotecznych zawieraj\u0105cych:<\/p>\n<p>\u2013 czytelny odcisk piecz\u0119ci biblioteki zamawiaj\u0105cej, jej pe\u0142ny adres, dat\u0119 oraz podpis osoby upowa\u017cnionej;<\/p>\n<p>\u2013 czytelny opis bibliograficzny obejmuj\u0105cy: nazwisko i&nbsp;imi\u0119 autora, tytu\u0142, miejsce i&nbsp;rok wydania;<\/p>\n<p><strong>Wypo\u017cyczeniom mi\u0119dzybibliotecznym nie podlegaj\u0105:<\/strong><\/p>\n<p>\u2013 ksi\u0119gozbiory podr\u0119czne poszczeg\u00f3lnych czytelni i&nbsp;dzia\u0142\u00f3w,<\/p>\n<p>\u2013 dzie\u0142a rzadkie i&nbsp;szczeg\u00f3lnie cenne,<\/p>\n<p>\u2013 zbiory specjalne z&nbsp;wyj\u0105tkiem mikrofilm\u00f3w,<\/p>\n<p>\u2013 publikacje o&nbsp;du\u017cym formacie,<\/p>\n<p>\u2013 publikacje w&nbsp;z\u0142ym stanie technicznym<\/p>\n<p>\u2013 czasopisma \u2013 z&nbsp;wyj\u0105tkiem czasopism na mikrofilmach.<\/p>\n<p>&nbsp;<\/p>\n<p>Wypo\u017cyczalnia Mi\u0119dzybiblioteczna sprowadza na \u017cyczenie czytelnik\u00f3w z&nbsp;bibliotek krajowych brakuj\u0105ce w&nbsp;zbiorach Biblioteki materia\u0142y.<\/p>\n<p>&nbsp;<\/p>\n<\/div>\n","protected":false},"excerpt":{"rendered":"","protected":false},"author":18,"featured_media":0,"parent":0,"menu_order":107,"comment_status":"closed","ping_status":"closed","template":"template-noleft.php","meta":{"_tec_requires_first_save":true,"_crdt_document":"","pgc_sgb_lightbox_settings":"","_EventAllDay":false,"_EventTimezone":"","_EventStartDate":"","_EventEndDate":"","_EventStartDateUTC":"","_EventEndDateUTC":"","_EventShowMap":false,"_EventShowMapLink":false,"_EventURL":"","_EventCost":"","_EventCostDescription":"","_EventCurrencySymbol":"","_EventCurrencyCode":"","_EventCurrencyPosition":"","_EventDateTimeSeparator":"","_EventTimeRangeSeparator":"","_EventOrganizerID":[],"_EventVenueID":[],"_OrganizerEmail":"","_OrganizerPhone":"","_OrganizerWebsite":"","_VenueAddress":"","_VenueCity":"","_VenueCountry":"","_VenueProvince":"","_VenueState":"","_VenueZip":"","_VenuePhone":"","_VenueURL":"","_VenueStateProvince":"","_VenueLat":"","_VenueLng":"","_VenueShowMap":false,"_VenueShowMapLink":false,"_tribe_blocks_recurrence_rules":"","_tribe_blocks_recurrence_description":"","_tribe_blocks_recurrence_exclusions":"","footnotes":""},"class_list":["post-6869","page","type-page","status-publish","hentry"],"publishpress_future_action":{"enabled":false,"date":"2026-04-12 17:19:48","action":"change-status","newStatus":"draft","terms":[],"taxonomy":"","extraData":[]},"publishpress_future_workflow_manual_trigger":{"enabledWorkflows":[]},"_links":{"self":[{"href":"https:\/\/wbp.lublin.pl\/index.php\/wp-json\/wp\/v2\/pages\/6869","targetHints":{"allow":["GET"]}}],"collection":[{"href":"https:\/\/wbp.lublin.pl\/index.php\/wp-json\/wp\/v2\/pages"}],"about":[{"href":"https:\/\/wbp.lublin.pl\/index.php\/wp-json\/wp\/v2\/types\/page"}],"author":[{"embeddable":true,"href":"https:\/\/wbp.lublin.pl\/index.php\/wp-json\/wp\/v2\/users\/18"}],"replies":[{"embeddable":true,"href":"https:\/\/wbp.lublin.pl\/index.php\/wp-json\/wp\/v2\/comments?post=6869"}],"version-history":[{"count":7,"href":"https:\/\/wbp.lublin.pl\/index.php\/wp-json\/wp\/v2\/pages\/6869\/revisions"}],"predecessor-version":[{"id":34660,"href":"https:\/\/wbp.lublin.pl\/index.php\/wp-json\/wp\/v2\/pages\/6869\/revisions\/34660"}],"wp:attachment":[{"href":"https:\/\/wbp.lublin.pl\/index.php\/wp-json\/wp\/v2\/media?parent=6869"}],"curies":[{"name":"wp","href":"https:\/\/api.w.org\/{rel}","templated":true}]}}