{"id":6881,"date":"2018-06-21T14:45:44","date_gmt":"2018-06-21T12:45:44","guid":{"rendered":"https:\/\/wbp.lublin.pl8\/?page_id=6881"},"modified":"2022-02-18T11:04:57","modified_gmt":"2022-02-18T10:04:57","slug":"czytelnia-zbiorow-specjalnych","status":"publish","type":"page","link":"https:\/\/wbp.lublin.pl\/index.php\/czytelnia-zbiorow-specjalnych\/","title":{"rendered":"Czytelnia Zbior\u00f3w Specjalnych"},"content":{"rendered":"\n<!--more-->\n\n\n\n<p class=\"wp-block-paragraph\"><strong>LOKALIZACJA:<\/strong><br>II pi\u0119tro.<br>Czytelni\u0119 prowadzi Dzia\u0142 Zbior\u00f3w Specjalnych.<\/p>\n\n\n\n<p class=\"wp-block-paragraph\"><strong>E-MAIL:<\/strong><br><a href=\"mailto:spec@wbp.lublin.pl\">spec@wbp.lublin.pl<\/a><\/p>\n\n\n\n<p class=\"wp-block-paragraph\"><strong>TEL.:<\/strong><\/p>\n\n\n\n<p class=\"wp-block-paragraph\">Czytelnia: <a href=\"tel:815287438\">81-52-87-438<\/a><br>Kierownik: <a href=\"tel:815287441\">81-52-87-441<\/a><\/p>\n\n\n\n<p class=\"wp-block-paragraph\"><strong>W CZYTELNI ZBIOR\u00d3W SPECJALNYCH UDOST\u0118PNIAMY NAST\u0118PUJ\u0104CE RODZAJE ZBIOR\u00d3W BIBLIOTECZNYCH:<\/strong><\/p>\n\n\n\n<p class=\"wp-block-paragraph\">&#8211; dokumenty \u017cycia spo\u0142ecznego (m. in. plakaty, ulotki, broszury itp.),<br>&#8211; fotografie,<br>&#8211; zbiory graficzne (w tym ekslibrisy),<br>&#8211; zbiory kartograficzne,<br>&#8211; mikrofilmy (m. in. zmikrofilmowane czasopisma),<br>&#8211; poczt\u00f3wki,<br>&#8211; r\u0119kopisy,<br>&#8211; stare druki.<\/p>\n\n\n\n<div class=\"wp-block-image\"><figure class=\"alignleft\"><a href=\"https:\/\/wbp.lublin.pl\/index.php\/agendy\/czytelnia-zbiorow-specjalnych\/czytzbspec2\/\" rel=\"attachment wp-att-18939\"><img data-dominant-color=\"9a6a51\" data-has-transparency=\"false\" style=\"--dominant-color: #9a6a51;\" decoding=\"async\" sizes=\"(max-width: 598px) 100vw, 598px\" src=\"https:\/\/wbp.lublin.pl\/wp-content\/uploads\/2019\/01\/czytzbspec2-300x201.jpg\" alt=\"\" class=\"wp-image-18939 not-transparent\"\/><\/a><\/figure><\/div>\n\n\n\n<p class=\"wp-block-paragraph\">W dyspozycji czytelnika pozostaje <strong>ksi\u0119gozbi\u00f3r podr\u0119czny<\/strong>, zawieraj\u0105cy m. in. pozycje z zakresu bibliografii, bibliotekarstwa, historii, historii ksi\u0105\u017cki, historii sztuki, fotografii, geografii, a tak\u017ce encyklopedie, s\u0142owniki, oraz zbi\u00f3r drukowanych katalog\u00f3w zbior\u00f3w specjalnych polskich i obcych.<\/p>\n\n\n\n<p class=\"wp-block-paragraph\">Informacj\u0119 o zbiorach specjalnych i ksi\u0119gozbiorze podr\u0119cznym zapewnia <strong>katalog kartkowy, tak\u017ce znajduj\u0105cy si\u0119 w Czytelni<\/strong>. Jest on podzielony wed\u0142ug rodzaj\u00f3w zbior\u00f3w. Udost\u0119pniamy tak\u017ce drukowane katalogi zbior\u00f3w specjalnych.<\/p>\n\n\n\n<p class=\"wp-block-paragraph\"><strong>ZASADY KORZYSTANIA:<\/strong><\/p>\n\n\n\n<p class=\"wp-block-paragraph\">&#8211; Ze zbior\u00f3w specjalnych Biblioteki mog\u0105 korzysta\u0107 wszyscy zainteresowani.<\/p>\n\n\n\n<p class=\"wp-block-paragraph\">&#8211; Czytelnik zobowi\u0105zany jest <strong>pozostawi\u0107 w szatni (poziom \u201e-1\u201d) okrycie wierzchnie<\/strong>, oraz wszelkiego rodzaju torby, torebki, plecaki, teczki itp.<\/p>\n\n\n\n<p class=\"wp-block-paragraph\">&#8211; Czytelnik zobowi\u0105zany jest dokona\u0107 <strong>rejestracji<\/strong>, wype\u0142niaj\u0105c deklaracj\u0119 czytelnika, wyrazi\u0107 zgod\u0119 na przetwarzanie swoich danych osobowych (dla cel\u00f3w statystycznych i bada\u0144 naukowych Biblioteki) oraz przed skorzystaniem ze zbior\u00f3w okaza\u0107 bibliotekarzowi dy\u017curnemu dokument potwierdzaj\u0105cy dane osobowe zamieszczone&nbsp;w deklaracji.<\/p>\n\n\n\n<p class=\"wp-block-paragraph\">&#8211; Udost\u0119pnianie zbior\u00f3w odbywa si\u0119 na podstawie <strong>rewersu<\/strong>. Na mikrofilmy i ksi\u0119gozbi\u00f3r podr\u0119czny nale\u017cy wype\u0142ni\u0107 rewers pojedynczy, na pozosta\u0142e rodzaje zbior\u00f3w \u2013 rewers podw\u00f3jny.<\/p>\n\n\n\n<p class=\"wp-block-paragraph\">&#8211; Rewersy sk\u0142ada si\u0119 najp\u00f3\u017aniej na 30 min. przed zamkni\u0119ciem Czytelni. Istnieje mo\u017cliwo\u015b\u0107 telefonicznego i e-mailowego zam\u00f3wienia zbior\u00f3w.<\/p>\n\n\n\n<p class=\"wp-block-paragraph\">&#8211; Czytelnik zobowi\u0105zany jest <strong>zg\u0142asza\u0107 wszelkie zauwa\u017cone uszkodzenia<\/strong> zbior\u00f3w bibliotekarzowi dy\u017curnemu. Za wszystkie zniszczenia udost\u0119pnionego obiektu czytelnik odpowiada w wysoko\u015bci finansowej rzeczywistej szkody wed\u0142ug ustalenia Biblioteki.<\/p>\n\n\n\n<p class=\"wp-block-paragraph\">&#8211; Istnieje mo\u017cliwo\u015b\u0107 wykonania kopii elektronicznej&nbsp;zbior\u00f3w specjalnych (skan, fotografowanie w\u0142asnym sprz\u0119tem) &#8211; zob.&nbsp;<a href=\"https:\/\/wbp.lublin.pl\/index.php\/uslugi-odplatne\/zasady-powielania-zbiorow-w-wbp\/\"><strong>Zasady powielania zbior\u00f3w w WBP<\/strong><\/a>.<\/p>\n\n\n\n<p class=\"wp-block-paragraph\">&#8211; Szczeg\u00f3\u0142owe zasady udost\u0119pniania zbior\u00f3w specjalnych okre\u015bla <a href=\"https:\/\/wbp.lublin.pl\/index.php\/regulaminy\/regulamin-udostepniania-zbiorow-specjalnych\/\"><strong>Regulamin<\/strong><\/a>.<\/p>\n","protected":false},"excerpt":{"rendered":"","protected":false},"author":18,"featured_media":18940,"parent":0,"menu_order":104,"comment_status":"closed","ping_status":"closed","template":"template-noleft.php","meta":{"_tec_requires_first_save":true,"_crdt_document":"","pgc_sgb_lightbox_settings":"","_EventAllDay":false,"_EventTimezone":"","_EventStartDate":"","_EventEndDate":"","_EventStartDateUTC":"","_EventEndDateUTC":"","_EventShowMap":false,"_EventShowMapLink":false,"_EventURL":"","_EventCost":"","_EventCostDescription":"","_EventCurrencySymbol":"","_EventCurrencyCode":"","_EventCurrencyPosition":"","_EventDateTimeSeparator":"","_EventTimeRangeSeparator":"","_EventOrganizerID":[],"_EventVenueID":[],"_OrganizerEmail":"","_OrganizerPhone":"","_OrganizerWebsite":"","_VenueAddress":"","_VenueCity":"","_VenueCountry":"","_VenueProvince":"","_VenueState":"","_VenueZip":"","_VenuePhone":"","_VenueURL":"","_VenueStateProvince":"","_VenueLat":"","_VenueLng":"","_VenueShowMap":false,"_VenueShowMapLink":false,"_tribe_blocks_recurrence_rules":"","_tribe_blocks_recurrence_description":"","_tribe_blocks_recurrence_exclusions":"","footnotes":""},"class_list":["post-6881","page","type-page","status-publish","has-post-thumbnail","hentry"],"publishpress_future_action":{"enabled":false,"date":"2026-04-20 20:48:07","action":"change-status","newStatus":"draft","terms":[],"taxonomy":"","extraData":[]},"publishpress_future_workflow_manual_trigger":{"enabledWorkflows":[]},"_links":{"self":[{"href":"https:\/\/wbp.lublin.pl\/index.php\/wp-json\/wp\/v2\/pages\/6881","targetHints":{"allow":["GET"]}}],"collection":[{"href":"https:\/\/wbp.lublin.pl\/index.php\/wp-json\/wp\/v2\/pages"}],"about":[{"href":"https:\/\/wbp.lublin.pl\/index.php\/wp-json\/wp\/v2\/types\/page"}],"author":[{"embeddable":true,"href":"https:\/\/wbp.lublin.pl\/index.php\/wp-json\/wp\/v2\/users\/18"}],"replies":[{"embeddable":true,"href":"https:\/\/wbp.lublin.pl\/index.php\/wp-json\/wp\/v2\/comments?post=6881"}],"version-history":[{"count":9,"href":"https:\/\/wbp.lublin.pl\/index.php\/wp-json\/wp\/v2\/pages\/6881\/revisions"}],"predecessor-version":[{"id":33032,"href":"https:\/\/wbp.lublin.pl\/index.php\/wp-json\/wp\/v2\/pages\/6881\/revisions\/33032"}],"wp:featuredmedia":[{"embeddable":true,"href":"https:\/\/wbp.lublin.pl\/index.php\/wp-json\/wp\/v2\/media\/18940"}],"wp:attachment":[{"href":"https:\/\/wbp.lublin.pl\/index.php\/wp-json\/wp\/v2\/media?parent=6881"}],"curies":[{"name":"wp","href":"https:\/\/api.w.org\/{rel}","templated":true}]}}