{"id":6883,"date":"2018-06-21T14:46:07","date_gmt":"2018-06-21T12:46:07","guid":{"rendered":"https:\/\/wbp.lublin.pl8\/?page_id=6883"},"modified":"2022-02-18T11:03:11","modified_gmt":"2022-02-18T10:03:11","slug":"czytelnia-czasopism","status":"publish","type":"page","link":"https:\/\/wbp.lublin.pl\/index.php\/agendy\/czytelnia-czasopism\/","title":{"rendered":"Czytelnia Czasopism"},"content":{"rendered":"\n<!--more-->\n\n\n\n<p class=\"wp-block-paragraph\"><strong>LOKALIZACJA:<br><\/strong>I pi\u0119tro, nowe skrzyd\u0142o WBP.<br>Czytelnia jest agend\u0105 Dzia\u0142u Udost\u0119pniania.<\/p>\n\n\n\n<p class=\"wp-block-paragraph\"><strong>E-MAIL:<br><\/strong><a href=\"mailto:udost@wbp.lublin.pl\">udost@wbp.lublin.pl<\/a><\/p>\n\n\n\n<p class=\"wp-block-paragraph\"><strong>TEL.:<br>Czytelnia:<\/strong> <a href=\"tel:815287440\">81-52-87-440<\/a><br><strong>Kierownik:<\/strong> <a href=\"tel:815287426\">81-52-87-426<\/a><\/p>\n\n\n\n<p class=\"wp-block-paragraph\"><strong>ZBIORY:<\/strong><\/p>\n\n\n\n<p class=\"wp-block-paragraph\">Obecnie czytelnia oferuje dost\u0119p do 255 tytu\u0142\u00f3w czasopism bie\u017c\u0105cych, kt\u00f3re gromadzone s\u0105 w trzech grupach:<\/p>\n\n\n\n<p class=\"wp-block-paragraph\">\u2013 dzienniki (regionalne i og\u00f3lnopolskim);<br>\u2013 czasopisma tre\u015bci og\u00f3lnej<\/p>\n\n\n\n<p class=\"wp-block-paragraph\">\u2013 czasopisma naukowe<\/p>\n\n\n\n<p class=\"wp-block-paragraph\"><strong>ZASADY KORZYSTANIA Z CZYTELNI CZASOPISM:<\/strong><\/p>\n\n\n\n<p class=\"wp-block-paragraph\">\u2013 korzystanie z ksi\u0119gozbioru Biblioteki jest bezp\u0142atne;<\/p>\n\n\n\n<p class=\"wp-block-paragraph\">\u2013 u\u017cytkownikiem Czytelni mo\u017ce by\u0107 ka\u017cdy;<\/p>\n\n\n\n<p class=\"wp-block-paragraph\">\u2013 zbiory czasopi\u015bmiennicze prezentowane s\u0105 poprzez katalogi: komputerowy oraz katalog kartkowy czasopism;<\/p>\n\n\n\n<p class=\"wp-block-paragraph\">\u2013 zam\u00f3wienia na czasopisma zlokalizowane w magazynie, sk\u0142ada si\u0119 wy\u0142\u0105cznie drog\u0105 elektroniczn\u0105;<\/p>\n\n\n\n<p class=\"wp-block-paragraph\">\u2013 jednorazowo mo\u017cna zam\u00f3wi\u0107 pi\u0119\u0107 wolumin\u00f3w;<\/p>\n\n\n\n<p class=\"wp-block-paragraph\"><strong>US\u0141UGI odp\u0142atne:<\/strong><\/p>\n\n\n\n<p class=\"wp-block-paragraph\">\u2013 kserowanie czasopism wydanych po 1951 roku,<\/p>\n\n\n\n<p class=\"wp-block-paragraph\">\u2013 skanowanie czasopism,<\/p>\n\n\n\n<p class=\"wp-block-paragraph\">\u2013 fotografia cyfrowa,<\/p>\n\n\n\n<p class=\"wp-block-paragraph\">\u2013 wydruki z bazy INFOR.<\/p>\n\n\n\n<p class=\"wp-block-paragraph\">Szczeg\u00f3\u0142owy <a href=\"https:\/\/wbp.lublin.pl\/index.php\/regulaminy\/regulamin-czytelni-czasopism\/\"><em>Regulamin<\/em><\/a> i <a href=\"https:\/\/wbp.lublin.pl\/index.php\/uslugi-odplatne\/cennik-uslug\/\">cenniki<\/a> dost\u0119pne s\u0105 na miejscu&nbsp;w Czytelni oraz na stronie internetowej Biblioteki.<\/p>\n","protected":false},"excerpt":{"rendered":"","protected":false},"author":18,"featured_media":26,"parent":6877,"menu_order":18,"comment_status":"closed","ping_status":"closed","template":"template-noleft.php","meta":{"_tec_requires_first_save":true,"_crdt_document":"","pgc_sgb_lightbox_settings":"","_EventAllDay":false,"_EventTimezone":"","_EventStartDate":"","_EventEndDate":"","_EventStartDateUTC":"","_EventEndDateUTC":"","_EventShowMap":false,"_EventShowMapLink":false,"_EventURL":"","_EventCost":"","_EventCostDescription":"","_EventCurrencySymbol":"","_EventCurrencyCode":"","_EventCurrencyPosition":"","_EventDateTimeSeparator":"","_EventTimeRangeSeparator":"","_EventOrganizerID":[],"_EventVenueID":[],"_OrganizerEmail":"","_OrganizerPhone":"","_OrganizerWebsite":"","_VenueAddress":"","_VenueCity":"","_VenueCountry":"","_VenueProvince":"","_VenueState":"","_VenueZip":"","_VenuePhone":"","_VenueURL":"","_VenueStateProvince":"","_VenueLat":"","_VenueLng":"","_VenueShowMap":false,"_VenueShowMapLink":false,"_tribe_blocks_recurrence_rules":"","_tribe_blocks_recurrence_description":"","_tribe_blocks_recurrence_exclusions":"","footnotes":""},"class_list":["post-6883","page","type-page","status-publish","has-post-thumbnail","hentry"],"publishpress_future_action":{"enabled":false,"date":"2026-04-17 08:58:05","action":"change-status","newStatus":"draft","terms":[],"taxonomy":"","extraData":[]},"publishpress_future_workflow_manual_trigger":{"enabledWorkflows":[]},"_links":{"self":[{"href":"https:\/\/wbp.lublin.pl\/index.php\/wp-json\/wp\/v2\/pages\/6883","targetHints":{"allow":["GET"]}}],"collection":[{"href":"https:\/\/wbp.lublin.pl\/index.php\/wp-json\/wp\/v2\/pages"}],"about":[{"href":"https:\/\/wbp.lublin.pl\/index.php\/wp-json\/wp\/v2\/types\/page"}],"author":[{"embeddable":true,"href":"https:\/\/wbp.lublin.pl\/index.php\/wp-json\/wp\/v2\/users\/18"}],"replies":[{"embeddable":true,"href":"https:\/\/wbp.lublin.pl\/index.php\/wp-json\/wp\/v2\/comments?post=6883"}],"version-history":[{"count":6,"href":"https:\/\/wbp.lublin.pl\/index.php\/wp-json\/wp\/v2\/pages\/6883\/revisions"}],"predecessor-version":[{"id":33028,"href":"https:\/\/wbp.lublin.pl\/index.php\/wp-json\/wp\/v2\/pages\/6883\/revisions\/33028"}],"up":[{"embeddable":true,"href":"https:\/\/wbp.lublin.pl\/index.php\/wp-json\/wp\/v2\/pages\/6877"}],"wp:featuredmedia":[{"embeddable":true,"href":"https:\/\/wbp.lublin.pl\/index.php\/wp-json\/wp\/v2\/media\/26"}],"wp:attachment":[{"href":"https:\/\/wbp.lublin.pl\/index.php\/wp-json\/wp\/v2\/media?parent=6883"}],"curies":[{"name":"wp","href":"https:\/\/api.w.org\/{rel}","templated":true}]}}