{"id":6885,"date":"2018-06-21T14:46:32","date_gmt":"2018-06-21T12:46:32","guid":{"rendered":"https:\/\/wbp.lublin.pl8\/?page_id=6885"},"modified":"2022-02-18T11:04:17","modified_gmt":"2022-02-18T10:04:17","slug":"czytelnia-naukowa","status":"publish","type":"page","link":"https:\/\/wbp.lublin.pl\/index.php\/czytelnia-naukowa\/","title":{"rendered":"Czytelnia Naukowa"},"content":{"rendered":"\n<!--more-->\n\n\n\n<p class=\"wp-block-paragraph\"><strong>LOKALIZACJA:<\/strong><br>I pi\u0119tro.<br>Czytelnia jest agend\u0105 Dzia\u0142u Udost\u0119pniania.<\/p>\n\n\n\n<p class=\"wp-block-paragraph\"><strong>E-MAIL:<\/strong><br><a href=\"mailto:udost@wbp.lublin.pl\">udost@wbp.lublin.pl<\/a><\/p>\n\n\n\n<p class=\"wp-block-paragraph\"><strong>TEL.:<br><\/strong>Czytelnia: <a href=\"tel:815287426\">81-52-87-426&nbsp;<strong>&nbsp;<\/strong><\/a><\/p>\n\n\n\n<p class=\"wp-block-paragraph\">Kierownik: <a href=\"tel:815287426\">81-52-87-426&nbsp;<strong>&nbsp;<\/strong><\/a><\/p>\n\n\n\n<p class=\"wp-block-paragraph\"><strong>ZBIORY UDOST\u0118PNIANE W CZYTELNI NAUKOWEJ:<\/strong><\/p>\n\n\n\n<p class=\"wp-block-paragraph\">\u2013 ksi\u0119gozbi\u00f3r podr\u0119czny, udost\u0119pniany w systemie wolnego dost\u0119pu do p\u00f3\u0142ek. Zbiory te posiadaj\u0105 w <a href=\"http:\/\/212.182.106.59:8000\/katalog.htm\">katalogu komputerowym<\/a> okre\u015blenie lokalizacji: Czytelnia Naukowa.<\/p>\n\n\n\n<p class=\"wp-block-paragraph\">\u2013 ksi\u0119gozbi\u00f3r naukowy Biblioteki, zgromadzony w magazynie g\u0142\u00f3wnym. Zbiory te posiadaj\u0105 w <a href=\"http:\/\/212.182.106.59:8000\/katalog.htm\">katalogu komputerowym<\/a> opis lokalizacji: Magazyn\/dost\u0119pne w: Czytelnia Naukowa lub s\u0105 zarejestrowane w katalogu kartkowym.<\/p>\n\n\n\n<p class=\"wp-block-paragraph\"><strong>ZASADY KORZYSTANIA Z CZYTELNI NAUKOWEJ:<\/strong><\/p>\n\n\n\n<p class=\"wp-block-paragraph\">\u2013 korzystanie z ksi\u0119gozbioru Biblioteki jest bezp\u0142atne;<\/p>\n\n\n\n<p class=\"wp-block-paragraph\">\u2013 u\u017cytkownikiem czytelni mo\u017ce by\u0107 ka\u017cdy;<\/p>\n\n\n\n<p class=\"wp-block-paragraph\">\u2013 zam\u00f3wienia na ksi\u0105\u017cki znajduj\u0105ce si\u0119 w katalogu komputerowym, sk\u0142ada si\u0119 wy\u0142\u0105cznie drog\u0105 elektroniczn\u0105;<\/p>\n\n\n\n<p class=\"wp-block-paragraph\">\u2013 zam\u00f3wienia na ksi\u0105\u017cki znajduj\u0105ce si\u0119 w katalogu kartkowym, sk\u0142ada si\u0119 na tradycyjnych rewersach kartkowych<\/p>\n\n\n\n<p class=\"wp-block-paragraph\">\u2013 na ksi\u0105\u017cki znajduj\u0105ce si\u0119 w ksi\u0119gozbiorze podr\u0119cznym Czytelni Naukowej wype\u0142nia si\u0119 po\u0142ow\u0119 rewersu tradycyjnego<\/p>\n\n\n\n<p class=\"wp-block-paragraph\">\u2013 jednorazowo mo\u017cna zam\u00f3wi\u0107 pi\u0119\u0107 wolumin\u00f3w.<\/p>\n\n\n\n<p class=\"wp-block-paragraph\"><strong>US\u0141UGI DODATKOWE:<\/strong><\/p>\n\n\n\n<p class=\"wp-block-paragraph\">\u2013 kopiowanie fragment\u00f3w ksi\u0105\u017cek (dzie\u0142a wydane po 1951 r.);<br>\u2013 skanowanie;<br>\u2013 fotografia cyfrowa.<\/p>\n\n\n\n<p class=\"wp-block-paragraph\">Szczeg\u00f3\u0142owy <a href=\"https:\/\/wbp.lublin.pl\/index.php\/regulaminy\/regulamin-czytelni-naukowej\/\"><em>Regulamin<\/em><\/a> i <a href=\"https:\/\/wbp.lublin.pl\/index.php\/uslugi-odplatne\/cennik-uslug\/\">cenniki<\/a> dost\u0119pne s\u0105 na miejscu&nbsp;w Czytelni oraz na stronie internetowej Biblioteki.<\/p>\n","protected":false},"excerpt":{"rendered":"","protected":false},"author":18,"featured_media":20,"parent":0,"menu_order":103,"comment_status":"closed","ping_status":"closed","template":"template-noleft.php","meta":{"_tec_requires_first_save":true,"_crdt_document":"","pgc_sgb_lightbox_settings":"","_EventAllDay":false,"_EventTimezone":"","_EventStartDate":"","_EventEndDate":"","_EventStartDateUTC":"","_EventEndDateUTC":"","_EventShowMap":false,"_EventShowMapLink":false,"_EventURL":"","_EventCost":"","_EventCostDescription":"","_EventCurrencySymbol":"","_EventCurrencyCode":"","_EventCurrencyPosition":"","_EventDateTimeSeparator":"","_EventTimeRangeSeparator":"","_EventOrganizerID":[],"_EventVenueID":[],"_OrganizerEmail":"","_OrganizerPhone":"","_OrganizerWebsite":"","_VenueAddress":"","_VenueCity":"","_VenueCountry":"","_VenueProvince":"","_VenueState":"","_VenueZip":"","_VenuePhone":"","_VenueURL":"","_VenueStateProvince":"","_VenueLat":"","_VenueLng":"","_VenueShowMap":false,"_VenueShowMapLink":false,"_tribe_blocks_recurrence_rules":"","_tribe_blocks_recurrence_description":"","_tribe_blocks_recurrence_exclusions":"","footnotes":""},"class_list":["post-6885","page","type-page","status-publish","has-post-thumbnail","hentry"],"publishpress_future_action":{"enabled":false,"date":"2026-04-26 10:16:15","action":"change-status","newStatus":"draft","terms":[],"taxonomy":"","extraData":[]},"publishpress_future_workflow_manual_trigger":{"enabledWorkflows":[]},"_links":{"self":[{"href":"https:\/\/wbp.lublin.pl\/index.php\/wp-json\/wp\/v2\/pages\/6885","targetHints":{"allow":["GET"]}}],"collection":[{"href":"https:\/\/wbp.lublin.pl\/index.php\/wp-json\/wp\/v2\/pages"}],"about":[{"href":"https:\/\/wbp.lublin.pl\/index.php\/wp-json\/wp\/v2\/types\/page"}],"author":[{"embeddable":true,"href":"https:\/\/wbp.lublin.pl\/index.php\/wp-json\/wp\/v2\/users\/18"}],"replies":[{"embeddable":true,"href":"https:\/\/wbp.lublin.pl\/index.php\/wp-json\/wp\/v2\/comments?post=6885"}],"version-history":[{"count":6,"href":"https:\/\/wbp.lublin.pl\/index.php\/wp-json\/wp\/v2\/pages\/6885\/revisions"}],"predecessor-version":[{"id":33031,"href":"https:\/\/wbp.lublin.pl\/index.php\/wp-json\/wp\/v2\/pages\/6885\/revisions\/33031"}],"wp:featuredmedia":[{"embeddable":true,"href":"https:\/\/wbp.lublin.pl\/index.php\/wp-json\/wp\/v2\/media\/20"}],"wp:attachment":[{"href":"https:\/\/wbp.lublin.pl\/index.php\/wp-json\/wp\/v2\/media?parent=6885"}],"curies":[{"name":"wp","href":"https:\/\/api.w.org\/{rel}","templated":true}]}}