{"id":6900,"date":"2018-06-21T15:02:01","date_gmt":"2018-06-21T13:02:01","guid":{"rendered":"https:\/\/wbp.lublin.pl8\/?page_id=6900"},"modified":"2022-02-17T13:37:41","modified_gmt":"2022-02-17T12:37:41","slug":"informatorium","status":"publish","type":"page","link":"https:\/\/wbp.lublin.pl\/index.php\/informatorium\/","title":{"rendered":"Informatorium"},"content":{"rendered":"\n<!--more-->\n\n\n\n<p class=\"wp-block-paragraph\"><strong>Lokalizacja:<br><\/strong>I pi\u0119tro \u2013 wej\u015bcie przez sal\u0119 katalogow\u0105.<br>Informatorium jest agend\u0105 Dzia\u0142u Informacji i Promocji.<\/p>\n\n\n\n<p class=\"wp-block-paragraph\"><strong>E-MAIL:<br><\/strong><a href=\"mailto:informatorium@wbp.lublin.pl\">informatorium@wbp.lublin.pl<\/a><\/p>\n\n\n\n<p class=\"wp-block-paragraph\"><strong>TEL.:<\/strong><br><a href=\"tel:815287417\">81\u201352\u201387\u2013417<\/a><br><a href=\"tel:815287437\">81-52-87-437<\/a><\/p>\n\n\n\n<p class=\"wp-block-paragraph\"><strong>Pracownicy Informatorium<\/strong>:<\/p>\n\n\n\n<p class=\"wp-block-paragraph\">&#8211; udzielaj\u0105 informacji bibliotecznych, bibliograficznych, faktograficznych na podstawie katalog\u00f3w kartkowych i komputerowych Biblioteki, ksi\u0119gozbioru podr\u0119cznego, dost\u0119pnych na miejscu baz danych, Internetu, katalog\u00f3w innych bibliotek dost\u0119pnych on-line (informacji udziela si\u0119 jest na miejscu, telefonicznie, drog\u0105 poczty tradycyjnej i elektronicznej);<\/p>\n\n\n\n<p class=\"wp-block-paragraph\">&#8211; udost\u0119pniaj\u0105 na miejscu:<\/p>\n\n\n\n<p class=\"wp-block-paragraph\">&#8211; ksi\u0119gozbi\u00f3r informacyjny o charakterze uniwersalnym obejmuj\u0105cy r\u00f3\u017cne dziedziny wiedzy ze szczeg\u00f3lnym uwzgl\u0119dnieniem nauk humanistycznych,<\/p>\n\n\n\n<p class=\"wp-block-paragraph\">&#8211; kartotek\u0119 wycink\u00f3w prasowych dotycz\u0105cych Biblioteki oraz kartotek\u0119 tekstow\u0105 \u201eMotywy i tematy w literaturze\u201d, tworzon\u0105 g\u0142\u00f3wnie jako pomoc dla maturzyst\u00f3w opracowuj\u0105cych prezentacje maturalne z j\u0119zyka polskiego;<\/p>\n\n\n\n<p class=\"wp-block-paragraph\"><strong>Pracownicy Dzia\u0142u Informacji i Promocji ponadto<\/strong>:<\/p>\n\n\n\n<p class=\"wp-block-paragraph\">&#8211; prowadz\u0105 dzia\u0142alno\u015b\u0107 wystawiennicz\u0105; przygotowuj\u0105 ekspozycje rocznicowe oraz po\u015bwi\u0119cone zagadnieniom kultury wsp\u00f3\u0142czesnej, po kt\u00f3rych oprowadzaj\u0105 grupy zorganizowane (wystawy prezentowane s\u0105 w galeriach Biblioteki a informacje o bie\u017c\u0105cych wystawach publikowane s\u0105 na stronie: Wystawy);<\/p>\n\n\n\n<p class=\"wp-block-paragraph\">&#8211; wsp\u00f3\u0142pracuj\u0105 ze \u015brodowiskiem literackim i wydawniczym, promuj\u0105c warto\u015bciowe publikacje ze szczeg\u00f3lnym uwzgl\u0119dnieniem tw\u00f3rczo\u015bci autor\u00f3w regionu lubelskiego (informacje o spotkaniach autorskich publikowane s\u0105 na stronie: Spotkania autorskie \/ Promocje ksi\u0105\u017cek);<\/p>\n\n\n\n<p class=\"wp-block-paragraph\">&#8211; prowadz\u0105 nieodp\u0142atnie lekcje biblioteczne dla uczni\u00f3w szk\u00f3\u0142 ponadpodstawowych i student\u00f3w, w trakcie kt\u00f3rych uczestnicy poznaj\u0105 zasady korzystania z katalog\u00f3w tradycyjnych i komputerowych oraz dzia\u0142alno\u015b\u0107 najwa\u017cniejszych agend Biblioteki;<\/p>\n\n\n\n<p class=\"wp-block-paragraph\">&#8211; prowadz\u0105 nieodp\u0142atnie warsztaty dla uczni\u00f3w szk\u00f3\u0142 \u015brednich, po\u015bwi\u0119cone sposobom poszukiwania materia\u0142\u00f3w do przygotowania prezentacji maturalnych z j\u0119zyka polskiego (\u017ar\u00f3d\u0142a tradycyjne i elektroniczne);<\/p>\n\n\n\n<p class=\"wp-block-paragraph\">&#8211; przyjmuj\u0105 grupy wycieczkowe, kt\u00f3re zapoznaj\u0105 z histori\u0105 Biblioteki, postaci\u0105 Hieronima \u0141opaci\u0144skiego &#8211; patrona instytucji oraz z dzia\u0142alno\u015bci\u0105 poszczeg\u00f3lnych agend;<\/p>\n\n\n\n<p class=\"wp-block-paragraph\">&#8211; prowadz\u0105 szkolenia (wyk\u0142ady, prelekcje, prezentacje) na temat dzia\u0142alno\u015bci informacyjnej, przeznaczone dla pracownik\u00f3w bibliotek publicznych wojew\u00f3dztwa lubelskiego;<\/p>\n\n\n\n<p class=\"wp-block-paragraph\">&#8211; co rok opracowuj\u0105 <strong><em>Kalendarium rocznic<\/em><\/strong>, zbieraj\u0105ce infofmacje o rocznicach regionalnych, og\u00f3lnopolskich i \u015bwiatowych, g\u0142\u00f3wnie z dziedziny kultury.<\/p>\n\n\n\n<h5 class=\"wp-block-heading\" id=\"lekcje-biblioteczne-warsztaty-oprowadzanie-grup-wycieczkowychoraz-oprowadzanie-po-wystawach-bibliotecznychsa-realizowane-wylacznie-po-wczesniejszym-ustaleniu-terminu\"><strong>Lekcje biblioteczne, warsztaty, oprowadzanie grup wycieczkowych<br>oraz oprowadzanie po wystawach bibliotecznych<br>s\u0105 realizowane wy\u0142\u0105cznie po wcze\u015bniejszym ustaleniu terminu !<\/strong><\/h5>\n","protected":false},"excerpt":{"rendered":"","protected":false},"author":18,"featured_media":0,"parent":0,"menu_order":105,"comment_status":"closed","ping_status":"closed","template":"template-noleft.php","meta":{"_tec_requires_first_save":true,"_crdt_document":"","pgc_sgb_lightbox_settings":"","_EventAllDay":false,"_EventTimezone":"","_EventStartDate":"","_EventEndDate":"","_EventStartDateUTC":"","_EventEndDateUTC":"","_EventShowMap":false,"_EventShowMapLink":false,"_EventURL":"","_EventCost":"","_EventCostDescription":"","_EventCurrencySymbol":"","_EventCurrencyCode":"","_EventCurrencyPosition":"","_EventDateTimeSeparator":"","_EventTimeRangeSeparator":"","_EventOrganizerID":[],"_EventVenueID":[],"_OrganizerEmail":"","_OrganizerPhone":"","_OrganizerWebsite":"","_VenueAddress":"","_VenueCity":"","_VenueCountry":"","_VenueProvince":"","_VenueState":"","_VenueZip":"","_VenuePhone":"","_VenueURL":"","_VenueStateProvince":"","_VenueLat":"","_VenueLng":"","_VenueShowMap":false,"_VenueShowMapLink":false,"_tribe_blocks_recurrence_rules":"","_tribe_blocks_recurrence_description":"","_tribe_blocks_recurrence_exclusions":"","footnotes":""},"class_list":["post-6900","page","type-page","status-publish","hentry"],"publishpress_future_action":{"enabled":false,"date":"2026-04-16 23:20:43","action":"change-status","newStatus":"draft","terms":[],"taxonomy":"","extraData":[]},"publishpress_future_workflow_manual_trigger":{"enabledWorkflows":[]},"_links":{"self":[{"href":"https:\/\/wbp.lublin.pl\/index.php\/wp-json\/wp\/v2\/pages\/6900","targetHints":{"allow":["GET"]}}],"collection":[{"href":"https:\/\/wbp.lublin.pl\/index.php\/wp-json\/wp\/v2\/pages"}],"about":[{"href":"https:\/\/wbp.lublin.pl\/index.php\/wp-json\/wp\/v2\/types\/page"}],"author":[{"embeddable":true,"href":"https:\/\/wbp.lublin.pl\/index.php\/wp-json\/wp\/v2\/users\/18"}],"replies":[{"embeddable":true,"href":"https:\/\/wbp.lublin.pl\/index.php\/wp-json\/wp\/v2\/comments?post=6900"}],"version-history":[{"count":6,"href":"https:\/\/wbp.lublin.pl\/index.php\/wp-json\/wp\/v2\/pages\/6900\/revisions"}],"predecessor-version":[{"id":33033,"href":"https:\/\/wbp.lublin.pl\/index.php\/wp-json\/wp\/v2\/pages\/6900\/revisions\/33033"}],"wp:attachment":[{"href":"https:\/\/wbp.lublin.pl\/index.php\/wp-json\/wp\/v2\/media?parent=6900"}],"curies":[{"name":"wp","href":"https:\/\/api.w.org\/{rel}","templated":true}]}}