{"id":6903,"date":"2018-06-21T15:05:29","date_gmt":"2018-06-21T13:05:29","guid":{"rendered":"https:\/\/wbp.lublin.pl8\/?page_id=6903"},"modified":"2022-02-18T11:03:54","modified_gmt":"2022-02-18T10:03:54","slug":"dzial-bibliografii-lubelszczyzny-i-wiedzy-o-regionie-3","status":"publish","type":"page","link":"https:\/\/wbp.lublin.pl\/index.php\/dzial-bibliografii-lubelszczyzny-i-wiedzy-o-regionie-3\/","title":{"rendered":"Czytelnia Dzia\u0142u Bibliografii Lubelszczyzny i Wiedzy o Regionie"},"content":{"rendered":"\n<!--more-->\n\n\n\n<p class=\"wp-block-paragraph\"><strong>LOKALIZACJA:<\/strong><br>Oficyna A, parter.<\/p>\n\n\n\n<p class=\"wp-block-paragraph\"><strong>E-MAIL:<br><\/strong><a href=\"mailto:region@wbp.lublin.pl\">region@wbp.lublin.pl<\/a><\/p>\n\n\n\n<p class=\"wp-block-paragraph\"><strong>TEL.:<br><\/strong><a href=\"tel:815287416\">81-52-87-416<\/a><\/p>\n\n\n\n<p class=\"wp-block-paragraph\"><strong>Udzielamy informacji bibliograficznych i&nbsp;faktograficznych z&nbsp;zakresu wiedzy o&nbsp;regionie&nbsp;na podstawie:<\/strong><\/p>\n\n\n\n<p class=\"wp-block-paragraph\">&#8211; katalog\u00f3w kartkowych i&nbsp;komputerowych Biblioteki,<\/p>\n\n\n\n<p class=\"wp-block-paragraph\">&#8211; w\u0142asnych baz danych,<\/p>\n\n\n\n<p class=\"wp-block-paragraph\">&#8211; ksi\u0119gozbioru podr\u0119cznego,<\/p>\n\n\n\n<p class=\"wp-block-paragraph\">&#8211; zasob\u00f3w internetowych,<\/p>\n\n\n\n<p class=\"wp-block-paragraph\">&#8211; bibliografii regionalnych,<\/p>\n\n\n\n<p class=\"wp-block-paragraph\">&#8211; katalog\u00f3w innych bibliotek dost\u0119pnych on-line.<\/p>\n\n\n\n<p class=\"wp-block-paragraph\">Informacji udzielamy na miejscu, telefonicznie, korespondencyjnie i&nbsp;poczt\u0105 elektroniczn\u0105.<\/p>\n\n\n\n<p class=\"wp-block-paragraph\"><strong>Udost\u0119pniamy na miejscu nast\u0119puj\u0105ce \u017ar\u00f3d\u0142a:<\/strong><\/p>\n\n\n\n<ul class=\"wp-block-list\"><li><em>Bibliografia Lubelszczyzny<\/em><\/li><\/ul>\n\n\n\n<p class=\"wp-block-paragraph\">Rejestruje pi\u015bmiennictwo publikowane na terenie kraju, tematycznie dotycz\u0105ce Lubelszczyzny. Uwzgl\u0119dnia: ksi\u0105\u017cki, czasopisma, artyku\u0142y z&nbsp;czasopism i&nbsp;prac zbiorowych, kartografi\u0119, wa\u017cniejsze dokumenty \u017cycia spo\u0142ecznego, fragmenty bibliograficzne, recenzje ksi\u0105\u017cek i&nbsp;sztuk teatralnych, dokumenty elektroniczne. Jest dost\u0119pna dla czytelnik\u00f3w na miejscu, a tak\u017ce on-line:<\/p>\n\n\n\n<p class=\"wp-block-paragraph\">&#8211; za lata 1801-1944 <u><a href=\"https:\/\/bn-mpl.primo.exlibrisgroup.com\/discovery\/search?query=tab%3DBibl_Lub&amp;search_scope=BibliografiaLubelszczyzny&amp;vid=48OMNIS_MPL:48OMNIS_MPL&amp;facet=location_code,include,5069%E2%80%93188231980005069%E2%80%9320017&amp;offset=0\">w formie elektronicznej<\/a><\/u><u>; <\/u><\/p>\n\n\n\n<p class=\"wp-block-paragraph\">&#8211; za lata 1944-2000 w&nbsp;formie drukowanej oraz <a href=\"http:\/\/bc.wbp.lublin.pl\/publication\/88\">w wersji cyfrowej w Bibliotece Cyfrowej WBP<\/a>;<\/p>\n\n\n\n<p class=\"wp-block-paragraph\">&#8211; od roku 2000 <u><a href=\"https:\/\/bn-mpl.primo.exlibrisgroup.com\/discovery\/search?query=tab%3DBibl_Lub&amp;search_scope=BibliografiaLubelszczyzny&amp;vid=48OMNIS_MPL:48OMNIS_MPL&amp;facet=location_code,include,5069%E2%80%93188231980005069%E2%80%9320017&amp;offset=0\">w formie elektronicznej<\/a><\/u><u>. <\/u><\/p>\n\n\n\n<ul class=\"wp-block-list\"><li>ksi\u0119gozbi\u00f3r informacyjny z&nbsp;zakresu wszystkich dziedzin wiedzy o&nbsp;regionie (leksykony, s\u0142owniki, bibliografie specjalne, informatory, przewodniki turystyczne, monografie i&nbsp;kompendia, wybrane czasopisma lubelskie).<\/li><li>niepublikowane prace dotycz\u0105ce Lubelszczyzny &#8211; prace magisterskie, doktorskie i&nbsp;inne o&nbsp;tematyce regionalnej (<strong>zob. zasady udost\u0119pniania<\/strong>).<\/li><li>normy bibliograficzne, bibliotekarskie, dokumentacyjne, reprograficzne i&nbsp;wydawnicze.<\/li><li>kartoteki bibliograficzne:<\/li><\/ul>\n\n\n\n<p class=\"wp-block-paragraph\">&#8211; <a href=\"http:\/\/hl.wbp.lublin.pl\/wbp\/index.php?option=com_content&amp;view=article&amp;id=93&amp;Itemid=159\">publikacji w\u0142asnych<\/a> Wojew\u00f3dzkiej Biblioteki Publicznej im. Hieronima \u0141opaci\u0144skiego oraz Towarzystwa Biblioteki Publicznej im. Hieronima \u0141opaci\u0144skiego,<\/p>\n\n\n\n<p class=\"wp-block-paragraph\">&#8211; publikowanych prac pracownik\u00f3w WBP (<a href=\"https:\/\/bn-mpl.primo.exlibrisgroup.com\/discovery\/search?query=tab%3DBibl_Lub&amp;search_scope=BibliografiaLubelszczyzny&amp;vid=48OMNIS_MPL:48OMNIS_MPL&amp;facet=location_code,include,5069%E2%80%93188231980005069%E2%80%9320017&amp;offset=0\">baza komputerowa<\/a>),<\/p>\n\n\n\n<p class=\"wp-block-paragraph\">&#8211; niepublikowanych prac dotycz\u0105cych Lubelszczyzny (baza komputerowa),<\/p>\n\n\n\n<p class=\"wp-block-paragraph\">&#8211; zawarto\u015bci prasy lubelskiej XIX i pocz\u0105tk\u00f3w XX w. \u2013 tzw. kartoteka Kazimiery Gawareckiej.<\/p>\n\n\n\n<ul class=\"wp-block-list\"><li>kartoteki faktograficzne:<\/li><\/ul>\n\n\n\n<p class=\"wp-block-paragraph\">&#8211; tw\u00f3rc\u00f3w ludowych zwi\u0105zanych z&nbsp;regionem,<\/p>\n\n\n\n<p class=\"wp-block-paragraph\">&#8211; pseudonim\u00f3w i&nbsp;kryptonim\u00f3w.<\/p>\n\n\n\n<ul class=\"wp-block-list\"><li>kartoteki tekstowe, w&nbsp;tym: etnograficzne, miejscowo\u015bci, \u017cyciorysy.<\/li><\/ul>\n\n\n\n<p class=\"wp-block-paragraph\">Wykonujemy odp\u0142atne wydruki z&nbsp;wy\u017cej wymienionych baz komputerowych (<strong>zob. wi\u0119cej:<\/strong>&nbsp;<a href=\"https:\/\/wbp.lublin.pl\/index.php\/uslugi-odplatne\/zasady-powielania-zbiorow-w-wbp\/\"><strong>US\u0141UGI<\/strong><\/a>).<\/p>\n\n\n\n<h5 class=\"wp-block-heading\" id=\"tematyczne-lekcje-biblioteczne-warsztatysa-realizowane-po-wczesniejszym-ustaleniu-terminu\"><strong>Tematyczne lekcje biblioteczne, warsztaty<\/strong><br><strong>s\u0105 realizowane po wcze\u015bniejszym ustaleniu terminu!<\/strong><\/h5>\n","protected":false},"excerpt":{"rendered":"","protected":false},"author":18,"featured_media":31,"parent":0,"menu_order":102,"comment_status":"closed","ping_status":"closed","template":"template-noleft.php","meta":{"_tec_requires_first_save":true,"_crdt_document":"","pgc_sgb_lightbox_settings":"","_EventAllDay":false,"_EventTimezone":"","_EventStartDate":"","_EventEndDate":"","_EventStartDateUTC":"","_EventEndDateUTC":"","_EventShowMap":false,"_EventShowMapLink":false,"_EventURL":"","_EventCost":"","_EventCostDescription":"","_EventCurrencySymbol":"","_EventCurrencyCode":"","_EventCurrencyPosition":"","_EventDateTimeSeparator":"","_EventTimeRangeSeparator":"","_EventOrganizerID":[],"_EventVenueID":[],"_OrganizerEmail":"","_OrganizerPhone":"","_OrganizerWebsite":"","_VenueAddress":"","_VenueCity":"","_VenueCountry":"","_VenueProvince":"","_VenueState":"","_VenueZip":"","_VenuePhone":"","_VenueURL":"","_VenueStateProvince":"","_VenueLat":"","_VenueLng":"","_VenueShowMap":false,"_VenueShowMapLink":false,"_tribe_blocks_recurrence_rules":"","_tribe_blocks_recurrence_description":"","_tribe_blocks_recurrence_exclusions":"","footnotes":""},"class_list":["post-6903","page","type-page","status-publish","has-post-thumbnail","hentry"],"publishpress_future_action":{"enabled":false,"date":"2026-05-03 00:39:32","action":"change-status","newStatus":"draft","terms":[],"taxonomy":"","extraData":[]},"publishpress_future_workflow_manual_trigger":{"enabledWorkflows":[]},"_links":{"self":[{"href":"https:\/\/wbp.lublin.pl\/index.php\/wp-json\/wp\/v2\/pages\/6903","targetHints":{"allow":["GET"]}}],"collection":[{"href":"https:\/\/wbp.lublin.pl\/index.php\/wp-json\/wp\/v2\/pages"}],"about":[{"href":"https:\/\/wbp.lublin.pl\/index.php\/wp-json\/wp\/v2\/types\/page"}],"author":[{"embeddable":true,"href":"https:\/\/wbp.lublin.pl\/index.php\/wp-json\/wp\/v2\/users\/18"}],"replies":[{"embeddable":true,"href":"https:\/\/wbp.lublin.pl\/index.php\/wp-json\/wp\/v2\/comments?post=6903"}],"version-history":[{"count":9,"href":"https:\/\/wbp.lublin.pl\/index.php\/wp-json\/wp\/v2\/pages\/6903\/revisions"}],"predecessor-version":[{"id":33029,"href":"https:\/\/wbp.lublin.pl\/index.php\/wp-json\/wp\/v2\/pages\/6903\/revisions\/33029"}],"wp:featuredmedia":[{"embeddable":true,"href":"https:\/\/wbp.lublin.pl\/index.php\/wp-json\/wp\/v2\/media\/31"}],"wp:attachment":[{"href":"https:\/\/wbp.lublin.pl\/index.php\/wp-json\/wp\/v2\/media?parent=6903"}],"curies":[{"name":"wp","href":"https:\/\/api.w.org\/{rel}","templated":true}]}}