{"id":6964,"date":"2018-06-22T11:23:48","date_gmt":"2018-06-22T09:23:48","guid":{"rendered":"https:\/\/wbp.lublin.pl8\/?page_id=6964"},"modified":"2021-02-04T21:12:57","modified_gmt":"2021-02-04T20:12:57","slug":"zbiory","status":"publish","type":"page","link":"https:\/\/wbp.lublin.pl\/index.php\/zbiory\/","title":{"rendered":"Zbiory"},"content":{"rendered":"<p>Za dob\u00f3r ksi\u0119gozbioru odpowiada <strong>Dzia\u0142 Gromadzenia i Uzupe\u0142niania Zbior\u00f3w<\/strong><\/p>\n<p><strong>TEL.: <\/strong><br \/>\n<a href=\"tel:815287429\">81-52-87-429<\/a><br \/>\n<strong>E-MAIL:<\/strong><br \/>\n<a href=\"mailto:grom@wbp.lublin.pl\">grom@wbp.lublin.pl<\/a><\/p>\n<p>Ksi\u0105\u017cki pozyskuje si\u0119 poprzez kupno (w wydawnictwach, ksi\u0119garniach, antykwariatach i od os\u00f3b prywatnych), dary, a tak\u017ce wymian\u0119 z innymi bibliotekami.<\/p>\n<p>Profil zbior\u00f3w Biblioteki oraz potrzeby czytelnicze wymagaj\u0105 zapewnienia dost\u0119pu do publikacji z szeroko poj\u0119tej humanistyki: literatury, literaturoznawstwa, historii, nauk spo\u0142ecznych, prawa i ekonomii, a tak\u017ce filozofii, psychologii i religii.<\/p>\n<p>Biblioteka zainteresowana jest wszelkimi publikacjami dotycz\u0105cymi Lublina i regionu, chodzi tu zar\u00f3wno o tematyk\u0119, jak i o miejsce wydania, osoby autor\u00f3w, ilustrator\u00f3w, drukarzy, wydawc\u00f3w itp.<\/p>\n<p><strong>\u00a0<\/strong><\/p>\n","protected":false},"excerpt":{"rendered":"<p>Za dob\u00f3r ksi\u0119gozbioru odpowiada Dzia\u0142 Gromadzenia i Uzupe\u0142niania Zbior\u00f3w TEL.: 81-52-87-429 E-MAIL: grom@wbp.lublin.pl Ksi\u0105\u017cki pozyskuje si\u0119 poprzez kupno (w wydawnictwach, ksi\u0119garniach, antykwariatach i od os\u00f3b prywatnych), dary, a tak\u017ce wymian\u0119 [&hellip;]<\/p>\n","protected":false},"author":18,"featured_media":0,"parent":0,"menu_order":99,"comment_status":"closed","ping_status":"closed","template":"template-list.php","meta":{"_tec_requires_first_save":true,"_crdt_document":"","pgc_sgb_lightbox_settings":"","_EventAllDay":false,"_EventTimezone":"","_EventStartDate":"","_EventEndDate":"","_EventStartDateUTC":"","_EventEndDateUTC":"","_EventShowMap":false,"_EventShowMapLink":false,"_EventURL":"","_EventCost":"","_EventCostDescription":"","_EventCurrencySymbol":"","_EventCurrencyCode":"","_EventCurrencyPosition":"","_EventDateTimeSeparator":"","_EventTimeRangeSeparator":"","_EventOrganizerID":[],"_EventVenueID":[],"_OrganizerEmail":"","_OrganizerPhone":"","_OrganizerWebsite":"","_VenueAddress":"","_VenueCity":"","_VenueCountry":"","_VenueProvince":"","_VenueState":"","_VenueZip":"","_VenuePhone":"","_VenueURL":"","_VenueStateProvince":"","_VenueLat":"","_VenueLng":"","_VenueShowMap":false,"_VenueShowMapLink":false,"_tribe_blocks_recurrence_rules":"","_tribe_blocks_recurrence_description":"","_tribe_blocks_recurrence_exclusions":"","footnotes":""},"class_list":["post-6964","page","type-page","status-publish","hentry"],"publishpress_future_action":{"enabled":false,"date":"2026-04-22 14:10:27","action":"change-status","newStatus":"draft","terms":[],"taxonomy":"","extraData":[]},"publishpress_future_workflow_manual_trigger":{"enabledWorkflows":[]},"_links":{"self":[{"href":"https:\/\/wbp.lublin.pl\/index.php\/wp-json\/wp\/v2\/pages\/6964","targetHints":{"allow":["GET"]}}],"collection":[{"href":"https:\/\/wbp.lublin.pl\/index.php\/wp-json\/wp\/v2\/pages"}],"about":[{"href":"https:\/\/wbp.lublin.pl\/index.php\/wp-json\/wp\/v2\/types\/page"}],"author":[{"embeddable":true,"href":"https:\/\/wbp.lublin.pl\/index.php\/wp-json\/wp\/v2\/users\/18"}],"replies":[{"embeddable":true,"href":"https:\/\/wbp.lublin.pl\/index.php\/wp-json\/wp\/v2\/comments?post=6964"}],"version-history":[{"count":6,"href":"https:\/\/wbp.lublin.pl\/index.php\/wp-json\/wp\/v2\/pages\/6964\/revisions"}],"predecessor-version":[{"id":28177,"href":"https:\/\/wbp.lublin.pl\/index.php\/wp-json\/wp\/v2\/pages\/6964\/revisions\/28177"}],"wp:attachment":[{"href":"https:\/\/wbp.lublin.pl\/index.php\/wp-json\/wp\/v2\/media?parent=6964"}],"curies":[{"name":"wp","href":"https:\/\/api.w.org\/{rel}","templated":true}]}}