{"id":73515,"date":"2025-09-11T10:29:51","date_gmt":"2025-09-11T08:29:51","guid":{"rendered":"https:\/\/wbp.lublin.pl\/?page_id=73515"},"modified":"2025-09-17T10:16:30","modified_gmt":"2025-09-17T08:16:30","slug":"program-konferencji-cyfrowa-przyszlosc-zaczyna-sie-lokalnie","status":"publish","type":"page","link":"https:\/\/wbp.lublin.pl\/index.php\/program-konferencji-cyfrowa-przyszlosc-zaczyna-sie-lokalnie\/","title":{"rendered":"Program Konferencji Cyfrowa przysz\u0142o\u015b\u0107 zaczyna si\u0119 lokalnie"},"content":{"rendered":"\n<p class=\"has-text-align-center wp-block-paragraph\"><strong>\u201eCyfrowa przysz\u0142o\u015b\u0107 zaczyna si\u0119 lokalnie\u201e23 \u2013 24 pa\u017adziernika 2025 roku<\/strong><\/p>\n\n\n\n<p class=\"has-text-align-center wp-block-paragraph\"><strong>Dzie\u0144 1 \u2013 23 pa\u017adziernika 2025<\/strong><\/p>\n\n\n\n<p class=\"wp-block-paragraph\"><strong>8:00 \u2013 10:00<\/strong><br><strong>Rejestracja uczestnik\u00f3w konferencji<\/strong><br>Powitalna kawa<\/p>\n\n\n\n<p class=\"wp-block-paragraph\"><strong>10:00 \u2013 10:30<\/strong><br><strong>Otwarcie konferencji<\/strong><br>Andrzej Rolla, Dyrektor Wojew\u00f3dzkiej Biblioteki Publicznej im. Hieronima \u0141opaci\u0144skiego w Lublinie<br>Andrzej Buck, Dyrektor Wojew\u00f3dzkiej i Miejskiej Biblioteki Publicznej im. Cypriana Norwida w Zielonej G\u00f3rze<\/p>\n\n\n\n<p class=\"wp-block-paragraph\"><strong>Konferencja:<\/strong><br>prowadzenie dr Grzegorz Figiel, Zast\u0119pca Dyrektora ds. Merytorycznych Wojew\u00f3dzkiej Biblioteki Publicznej im. Hieronima \u0141opaci\u0144skiego w Lublinie<\/p>\n\n\n\n<p class=\"wp-block-paragraph\"><strong>10:30 \u2013 12:00<\/strong><br><strong>Panel I: Organizacja i zarz\u0105dzanie bibliotekami cyfrowymi<\/strong><\/p>\n\n\n\n<p class=\"wp-block-paragraph\"><strong>10:30 \u2013 11:00<\/strong><br>dr Przemys\u0142aw Bartkowiak (Wojew\u00f3dzka i Miejska Biblioteka Publiczna im. Cypriana Norwida w Zielonej G\u00f3rze) <em>\u201ePowstanie i funkcjonowanie przestrzeni cyfrowej wykorzystywanej przez Wojew\u00f3dzk\u0105 i Miejsk\u0105 Bibliotek\u0119 Publiczn\u0105 im. Cypriana Norwida w Zielonej G\u00f3rze w zakresie udost\u0119pniania zbior\u00f3w\u201d<\/em><\/p>\n\n\n\n<p class=\"wp-block-paragraph\"><strong>11:00 \u2013 11:30<\/strong><br>Marlena Radwan (Kierownik Dzia\u0142u Cyfryzacji i Komputeryzacji, Wojew\u00f3dzka Biblioteka Publiczna im. Hieronima \u0141opaci\u0144skiego w Lublinie) <em>\u201eWp\u0142yw \u015brodk\u00f3w zewn\u0119trznych na digitalizacj\u0119 zbior\u00f3w bibliotecznych z perspektywy Wojew\u00f3dzkiej Biblioteki Publicznej im. Hieronima \u0141opaci\u0144skiego w Lublinie\u201d<\/em><\/p>\n\n\n\n<p class=\"wp-block-paragraph\"><strong>11:30 &#8211; 12:00<\/strong><br>Magdalena Matuszewska (Kierownik Dzia\u0142u Zbior\u00f3w Specjalnych, Wojew\u00f3dzka i Miejska Biblioteka Publiczna im. Zbigniewa Herberta w Gorzowie Wielkopolskim) <em>\u201eOd lokalnych zasob\u00f3w do cyfrowej wsp\u00f3lnoty \u2013 do\u015bwiadczenia Gorzowskiej Biblioteki Cyfrowej\u201d<\/em><\/p>\n\n\n\n<p class=\"wp-block-paragraph\"><strong>12:00 \u2013 12:30 \u2013 Przerwa kawowa<\/strong><\/p>\n\n\n\n<p class=\"wp-block-paragraph\"><strong>12:30 \u2013 14:00<\/strong><br><strong>Panel II: Digitalizacja i ochrona dziedzictwa kulturowego<\/strong><\/p>\n\n\n\n<p class=\"wp-block-paragraph\"><strong>12:30 \u2013 13:00<\/strong><br>Piotr Bartnik (Dyrektor Ksi\u0105\u017cnicy Zamoyskiej) <em>\u201eKsi\u0105\u017cnica Zamojska w transformacji: od pergaminu do profilu zaufanego\u201d<\/em><\/p>\n\n\n\n<p class=\"wp-block-paragraph\"><strong>13:00 \u2013 13:30<\/strong><br>Grzegorz Mazan (Miejska i Powiatowa Biblioteka Publiczna w Kolbuszowej) <em>\u201eDigitalizacja archiw\u00f3w ko\u015bcielnych z perspektywy Miejskiej i Powiatowej Biblioteki Publicznej w Kolbuszowej\u201d<\/em><\/p>\n\n\n\n<p class=\"wp-block-paragraph\"><strong>13:30 \u2013 14:00<\/strong><br>Wyst\u0105pienie sponsora konferencji<br>Filip Neumann (Digital Center) <em>\u201eDigitalizacja w praktyce\u201d<\/em><\/p>\n\n\n\n<p class=\"wp-block-paragraph\"><strong>14:00 \u2013 15:00 \u2013 Przerwa cateringowa<\/strong><\/p>\n\n\n\n<p class=\"wp-block-paragraph\"><strong>15:00 &#8211; 16:00<\/strong><br><strong>Panel III: Technologie w s\u0142u\u017cbie bibliotek cyfrowych<\/strong><\/p>\n\n\n\n<p class=\"wp-block-paragraph\"><strong>15:00 \u2013 15:30<\/strong><br>dr Remigiusz Lis (Pe\u0142nomocnik Dyrektora Biblioteki \u015al\u0105skiej ds. Instytutu Medi\u00f3w Cyfrowych \u201eDigitarium\u201d<strong>) <\/strong><em>\u201eOd katalogu obraz\u00f3w do kognitywnego systemu informacyjnego: przysz\u0142o\u015b\u0107 architektury informacyjnej bibliotek cyfrowych w erze sztucznej inteligencji \u2013 w stron\u0119 'biblioteki dialogowej&#8217;\u201d<\/em><\/p>\n\n\n\n<p class=\"wp-block-paragraph\"><strong>15:30 \u2013 16:00<\/strong><br>B\u0142a\u017cej Beta\u0144ski (Pozna\u0144skie Centrum Superkomputerowo-Sieciowe) <em>\u201eLokalne zasoby, globalny dost\u0119p: dLibra i WLT w s\u0142u\u017cbie cyfrowej humanistyki\u201d<\/em><\/p>\n\n\n\n<p class=\"wp-block-paragraph\"><strong>16:00 \u2013 16:30 \u2013 Dyskusja podsumowuj\u0105ca dzie\u0144 I<\/strong><\/p>\n\n\n\n<hr class=\"wp-block-separator has-alpha-channel-opacity\"\/>\n\n\n\n<p class=\"has-text-align-center wp-block-paragraph\"><strong>Dzie\u0144 2 \u2013 24 pa\u017adziernika 2025<\/strong><\/p>\n\n\n\n<p class=\"wp-block-paragraph\"><strong>8.00 \u2013 9.50<\/strong><br>Poranna kawa<\/p>\n\n\n\n<p class=\"wp-block-paragraph\"><strong>9:50 \u2013 10:00<\/strong><br><strong>Rozpocz\u0119cie drugiego dnia konferencji<\/strong><\/p>\n\n\n\n<p class=\"wp-block-paragraph\"><strong>10:00 \u2013 11:30<\/strong><br><strong>Panel IV: Wsp\u00f3\u0142praca i sieciowanie<\/strong><\/p>\n\n\n\n<p class=\"wp-block-paragraph\"><strong>10:00 \u2013 10:30<\/strong><br>Anna Rau (starszy kustosz, Pracownia Regionalna i Informatorium, Wojew\u00f3dzka Biblioteka Publiczna im. Emilii Sukertowej-Biedrawiny w Olsztynie) <em>\u201eNie tylko digitalizacja: Warmi\u0144sko-Mazurska Biblioteka Cyfrowa jako przestrze\u0144 wsp\u00f3\u0142pracy\u201d<\/em><\/p>\n\n\n\n<p class=\"wp-block-paragraph\"><strong>10:30 \u2013 11:00<\/strong><br>Ada Lewandowska (Kierownik Zak\u0142adu Zbior\u00f3w Cyfrowych, Biblioteka Narodowa) <em>\u201eSerwis polona.pl &#8211; wsparcie w ochronie i popularyzacji historii lokalnej\u201d<\/em><\/p>\n\n\n\n<p class=\"wp-block-paragraph\"><strong>11:00 \u2013 11:30<\/strong><br>Marek Bunia (Bibliotekarz, Dzia\u0142 Informacji i Promocji, Wojew\u00f3dzka Biblioteka Publiczna im. Hieronima \u0141opaci\u0144skiego w Lublinie) <em>\u201eBiblioteka cyfrowa w s\u0142u\u017cbie lokalnej pami\u0119ci \u2013 perspektywa historyka regionalisty\u201d<\/em><\/p>\n\n\n\n<p class=\"wp-block-paragraph\"><strong>11:30 \u2013 12:00<\/strong><br><strong>Panel V: Edukacja i promocja zasob\u00f3w cyfrowych<\/strong><\/p>\n\n\n\n<p class=\"wp-block-paragraph\"><strong>11:30 \u2013 12:00<\/strong><br>dr Pawe\u0142 Karp (Wojew\u00f3dzka i Miejska Biblioteka Publiczna im. Cypriana Norwida w Zielonej G\u00f3rze) <em>\u201eGr\u00fcnberger Wochenblatt\u201d i \u201eSorauer Wochenblatt (Tageblatt)\u201d \u2013 zarys historii i znaczenie w kolekcji cyfrowej czasopism regionalnych WBP im. C. Norwida w Zielonej G\u00f3rze\u201d<\/em><\/p>\n\n\n\n<p class=\"wp-block-paragraph\"><strong>12:00 \u2013 12:45 \u2013 Dyskusja i wnioski<\/strong><\/p>\n\n\n\n<p class=\"wp-block-paragraph\"><strong>12:45 \u2013 13:00 \u2013 Zako\u0144czenie konferencji,<\/strong><\/p>\n\n\n\n<p class=\"wp-block-paragraph\"><strong>13:00 &#8211; 13:45<\/strong><\/p>\n\n\n\n<p class=\"wp-block-paragraph\"><strong>Zwiedzanie Wojew\u00f3dzkiej Biblioteki Publicznej im. Hieronima \u0141opaci\u0144skiego w Lublinie<\/strong><\/p>\n","protected":false},"excerpt":{"rendered":"<p>\u201eCyfrowa przysz\u0142o\u015b\u0107 zaczyna si\u0119 lokalnie\u201e23 \u2013 24 pa\u017adziernika 2025 roku Dzie\u0144 1 \u2013 23 pa\u017adziernika 2025 8:00 \u2013 10:00Rejestracja uczestnik\u00f3w konferencjiPowitalna kawa 10:00 \u2013 10:30Otwarcie konferencjiAndrzej Rolla, Dyrektor Wojew\u00f3dzkiej Biblioteki [&hellip;]<\/p>\n","protected":false},"author":18,"featured_media":0,"parent":0,"menu_order":39,"comment_status":"closed","ping_status":"closed","template":"","meta":{"_tec_requires_first_save":true,"_crdt_document":"","pgc_sgb_lightbox_settings":"","_EventAllDay":false,"_EventTimezone":"","_EventStartDate":"","_EventEndDate":"","_EventStartDateUTC":"","_EventEndDateUTC":"","_EventShowMap":false,"_EventShowMapLink":false,"_EventURL":"","_EventCost":"","_EventCostDescription":"","_EventCurrencySymbol":"","_EventCurrencyCode":"","_EventCurrencyPosition":"","_EventDateTimeSeparator":"","_EventTimeRangeSeparator":"","_EventOrganizerID":[],"_EventVenueID":[],"_OrganizerEmail":"","_OrganizerPhone":"","_OrganizerWebsite":"","_VenueAddress":"","_VenueCity":"","_VenueCountry":"","_VenueProvince":"","_VenueState":"","_VenueZip":"","_VenuePhone":"","_VenueURL":"","_VenueStateProvince":"","_VenueLat":"","_VenueLng":"","_VenueShowMap":false,"_VenueShowMapLink":false,"_tribe_blocks_recurrence_rules":"","_tribe_blocks_recurrence_description":"","_tribe_blocks_recurrence_exclusions":"","footnotes":""},"class_list":["post-73515","page","type-page","status-publish","hentry"],"publishpress_future_action":{"enabled":false,"date":"2026-04-26 14:25:02","action":"change-status","newStatus":"draft","terms":[],"taxonomy":"","extraData":[]},"publishpress_future_workflow_manual_trigger":{"enabledWorkflows":[]},"_links":{"self":[{"href":"https:\/\/wbp.lublin.pl\/index.php\/wp-json\/wp\/v2\/pages\/73515","targetHints":{"allow":["GET"]}}],"collection":[{"href":"https:\/\/wbp.lublin.pl\/index.php\/wp-json\/wp\/v2\/pages"}],"about":[{"href":"https:\/\/wbp.lublin.pl\/index.php\/wp-json\/wp\/v2\/types\/page"}],"author":[{"embeddable":true,"href":"https:\/\/wbp.lublin.pl\/index.php\/wp-json\/wp\/v2\/users\/18"}],"replies":[{"embeddable":true,"href":"https:\/\/wbp.lublin.pl\/index.php\/wp-json\/wp\/v2\/comments?post=73515"}],"version-history":[{"count":11,"href":"https:\/\/wbp.lublin.pl\/index.php\/wp-json\/wp\/v2\/pages\/73515\/revisions"}],"predecessor-version":[{"id":74526,"href":"https:\/\/wbp.lublin.pl\/index.php\/wp-json\/wp\/v2\/pages\/73515\/revisions\/74526"}],"wp:attachment":[{"href":"https:\/\/wbp.lublin.pl\/index.php\/wp-json\/wp\/v2\/media?parent=73515"}],"curies":[{"name":"wp","href":"https:\/\/api.w.org\/{rel}","templated":true}]}}