{"id":78610,"date":"2026-02-04T09:23:28","date_gmt":"2026-02-04T08:23:28","guid":{"rendered":"https:\/\/wbp.lublin.pl\/?page_id=78610"},"modified":"2026-02-04T09:24:43","modified_gmt":"2026-02-04T08:24:43","slug":"wojewodzka-rada-towarzystw-regionalnych-w-lublinie","status":"publish","type":"page","link":"https:\/\/wbp.lublin.pl\/index.php\/instytucje-wspolpracujace\/wojewodzka-rada-towarzystw-regionalnych-w-lublinie\/","title":{"rendered":"Wojew\u00f3dzka Rada Towarzystw Regionalnych w Lublinie"},"content":{"rendered":"\n<!--more-->\n\n\n\n<p class=\"wp-block-paragraph\"><strong>Wojew\u00f3dzka Rada Towarzystw Regionalnych w Lublinie<\/strong> to zwi\u0105zek stowarzysze\u0144 regionalnych dzia\u0142aj\u0105cych na terenie wojew\u00f3dztwa lubelskiego. Powsta\u0142a w odpowiedzi na rozw\u00f3j ruchu regionalnego i potrzeby wsp\u00f3\u0142pracy mi\u0119dzy lokalnymi organizacjami, kt\u00f3re zajmowa\u0142y si\u0119 histori\u0105, kultur\u0105 i tradycj\u0105 ma\u0142ych ojczyzn. Oficjalnie zosta\u0142a zarejestrowana jako organizacja w <strong>Krajowym Rejestrze S\u0105dowym 28 kwietnia 2004 r.<\/strong> jako zwi\u0105zek stowarzysze\u0144, cho\u0107 jej dzia\u0142alno\u015b\u0107 i struktury si\u0119gaj\u0105 wcze\u015bniejszych form organizacyjnych ruchu regionalnego z lat 80. XX w. \u2013 w praktyce funkcjonowa\u0142a i integrowa\u0142a \u015brodowiska regionalistyczne ju\u017c wcze\u015bniej jako forum wsp\u00f3\u0142pracy lokalnych towarzystw i grup spo\u0142ecznych.<\/p>\n\n\n\n<p class=\"wp-block-paragraph\">Rada zrzesza i koordynuje dzia\u0142alno\u015b\u0107 licznych towarzystw regionalnych z ca\u0142ej Lubelszczyzny, tworz\u0105c sie\u0107 wsp\u00f3\u0142pracy i wymiany do\u015bwiadcze\u0144 mi\u0119dzy nimi.<\/p>\n\n\n\n<p class=\"wp-block-paragraph\">Na co dzie\u0144 Rada organizuje wydarzenia, konferencje, zjazdy, konkursy i inne inicjatywy promuj\u0105ce dziedzictwo i tradycje regionalne. Jej cz\u0142onkowie dzia\u0142aj\u0105 spo\u0142ecznie, wsp\u00f3\u0142pracuj\u0105c z lokalnymi instytucjami kultury, samorz\u0105dami i organizacjami pozarz\u0105dowymi, m.in. przy projektach po\u015bwi\u0119conych historii regionu, tradycyjnemu rzemios\u0142u, \u015bwi\u0119tom i obrz\u0119dom lokalnym oraz edukacji regionalnej.<\/p>\n\n\n\n<p class=\"wp-block-paragraph\">Misj\u0105 i najwa\u017cniejszymi celami Rady s\u0105:<\/p>\n\n\n\n<p class=\"wp-block-paragraph\"><strong>Misja:<\/strong><\/p>\n\n\n\n<ul class=\"wp-block-list\">\n<li>Wzmacnianie \u015bwiadomo\u015bci regionalnej i to\u017csamo\u015bci lokalnej mieszka\u0144c\u00f3w wojew\u00f3dztwa lubelskiego poprzez wspieranie bada\u0144, popularyzacj\u0119 historii, kultury<br>i tradycji.<\/li>\n<\/ul>\n\n\n\n<p class=\"wp-block-paragraph\"><strong>G\u0142\u00f3wne cele:<\/strong><\/p>\n\n\n\n<ol start=\"1\" class=\"wp-block-list\">\n<li><strong>Popularyzowanie idei ma\u0142ych ojczyzn i region\u00f3w<\/strong> \u2013 promowanie lokalnej tradycji<br>i pami\u0119ci historycznej.<\/li>\n\n\n\n<li><strong>Upowszechnianie wiedzy o dorobku ruchu regionalnego wojew\u00f3dztwa lubelskiego.<\/strong><\/li>\n\n\n\n<li><strong>Piel\u0119gnowanie tradycji region\u00f3w i wspieranie \u017cycia spo\u0142eczno-kulturalnego.<\/strong><\/li>\n\n\n\n<li><strong>Wspomaganie dzia\u0142alno\u015bci towarzystw regionalnych i pomoc w powstawaniu nowych organizacji.<\/strong><\/li>\n\n\n\n<li><strong>Kszta\u0142towanie i utrwalanie to\u017csamo\u015bci narodowej oraz szerzenie s\u0142u\u017cby spo\u0142ecznej.<\/strong><\/li>\n\n\n\n<li><strong>Aktywowanie i integrowanie lokalnych spo\u0142eczno\u015bci.<\/strong><\/li>\n\n\n\n<li><strong>Promocja regionu lubelskiego w kraju i zagranic\u0105.<\/strong><\/li>\n<\/ol>\n\n\n\n<p class=\"wp-block-paragraph\"><strong>&nbsp;Zarz\u0105d <\/strong>Wojew\u00f3dzkiej Rady Towarzystw Regionalnych w Lublinie sk\u0142ada si\u0119 z:<\/p>\n\n\n\n<ul class=\"wp-block-list\">\n<li><strong>Prezes Zarz\u0105du:<\/strong> <em>Marian Surdacki<\/em><\/li>\n\n\n\n<li><strong>Wiceprezes:<\/strong> <em>Andrzej Wac-W\u0142odarczyk<\/em><\/li>\n\n\n\n<li><strong>Wiceprezes:<\/strong> <em>Teresa Woszczek<\/em><\/li>\n\n\n\n<li><strong>Cz\u0142onek Zarz\u0105du:<\/strong> <em>Mieczys\u0142aw Leszek Gajowiak<\/em><\/li>\n\n\n\n<li><strong>Cz\u0142onek Zarz\u0105du:<\/strong> <em>Bogus\u0142aw Robert Ga\u0142\u0119zowski<\/em><\/li>\n\n\n\n<li><strong>Sekretarz:<\/strong> <em>Gra\u017cyna Gliwka<\/em><\/li>\n\n\n\n<li><strong>Skarbnik:<\/strong> <em>Hubert Robert Trukan<\/em><\/li>\n<\/ul>\n\n\n\n<p class=\"wp-block-paragraph\">. <strong>&nbsp;Komisja Rewizyjna:<\/strong><\/p>\n\n\n\n<ul class=\"wp-block-list\">\n<li><em>Ryszard Zawadowski<\/em><\/li>\n<\/ul>\n\n\n\n<ul class=\"wp-block-list\">\n<li><em>Teresa Gutek<\/em><\/li>\n\n\n\n<li><em>Danuta Hanaj<\/em><\/li>\n<\/ul>\n\n\n\n<p class=\"wp-block-paragraph\"><strong>Adres siedziby:<\/strong><\/p>\n\n\n\n<p class=\"wp-block-paragraph\">Wojew\u00f3dzka Rada Towarzystw Regionalnych w Lublinie<br>ul. Prezydenta Gabriela Narutowicza 4,<br>20-950 Lublin,<\/p>\n\n\n\n<p class=\"wp-block-paragraph\">tel. 81-52-87-430<\/p>\n","protected":false},"excerpt":{"rendered":"","protected":false},"author":18,"featured_media":0,"parent":11538,"menu_order":47,"comment_status":"closed","ping_status":"closed","template":"","meta":{"_tec_requires_first_save":true,"_crdt_document":"","pgc_sgb_lightbox_settings":"","_EventAllDay":false,"_EventTimezone":"","_EventStartDate":"","_EventEndDate":"","_EventStartDateUTC":"","_EventEndDateUTC":"","_EventShowMap":false,"_EventShowMapLink":false,"_EventURL":"","_EventCost":"","_EventCostDescription":"","_EventCurrencySymbol":"","_EventCurrencyCode":"","_EventCurrencyPosition":"","_EventDateTimeSeparator":"","_EventTimeRangeSeparator":"","_EventOrganizerID":[],"_EventVenueID":[],"_OrganizerEmail":"","_OrganizerPhone":"","_OrganizerWebsite":"","_VenueAddress":"","_VenueCity":"","_VenueCountry":"","_VenueProvince":"","_VenueState":"","_VenueZip":"","_VenuePhone":"","_VenueURL":"","_VenueStateProvince":"","_VenueLat":"","_VenueLng":"","_VenueShowMap":false,"_VenueShowMapLink":false,"_tribe_blocks_recurrence_rules":"","_tribe_blocks_recurrence_description":"","_tribe_blocks_recurrence_exclusions":"","footnotes":""},"class_list":["post-78610","page","type-page","status-publish","hentry"],"publishpress_future_action":{"enabled":false,"date":"2026-04-16 12:31:49","action":"change-status","newStatus":"draft","terms":[],"taxonomy":"","extraData":[]},"publishpress_future_workflow_manual_trigger":{"enabledWorkflows":[]},"_links":{"self":[{"href":"https:\/\/wbp.lublin.pl\/index.php\/wp-json\/wp\/v2\/pages\/78610","targetHints":{"allow":["GET"]}}],"collection":[{"href":"https:\/\/wbp.lublin.pl\/index.php\/wp-json\/wp\/v2\/pages"}],"about":[{"href":"https:\/\/wbp.lublin.pl\/index.php\/wp-json\/wp\/v2\/types\/page"}],"author":[{"embeddable":true,"href":"https:\/\/wbp.lublin.pl\/index.php\/wp-json\/wp\/v2\/users\/18"}],"replies":[{"embeddable":true,"href":"https:\/\/wbp.lublin.pl\/index.php\/wp-json\/wp\/v2\/comments?post=78610"}],"version-history":[{"count":3,"href":"https:\/\/wbp.lublin.pl\/index.php\/wp-json\/wp\/v2\/pages\/78610\/revisions"}],"predecessor-version":[{"id":78635,"href":"https:\/\/wbp.lublin.pl\/index.php\/wp-json\/wp\/v2\/pages\/78610\/revisions\/78635"}],"up":[{"embeddable":true,"href":"https:\/\/wbp.lublin.pl\/index.php\/wp-json\/wp\/v2\/pages\/11538"}],"wp:attachment":[{"href":"https:\/\/wbp.lublin.pl\/index.php\/wp-json\/wp\/v2\/media?parent=78610"}],"curies":[{"name":"wp","href":"https:\/\/api.w.org\/{rel}","templated":true}]}}